{"id":443,"date":"2015-10-28T12:44:16","date_gmt":"2015-10-28T11:44:16","guid":{"rendered":"http:\/\/agora.xtec.cat\/ceip-paucasals-sjdespi\/?page_id=443"},"modified":"2017-12-12T10:55:26","modified_gmt":"2017-12-12T09:55:26","slug":"circulars-a-families","status":"publish","type":"page","link":"https:\/\/agora.xtec.cat\/ceip-paucasals-sjdespi\/circulars-a-families\/","title":{"rendered":"ESPAI FAM\u00cdLIES"},"content":{"rendered":"<p>En aquesta p\u00e0gina hi trobareu models d&#8217;autoritzacions per descarregar, circulars i comunicats i enlla\u00e7os a articles o informacions sobre educaci\u00f3 i fam\u00edlia que poden ser del vostre inter\u00e9s:<\/p>\n<ul style=\"list-style-type: disc;\">\n<li><a href=\"http:\/\/agora.xtec.cat\/ceip-paucasals-sjdespi\/circulars-a-families\/autoritzacions\/\">Autoritzacions.<\/a><\/li>\n<li><a href=\"http:\/\/agora.xtec.cat\/ceip-paucasals-sjdespi\/circulars-a-families\/comunicats\/\">Comunicats.<\/a><\/li>\n<li><a href=\"http:\/\/agora.xtec.cat\/ceip-paucasals-sjdespi\/circulars-a-families\/articles-dinteres\/\">Articles d&#8217;inter\u00e8s.<\/a><\/li>\n<\/ul>\n<p>&nbsp;<\/p>\n","protected":false},"excerpt":{"rendered":"<p>En aquesta p\u00e0gina hi trobareu models d&#8217;autoritzacions per descarregar, circulars i comunicats i enlla\u00e7os a articles o informacions sobre educaci\u00f3 i fam\u00edlia que poden ser del vostre inter\u00e9s:<\/p>\n<ul style=\"list-style-type: disc;\">\n<li><a href=\"http:\/\/agora.xtec.cat\/ceip-paucasals-sjdespi\/circulars-a-families\/autoritzacions\/\">Autoritzacions.<\/a><\/li>\n<li><a href=\"http:\/\/agora.xtec.cat\/ceip-paucasals-sjdespi\/circulars-a-families\/comunicats\/\">Comunicats.<\/a><\/li>\n<li><a href=\"http:\/\/agora.xtec.cat\/ceip-paucasals-sjdespi\/circulars-a-families\/articles-dinteres\/\">Articles d&#8217;inter\u00e8s.<\/a><\/li>\n<\/ul>\n<p>&nbsp;<\/p>\n","protected":false},"author":1,"featured_media":0,"parent":0,"menu_order":0,"comment_status":"closed","ping_status":"closed","template":"page-templates\/side-menu.php","meta":{"_bbp_topic_count":0,"_bbp_reply_count":0,"_bbp_total_topic_count":0,"_bbp_total_reply_count":0,"_bbp_voice_count":0,"_bbp_anonymous_reply_count":0,"_bbp_topic_count_hidden":0,"_bbp_reply_count_hidden":0,"_bbp_forum_subforum_count":0,"footnotes":""},"class_list":["post-443","page","type-page","status-publish","hentry"],"post_mailing_queue_ids":[],"_links":{"self":[{"href":"https:\/\/agora.xtec.cat\/ceip-paucasals-sjdespi\/wp-json\/wp\/v2\/pages\/443","targetHints":{"allow":["GET"]}}],"collection":[{"href":"https:\/\/agora.xtec.cat\/ceip-paucasals-sjdespi\/wp-json\/wp\/v2\/pages"}],"about":[{"href":"https:\/\/agora.xtec.cat\/ceip-paucasals-sjdespi\/wp-json\/wp\/v2\/types\/page"}],"author":[{"embeddable":true,"href":"https:\/\/agora.xtec.cat\/ceip-paucasals-sjdespi\/wp-json\/wp\/v2\/users\/1"}],"replies":[{"embeddable":true,"href":"https:\/\/agora.xtec.cat\/ceip-paucasals-sjdespi\/wp-json\/wp\/v2\/comments?post=443"}],"version-history":[{"count":4,"href":"https:\/\/agora.xtec.cat\/ceip-paucasals-sjdespi\/wp-json\/wp\/v2\/pages\/443\/revisions"}],"predecessor-version":[{"id":5838,"href":"https:\/\/agora.xtec.cat\/ceip-paucasals-sjdespi\/wp-json\/wp\/v2\/pages\/443\/revisions\/5838"}],"wp:attachment":[{"href":"https:\/\/agora.xtec.cat\/ceip-paucasals-sjdespi\/wp-json\/wp\/v2\/media?parent=443"}],"curies":[{"name":"wp","href":"https:\/\/api.w.org\/{rel}","templated":true}]}}