{"id":437,"date":"2015-10-14T15:36:40","date_gmt":"2015-10-14T14:36:40","guid":{"rendered":"http:\/\/agora.xtec.cat\/ceip-paucasals-sjdespi\/?page_id=437"},"modified":"2020-02-18T11:47:19","modified_gmt":"2020-02-18T10:47:19","slug":"fruita-a-lescola","status":"publish","type":"page","link":"https:\/\/agora.xtec.cat\/ceip-paucasals-sjdespi\/projectes\/fruita-a-lescola\/","title":{"rendered":"Fruita a l&#8217;escola"},"content":{"rendered":"<p>A l&#8217;escola participem\u00a0al Pla de Consum de Fruita a les Escoles, una iniciativa de la Uni\u00f3 Europea que a Catalunya es fa efectiva mitjan\u00e7ant una acci\u00f3 coordinada dels Departaments d\u2019Agricultura, Salut i Ensenyament de la Generalitat de Catalunya.<\/p>\n<p>Aquest pla consisteix en distribuir gratu\u00eftament fruita i verdura fresca als escolars dels centres educatius que ho sol\u00b7licitin.<\/p>\n<p>Un dijous al mes, a l\u2019hora d\u2019esmorzar, repartirem fruita de temporada a tots els alumnes de l\u2019escola. A prim\u00e0ria peces de fruita sencera i a Infantil oferirem un \u201ctastet\u201d.<\/p>\n<p>Com a continuaci\u00f3 del projecte <strong>el dijous\u00a0ser\u00e0 el dia de la fruita a l\u2019escola<\/strong>. Per aquest motiu aconsellem que l\u2019alumnat porti per esmorzar fruita.<\/p>\n<p>El consum de fruites \u00e9s una alternativa excel\u00b7lent al consum d\u2019altres aliments amb menys qualitat nutricional.<\/p>\n<p>Per tal que aquest projecte sigui profit\u00f3s \u00e9s molt important que tamb\u00e9 rebi suport des de casa.<\/p>\n<p>Cal potenciar accions que afavoreixin la salut dels infants.<\/p>\n<p>Per a m\u00e9s informaci\u00f3 podeu consultar els seg\u00fcents enlla\u00e7os:<a href=\"http:\/\/agora.xtec.cat\/ceip-paucasals-sjdespi\/wp-content\/uploads\/usu477\/2015\/10\/cartell_pla_consum_fruita_escoles.jpg\"><img loading=\"lazy\" decoding=\"async\" class=\"alignright size-full wp-image-467\" src=\"http:\/\/agora.xtec.cat\/ceip-paucasals-sjdespi\/wp-content\/uploads\/usu477\/2015\/10\/cartell_pla_consum_fruita_escoles.jpg\" alt=\"cartell_pla_consum_fruita_escoles\" width=\"210\" height=\"298\" \/><\/a><\/p>\n<p><a href=\"http:\/\/agricultura.gencat.cat\/ca\/ambits\/alimentacio\/fruita-llet-escoles\/fruita-escoles\/\" target=\"_blank\" rel=\"noopener noreferrer\">Fruita i hortalisses a l&#8217;escola &#8211; Departament d&#8217;Educaci\u00f3<\/a><\/p>\n<p><a href=\"http:\/\/familiaiescola.gencat.cat\/ca\/educar-creixer-en-familia\/habits-saludables\/alimentacio\/\">Alimentaci\u00f3 saludable &#8211; Fam\u00edlia i escola<\/a><\/p>\n<p>&nbsp;<\/p>\n","protected":false},"excerpt":{"rendered":"<p>A l&#8217;escola participem\u00a0al Pla de Consum de Fruita a les Escoles, una iniciativa de la Uni\u00f3 Europea que a Catalunya es fa efectiva mitjan\u00e7ant una acci\u00f3 coordinada dels Departaments d\u2019Agricultura, Salut i Ensenyament de la Generalitat de Catalunya.<br \/>\nAquest pla consisteix en distribuir gratu\u00eftament fruita i&hellip;  <a href=\"https:\/\/agora.xtec.cat\/ceip-paucasals-sjdespi\/projectes\/fruita-a-lescola\/\" title=\"Read Fruita a l&#8217;escola\">Llegeix m\u00e9s\u00bb<\/a><\/p>\n","protected":false},"author":1,"featured_media":0,"parent":38,"menu_order":9,"comment_status":"closed","ping_status":"closed","template":"page-templates\/side-menu.php","meta":{"_bbp_topic_count":0,"_bbp_reply_count":0,"_bbp_total_topic_count":0,"_bbp_total_reply_count":0,"_bbp_voice_count":0,"_bbp_anonymous_reply_count":0,"_bbp_topic_count_hidden":0,"_bbp_reply_count_hidden":0,"_bbp_forum_subforum_count":0,"footnotes":""},"class_list":["post-437","page","type-page","status-publish","hentry"],"post_mailing_queue_ids":[],"_links":{"self":[{"href":"https:\/\/agora.xtec.cat\/ceip-paucasals-sjdespi\/wp-json\/wp\/v2\/pages\/437","targetHints":{"allow":["GET"]}}],"collection":[{"href":"https:\/\/agora.xtec.cat\/ceip-paucasals-sjdespi\/wp-json\/wp\/v2\/pages"}],"about":[{"href":"https:\/\/agora.xtec.cat\/ceip-paucasals-sjdespi\/wp-json\/wp\/v2\/types\/page"}],"author":[{"embeddable":true,"href":"https:\/\/agora.xtec.cat\/ceip-paucasals-sjdespi\/wp-json\/wp\/v2\/users\/1"}],"replies":[{"embeddable":true,"href":"https:\/\/agora.xtec.cat\/ceip-paucasals-sjdespi\/wp-json\/wp\/v2\/comments?post=437"}],"version-history":[{"count":3,"href":"https:\/\/agora.xtec.cat\/ceip-paucasals-sjdespi\/wp-json\/wp\/v2\/pages\/437\/revisions"}],"predecessor-version":[{"id":9468,"href":"https:\/\/agora.xtec.cat\/ceip-paucasals-sjdespi\/wp-json\/wp\/v2\/pages\/437\/revisions\/9468"}],"up":[{"embeddable":true,"href":"https:\/\/agora.xtec.cat\/ceip-paucasals-sjdespi\/wp-json\/wp\/v2\/pages\/38"}],"wp:attachment":[{"href":"https:\/\/agora.xtec.cat\/ceip-paucasals-sjdespi\/wp-json\/wp\/v2\/media?parent=437"}],"curies":[{"name":"wp","href":"https:\/\/api.w.org\/{rel}","templated":true}]}}