{"id":382,"date":"2015-09-28T00:21:51","date_gmt":"2015-09-27T23:21:51","guid":{"rendered":"http:\/\/agora.xtec.cat\/ceip-paucasals-sjdespi\/?page_id=382"},"modified":"2025-01-16T13:48:39","modified_gmt":"2025-01-16T12:48:39","slug":"funcionament","status":"publish","type":"page","link":"https:\/\/agora.xtec.cat\/ceip-paucasals-sjdespi\/el-curs-actual-organitzacio\/funcionament\/","title":{"rendered":"Normes de funcionament"},"content":{"rendered":"<p><strong>\u00a0HORARI<img loading=\"lazy\" decoding=\"async\" class=\" wp-image-385 alignright\" src=\"http:\/\/agora.xtec.cat\/ceip-paucasals-sjdespi\/wp-content\/uploads\/usu477\/2015\/09\/rellotge-150x150.jpg\" alt=\"rellotge\" width=\"154\" height=\"154\" srcset=\"https:\/\/agora.xtec.cat\/ceip-paucasals-sjdespi\/wp-content\/uploads\/usu477\/2015\/09\/rellotge-150x150.jpg 150w, https:\/\/agora.xtec.cat\/ceip-paucasals-sjdespi\/wp-content\/uploads\/usu477\/2015\/09\/rellotge.jpg 160w\" sizes=\"auto, (max-width: 154px) 100vw, 154px\" \/><\/strong><\/p>\n<table style=\"height: 132px; width: 66.5944%;\" width=\"483\">\n<tbody>\n<tr>\n<td style=\"width: 53.3445%;\">CICLE ESTELS (I3, I4 i I5)<\/td>\n<td style=\"width: 115.614%;\">de 9:00 a 12:25h. i de 15:00 a 16:25h.<\/td>\n<\/tr>\n<tr>\n<td style=\"width: 53.3445%;\">CICLE CONSTEL\u00b7LACIONS (1r, 2n i 3r) i CICLE GAL\u00c0XIES (4t, 5\u00e8 i 6\u00e8)<\/td>\n<td style=\"width: 115.614%;\">de 9:00 a 12:30h. i de 15:00 a 16:30h.<\/td>\n<\/tr>\n<tr>\n<td style=\"width: 53.3445%;\">MENJADOR<\/td>\n<td style=\"width: 115.614%;\">De 12:30 a 15:00h.<\/td>\n<\/tr>\n<\/tbody>\n<\/table>\n<p><strong>ENTRADES I SORTIDES<\/strong><\/p>\n<p><strong>ENTRADES: <\/strong><\/p>\n<p class=\"cvGsUA direction-ltr align-start para-style-body\"><span class=\"OYPEnA text-decoration-none text-strikethrough-none\">Les fam\u00edlies de I3 podeu acompanyar a l&#8217;alumnat fins la seva aula.<\/span><\/p>\n<p class=\"cvGsUA direction-ltr align-start para-style-body\"><span class=\"OYPEnA text-decoration-none text-strikethrough-none\">Les fam\u00edlies de I4 a 6\u00e8 podeu acompanyar a l&#8217;alumnat al lloc assignat on fan filera.<\/span><\/p>\n<p>En cas de pluja:<\/p>\n<p class=\"cvGsUA direction-ltr align-start para-style-body\"><span class=\"OYPEnA text-decoration-none text-strikethrough-none\">I3 &#8211; Far\u00e0 la fila a la porta del porxo.<\/span><\/p>\n<p class=\"cvGsUA direction-ltr align-start para-style-body\"><span class=\"OYPEnA text-decoration-none text-strikethrough-none\">I4 &#8211; Far\u00e0 la fila al costat dels llitets.<\/span><\/p>\n<p class=\"cvGsUA direction-ltr align-start para-style-body\"><span class=\"OYPEnA text-decoration-none text-strikethrough-none\">I5- Entra l\u2019alumnat a les aules, per la porta habitual, sense fer fila.<\/span><\/p>\n<p class=\"cvGsUA direction-ltr align-start para-style-body\"><span class=\"OYPEnA text-decoration-none text-strikethrough-none\">1r &#8211; Entra l\u2019alumnat a les aules, per la porta habitual, sense fer fila.<\/span><\/p>\n<p class=\"cvGsUA direction-ltr align-start para-style-body\"><span class=\"OYPEnA text-decoration-none text-strikethrough-none\">2n &#8211; Entra l\u2019alumnat, sense fer fila, per la porta exterior de la biblioteca.<\/span><\/p>\n<p class=\"cvGsUA direction-ltr align-start para-style-body\"><span class=\"OYPEnA text-decoration-none text-strikethrough-none\">3r &#8211; Entra l\u2019alumnat, per la porta d\u2019emerg\u00e8ncia del menjador .<\/span><\/p>\n<p class=\"cvGsUA direction-ltr align-start para-style-body\"><span class=\"OYPEnA text-decoration-none text-strikethrough-none\">4t, 5\u00e8 i 6\u00e8 &#8211; Entra l\u2019alumnat, sense fer fila, per la porta del pati de gal\u00e0xies i puja a les aules.<\/span><\/p>\n<p><strong>SORTIDES: <\/strong><\/p>\n<p>De I3 a 3r les tutores lliuren en m\u00e0 els nens i nenes a les fam\u00edlies, de 4t a 6\u00e8 les tutores lliuren en m\u00e0 l&#8217;alumnat a les fam\u00edlies, excepte l&#8217;alumnat autoritzat a marxar sol.<\/p>\n<p>Les fam\u00edlies entren al lloc on fan filera a recollir els seus fills o filles.<\/p>\n<p class=\"_04xlpA direction-ltr align-start para-style-body\"><span class=\"JsGRdQ\"><span style=\"text-decoration: underline;\">En cas de Pluja<\/span>:<\/span><\/p>\n<p class=\"cvGsUA direction-ltr align-start para-style-body\"><span class=\"OYPEnA text-decoration-none text-strikethrough-none\">I3 i I4 &#8211; Les fam\u00edlies els recolliran a les aules.\u00a0<\/span><\/p>\n<p class=\"cvGsUA direction-ltr align-start para-style-body\"><span class=\"OYPEnA text-decoration-none text-strikethrough-none\">I5 &#8211; Les fam\u00edlies els recolliran a les aules .\u00a0<\/span><\/p>\n<p class=\"cvGsUA direction-ltr align-start para-style-body\"><span class=\"OYPEnA text-decoration-none text-strikethrough-none\">1r &#8211; Les fam\u00edlies els recolliran a les aules(Entrant per la porta del pati de gal\u00e0xies).\u00a0<\/span><\/p>\n<p class=\"cvGsUA direction-ltr align-start para-style-body\"><span class=\"OYPEnA text-decoration-none text-strikethrough-none\">2n &#8211; Es mant\u00e9 la sortida per la porta exterior de la biblioteca.<\/span><\/p>\n<p class=\"cvGsUA direction-ltr align-start para-style-body\"><span class=\"OYPEnA text-decoration-none text-strikethrough-none\">3r &#8211; Es mant\u00e9 la sortida per la porta d\u2019emerg\u00e8ncia del menjador.\u00a0<\/span><\/p>\n<p class=\"cvGsUA direction-ltr align-start para-style-body\"><span class=\"OYPEnA text-decoration-none text-strikethrough-none\">4t, 5\u00e8 i 6\u00e8 &#8211; Marxen sols o se\u2019ls recull al pati de gal\u00e0xies.<\/span><\/p>\n<p><img loading=\"lazy\" decoding=\"async\" class=\" wp-image-387 alignright\" src=\"http:\/\/agora.xtec.cat\/ceip-paucasals-sjdespi\/wp-content\/uploads\/usu477\/2015\/09\/paraig\u00fces-150x150.jpg\" alt=\"paraig\u00fces\" width=\"107\" height=\"107\" srcset=\"https:\/\/agora.xtec.cat\/ceip-paucasals-sjdespi\/wp-content\/uploads\/usu477\/2015\/09\/paraig\u00fces-150x150.jpg 150w, https:\/\/agora.xtec.cat\/ceip-paucasals-sjdespi\/wp-content\/uploads\/usu477\/2015\/09\/paraig\u00fces.jpg 180w\" sizes=\"auto, (max-width: 107px) 100vw, 107px\" \/><\/p>\n<p><span style=\"text-decoration-line: underline; font-family: inherit; font-size: 1em;\">ENTRADA O SORTIDA DE L&#8217;ESCOLA FORA DE L&#8217;HORARI HABITUAL<\/span><\/p>\n<p>L&#8217;entrada es far\u00e0 per la porta principal picant al timbre i el conserge sortir\u00e0 a recollir l&#8217;alumne\/a per portar-lo\/la a la classe.<\/p>\n<p><span style=\"text-decoration: underline;\">En el cas de la sortida<\/span>:<\/p>\n<p>-Si \u00e9s dintre de l&#8217;horari de classe, heu d&#8217;avisar, al tutor o a la tutora per Dinantia o a direcci\u00f3 trucant per tel\u00e8fon (933733460), del dia i l&#8217;hora que els vindreu a recollir.<\/p>\n<p>-Si \u00e9s dintre de l&#8217;horari de menjador, heu d&#8217;avisar al\/la coordinador\/a del menjador per tel\u00e8fon (610147306) del dia i l&#8217;hora que els vindreu a recollir.<\/p>\n<p>-El dia i l&#8217;hora assenyalats heu de picar al timbre de la porta principal i el conserge o\u00a0 al\/la coordinador\/a del menjador l&#8217;anir\u00e0 a buscar.<\/p>\n<p><img loading=\"lazy\" decoding=\"async\" class=\" wp-image-389 alignleft\" src=\"http:\/\/agora.xtec.cat\/ceip-paucasals-sjdespi\/wp-content\/uploads\/usu477\/2015\/09\/icon-notepad-150x150.jpg\" alt=\"icon-notepad\" width=\"89\" height=\"89\" srcset=\"https:\/\/agora.xtec.cat\/ceip-paucasals-sjdespi\/wp-content\/uploads\/usu477\/2015\/09\/icon-notepad-150x150.jpg 150w, https:\/\/agora.xtec.cat\/ceip-paucasals-sjdespi\/wp-content\/uploads\/usu477\/2015\/09\/icon-notepad.jpg 204w\" sizes=\"auto, (max-width: 89px) 100vw, 89px\" \/><\/p>\n<p>&nbsp;<\/p>\n<p>&nbsp;<\/p>\n<p>&nbsp;<\/p>\n<p><strong>RECORDATORIS<\/strong><\/p>\n<ul>\n<li>Ja coneixeu la import\u00e0ncia de l\u2019adquisici\u00f3 d\u2019uns bons h\u00e0bits de treball, d\u2019autonomia i d\u2019higiene. Per tal de treballar aquests h\u00e0bits, \u00e9s molt important \u00a0que nens i nenes no oblidin a casa cap material necessari per dur a terme la tasca a l\u2019escola. Si el vostre fill o la vostra filla s\u2019oblida el material o l\u2019esmorzar a casa, no cal que vingui ning\u00fa a portar-li, perqu\u00e8 no se li far\u00e0 arribar.<\/li>\n<li>Cal que els nens i nenes rebin el suport de la fam\u00edlia per realitzar les feines que han de fer a casa i cal que les presentin en el termini establert.<\/li>\n<li>\u00c9s important que els nens i nenes no portin objectes de valor, l\u2019escola no se\u2019n pot responsabilitzar. Tamb\u00e9 \u00e9s important que no portin joguines, ja que sovint s\u00f3n un punt de conflictes.<img loading=\"lazy\" decoding=\"async\" class=\" wp-image-392 alignright\" src=\"http:\/\/agora.xtec.cat\/ceip-paucasals-sjdespi\/wp-content\/uploads\/usu477\/2015\/09\/pastilles-150x150.png\" alt=\"pastilles\" width=\"69\" height=\"69\" srcset=\"https:\/\/agora.xtec.cat\/ceip-paucasals-sjdespi\/wp-content\/uploads\/usu477\/2015\/09\/pastilles-150x150.png 150w, https:\/\/agora.xtec.cat\/ceip-paucasals-sjdespi\/wp-content\/uploads\/usu477\/2015\/09\/pastilles.png 175w\" sizes=\"auto, (max-width: 69px) 100vw, 69px\" \/><\/li>\n<li>Per poder administrar un medicament dins l\u2019horari escolar, cal que porteu la recepta del\u00a0metge i una autoritzaci\u00f3 signada (trobareu el model a la web a l\u2019apartat de documentaci\u00f3).<\/li>\n<li>Al final de cada trimestre, els nens i les nenes porten a casa les feines realitzades i l\u2019informe de l\u2019avaluaci\u00f3. Recordeu que heu de tornar a l\u2019escola la bossa taronja amb la que ho porten tot.<br \/>\n<img loading=\"lazy\" decoding=\"async\" class=\"wp-image-393 alignright\" src=\"http:\/\/agora.xtec.cat\/ceip-paucasals-sjdespi\/wp-content\/uploads\/usu477\/2015\/09\/birthday_icon_55533-300x300.jpg\" alt=\"birthday_icon_55533\" width=\"94\" height=\"94\" srcset=\"https:\/\/agora.xtec.cat\/ceip-paucasals-sjdespi\/wp-content\/uploads\/usu477\/2015\/09\/birthday_icon_55533-300x300.jpg 300w, https:\/\/agora.xtec.cat\/ceip-paucasals-sjdespi\/wp-content\/uploads\/usu477\/2015\/09\/birthday_icon_55533-150x150.jpg 150w, https:\/\/agora.xtec.cat\/ceip-paucasals-sjdespi\/wp-content\/uploads\/usu477\/2015\/09\/birthday_icon_55533.jpg 425w\" sizes=\"auto, (max-width: 94px) 100vw, 94px\" \/><\/li>\n<li>Quan vulgueu convidar a una festa companys i companyes dels vostres fills\/es,\u00a0l\u2019heu de fer fora de l\u2019horari escolar.<\/li>\n<\/ul>\n","protected":false},"excerpt":{"rendered":"<p>\u00a0HORARI<\/p>\n<p>CICLE ESTELS (I3, I4 i I5)<br \/>\nde 9:00 a 12:25h. i de 15:00 a 16:25h.<\/p>\n<p>CICLE CONSTEL\u00b7LACIONS (1r, 2n i 3r) i CICLE GAL\u00c0XIES (4t, 5\u00e8 i 6\u00e8)<br \/>\nde 9:00 a 12:30h. i de 15:00 a 16:30h.<\/p>\n<p>MENJADOR<br \/>\nDe 12:30 a 15:00h.<\/p>\n<p>ENTRADES I SORTIDES<br \/>\nENTRADES:<br \/>\nLes fam\u00edlies de I3 podeu acompanyar&hellip;  <a href=\"https:\/\/agora.xtec.cat\/ceip-paucasals-sjdespi\/el-curs-actual-organitzacio\/funcionament\/\" title=\"Read Normes de funcionament\">Llegeix m\u00e9s\u00bb<\/a><\/p>\n","protected":false},"author":4,"featured_media":0,"parent":452,"menu_order":2,"comment_status":"closed","ping_status":"closed","template":"page-templates\/side-menu.php","meta":{"_bbp_topic_count":0,"_bbp_reply_count":0,"_bbp_total_topic_count":0,"_bbp_total_reply_count":0,"_bbp_voice_count":0,"_bbp_anonymous_reply_count":0,"_bbp_topic_count_hidden":0,"_bbp_reply_count_hidden":0,"_bbp_forum_subforum_count":0,"footnotes":""},"class_list":["post-382","page","type-page","status-publish","hentry"],"post_mailing_queue_ids":[],"_links":{"self":[{"href":"https:\/\/agora.xtec.cat\/ceip-paucasals-sjdespi\/wp-json\/wp\/v2\/pages\/382","targetHints":{"allow":["GET"]}}],"collection":[{"href":"https:\/\/agora.xtec.cat\/ceip-paucasals-sjdespi\/wp-json\/wp\/v2\/pages"}],"about":[{"href":"https:\/\/agora.xtec.cat\/ceip-paucasals-sjdespi\/wp-json\/wp\/v2\/types\/page"}],"author":[{"embeddable":true,"href":"https:\/\/agora.xtec.cat\/ceip-paucasals-sjdespi\/wp-json\/wp\/v2\/users\/4"}],"replies":[{"embeddable":true,"href":"https:\/\/agora.xtec.cat\/ceip-paucasals-sjdespi\/wp-json\/wp\/v2\/comments?post=382"}],"version-history":[{"count":6,"href":"https:\/\/agora.xtec.cat\/ceip-paucasals-sjdespi\/wp-json\/wp\/v2\/pages\/382\/revisions"}],"predecessor-version":[{"id":13416,"href":"https:\/\/agora.xtec.cat\/ceip-paucasals-sjdespi\/wp-json\/wp\/v2\/pages\/382\/revisions\/13416"}],"up":[{"embeddable":true,"href":"https:\/\/agora.xtec.cat\/ceip-paucasals-sjdespi\/wp-json\/wp\/v2\/pages\/452"}],"wp:attachment":[{"href":"https:\/\/agora.xtec.cat\/ceip-paucasals-sjdespi\/wp-json\/wp\/v2\/media?parent=382"}],"curies":[{"name":"wp","href":"https:\/\/api.w.org\/{rel}","templated":true}]}}