{"id":38,"date":"2014-09-18T12:34:08","date_gmt":"2014-09-18T12:34:08","guid":{"rendered":"http:\/\/agora.xtec.cat\/ceip-paucasals-sjdespi\/?page_id=38"},"modified":"2022-11-20T10:52:40","modified_gmt":"2022-11-20T09:52:40","slug":"projectes","status":"publish","type":"page","link":"https:\/\/agora.xtec.cat\/ceip-paucasals-sjdespi\/projectes\/","title":{"rendered":"PROJECTES"},"content":{"rendered":"<p>Aqu\u00ed trobareu informaci\u00f3 sobre els projectes pedag\u00f2gics que, actualment, estem fent a l&#8217;escola:<\/p>\n<ul>\n<li><a href=\"https:\/\/agora.xtec.cat\/ceip-paucasals-sjdespi\/projectes\/camins-personals-daprenentatge\/\">Camins Personals d&#8217;Aprenentatge.<\/a><\/li>\n<li><a href=\"http:\/\/agora.xtec.cat\/ceip-paucasals-sjdespi\/projectes\/reptes-matematics-cooperatius\/\">Reptes matem\u00e0tics cooperatius.<\/a><\/li>\n<li><a href=\"http:\/\/agora.xtec.cat\/ceip-paucasals-sjdespi\/projectes\/gep\/\">KEEP GOING! (Projecte GEP).<\/a><\/li>\n<li><a href=\"http:\/\/agora.xtec.cat\/ceip-paucasals-sjdespi\/projectes\/ambients-daprenentatge\/\">Ambients d&#8217;aprenentatge.<\/a><\/li>\n<li><a href=\"https:\/\/agora.xtec.cat\/ceip-paucasals-sjdespi\/projectes\/espais-daprenentatge\/\" target=\"_blank\" rel=\"noopener\">Espais d&#8217;aprenentatge<\/a><\/li>\n<li><a href=\"http:\/\/agora.xtec.cat\/ceip-paucasals-sjdespi\/projectes\/xarxa-competencies-basiques-projectes\/\">Xarxa de Compet\u00e8ncies B\u00e0siques (Projectes).<\/a><\/li>\n<li><a href=\"http:\/\/agora.xtec.cat\/ceip-paucasals-sjdespi\/projectes\/sharing-to-learn\/\">Sharing to learn.<\/a><a href=\"https:\/\/agora.xtec.cat\/ceip-paucasals-sjdespi\/wp-content\/uploads\/usu477\/2018\/10\/projectes_petits_talents.jpg\"><img loading=\"lazy\" decoding=\"async\" class=\"alignright size-medium wp-image-7731\" src=\"https:\/\/agora.xtec.cat\/ceip-paucasals-sjdespi\/wp-content\/uploads\/usu477\/2018\/10\/projectes_petits_talents-300x131.jpg\" alt=\"\" width=\"300\" height=\"131\" srcset=\"https:\/\/agora.xtec.cat\/ceip-paucasals-sjdespi\/wp-content\/uploads\/usu477\/2018\/10\/projectes_petits_talents-300x131.jpg 300w, https:\/\/agora.xtec.cat\/ceip-paucasals-sjdespi\/wp-content\/uploads\/usu477\/2018\/10\/projectes_petits_talents.jpg 450w\" sizes=\"auto, (max-width: 300px) 100vw, 300px\" \/><\/a><\/li>\n<li><a href=\"http:\/\/agora.xtec.cat\/ceip-paucasals-sjdespi\/projectes\/lhort-de-lescola\/\">L&#8217;hort de l&#8217;escola.<\/a><\/li>\n<li><a href=\"http:\/\/agora.xtec.cat\/ceip-paucasals-sjdespi\/projectes\/fem-escola\/\">Fem Escola.<\/a><\/li>\n<li><a href=\"http:\/\/agora.xtec.cat\/ceip-paucasals-sjdespi\/projectes\/fruita-a-lescola\/\">Fruita a l&#8217;escola.<\/a><\/li>\n<li><a href=\"http:\/\/agora.xtec.cat\/ceip-paucasals-sjdespi\/projectes\/programa-puntedu-biblioteques-escolar\/\">Biblioteca escolar.<\/a><\/li>\n<li><a href=\"http:\/\/agora.xtec.cat\/ceip-paucasals-sjdespi\/projectes\/cantania\/\">Cant\u00e0nia.<\/a><\/li>\n<li><a href=\"http:\/\/agora.xtec.cat\/ceip-paucasals-sjdespi\/projectes\/edudansa\/\">Edudansa<\/a>.<\/li>\n<li><a href=\"http:\/\/agora.xtec.cat\/ceip-paucasals-sjdespi\/projectes\/escenaris-daprenentatge\/\">Escenaris d&#8217;aprenentatge.<\/a><\/li>\n<li><a href=\"http:\/\/agora.xtec.cat\/ceip-paucasals-sjdespi\/projectes\/formigues-cooperatives-a-educacio-fisica\/\">Formigues cooperatives a Educaci\u00f3 F\u00edsica.<\/a><\/li>\n<li><a href=\"http:\/\/agora.xtec.cat\/ceip-paucasals-sjdespi\/projectes\/apadrinament-lector\/\">Apadrinament lector.<\/a><\/li>\n<li><a href=\"https:\/\/agora.xtec.cat\/ceip-paucasals-sjdespi\/projectes\/projecte-dinem-junts-a-lescola\/\">Dinem junts a l&#8217;escola.<\/a><\/li>\n<\/ul>\n<p>&nbsp;<\/p>\n<p>&nbsp;<\/p>\n<p>&nbsp;<\/p>\n","protected":false},"excerpt":{"rendered":"<p>Aqu\u00ed trobareu informaci\u00f3 sobre els projectes pedag\u00f2gics que, actualment, estem fent a l&#8217;escola:<\/p>\n<ul>\n<li><a href=\"https:\/\/agora.xtec.cat\/ceip-paucasals-sjdespi\/projectes\/camins-personals-daprenentatge\/\">Camins Personals d&#8217;Aprenentatge.<\/a><\/li>\n<li><a href=\"http:\/\/agora.xtec.cat\/ceip-paucasals-sjdespi\/projectes\/reptes-matematics-cooperatius\/\">Reptes matem\u00e0tics cooperatius.<\/a><\/li>\n<li><a href=\"http:\/\/agora.xtec.cat\/ceip-paucasals-sjdespi\/projectes\/gep\/\">KEEP GOING! (Projecte GEP).<\/a><\/li>\n<li><a href=\"http:\/\/agora.xtec.cat\/ceip-paucasals-sjdespi\/projectes\/ambients-daprenentatge\/\">Ambients d&#8217;aprenentatge.<\/a><\/li>\n<li><a href=\"https:\/\/agora.xtec.cat\/ceip-paucasals-sjdespi\/projectes\/espais-daprenentatge\/\" target=\"_blank\" rel=\"noopener\">Espais d&#8217;aprenentatge<\/a><\/li>\n<li><a href=\"http:\/\/agora.xtec.cat\/ceip-paucasals-sjdespi\/projectes\/xarxa-competencies-basiques-projectes\/\">Xarxa de Compet\u00e8ncies B\u00e0siques (Projectes).<\/a><\/li>\n<li><a href=\"http:\/\/agora.xtec.cat\/ceip-paucasals-sjdespi\/projectes\/sharing-to-learn\/\">Sharing to learn.<\/a><a href=\"https:\/\/agora.xtec.cat\/ceip-paucasals-sjdespi\/wp-content\/uploads\/usu477\/2018\/10\/projectes_petits_talents.jpg\"><\/a><\/li>\n<li><a href=\"http:\/\/agora.xtec.cat\/ceip-paucasals-sjdespi\/projectes\/lhort-de-lescola\/\">L&#8217;hort de l&#8217;escola.<\/a><\/li>\n<li><a href=\"http:\/\/agora.xtec.cat\/ceip-paucasals-sjdespi\/projectes\/fem-escola\/\">Fem Escola.<\/a><\/li>\n<li><a href=\"http:\/\/agora.xtec.cat\/ceip-paucasals-sjdespi\/projectes\/fruita-a-lescola\/\">Fruita a&hellip;  <a href=\"https:\/\/agora.xtec.cat\/ceip-paucasals-sjdespi\/projectes\/\" title=\"Read PROJECTES\">Llegeix m\u00e9s\u00bb<\/a><br \/>\n","protected":false},"author":2,"featured_media":0,"parent":0,"menu_order":10,"comment_status":"closed","ping_status":"closed","template":"page-templates\/side-menu.php","meta":{"_bbp_topic_count":0,"_bbp_reply_count":0,"_bbp_total_topic_count":0,"_bbp_total_reply_count":0,"_bbp_voice_count":0,"_bbp_anonymous_reply_count":0,"_bbp_topic_count_hidden":0,"_bbp_reply_count_hidden":0,"_bbp_forum_subforum_count":0,"footnotes":""},"class_list":["post-38","page","type-page","status-publish","hentry"],"post_mailing_queue_ids":[],"_links":{"self":[{"href":"https:\/\/agora.xtec.cat\/ceip-paucasals-sjdespi\/wp-json\/wp\/v2\/pages\/38","targetHints":{"allow":["GET"]}}],"collection":[{"href":"https:\/\/agora.xtec.cat\/ceip-paucasals-sjdespi\/wp-json\/wp\/v2\/pages"}],"about":[{"href":"https:\/\/agora.xtec.cat\/ceip-paucasals-sjdespi\/wp-json\/wp\/v2\/types\/page"}],"author":[{"embeddable":true,"href":"https:\/\/agora.xtec.cat\/ceip-paucasals-sjdespi\/wp-json\/wp\/v2\/users\/2"}],"replies":[{"embeddable":true,"href":"https:\/\/agora.xtec.cat\/ceip-paucasals-sjdespi\/wp-json\/wp\/v2\/comments?post=38"}],"version-history":[{"count":4,"href":"https:\/\/agora.xtec.cat\/ceip-paucasals-sjdespi\/wp-json\/wp\/v2\/pages\/38\/revisions"}],"predecessor-version":[{"id":11979,"href":"https:\/\/agora.xtec.cat\/ceip-paucasals-sjdespi\/wp-json\/wp\/v2\/pages\/38\/revisions\/11979"}],"wp:attachment":[{"href":"https:\/\/agora.xtec.cat\/ceip-paucasals-sjdespi\/wp-json\/wp\/v2\/media?parent=38"}],"curies":[{"name":"wp","href":"https:\/\/api.w.org\/{rel}","templated":true}]}}