{"id":36,"date":"2014-09-18T12:33:11","date_gmt":"2014-09-18T12:33:11","guid":{"rendered":"http:\/\/agora.xtec.cat\/ceip-paucasals-sjdespi\/?page_id=36"},"modified":"2023-01-23T15:45:15","modified_gmt":"2023-01-23T14:45:15","slug":"autoritzacions","status":"publish","type":"page","link":"https:\/\/agora.xtec.cat\/ceip-paucasals-sjdespi\/circulars-a-families\/autoritzacions\/","title":{"rendered":"Autoritzacions"},"content":{"rendered":"<p><a href=\"https:\/\/drive.google.com\/open?id=0B7x-7cXDWUyrQTFCWUNHUDFwYlE\" target=\"_blank\" rel=\"noopener noreferrer\"><strong><img loading=\"lazy\" decoding=\"async\" class=\" wp-image-216 alignleft\" src=\"http:\/\/agora.xtec.cat\/ceip-paucasals-sjdespi\/wp-content\/uploads\/usu477\/2014\/09\/icono_actas-150x111.jpg\" alt=\"icono_actas\" width=\"68\" height=\"50\" \/><\/strong><\/a><a href=\"http:\/\/agora.xtec.cat\/ceip-paucasals-sjdespi\/wp-content\/uploads\/usu477\/2014\/09\/256.png\"><img loading=\"lazy\" decoding=\"async\" class=\"alignright wp-image-427\" src=\"http:\/\/agora.xtec.cat\/ceip-paucasals-sjdespi\/wp-content\/uploads\/usu477\/2014\/09\/256-150x150.png\" alt=\"256\" width=\"168\" height=\"168\" srcset=\"https:\/\/agora.xtec.cat\/ceip-paucasals-sjdespi\/wp-content\/uploads\/usu477\/2014\/09\/256-150x150.png 150w, https:\/\/agora.xtec.cat\/ceip-paucasals-sjdespi\/wp-content\/uploads\/usu477\/2014\/09\/256.png 256w\" sizes=\"auto, (max-width: 168px) 100vw, 168px\" \/><\/a><br \/>\n<strong>Autoritzaci\u00f3 administraci\u00f3 de medicaments<\/strong><\/p>\n<p><a href=\"https:\/\/drive.google.com\/file\/d\/0B7x-7cXDWUyrU1pjUG1mVzdaRlU\/view?usp=sharing\" target=\"_blank\" rel=\"noopener noreferrer\"><strong><img loading=\"lazy\" decoding=\"async\" class=\" wp-image-216 alignleft\" src=\"http:\/\/agora.xtec.cat\/ceip-paucasals-sjdespi\/wp-content\/uploads\/usu477\/2014\/09\/icono_actas-150x111.jpg\" alt=\"icono_actas\" width=\"68\" height=\"50\" \/><\/strong><\/a><br \/>\n<strong> Autoritzaci\u00f3 sortides escolars<\/strong><\/p>\n<p><a href=\"https:\/\/drive.google.com\/file\/d\/0B7x-7cXDWUyraGpfVERKSWV3LW8\/view?usp=sharing\" target=\"_blank\" rel=\"noopener noreferrer\"><strong><img loading=\"lazy\" decoding=\"async\" class=\" wp-image-216 alignleft\" src=\"http:\/\/agora.xtec.cat\/ceip-paucasals-sjdespi\/wp-content\/uploads\/usu477\/2014\/09\/icono_actas-150x111.jpg\" alt=\"icono_actas\" width=\"68\" height=\"50\" \/><\/strong><\/a><br \/>\n<strong>\u00a0Autoritzaci\u00f3 administraci\u00f3 antit\u00e8rmic<\/strong><\/p>\n<p><a href=\"https:\/\/drive.google.com\/file\/d\/1E93T-ePoUbJK6EmrlJXYcHkO87fqR0ok\/view?usp=sharing\" target=\"_blank\" rel=\"noopener\"><img loading=\"lazy\" decoding=\"async\" class=\"alignleft wp-image-216\" src=\"http:\/\/agora.xtec.cat\/ceip-paucasals-sjdespi\/wp-content\/uploads\/usu477\/2014\/09\/icono_actas-150x111.jpg\" alt=\"icono_actas\" width=\"68\" height=\"50\" \/><\/a><br \/>\n<strong>Autoritzaci\u00f3 marxar sol\/a a casa<\/strong><\/p>\n<p><a href=\"https:\/\/drive.google.com\/file\/d\/0B7x-7cXDWUyreTVEZnRQTkhtclU\/view?usp=sharing\" target=\"_blank\" rel=\"noopener noreferrer\"><strong><img loading=\"lazy\" decoding=\"async\" class=\" wp-image-216 alignleft\" src=\"http:\/\/agora.xtec.cat\/ceip-paucasals-sjdespi\/wp-content\/uploads\/usu477\/2014\/09\/icono_actas-150x111.jpg\" alt=\"icono_actas\" width=\"68\" height=\"50\" \/><\/strong><\/a><br \/>\n<strong>Autoritzaci\u00f3 canvi de dades<\/strong><\/p>\n<p><a href=\"https:\/\/drive.google.com\/file\/d\/11J16djgcqpW7oPKp7ibXg8QnqawaTIYR\/view?usp=sharing\" target=\"_blank\" rel=\"noopener noreferrer\"><strong><img loading=\"lazy\" decoding=\"async\" class=\" wp-image-216 alignleft\" src=\"http:\/\/agora.xtec.cat\/ceip-paucasals-sjdespi\/wp-content\/uploads\/usu477\/2014\/09\/icono_actas-150x111.jpg\" alt=\"icono_actas\" width=\"68\" height=\"50\" \/><\/strong><\/a><br \/>\n<strong>Autoritzaci\u00f3 drets d&#8217;imatge<\/strong><\/p>\n<p data-wp-editing=\"1\"><a href=\"https:\/\/drive.google.com\/file\/d\/12iNz4jII4nO1CTpEh1YB9so0na4g7thG\/view?usp=sharing\"><img loading=\"lazy\" decoding=\"async\" class=\"alignleft wp-image-216\" src=\"http:\/\/agora.xtec.cat\/ceip-paucasals-sjdespi\/wp-content\/uploads\/usu477\/2014\/09\/icono_actas-150x111.jpg\" alt=\"icono_actas\" width=\"68\" height=\"50\" \/><\/a><br \/>\n<strong>Autoritzaci\u00f3 persones autoritzades per recollir l&#8217;alumnat<\/strong><\/p>\n<p>&nbsp;<\/p>\n<p>&nbsp;<\/p>\n","protected":false},"excerpt":{"rendered":"<p><a href=\"https:\/\/drive.google.com\/open?id=0B7x-7cXDWUyrQTFCWUNHUDFwYlE\" target=\"_blank\" rel=\"noopener noreferrer\"><\/a><a href=\"http:\/\/agora.xtec.cat\/ceip-paucasals-sjdespi\/wp-content\/uploads\/usu477\/2014\/09\/256.png\"><\/a><br \/>\nAutoritzaci\u00f3 administraci\u00f3 de medicaments<br \/>\n<a href=\"https:\/\/drive.google.com\/file\/d\/0B7x-7cXDWUyrU1pjUG1mVzdaRlU\/view?usp=sharing\" target=\"_blank\" rel=\"noopener noreferrer\"><\/a><br \/>\n Autoritzaci\u00f3 sortides escolars<br \/>\n<a href=\"https:\/\/drive.google.com\/file\/d\/0B7x-7cXDWUyraGpfVERKSWV3LW8\/view?usp=sharing\" target=\"_blank\" rel=\"noopener noreferrer\"><\/a><br \/>\n\u00a0Autoritzaci\u00f3 administraci\u00f3 antit\u00e8rmic<br \/>\n<a href=\"https:\/\/drive.google.com\/file\/d\/1E93T-ePoUbJK6EmrlJXYcHkO87fqR0ok\/view?usp=sharing\" target=\"_blank\" rel=\"noopener\"><\/a><br \/>\nAutoritzaci\u00f3 marxar sol\/a a casa<br \/>\n<a href=\"https:\/\/drive.google.com\/file\/d\/0B7x-7cXDWUyreTVEZnRQTkhtclU\/view?usp=sharing\" target=\"_blank\" rel=\"noopener noreferrer\"><\/a><br \/>\nAutoritzaci\u00f3 canvi de dades<br \/>\n<a href=\"https:\/\/drive.google.com\/file\/d\/11J16djgcqpW7oPKp7ibXg8QnqawaTIYR\/view?usp=sharing\" target=\"_blank\" rel=\"noopener noreferrer\"><\/a><br \/>\nAutoritzaci\u00f3 drets d&#8217;imatge<br \/>\n<a href=\"https:\/\/drive.google.com\/file\/d\/12iNz4jII4nO1CTpEh1YB9so0na4g7thG\/view?usp=sharing\"><\/a><br \/>\nAutoritzaci\u00f3 persones autoritzades&hellip;  <a href=\"https:\/\/agora.xtec.cat\/ceip-paucasals-sjdespi\/circulars-a-families\/autoritzacions\/\" title=\"Read Autoritzacions\">Llegeix m\u00e9s\u00bb<\/a><\/p>\n","protected":false},"author":2,"featured_media":0,"parent":443,"menu_order":1,"comment_status":"closed","ping_status":"closed","template":"page-templates\/side-menu.php","meta":{"_bbp_topic_count":0,"_bbp_reply_count":0,"_bbp_total_topic_count":0,"_bbp_total_reply_count":0,"_bbp_voice_count":0,"_bbp_anonymous_reply_count":0,"_bbp_topic_count_hidden":0,"_bbp_reply_count_hidden":0,"_bbp_forum_subforum_count":0,"footnotes":""},"class_list":["post-36","page","type-page","status-publish","hentry"],"post_mailing_queue_ids":[],"_links":{"self":[{"href":"https:\/\/agora.xtec.cat\/ceip-paucasals-sjdespi\/wp-json\/wp\/v2\/pages\/36","targetHints":{"allow":["GET"]}}],"collection":[{"href":"https:\/\/agora.xtec.cat\/ceip-paucasals-sjdespi\/wp-json\/wp\/v2\/pages"}],"about":[{"href":"https:\/\/agora.xtec.cat\/ceip-paucasals-sjdespi\/wp-json\/wp\/v2\/types\/page"}],"author":[{"embeddable":true,"href":"https:\/\/agora.xtec.cat\/ceip-paucasals-sjdespi\/wp-json\/wp\/v2\/users\/2"}],"replies":[{"embeddable":true,"href":"https:\/\/agora.xtec.cat\/ceip-paucasals-sjdespi\/wp-json\/wp\/v2\/comments?post=36"}],"version-history":[{"count":4,"href":"https:\/\/agora.xtec.cat\/ceip-paucasals-sjdespi\/wp-json\/wp\/v2\/pages\/36\/revisions"}],"predecessor-version":[{"id":12139,"href":"https:\/\/agora.xtec.cat\/ceip-paucasals-sjdespi\/wp-json\/wp\/v2\/pages\/36\/revisions\/12139"}],"up":[{"embeddable":true,"href":"https:\/\/agora.xtec.cat\/ceip-paucasals-sjdespi\/wp-json\/wp\/v2\/pages\/443"}],"wp:attachment":[{"href":"https:\/\/agora.xtec.cat\/ceip-paucasals-sjdespi\/wp-json\/wp\/v2\/media?parent=36"}],"curies":[{"name":"wp","href":"https:\/\/api.w.org\/{rel}","templated":true}]}}