{"id":26,"date":"2014-09-18T12:24:32","date_gmt":"2014-09-18T12:24:32","guid":{"rendered":"http:\/\/agora.xtec.cat\/ceip-paucasals-sjdespi\/?page_id=26"},"modified":"2023-11-14T21:10:26","modified_gmt":"2023-11-14T20:10:26","slug":"historia","status":"publish","type":"page","link":"https:\/\/agora.xtec.cat\/ceip-paucasals-sjdespi\/lescola\/historia\/","title":{"rendered":"Hist\u00f2ria"},"content":{"rendered":"<p>La nostra escola va ser inaugurada l\u2019any 1974 amb el nom de <em>\u201cColegio Nacional Carrero Blanco\u201d<\/em>. Va mantenir aquest nom fins l\u2019any 1980 en qu\u00e8 es va canviar pel nom actual <em>\u201cEscola Pau Casals\u201d,<\/em> despr\u00e9s de la demanda feta pel claustre i l\u2019AFA de l\u2019escola.<\/p>\n<p>En els gaireb\u00e9 50 anys de funcionament, sempre ha destacat per la seva l\u00ednia innovadora a nivell pedag\u00f2gic. Va ser una de les dues primeres escoles p\u00fabliques en comen<span style=\"font-family: inherit; font-size: 1em;\">\u00e7ar la immersi\u00f3 en catal\u00e0 i constituir-se com Escola Catalana, motiu pel qual<\/span><\/p>\n<p style=\"font-family: 'Helvetica Neue', Helvetica, Helvetica, Arial, sans-serif; font-size: 16px;\"><img loading=\"lazy\" decoding=\"async\" class=\"size-medium wp-image-10412 alignright\" src=\"https:\/\/agora.xtec.cat\/ceip-paucasals-sjdespi\/wp-content\/uploads\/usu477\/2021\/04\/Fa\u00e7ana-amb-logo-300x230.jpg\" alt=\"\" width=\"300\" height=\"230\" srcset=\"https:\/\/agora.xtec.cat\/ceip-paucasals-sjdespi\/wp-content\/uploads\/usu477\/2021\/04\/Fa\u00e7ana-amb-logo-300x230.jpg 300w, https:\/\/agora.xtec.cat\/ceip-paucasals-sjdespi\/wp-content\/uploads\/usu477\/2021\/04\/Fa\u00e7ana-amb-logo-768x589.jpg 768w, https:\/\/agora.xtec.cat\/ceip-paucasals-sjdespi\/wp-content\/uploads\/usu477\/2021\/04\/Fa\u00e7ana-amb-logo.jpg 995w\" sizes=\"auto, (max-width: 300px) 100vw, 300px\" \/><\/p>\n<p>va rebre l\u2019any 1988, el premi Baldiri i Reixach. Al llarg dels anys, s\u2019ha implicat en diferents projectes d\u2019innovaci\u00f3 pedag\u00f2gica i el professorat de l\u2019escola s\u2019ha format, durant aquest temps, per tal de portar a terme tots aquests projectes.<\/p>\n<p><span style=\"font-family: inherit; font-size: 1em;\">Des de fa tres cursos, hem encetat un nou projecte: Camins d&#8217;aprenentatge de Matem\u00e0tiques i de Llengua Catalana. E<span style=\"font-weight: 400;\">ls nostres Camins d&#8217;aprenentatge es basen la seva metodologia dels plans de treball individualitzats. Tenen com <\/span><b>objectiu<\/b><span style=\"font-weight: 400;\"> respectar el ritme individual de cada alumne, el treball cooperatiu i fomentar l&#8217;autonomia en el aprenentatge, aprendre a aprendre.<\/span>\u00a0<\/span><\/p>\n<p>En definitiva, al llarg dels anys, els mestres de la nostra escola estem conven\u00e7uts que totes les estrat\u00e8gies metodol\u00f2giques adre\u00e7ades a incentivar el protagonisme dels nens i les nenes, s\u00f3n la millor manera de motivar-los i fer-los part\u00edcips del seu aprenentatge i aquest \u00e9s el cam\u00ed que volem seguir.<\/p>\n","protected":false},"excerpt":{"rendered":"<p>La nostra escola va ser inaugurada l\u2019any 1974 amb el nom de \u201cColegio Nacional Carrero Blanco\u201d. Va mantenir aquest nom fins l\u2019any 1980 en qu\u00e8 es va canviar pel nom actual \u201cEscola Pau Casals\u201d, despr\u00e9s de la demanda feta pel claustre i l\u2019AFA de l\u2019escola.<br \/>\nEn&hellip;  <a href=\"https:\/\/agora.xtec.cat\/ceip-paucasals-sjdespi\/lescola\/historia\/\" title=\"Read Hist\u00f2ria\">Llegeix m\u00e9s\u00bb<\/a><\/p>\n","protected":false},"author":2,"featured_media":0,"parent":22,"menu_order":2,"comment_status":"closed","ping_status":"closed","template":"page-templates\/side-menu.php","meta":{"_bbp_topic_count":0,"_bbp_reply_count":0,"_bbp_total_topic_count":0,"_bbp_total_reply_count":0,"_bbp_voice_count":0,"_bbp_anonymous_reply_count":0,"_bbp_topic_count_hidden":0,"_bbp_reply_count_hidden":0,"_bbp_forum_subforum_count":0,"footnotes":""},"class_list":["post-26","page","type-page","status-publish","hentry"],"post_mailing_queue_ids":[],"_links":{"self":[{"href":"https:\/\/agora.xtec.cat\/ceip-paucasals-sjdespi\/wp-json\/wp\/v2\/pages\/26","targetHints":{"allow":["GET"]}}],"collection":[{"href":"https:\/\/agora.xtec.cat\/ceip-paucasals-sjdespi\/wp-json\/wp\/v2\/pages"}],"about":[{"href":"https:\/\/agora.xtec.cat\/ceip-paucasals-sjdespi\/wp-json\/wp\/v2\/types\/page"}],"author":[{"embeddable":true,"href":"https:\/\/agora.xtec.cat\/ceip-paucasals-sjdespi\/wp-json\/wp\/v2\/users\/2"}],"replies":[{"embeddable":true,"href":"https:\/\/agora.xtec.cat\/ceip-paucasals-sjdespi\/wp-json\/wp\/v2\/comments?post=26"}],"version-history":[{"count":5,"href":"https:\/\/agora.xtec.cat\/ceip-paucasals-sjdespi\/wp-json\/wp\/v2\/pages\/26\/revisions"}],"predecessor-version":[{"id":12675,"href":"https:\/\/agora.xtec.cat\/ceip-paucasals-sjdespi\/wp-json\/wp\/v2\/pages\/26\/revisions\/12675"}],"up":[{"embeddable":true,"href":"https:\/\/agora.xtec.cat\/ceip-paucasals-sjdespi\/wp-json\/wp\/v2\/pages\/22"}],"wp:attachment":[{"href":"https:\/\/agora.xtec.cat\/ceip-paucasals-sjdespi\/wp-json\/wp\/v2\/media?parent=26"}],"curies":[{"name":"wp","href":"https:\/\/api.w.org\/{rel}","templated":true}]}}