{"id":199,"date":"2015-09-22T12:12:45","date_gmt":"2015-09-22T11:12:45","guid":{"rendered":"http:\/\/agora.xtec.cat\/ceip-paucasals-sjdespi\/?page_id=199"},"modified":"2022-09-13T10:39:06","modified_gmt":"2022-09-13T08:39:06","slug":"gep","status":"publish","type":"page","link":"https:\/\/agora.xtec.cat\/ceip-paucasals-sjdespi\/projectes\/gep\/","title":{"rendered":"KEEP GOING! (Projecte GEP)"},"content":{"rendered":"<p><strong>QU\u00c8 \u00c9S?<a href=\"http:\/\/agora.xtec.cat\/ceip-paucasals-sjdespi\/wp-content\/uploads\/usu477\/2014\/09\/logo.jpg\"><img loading=\"lazy\" decoding=\"async\" class=\"wp-image-5675 alignright\" src=\"http:\/\/agora.xtec.cat\/ceip-paucasals-sjdespi\/wp-content\/uploads\/usu477\/2014\/09\/logo-300x300.jpg\" alt=\"\" width=\"177\" height=\"177\" srcset=\"https:\/\/agora.xtec.cat\/ceip-paucasals-sjdespi\/wp-content\/uploads\/usu477\/2014\/09\/logo-300x300.jpg 300w, https:\/\/agora.xtec.cat\/ceip-paucasals-sjdespi\/wp-content\/uploads\/usu477\/2014\/09\/logo-150x150.jpg 150w, https:\/\/agora.xtec.cat\/ceip-paucasals-sjdespi\/wp-content\/uploads\/usu477\/2014\/09\/logo.jpg 577w\" sizes=\"auto, (max-width: 177px) 100vw, 177px\" \/><\/a><\/strong><\/p>\n<p>El Grup d&#8217;Experimentaci\u00f3 per al Pluriling\u00fcisme (GEP) \u00e9s un projecte que ofereix orientacions, assessorament i formaci\u00f3 als centres que hi participen, amb l\u2019<strong>objectiu que incorporin i sistematitzin estrat\u00e8gies de treball integrat de continguts i llengua estrangera, per incrementar el grau d\u2019exposici\u00f3 dels alumnes<\/strong> a la llengua estrangera i per introduir pr\u00e0ctiques amb metodologia AICLE (Aprenentatge integrat de Continguts i Lleng\u00fces Estrangeres).<\/p>\n<p><strong>PER QU\u00c8 AQUEST PROJECTE?<\/strong><\/p>\n<p>Amb aquest model d\u2019ensenyament pluriling\u00fce volem <strong>millorar la compet\u00e8ncia ling\u00fc\u00edstica i comunicativa del nostre alumnat i augmentar el temps d\u2019\u00fas de la llengua anglesa<\/strong> en el curr\u00edculum. La finalitat d\u2019aquest\u00a0projecte \u00e9s millorar la compet\u00e8ncia en lleng\u00fces estrangeres de l\u2019alumnat, afavorint el seu creixement acad\u00e8mic i posterior inserci\u00f3 laboral, i capacitant-lo per interactuar amb el m\u00f3n en diverses lleng\u00fces i de manera cr\u00edtica.<\/p>\n<p><strong>COM HO APLIQUEM?<\/strong><\/p>\n<p>Ho apliquem en dues <strong>\u00e0rees priorit\u00e0ries: l&#8217;Educaci\u00f3 F\u00edsica i l&#8217;Educaci\u00f3 Visual i Pl\u00e0stica<\/strong>. En la primera dediquem totes les sessions setmanals a fer l&#8217;Educaci\u00f3 F\u00edsica en angl\u00e8s a 5\u00e8 i 6\u00e8 i a l&#8217;\u00faltim trimestre de 4t. A l&#8217;\u00e0rea de Pl\u00e0stica fem totes les sessions de 1r, 2n, i 3r en angl\u00e8s.<\/p>\n<p>El Projecte de pluriling\u00fcisme contempla, tamb\u00e9, <strong>una \u00e0rea complement\u00e0ria que en el nostre centre \u00e9s l&#8217;\u00e0rea de Matem\u00e0tiques<\/strong>. L&#8217;alumnat del Cicle Gal\u00e0xies (4t, 5\u00e8 i 6\u00e8) fan un o dos <span style=\"font-family: inherit; font-size: 1em;\">reptes cooperatius de matem\u00e0tiques en angl\u00e8s. Tamb\u00e9 es realitzen dos dels ambients d&#8217;aprenentatge d&#8217;Educaci\u00f3 Infantil en llengua anglesa. <\/span><\/p>\n<p><span style=\"font-family: inherit; font-size: 1em;\">A m\u00e9s, dins d&#8217;algunes <strong>activitats interdisciplinars<\/strong> (Tallers de Castanyada, Concert d&#8217;Hivern, Gimcana de Jornades Esportives&#8230;), que es porten a terme als diferents cicles, treballem continguts puntuals en llengua anglesa.<\/span><\/p>\n<table style=\"border-color: #000000;\" border=\"0\" cellspacing=\"0\" cellpadding=\"0\">\n<tbody>\n<tr>\n<td><a href=\"http:\/\/agora.xtec.cat\/ceip-paucasals-sjdespi\/wp-content\/uploads\/usu477\/2015\/09\/Img_7136-bis.jpg\"><img loading=\"lazy\" decoding=\"async\" class=\" wp-image-584 aligncenter\" src=\"http:\/\/agora.xtec.cat\/ceip-paucasals-sjdespi\/wp-content\/uploads\/usu477\/2015\/09\/Img_7136-bis.jpg\" alt=\"Img_7136 bis\" width=\"216\" height=\"162\" srcset=\"https:\/\/agora.xtec.cat\/ceip-paucasals-sjdespi\/wp-content\/uploads\/usu477\/2015\/09\/Img_7136-bis.jpg 1012w, https:\/\/agora.xtec.cat\/ceip-paucasals-sjdespi\/wp-content\/uploads\/usu477\/2015\/09\/Img_7136-bis-300x225.jpg 300w, https:\/\/agora.xtec.cat\/ceip-paucasals-sjdespi\/wp-content\/uploads\/usu477\/2015\/09\/Img_7136-bis-200x150.jpg 200w\" sizes=\"auto, (max-width: 216px) 100vw, 216px\" \/><\/a><\/td>\n<td><a href=\"http:\/\/agora.xtec.cat\/ceip-paucasals-sjdespi\/wp-content\/uploads\/usu477\/2016\/02\/board.jpg\"><img loading=\"lazy\" decoding=\"async\" class=\" wp-image-3066 alignnone\" src=\"http:\/\/agora.xtec.cat\/ceip-paucasals-sjdespi\/wp-content\/uploads\/usu477\/2016\/02\/board-1024x768.jpg\" alt=\"board\" width=\"225\" height=\"169\" srcset=\"https:\/\/agora.xtec.cat\/ceip-paucasals-sjdespi\/wp-content\/uploads\/usu477\/2016\/02\/board.jpg 1024w, https:\/\/agora.xtec.cat\/ceip-paucasals-sjdespi\/wp-content\/uploads\/usu477\/2016\/02\/board-300x225.jpg 300w, https:\/\/agora.xtec.cat\/ceip-paucasals-sjdespi\/wp-content\/uploads\/usu477\/2016\/02\/board-200x150.jpg 200w\" sizes=\"auto, (max-width: 225px) 100vw, 225px\" \/><\/a><\/td>\n<\/tr>\n<\/tbody>\n<\/table>\n<p>&nbsp;<\/p>\n<p><strong>Visiteu el blog<\/strong> del <a href=\"http:\/\/agora.xtec.cat\/ceip-paucasals-sjdespi\/categoria\/keep-going\/\">P<\/a><a href=\"http:\/\/agora.xtec.cat\/ceip-paucasals-sjdespi\/categoria\/keep-going\/\">rojecte <u><span style=\"color: #0066cc;\">KEEP GOING!<\/span><\/u> (GEP) <\/a><\/p>\n<p><a href=\"http:\/\/agora.xtec.cat\/ceip-paucasals-sjdespi\/wp-content\/uploads\/usu477\/2017\/01\/sant-joan-despi.jpg\"><img loading=\"lazy\" decoding=\"async\" class=\"aligncenter size-medium wp-image-5582\" src=\"http:\/\/agora.xtec.cat\/ceip-paucasals-sjdespi\/wp-content\/uploads\/usu477\/2017\/01\/sant-joan-despi-300x137.jpg\" alt=\"\" width=\"300\" height=\"137\" srcset=\"https:\/\/agora.xtec.cat\/ceip-paucasals-sjdespi\/wp-content\/uploads\/usu477\/2017\/01\/sant-joan-despi-300x137.jpg 300w, https:\/\/agora.xtec.cat\/ceip-paucasals-sjdespi\/wp-content\/uploads\/usu477\/2017\/01\/sant-joan-despi.jpg 657w\" sizes=\"auto, (max-width: 300px) 100vw, 300px\" \/><\/a><\/p>\n","protected":false},"excerpt":{"rendered":"<p>QU\u00c8 \u00c9S?<a href=\"http:\/\/agora.xtec.cat\/ceip-paucasals-sjdespi\/wp-content\/uploads\/usu477\/2014\/09\/logo.jpg\"><\/a><br \/>\nEl Grup d&#8217;Experimentaci\u00f3 per al Pluriling\u00fcisme (GEP) \u00e9s un projecte que ofereix orientacions, assessorament i formaci\u00f3 als centres que hi participen, amb l\u2019objectiu que incorporin i sistematitzin estrat\u00e8gies de treball integrat de continguts i llengua estrangera, per incrementar el grau d\u2019exposici\u00f3 dels alumnes&hellip;  <a href=\"https:\/\/agora.xtec.cat\/ceip-paucasals-sjdespi\/projectes\/gep\/\" title=\"Read KEEP GOING! (Projecte GEP)\">Llegeix m\u00e9s\u00bb<\/a><\/p>\n","protected":false},"author":1,"featured_media":0,"parent":38,"menu_order":3,"comment_status":"closed","ping_status":"closed","template":"page-templates\/side-menu.php","meta":{"_bbp_topic_count":0,"_bbp_reply_count":0,"_bbp_total_topic_count":0,"_bbp_total_reply_count":0,"_bbp_voice_count":0,"_bbp_anonymous_reply_count":0,"_bbp_topic_count_hidden":0,"_bbp_reply_count_hidden":0,"_bbp_forum_subforum_count":0,"footnotes":""},"class_list":["post-199","page","type-page","status-publish","hentry"],"post_mailing_queue_ids":[],"_links":{"self":[{"href":"https:\/\/agora.xtec.cat\/ceip-paucasals-sjdespi\/wp-json\/wp\/v2\/pages\/199","targetHints":{"allow":["GET"]}}],"collection":[{"href":"https:\/\/agora.xtec.cat\/ceip-paucasals-sjdespi\/wp-json\/wp\/v2\/pages"}],"about":[{"href":"https:\/\/agora.xtec.cat\/ceip-paucasals-sjdespi\/wp-json\/wp\/v2\/types\/page"}],"author":[{"embeddable":true,"href":"https:\/\/agora.xtec.cat\/ceip-paucasals-sjdespi\/wp-json\/wp\/v2\/users\/1"}],"replies":[{"embeddable":true,"href":"https:\/\/agora.xtec.cat\/ceip-paucasals-sjdespi\/wp-json\/wp\/v2\/comments?post=199"}],"version-history":[{"count":4,"href":"https:\/\/agora.xtec.cat\/ceip-paucasals-sjdespi\/wp-json\/wp\/v2\/pages\/199\/revisions"}],"predecessor-version":[{"id":11816,"href":"https:\/\/agora.xtec.cat\/ceip-paucasals-sjdespi\/wp-json\/wp\/v2\/pages\/199\/revisions\/11816"}],"up":[{"embeddable":true,"href":"https:\/\/agora.xtec.cat\/ceip-paucasals-sjdespi\/wp-json\/wp\/v2\/pages\/38"}],"wp:attachment":[{"href":"https:\/\/agora.xtec.cat\/ceip-paucasals-sjdespi\/wp-json\/wp\/v2\/media?parent=199"}],"curies":[{"name":"wp","href":"https:\/\/api.w.org\/{rel}","templated":true}]}}