{"id":14185,"date":"2026-03-13T15:37:56","date_gmt":"2026-03-13T14:37:56","guid":{"rendered":"https:\/\/agora.xtec.cat\/ceip-paucasals-sjdespi\/?page_id=14185"},"modified":"2026-03-13T15:40:48","modified_gmt":"2026-03-13T14:40:48","slug":"avadir","status":"publish","type":"page","link":"https:\/\/agora.xtec.cat\/ceip-paucasals-sjdespi\/rebost-digital\/recursos-digitals-6e-2\/avadir\/","title":{"rendered":"Avaldir"},"content":{"rendered":"<table style=\"border-collapse: collapse; width: 20.2321%; height: 225px;\">\n<tbody>\n<tr style=\"height: 225px;\">\n<td style=\"width: 100%; height: 225px;\"><a href=\"https:\/\/www.symbaloo.com\/shared\/AAAABOejA1sAA41_l10S9Q==\"><img decoding=\"async\" src=\"https:\/\/encrypted-tbn0.gstatic.com\/images?q=tbn:ANd9GcR8IGh6-_e6uzIDnyV9AYiS2QMnbs79aEfF215imyKaIX0ehK_u6InTMt9_FcwLhLy_3PS-JAr5ICqBlSBelnZQVc7daUTTnkNrn-zOm7EOjQ&amp;s=10\" alt=\"Imatge de: Els reptes de l'avaluaci\u00f3 dels serveis b\u00e0sics d'atenci\u00f3 ...\" \/><\/a><\/td>\n<\/tr>\n<tr>\n<td style=\"width: 100%; text-align: center;\"><a href=\"https:\/\/www.symbaloo.com\/shared\/AAAABOejA1sAA41_l10S9Q==\"><strong>AVALDIR<\/strong><\/a><\/td>\n<\/tr>\n<\/tbody>\n<\/table>\n","protected":false},"excerpt":{"rendered":"<p><a href=\"https:\/\/www.symbaloo.com\/shared\/AAAABOejA1sAA41_l10S9Q==\"><\/a><\/p>\n<p><a href=\"https:\/\/www.symbaloo.com\/shared\/AAAABOejA1sAA41_l10S9Q==\">AVALDIR<\/a><\/p>\n","protected":false},"author":1,"featured_media":0,"parent":8831,"menu_order":5,"comment_status":"closed","ping_status":"closed","template":"page-templates\/side-menu.php","meta":{"_bbp_topic_count":0,"_bbp_reply_count":0,"_bbp_total_topic_count":0,"_bbp_total_reply_count":0,"_bbp_voice_count":0,"_bbp_anonymous_reply_count":0,"_bbp_topic_count_hidden":0,"_bbp_reply_count_hidden":0,"_bbp_forum_subforum_count":0,"footnotes":""},"class_list":["post-14185","page","type-page","status-publish","hentry"],"post_mailing_queue_ids":[],"_links":{"self":[{"href":"https:\/\/agora.xtec.cat\/ceip-paucasals-sjdespi\/wp-json\/wp\/v2\/pages\/14185","targetHints":{"allow":["GET"]}}],"collection":[{"href":"https:\/\/agora.xtec.cat\/ceip-paucasals-sjdespi\/wp-json\/wp\/v2\/pages"}],"about":[{"href":"https:\/\/agora.xtec.cat\/ceip-paucasals-sjdespi\/wp-json\/wp\/v2\/types\/page"}],"author":[{"embeddable":true,"href":"https:\/\/agora.xtec.cat\/ceip-paucasals-sjdespi\/wp-json\/wp\/v2\/users\/1"}],"replies":[{"embeddable":true,"href":"https:\/\/agora.xtec.cat\/ceip-paucasals-sjdespi\/wp-json\/wp\/v2\/comments?post=14185"}],"version-history":[{"count":3,"href":"https:\/\/agora.xtec.cat\/ceip-paucasals-sjdespi\/wp-json\/wp\/v2\/pages\/14185\/revisions"}],"predecessor-version":[{"id":14188,"href":"https:\/\/agora.xtec.cat\/ceip-paucasals-sjdespi\/wp-json\/wp\/v2\/pages\/14185\/revisions\/14188"}],"up":[{"embeddable":true,"href":"https:\/\/agora.xtec.cat\/ceip-paucasals-sjdespi\/wp-json\/wp\/v2\/pages\/8831"}],"wp:attachment":[{"href":"https:\/\/agora.xtec.cat\/ceip-paucasals-sjdespi\/wp-json\/wp\/v2\/media?parent=14185"}],"curies":[{"name":"wp","href":"https:\/\/api.w.org\/{rel}","templated":true}]}}