{"id":900,"date":"2016-11-20T16:20:31","date_gmt":"2016-11-20T15:20:31","guid":{"rendered":"http:\/\/agora.xtec.cat\/ceip-paucasals-gracia\/?page_id=900"},"modified":"2016-11-20T23:29:28","modified_gmt":"2016-11-20T22:29:28","slug":"treball-cooperatiu","status":"publish","type":"page","link":"https:\/\/agora.xtec.cat\/ceip-paucasals-gracia\/projecte-educatiu\/treball-cooperatiu\/","title":{"rendered":"Treball cooperatiu"},"content":{"rendered":"<p>Metodologia en la qual el treball es concreta en una producci\u00f3 en com\u00fa on cada component desenvolupa un rol espec\u00edfic i unes habilitats, i segueix un proc\u00e9s, a la vegada diferenciat i complementari, tan necessari com els de la resta dels components del grup.<\/p>\n<p><a href=\"http:\/\/agora.xtec.cat\/ceip-paucasals-gracia\/wp-content\/uploads\/usu1197\/2016\/11\/cooperatiu.png\"><img loading=\"lazy\" decoding=\"async\" class=\"size-full wp-image-901 aligncenter\" src=\"http:\/\/agora.xtec.cat\/ceip-paucasals-gracia\/wp-content\/uploads\/usu1197\/2016\/11\/cooperatiu.png\" alt=\"cooperatiu\" width=\"652\" height=\"404\" srcset=\"https:\/\/agora.xtec.cat\/ceip-paucasals-gracia\/wp-content\/uploads\/usu1197\/2016\/11\/cooperatiu.png 652w, https:\/\/agora.xtec.cat\/ceip-paucasals-gracia\/wp-content\/uploads\/usu1197\/2016\/11\/cooperatiu-300x186.png 300w\" sizes=\"auto, (max-width: 652px) 100vw, 652px\" \/><\/a><\/p>\n","protected":false},"excerpt":{"rendered":"<p>Metodologia en la qual el treball es concreta en una producci\u00f3 en com\u00fa on cada component desenvolupa un rol espec\u00edfic i unes habilitats, i segueix un proc\u00e9s, a la vegada diferenciat i complementari, tan necessari com els de la resta dels components del grup.<br \/>\n<a href=\"http:\/\/agora.xtec.cat\/ceip-paucasals-gracia\/wp-content\/uploads\/usu1197\/2016\/11\/cooperatiu.png\"><\/a><\/p>\n","protected":false},"author":1,"featured_media":0,"parent":64,"menu_order":8,"comment_status":"closed","ping_status":"closed","template":"page-templates\/side-menu.php","meta":{"_bbp_topic_count":0,"_bbp_reply_count":0,"_bbp_total_topic_count":0,"_bbp_total_reply_count":0,"_bbp_voice_count":0,"_bbp_anonymous_reply_count":0,"_bbp_topic_count_hidden":0,"_bbp_reply_count_hidden":0,"_bbp_forum_subforum_count":0,"footnotes":""},"class_list":["post-900","page","type-page","status-publish","hentry"],"post_mailing_queue_ids":[],"_links":{"self":[{"href":"https:\/\/agora.xtec.cat\/ceip-paucasals-gracia\/wp-json\/wp\/v2\/pages\/900","targetHints":{"allow":["GET"]}}],"collection":[{"href":"https:\/\/agora.xtec.cat\/ceip-paucasals-gracia\/wp-json\/wp\/v2\/pages"}],"about":[{"href":"https:\/\/agora.xtec.cat\/ceip-paucasals-gracia\/wp-json\/wp\/v2\/types\/page"}],"author":[{"embeddable":true,"href":"https:\/\/agora.xtec.cat\/ceip-paucasals-gracia\/wp-json\/wp\/v2\/users\/1"}],"replies":[{"embeddable":true,"href":"https:\/\/agora.xtec.cat\/ceip-paucasals-gracia\/wp-json\/wp\/v2\/comments?post=900"}],"version-history":[{"count":1,"href":"https:\/\/agora.xtec.cat\/ceip-paucasals-gracia\/wp-json\/wp\/v2\/pages\/900\/revisions"}],"predecessor-version":[{"id":902,"href":"https:\/\/agora.xtec.cat\/ceip-paucasals-gracia\/wp-json\/wp\/v2\/pages\/900\/revisions\/902"}],"up":[{"embeddable":true,"href":"https:\/\/agora.xtec.cat\/ceip-paucasals-gracia\/wp-json\/wp\/v2\/pages\/64"}],"wp:attachment":[{"href":"https:\/\/agora.xtec.cat\/ceip-paucasals-gracia\/wp-json\/wp\/v2\/media?parent=900"}],"curies":[{"name":"wp","href":"https:\/\/api.w.org\/{rel}","templated":true}]}}