{"id":798,"date":"2016-11-02T20:38:35","date_gmt":"2016-11-02T19:38:35","guid":{"rendered":"http:\/\/agora.xtec.cat\/ceip-paucasals-gracia\/?page_id=798"},"modified":"2023-11-01T16:15:55","modified_gmt":"2023-11-01T15:15:55","slug":"continuitat-a-secundaria","status":"publish","type":"page","link":"https:\/\/agora.xtec.cat\/ceip-paucasals-gracia\/lescola\/continuitat-a-secundaria\/","title":{"rendered":"Continu\u00eftat a Secund\u00e0ria"},"content":{"rendered":"<p>Els nostres alumnes, en acabar l&#8217;etapa de Prim\u00e0ria, tenen continu\u00eftat a Secund\u00e0ria a dos instituts p\u00fablics de la nostra zona educativa:<\/p>\n<p>Institut Montserrat Roig<\/p>\n<p>Institut Vila de Gr\u00e0cia<\/p>\n","protected":false},"excerpt":{"rendered":"<p>Els nostres alumnes, en acabar l&#8217;etapa de Prim\u00e0ria, tenen continu\u00eftat a Secund\u00e0ria a dos instituts p\u00fablics de la nostra zona educativa:<br \/>\nInstitut Montserrat Roig<br \/>\nInstitut Vila de Gr\u00e0cia<\/p>\n","protected":false},"author":1,"featured_media":0,"parent":22,"menu_order":8,"comment_status":"closed","ping_status":"closed","template":"page-templates\/side-menu.php","meta":{"_bbp_topic_count":0,"_bbp_reply_count":0,"_bbp_total_topic_count":0,"_bbp_total_reply_count":0,"_bbp_voice_count":0,"_bbp_anonymous_reply_count":0,"_bbp_topic_count_hidden":0,"_bbp_reply_count_hidden":0,"_bbp_forum_subforum_count":0,"footnotes":""},"class_list":["post-798","page","type-page","status-publish","hentry"],"post_mailing_queue_ids":[],"_links":{"self":[{"href":"https:\/\/agora.xtec.cat\/ceip-paucasals-gracia\/wp-json\/wp\/v2\/pages\/798","targetHints":{"allow":["GET"]}}],"collection":[{"href":"https:\/\/agora.xtec.cat\/ceip-paucasals-gracia\/wp-json\/wp\/v2\/pages"}],"about":[{"href":"https:\/\/agora.xtec.cat\/ceip-paucasals-gracia\/wp-json\/wp\/v2\/types\/page"}],"author":[{"embeddable":true,"href":"https:\/\/agora.xtec.cat\/ceip-paucasals-gracia\/wp-json\/wp\/v2\/users\/1"}],"replies":[{"embeddable":true,"href":"https:\/\/agora.xtec.cat\/ceip-paucasals-gracia\/wp-json\/wp\/v2\/comments?post=798"}],"version-history":[{"count":5,"href":"https:\/\/agora.xtec.cat\/ceip-paucasals-gracia\/wp-json\/wp\/v2\/pages\/798\/revisions"}],"predecessor-version":[{"id":4022,"href":"https:\/\/agora.xtec.cat\/ceip-paucasals-gracia\/wp-json\/wp\/v2\/pages\/798\/revisions\/4022"}],"up":[{"embeddable":true,"href":"https:\/\/agora.xtec.cat\/ceip-paucasals-gracia\/wp-json\/wp\/v2\/pages\/22"}],"wp:attachment":[{"href":"https:\/\/agora.xtec.cat\/ceip-paucasals-gracia\/wp-json\/wp\/v2\/media?parent=798"}],"curies":[{"name":"wp","href":"https:\/\/api.w.org\/{rel}","templated":true}]}}