{"id":544,"date":"2016-04-13T20:11:36","date_gmt":"2016-04-13T19:11:36","guid":{"rendered":"http:\/\/agora.xtec.cat\/ceip-paucasals-gracia\/?page_id=544"},"modified":"2026-03-03T16:47:33","modified_gmt":"2026-03-03T15:47:33","slug":"consell-escolar-2","status":"publish","type":"page","link":"https:\/\/agora.xtec.cat\/ceip-paucasals-gracia\/lescola\/consell-escolar-2\/","title":{"rendered":"Consell Escolar"},"content":{"rendered":"<p>\u00c9s l\u2019\u00f2rgan de participaci\u00f3 de la comunitat escolar en el govern del centre.<\/p>\n<p><strong>Composici\u00f3 del Consell Escolar<\/strong><\/p>\n<ul>\n<li>La directora del centre, que n\u2019\u00e9s la presidenta.<\/li>\n<li>La cap d\u2019estudis.<\/li>\n<li>El secretari del centre, que assumeix la secretaria, amb veu i sense vot.<\/li>\n<li>1 representant municipal.<\/li>\n<li>1 representant del personal d\u2019administraci\u00f3 i serveis.<\/li>\n<li>6 mestres, elegits pel claustre.<\/li>\n<li>5 pares o mares d&#8217;alumnes, elegits pels pares i mares.<\/li>\n<li>1 pare o mare designat per l&#8217;AFA.<\/li>\n<\/ul>\n<p><strong>Elecci\u00f3 dels membres del Consell Escolar:<\/strong><\/p>\n<p>Els representants del Consell Escolar s\u00f3n escollits per un per\u00edode de quatre anys, per\u00f2 cada 2 anys es renoven la meitat de membres representants de mestres i de pares mitjan\u00e7ant la convocat\u00f2ria d&#8217;eleccions.<\/p>\n<p><strong>Les funcions del Consell Escolar s\u00f3n, entre d&#8217;altres:<\/strong><\/p>\n<ul>\n<li>\u00a0Participar en l&#8217;aprovaci\u00f3 del projecte educatiu i les seves modificacions.<\/li>\n<\/ul>\n<ul>\n<li>Participar en l&#8217;aprovaci\u00f3 de la programaci\u00f3 general anual, de les normes de funcionament i de la gesti\u00f3 econ\u00f2mica del centre.<\/li>\n<\/ul>\n<ul>\n<li>Avaluar l&#8217;aplicaci\u00f3 dels documents de gesti\u00f3 del centre.<\/li>\n<\/ul>\n<ul>\n<li>Aprovar les propostes d&#8217;acords de corresponsabilitat, convenis i altres acords de col\u00b7laboraci\u00f3 del centre amb entitats i institucions.<\/li>\n<\/ul>\n<ul>\n<li>Participar en el procediment de selecci\u00f3 i en la proposta de cessament del director o directora.<\/li>\n<\/ul>\n<ul>\n<li>Intervenir en la resoluci\u00f3 dels conflictes i, si escau, revisar les sancions als alumnes.<\/li>\n<\/ul>\n<ul>\n<li>Aprovar les directrius per a la programaci\u00f3 d&#8217;activitats escolars complement\u00e0ries i d&#8217;activitats extraescolars, i avaluar-ne el desenvolupament.<\/li>\n<\/ul>\n<ul>\n<li>Participar en les an\u00e0lisis i les avaluacions del funcionament general del centre i con\u00e8ixer l&#8217;evoluci\u00f3 del rendiment escolar.<\/li>\n<\/ul>\n<ul>\n<li>Aprovar els criteris de col\u00b7laboraci\u00f3 amb altres centres i amb l&#8217;entorn.<\/li>\n<\/ul>\n<p><strong>Comissions del Consell Escolar<\/strong><\/p>\n<ul>\n<li><strong>Comissi\u00f3 permanent:<\/strong>\u00a0estudia, informa i elabora propostes, aix\u00ed com desenvolupa les tasques que el Consell li encarregui.<\/li>\n<li><strong>Comissi\u00f3 econ\u00f2mica:<\/strong>\u00a0elabora i fa el seguiment de l\u2019estat de comptes del centre.<\/li>\n<li><strong>Comissi\u00f3 de conviv\u00e8ncia:<\/strong>\u00a0vetlla per l\u2019aplicaci\u00f3 dels drets i deures de l\u2019alumnat i col\u00b7labora en la resoluci\u00f3 de conflictes.<\/li>\n<\/ul>\n<p><strong>Relaci\u00f3 nominal del Consell Escolar. Curs 2025-2026<\/strong><\/p>\n<ul>\n<li><strong>La directora:\u00a0<\/strong>Assun Cornell\u00e0<\/li>\n<li><strong>La cap d&#8217;Estudis:\u00a0<\/strong>Marta Albero<\/li>\n<li><strong>Representant municipal:\u00a0<\/strong>Natalia Gimeno<\/li>\n<li><strong>Representant de l&#8217;AFA: <\/strong>Carles Marf\u00e0<\/li>\n<li><strong>Representants del professorat:\u00a0<\/strong> Pilar P\u00e9rez, Txus Fern\u00e1ndez, Imma Font, Carme Vel\u00e1zquez, Eva P\u00e9rez i Guillem Mart\u00ednez.<\/li>\n<li><strong>Representants dels pares, mares o tutors legals de l\u2019alumnat: <\/strong>Gemma Ustrell, Cristina Mart\u00ed, Clara Narvion, Andreu Meixide i Bernat Luna<\/li>\n<li><strong>Un representant del personal d&#8217;Administraci\u00f3 i Serveis: <\/strong>Tere Pascual<\/li>\n<li><strong>El secretari del centre: <\/strong>Xavier Escol\u00e0<\/li>\n<\/ul>\n<p>&nbsp;<\/p>\n<ul>\n<li><em>Podeu consultar els acords de les \u00faltimes reunions del Consell Escolar aqu\u00ed:<\/em><\/li>\n<\/ul>\n<p><a href=\"https:\/\/agora.xtec.cat\/ceip-paucasals-gracia\/wp-content\/uploads\/usu1197\/2024\/12\/ACE.20_11_24.pdf\">Consell Escolar celebrat el 20 de novembre de 2025<\/a><\/p>\n<p><a href=\"https:\/\/agora.xtec.cat\/ceip-paucasals-gracia\/wp-content\/uploads\/usu1197\/2025\/06\/ACE_04.03.25.pdf\">Consell Escolar celebrat el 4 de mar\u00e7 de 2025<\/a><\/p>\n<p style=\"text-align: left;\"><a href=\"https:\/\/agora.xtec.cat\/ceip-paucasals-gracia\/wp-content\/uploads\/usu1197\/2025\/07\/ACE_25.06.25.pdf\">Consell Escolar celebrat el 25 de juny de 2025<\/a><\/p>\n<p><a href=\"https:\/\/agora.xtec.cat\/ceip-paucasals-gracia\/wp-content\/uploads\/usu1197\/2025\/07\/ACE_10.06.25.pdf\">Consell Escolar celebrat el 10 de juliol de 2025<\/a><\/p>\n<p><a href=\"https:\/\/agora.xtec.cat\/ceip-paucasals-gracia\/wp-content\/uploads\/usu1197\/2025\/12\/ACE_21.10.25.pdf\">Consell Escolar celebrat el 21 d&#8217;octubre de 2025<\/a><\/p>\n<p><a href=\"https:\/\/agora.xtec.cat\/ceip-paucasals-gracia\/wp-content\/uploads\/usu1197\/2025\/12\/ACE_02.12.25.pdf\">Consell Escolar celebrat el 2 de desembre de 2025<\/a><\/p>\n<p><a href=\"https:\/\/agora.xtec.cat\/ceip-paucasals-gracia\/wp-content\/uploads\/usu1197\/2026\/03\/ACE_24.02.26.pdf\">Consell Escolar celebrat el 24 de febrer de 2026<\/a><\/p>\n","protected":false},"excerpt":{"rendered":"<p>\u00c9s l\u2019\u00f2rgan de participaci\u00f3 de la comunitat escolar en el govern del centre.<br \/>\nComposici\u00f3 del Consell Escolar<\/p>\n<ul>\n<li>La directora del centre, que n\u2019\u00e9s la presidenta.<\/li>\n<li>La cap d\u2019estudis.<\/li>\n<li>El secretari del centre, que assumeix la secretaria, amb veu i sense vot.<\/li>\n<li>1 representant municipal.<\/li>\n<li>1 representant del personal d\u2019administraci\u00f3 i serveis.<\/li>\n<li>6&hellip;  <a href=\"https:\/\/agora.xtec.cat\/ceip-paucasals-gracia\/lescola\/consell-escolar-2\/\" title=\"Read Consell Escolar\">Llegeix m\u00e9s\u00bb<\/a><br \/>\n","protected":false},"author":1,"featured_media":0,"parent":22,"menu_order":4,"comment_status":"closed","ping_status":"closed","template":"page-templates\/side-menu.php","meta":{"_bbp_topic_count":0,"_bbp_reply_count":0,"_bbp_total_topic_count":0,"_bbp_total_reply_count":0,"_bbp_voice_count":0,"_bbp_anonymous_reply_count":0,"_bbp_topic_count_hidden":0,"_bbp_reply_count_hidden":0,"_bbp_forum_subforum_count":0,"footnotes":""},"class_list":["post-544","page","type-page","status-publish","hentry"],"post_mailing_queue_ids":[],"_links":{"self":[{"href":"https:\/\/agora.xtec.cat\/ceip-paucasals-gracia\/wp-json\/wp\/v2\/pages\/544","targetHints":{"allow":["GET"]}}],"collection":[{"href":"https:\/\/agora.xtec.cat\/ceip-paucasals-gracia\/wp-json\/wp\/v2\/pages"}],"about":[{"href":"https:\/\/agora.xtec.cat\/ceip-paucasals-gracia\/wp-json\/wp\/v2\/types\/page"}],"author":[{"embeddable":true,"href":"https:\/\/agora.xtec.cat\/ceip-paucasals-gracia\/wp-json\/wp\/v2\/users\/1"}],"replies":[{"embeddable":true,"href":"https:\/\/agora.xtec.cat\/ceip-paucasals-gracia\/wp-json\/wp\/v2\/comments?post=544"}],"version-history":[{"count":6,"href":"https:\/\/agora.xtec.cat\/ceip-paucasals-gracia\/wp-json\/wp\/v2\/pages\/544\/revisions"}],"predecessor-version":[{"id":4689,"href":"https:\/\/agora.xtec.cat\/ceip-paucasals-gracia\/wp-json\/wp\/v2\/pages\/544\/revisions\/4689"}],"up":[{"embeddable":true,"href":"https:\/\/agora.xtec.cat\/ceip-paucasals-gracia\/wp-json\/wp\/v2\/pages\/22"}],"wp:attachment":[{"href":"https:\/\/agora.xtec.cat\/ceip-paucasals-gracia\/wp-json\/wp\/v2\/media?parent=544"}],"curies":[{"name":"wp","href":"https:\/\/api.w.org\/{rel}","templated":true}]}}