{"id":522,"date":"2016-04-13T19:16:59","date_gmt":"2016-04-13T18:16:59","guid":{"rendered":"http:\/\/agora.xtec.cat\/ceip-paucasals-gracia\/?page_id=522"},"modified":"2016-12-14T12:14:01","modified_gmt":"2016-12-14T11:14:01","slug":"apadrinament-lector","status":"publish","type":"page","link":"https:\/\/agora.xtec.cat\/ceip-paucasals-gracia\/projecte-educatiu\/biblioteca-eina-pedagogica\/apadrinament-lector\/","title":{"rendered":"Apadrinament lector"},"content":{"rendered":"<p style=\"text-align: justify; background: white; margin: 12.0pt 0cm 12.0pt 0cm;\"><span style=\"font-family: 'Arial','sans-serif';\">L&#8217;activitat consisteix a fer que els alumnes de sis\u00e8 siguin padrins de lectura dels nens i nenes de primer, als quals anomenen fillols i filloles. Aix\u00f2 vol dir que cada alumne de sis\u00e8 es compromet a ajudar a aprendre a llegir al seu fillol, al mateix temps que l&#8217;engresca i li encomana el gust per la lectura.<\/span><\/p>\n<p style=\"text-align: justify; background: white; orphans: auto; widows: 1; -webkit-text-stroke-width: 0px; word-spacing: 0px; margin: 12.0pt 0cm 12.0pt 0cm;\"><span style=\"font-family: 'Arial','sans-serif';\"><br \/>\nAquesta activitat es desenvolupa un cop per setmana durant 45 minuts.<\/span><\/p>\n<p style=\"text-align: justify; background: white; orphans: auto; widows: 1; -webkit-text-stroke-width: 0px; word-spacing: 0px; margin: 12.0pt 0cm 12.0pt 0cm;\"><span style=\"font-family: 'Arial','sans-serif';\"><br \/>\nAix\u00ed doncs el projecte t\u00e9 com objectius millorar el nivell lector dels alumnes de primer, motivar el gust per la lectura i prendre el comprom\u00eds d&#8217;ajuda i cooperaci\u00f3. Amb tot aix\u00f2 els nois i noies de sis\u00e8 reflexionen sobre el proc\u00e9s lector, aprenen les\u00a0micro-habilitats\u00a0de la comprensi\u00f3 lectora i desenvolupen estrat\u00e8gies d&#8217;aprenentatge. Tot plegat dins d&#8217;un clima tranquil i propici, que ajuda a crear uns lligams afectius molt favorables.<\/span><\/p>\n<p style=\"text-align: justify; background: white; orphans: auto; widows: 1; -webkit-text-stroke-width: 0px; word-spacing: 0px; margin: 12.0pt 0cm 12.0pt 0cm;\"><span style=\"font-family: 'Arial','sans-serif';\"><br \/>\n<\/span><span style=\"font-family: 'Arial','sans-serif';\"><br \/>\n<\/span><\/p>\n","protected":false},"excerpt":{"rendered":"<p>L&#8217;activitat consisteix a fer que els alumnes de sis\u00e8 siguin padrins de lectura dels nens i nenes de primer, als quals anomenen fillols i filloles. Aix\u00f2 vol dir que cada alumne de sis\u00e8 es compromet a ajudar a aprendre a llegir al seu fillol, al&hellip;  <a href=\"https:\/\/agora.xtec.cat\/ceip-paucasals-gracia\/projecte-educatiu\/biblioteca-eina-pedagogica\/apadrinament-lector\/\" title=\"Read Apadrinament lector\">Llegeix m\u00e9s\u00bb<\/a><\/p>\n","protected":false},"author":1,"featured_media":0,"parent":978,"menu_order":1,"comment_status":"closed","ping_status":"closed","template":"page-templates\/side-menu.php","meta":{"_bbp_topic_count":0,"_bbp_reply_count":0,"_bbp_total_topic_count":0,"_bbp_total_reply_count":0,"_bbp_voice_count":0,"_bbp_anonymous_reply_count":0,"_bbp_topic_count_hidden":0,"_bbp_reply_count_hidden":0,"_bbp_forum_subforum_count":0,"footnotes":""},"class_list":["post-522","page","type-page","status-publish","hentry"],"post_mailing_queue_ids":[],"_links":{"self":[{"href":"https:\/\/agora.xtec.cat\/ceip-paucasals-gracia\/wp-json\/wp\/v2\/pages\/522","targetHints":{"allow":["GET"]}}],"collection":[{"href":"https:\/\/agora.xtec.cat\/ceip-paucasals-gracia\/wp-json\/wp\/v2\/pages"}],"about":[{"href":"https:\/\/agora.xtec.cat\/ceip-paucasals-gracia\/wp-json\/wp\/v2\/types\/page"}],"author":[{"embeddable":true,"href":"https:\/\/agora.xtec.cat\/ceip-paucasals-gracia\/wp-json\/wp\/v2\/users\/1"}],"replies":[{"embeddable":true,"href":"https:\/\/agora.xtec.cat\/ceip-paucasals-gracia\/wp-json\/wp\/v2\/comments?post=522"}],"version-history":[{"count":3,"href":"https:\/\/agora.xtec.cat\/ceip-paucasals-gracia\/wp-json\/wp\/v2\/pages\/522\/revisions"}],"predecessor-version":[{"id":982,"href":"https:\/\/agora.xtec.cat\/ceip-paucasals-gracia\/wp-json\/wp\/v2\/pages\/522\/revisions\/982"}],"up":[{"embeddable":true,"href":"https:\/\/agora.xtec.cat\/ceip-paucasals-gracia\/wp-json\/wp\/v2\/pages\/978"}],"wp:attachment":[{"href":"https:\/\/agora.xtec.cat\/ceip-paucasals-gracia\/wp-json\/wp\/v2\/media?parent=522"}],"curies":[{"name":"wp","href":"https:\/\/api.w.org\/{rel}","templated":true}]}}