{"id":26,"date":"2014-09-18T12:24:32","date_gmt":"2014-09-18T11:24:32","guid":{"rendered":"http:\/\/agora.xtec.cat\/ceip-paucasals-gracia\/?page_id=26"},"modified":"2024-10-21T12:12:22","modified_gmt":"2024-10-21T10:12:22","slug":"historia-2","status":"publish","type":"page","link":"https:\/\/agora.xtec.cat\/ceip-paucasals-gracia\/lescola\/historia-2\/","title":{"rendered":"Hist\u00f2ria"},"content":{"rendered":"<div dir=\"ltr\"><\/div>\n<div dir=\"ltr\">\n<div>\n<p>L&#8217;any 1975, \u00a0encara \u00a0en \u00e8poca \u00a0franquista, un equip de professionals de l&#8217; ensenyament creuen en la necessitat de crear una\u00a0escola catalana, laica, plural, on no s&#8217;exclogui ning\u00fa, sense afany de lucre i sempre per a educar a trav\u00e9s d&#8217;uns valors que estimulin el creixement personal i social de l\u2019alumnat.<\/p>\n<p>Aquest equip escull per a l&#8217;escola el nom d&#8217;una personalitat rellevant del nostre pa\u00eds, que feia poc que ens havia deixat:\u00a0&#8220;Pau Casals&#8221;. Era un gran m\u00fasic i compositor, aferrissat catal\u00e0, home de pau i defensor dels drets humans; per tot aix\u00f2 esdev\u00e9 un referent, un model, per a l&#8217;escola.<\/p>\n<p>Aix\u00ed \u00e9s que el setembre del mateix any, en el carrer Cardener, 45, del barri de Gr\u00e0cia, obrim les portes de l&#8217;Escola Pau Casals per acollir els nens i les nenes i, amb la participaci\u00f3 de llurs fam\u00edlies, posem fil a l&#8217;agulla, amb la il\u00b7lusi\u00f3 de treballar plegats i de valent per a tan bon fi.<\/p>\n<p style=\"text-align: center;\"><strong>Carrer Cardener<\/strong><\/p>\n<p>Pocs anys despr\u00e9s, decidim per consens, entre en Joan Carulla, propietari-fundador de l&#8217;escola, el claustre de mestres i pares i mares (AMPA) adherir-nos al\u00a0Col\u00b7lectiu d&#8217;Escoles per l&#8217;Escola P\u00fablica Catalana (CEPEPC).<\/p>\n<p>Es lluita perqu\u00e8 a Catalunya hi hagi una xarxa d&#8217;escola p\u00fablica catalana, gratu\u00efta i de qualitat, a la qual tots els nens i les nenes hi puguin optar. Creiem que \u00e9s un bon patrimoni pedag\u00f2gic per al nostre pa\u00eds. Hi creiem, hi negociem, s&#8217;aproven lleis i el primer de\u00a0novembre del 1987, l&#8217;Escola Pau Casals de Gr\u00e0cia s&#8217;integra dins la Xarxa d&#8217;Escoles P\u00fabliques Catalanes.<\/p>\n<p>Ben aviat acollim infants d&#8217;Educaci\u00f3 Infantil a l&#8217;edifici del Carrer d\u2019Argentona\u00a0i l&#8217;any 1996 estrenem un nou edifici al Carrer de la Provid\u00e8ncia, per a Educaci\u00f3 Infantil i Educaci\u00f3 Prim\u00e0ria, i any rere any es va incrementant l\u2019alumnat fins a arribar a completar la doble l\u00ednia.<\/p>\n<p>Avui, conscients que cal una constant millora, treballem per educar personalment i socialment cada un dels nostres nens i nenes.<img loading=\"lazy\" decoding=\"async\" class=\" wp-image-486 aligncenter\" src=\"http:\/\/agora.xtec.cat\/ceip-paucasals-gracia\/wp-content\/uploads\/usu1197\/2014\/09\/escola_historia_argentona_t.jpg\" alt=\"escola_historia_argentona_t\" width=\"294\" height=\"188\" \/><\/p>\n<p style=\"text-align: center;\"><strong>Carrer Argentona<\/strong><\/p>\n<p>Amb motiu del 25 aniversari de l\u2019escola es dugueren a terme, durant el curs 2000-2001, diversos actes.<\/p>\n<p>\u201cPau Casals,\u00a025 anys fent escola amb Gr\u00e0cia\u201d (1975-2000).<\/p>\n<p>Aquest va ser un projecte compartit de fam\u00edlies, mestres, personal no docent i alumnat despr\u00e9s de lluitar durant 25 anys per fer possible una escola catalana, laica i de qualitat amb gr\u00e0cia.<\/p>\n<p>La commemoraci\u00f3 dels 25 anys va esdevenir una forma de reflexi\u00f3 per tal de revisar la tasca feta. No sempre s\u2019ha tingut un vent favorable, per\u00f2 cadasc\u00fa des del nostre lloc i intentant unir les nostres forces podem estar-ne satisfets i aix\u00f2 ens esperona a millorar.<\/p>\n<p>Vam voler viure la nostra alegria amb tots els que hav\u00edeu participat en el projecte de les 25 fornades: institucions, fam\u00edlies, professorat, personal no docent, amistats i el barri. A tots vosaltres us volem agrair\u00a0el repte de \u201cfer escola\u201d i l\u2019entranyable amistat que ens uneix.<\/p>\n<p>Per aquest motiu, durant tot el curs escolar 2000-2001, va tocar fer festa grossa i se celebraren un seguit d\u2019activitats culturals i l\u00fadiques en les quals ens v\u00e0rem poder abra\u00e7ar i estr\u00e8nyer encara m\u00e9s els vincles.<\/p>\n<p>Amb tal motiu es dugu\u00e9 a terme la publicaci\u00f3 del llibre \u201cPau Casals, 25 anys fent escola amb Gr\u00e0cia\u201d, en el qual es va voler deixar const\u00e0ncia de tot aquest temps.<br \/>\nTot esmer\u00e7ant-nos, dia rere dia, desitgem que \u201cper molts anys\u201d puguem continuar fent aquesta aportaci\u00f3 a Gr\u00e0cia.<\/p>\n<\/div>\n<\/div>\n","protected":false},"excerpt":{"rendered":"<p>L&#8217;any 1975, \u00a0encara \u00a0en \u00e8poca \u00a0franquista, un equip de professionals de l&#8217; ensenyament creuen en la necessitat de crear una\u00a0escola catalana, laica, plural, on no s&#8217;exclogui ning\u00fa, sense afany de lucre i sempre per a educar a trav\u00e9s d&#8217;uns valors que estimulin el creixement personal&hellip;  <a href=\"https:\/\/agora.xtec.cat\/ceip-paucasals-gracia\/lescola\/historia-2\/\" title=\"Read Hist\u00f2ria\">Llegeix m\u00e9s\u00bb<\/a><\/p>\n","protected":false},"author":1,"featured_media":0,"parent":22,"menu_order":11,"comment_status":"closed","ping_status":"closed","template":"page-templates\/side-menu.php","meta":{"_bbp_topic_count":0,"_bbp_reply_count":0,"_bbp_total_topic_count":0,"_bbp_total_reply_count":0,"_bbp_voice_count":0,"_bbp_anonymous_reply_count":0,"_bbp_topic_count_hidden":0,"_bbp_reply_count_hidden":0,"_bbp_forum_subforum_count":0,"footnotes":""},"class_list":["post-26","page","type-page","status-publish","hentry"],"post_mailing_queue_ids":[],"_links":{"self":[{"href":"https:\/\/agora.xtec.cat\/ceip-paucasals-gracia\/wp-json\/wp\/v2\/pages\/26","targetHints":{"allow":["GET"]}}],"collection":[{"href":"https:\/\/agora.xtec.cat\/ceip-paucasals-gracia\/wp-json\/wp\/v2\/pages"}],"about":[{"href":"https:\/\/agora.xtec.cat\/ceip-paucasals-gracia\/wp-json\/wp\/v2\/types\/page"}],"author":[{"embeddable":true,"href":"https:\/\/agora.xtec.cat\/ceip-paucasals-gracia\/wp-json\/wp\/v2\/users\/1"}],"replies":[{"embeddable":true,"href":"https:\/\/agora.xtec.cat\/ceip-paucasals-gracia\/wp-json\/wp\/v2\/comments?post=26"}],"version-history":[{"count":5,"href":"https:\/\/agora.xtec.cat\/ceip-paucasals-gracia\/wp-json\/wp\/v2\/pages\/26\/revisions"}],"predecessor-version":[{"id":4282,"href":"https:\/\/agora.xtec.cat\/ceip-paucasals-gracia\/wp-json\/wp\/v2\/pages\/26\/revisions\/4282"}],"up":[{"embeddable":true,"href":"https:\/\/agora.xtec.cat\/ceip-paucasals-gracia\/wp-json\/wp\/v2\/pages\/22"}],"wp:attachment":[{"href":"https:\/\/agora.xtec.cat\/ceip-paucasals-gracia\/wp-json\/wp\/v2\/media?parent=26"}],"curies":[{"name":"wp","href":"https:\/\/api.w.org\/{rel}","templated":true}]}}