{"id":22,"date":"2014-09-18T12:19:57","date_gmt":"2014-09-18T11:19:57","guid":{"rendered":"http:\/\/agora.xtec.cat\/ceip-paucasals-gracia\/?page_id=22"},"modified":"2017-01-22T01:40:48","modified_gmt":"2017-01-22T00:40:48","slug":"lescola","status":"publish","type":"page","link":"https:\/\/agora.xtec.cat\/ceip-paucasals-gracia\/lescola\/","title":{"rendered":"L&#8217;escola"},"content":{"rendered":"<p>L\u2019Escola Pau Casals-Gr\u00e0cia pertany al districte de Gr\u00e0cia. \u00c9s una escola p\u00fablica de doble l\u00ednia que imparteix els nivells educatius d\u2019infantil i prim\u00e0ria. La titularitat \u00e9s del Departament d\u2019Ensenyament i est\u00e0 gestionada pel Consorci d\u2019Educaci\u00f3 de Barcelona.<\/p>\n","protected":false},"excerpt":{"rendered":"<p>L\u2019Escola Pau Casals-Gr\u00e0cia pertany al districte de Gr\u00e0cia. \u00c9s una escola p\u00fablica de doble l\u00ednia que imparteix els nivells educatius d\u2019infantil i prim\u00e0ria. La titularitat \u00e9s del Departament d\u2019Ensenyament i est\u00e0 gestionada pel Consorci d\u2019Educaci\u00f3 de Barcelona.<\/p>\n","protected":false},"author":1,"featured_media":0,"parent":0,"menu_order":0,"comment_status":"closed","ping_status":"closed","template":"page-templates\/side-menu.php","meta":{"_bbp_topic_count":0,"_bbp_reply_count":0,"_bbp_total_topic_count":0,"_bbp_total_reply_count":0,"_bbp_voice_count":0,"_bbp_anonymous_reply_count":0,"_bbp_topic_count_hidden":0,"_bbp_reply_count_hidden":0,"_bbp_forum_subforum_count":0,"footnotes":""},"class_list":["post-22","page","type-page","status-publish","hentry"],"post_mailing_queue_ids":[],"_links":{"self":[{"href":"https:\/\/agora.xtec.cat\/ceip-paucasals-gracia\/wp-json\/wp\/v2\/pages\/22","targetHints":{"allow":["GET"]}}],"collection":[{"href":"https:\/\/agora.xtec.cat\/ceip-paucasals-gracia\/wp-json\/wp\/v2\/pages"}],"about":[{"href":"https:\/\/agora.xtec.cat\/ceip-paucasals-gracia\/wp-json\/wp\/v2\/types\/page"}],"author":[{"embeddable":true,"href":"https:\/\/agora.xtec.cat\/ceip-paucasals-gracia\/wp-json\/wp\/v2\/users\/1"}],"replies":[{"embeddable":true,"href":"https:\/\/agora.xtec.cat\/ceip-paucasals-gracia\/wp-json\/wp\/v2\/comments?post=22"}],"version-history":[{"count":4,"href":"https:\/\/agora.xtec.cat\/ceip-paucasals-gracia\/wp-json\/wp\/v2\/pages\/22\/revisions"}],"predecessor-version":[{"id":1116,"href":"https:\/\/agora.xtec.cat\/ceip-paucasals-gracia\/wp-json\/wp\/v2\/pages\/22\/revisions\/1116"}],"wp:attachment":[{"href":"https:\/\/agora.xtec.cat\/ceip-paucasals-gracia\/wp-json\/wp\/v2\/media?parent=22"}],"curies":[{"name":"wp","href":"https:\/\/api.w.org\/{rel}","templated":true}]}}