{"id":1030,"date":"2017-01-14T23:07:49","date_gmt":"2017-01-14T22:07:49","guid":{"rendered":"http:\/\/agora.xtec.cat\/ceip-paucasals-gracia\/?page_id=1030"},"modified":"2024-11-04T22:44:12","modified_gmt":"2024-11-04T21:44:12","slug":"activitats-de-dinamitzacio","status":"publish","type":"page","link":"https:\/\/agora.xtec.cat\/ceip-paucasals-gracia\/projecte-educatiu\/biblioteca-eina-pedagogica\/activitats-de-dinamitzacio\/","title":{"rendered":"Activitats de dinamitzaci\u00f3"},"content":{"rendered":"<ul>\n<li><strong>BIBLIOMALETES TEMPORALS PROPOSADES <\/strong>pel Centre de Recursos (tem\u00e0tiques o de novetats): \u00a0EI i Prim\u00e0ria<\/li>\n<li><strong>MOTXILLA VIATGERA (La nostra Violoncina)<\/strong>: EI, CI i CM<\/li>\n<li><strong>\u201cXIM I XESCA\u201d<\/strong>: Prim\u00e0ria (motivaci\u00f3 i comprensi\u00f3 lectora) \u2013 r\u00e0nquing de lectura<\/li>\n<li><strong>VISITES A BIBLIOTEQUES P\u00daBLIQUES DEL BARRI<\/strong>:\n<ul>\n<li>I4: Merc\u00e8 Rodoreda<\/li>\n<li>I5: Vila de Gr\u00e0cia i llibreria Casa Anita<\/li>\n<li>1r: Jaume Fuster<\/li>\n<\/ul>\n<\/li>\n<\/ul>\n","protected":false},"excerpt":{"rendered":"<ul>\n<li>BIBLIOMALETES TEMPORALS PROPOSADES pel Centre de Recursos (tem\u00e0tiques o de novetats): \u00a0EI i Prim\u00e0ria<\/li>\n<li>MOTXILLA VIATGERA (La nostra Violoncina): EI, CI i CM<\/li>\n<li>\u201cXIM I XESCA\u201d: Prim\u00e0ria (motivaci\u00f3 i comprensi\u00f3 lectora) \u2013 r\u00e0nquing de lectura<\/li>\n<li>VISITES A BIBLIOTEQUES P\u00daBLIQUES DEL BARRI:\n<ul>\n<li>I4: Merc\u00e8 Rodoreda<\/li>\n<li>I5: Vila de Gr\u00e0cia i llibreria&hellip;  <a href=\"https:\/\/agora.xtec.cat\/ceip-paucasals-gracia\/projecte-educatiu\/biblioteca-eina-pedagogica\/activitats-de-dinamitzacio\/\" title=\"Read Activitats de dinamitzaci\u00f3\">Llegeix m\u00e9s\u00bb<\/a><br \/>\n","protected":false},"author":1,"featured_media":0,"parent":978,"menu_order":2,"comment_status":"closed","ping_status":"closed","template":"page-templates\/side-menu.php","meta":{"_bbp_topic_count":0,"_bbp_reply_count":0,"_bbp_total_topic_count":0,"_bbp_total_reply_count":0,"_bbp_voice_count":0,"_bbp_anonymous_reply_count":0,"_bbp_topic_count_hidden":0,"_bbp_reply_count_hidden":0,"_bbp_forum_subforum_count":0,"footnotes":""},"class_list":["post-1030","page","type-page","status-publish","hentry"],"post_mailing_queue_ids":[],"_links":{"self":[{"href":"https:\/\/agora.xtec.cat\/ceip-paucasals-gracia\/wp-json\/wp\/v2\/pages\/1030","targetHints":{"allow":["GET"]}}],"collection":[{"href":"https:\/\/agora.xtec.cat\/ceip-paucasals-gracia\/wp-json\/wp\/v2\/pages"}],"about":[{"href":"https:\/\/agora.xtec.cat\/ceip-paucasals-gracia\/wp-json\/wp\/v2\/types\/page"}],"author":[{"embeddable":true,"href":"https:\/\/agora.xtec.cat\/ceip-paucasals-gracia\/wp-json\/wp\/v2\/users\/1"}],"replies":[{"embeddable":true,"href":"https:\/\/agora.xtec.cat\/ceip-paucasals-gracia\/wp-json\/wp\/v2\/comments?post=1030"}],"version-history":[{"count":3,"href":"https:\/\/agora.xtec.cat\/ceip-paucasals-gracia\/wp-json\/wp\/v2\/pages\/1030\/revisions"}],"predecessor-version":[{"id":4311,"href":"https:\/\/agora.xtec.cat\/ceip-paucasals-gracia\/wp-json\/wp\/v2\/pages\/1030\/revisions\/4311"}],"up":[{"embeddable":true,"href":"https:\/\/agora.xtec.cat\/ceip-paucasals-gracia\/wp-json\/wp\/v2\/pages\/978"}],"wp:attachment":[{"href":"https:\/\/agora.xtec.cat\/ceip-paucasals-gracia\/wp-json\/wp\/v2\/media?parent=1030"}],"curies":[{"name":"wp","href":"https:\/\/api.w.org\/{rel}","templated":true}]}}