{"id":73,"date":"2014-09-18T14:01:51","date_gmt":"2014-09-18T13:01:51","guid":{"rendered":"http:\/\/agora.xtec.cat\/ceip-pau-casals-montmelo\/?page_id=73"},"modified":"2025-07-21T13:36:51","modified_gmt":"2025-07-21T11:36:51","slug":"menjador-escolar","status":"publish","type":"page","link":"https:\/\/agora.xtec.cat\/ceip-pau-casals-montmelo\/serveis\/menjador-escolar\/","title":{"rendered":"Menjador escolar"},"content":{"rendered":"<p><img loading=\"lazy\" decoding=\"async\" class=\"wp-image-488 alignleft\" src=\"https:\/\/agora.xtec.cat\/ceip-pau-casals-montmelo\/wp-content\/uploads\/usu1102\/2014\/09\/casals-taller-cuina-APA.jpg\" alt=\"\" width=\"179\" height=\"209\" srcset=\"https:\/\/agora.xtec.cat\/ceip-pau-casals-montmelo\/wp-content\/uploads\/usu1102\/2014\/09\/casals-taller-cuina-APA.jpg 600w, https:\/\/agora.xtec.cat\/ceip-pau-casals-montmelo\/wp-content\/uploads\/usu1102\/2014\/09\/casals-taller-cuina-APA-257x300.jpg 257w\" sizes=\"auto, (max-width: 179px) 100vw, 179px\" \/><\/p>\n<p>El servei de menjador de l&#8217;escola \u00e9s compet\u00e8ncia del Consell Comarcal del Vall\u00e8s Oriental.<\/p>\n<table style=\"border-collapse: collapse; width: 42.2034%;\">\n<tbody>\n<tr>\n<td style=\"width: 100%;\"><a href=\"https:\/\/drive.google.com\/file\/d\/1bDiumAkXxPQV7V2A3FmApOdk2f_kQ5Ls\/view?usp=sharing\"><strong style=\"font-size: 16px;\">NORMATIVA DEL SERVEI.\u00a0 Curs 25-26<\/strong><\/a><\/td>\n<\/tr>\n<\/tbody>\n<\/table>\n<p>&nbsp;<\/p>\n<p>&nbsp;<\/p>\n<p>&nbsp;<\/p>\n<p>L&#8217;empresa que ofereix aquest servei \u00e9s<a href=\"https:\/\/tresmes.com\/\" target=\"_blank\" rel=\"noopener noreferrer\"> TRESMES ECOACTIVA<\/a>.\u00a0 \u00a0 Cal inscriure&#8217;s el m\u00e9s aviat possible a la web de Tresmes.\u00a0 Instruccions per a fer la <strong>inscripci\u00f3 al servei <a href=\"https:\/\/drive.google.com\/file\/d\/146aN5NTnSTrzjVjh_HfSXSIuvIGIRY5Z\/view?usp=sharing\">aqu\u00ed.<\/a><\/strong><\/p>\n<p>Els men\u00fas mensuals (general, proposta de sopars i espec\u00edfics) els trobareu la l&#8217;apartat &#8220;<strong>men\u00fas<\/strong>&#8221; de la web de TRESMES.<\/p>\n<table>\n<tbody>\n<tr>\n<td>Per qualsevol dubte us podeu adre\u00e7ar a:<\/p>\n<p><strong>Irene (coordinadora)<\/strong> 661 58 72 76\u00a0 \u00a0 (de 8:30 a 9:30, preferiblement via whatsapp)<\/td>\n<\/tr>\n<\/tbody>\n<\/table>\n<p><a href=\"http:\/\/agora.xtec.cat\/ceip-pau-casals-montmelo\/wp-content\/uploads\/usu1102\/2014\/09\/casals-taller-cuina-APA.jpg\">\u00a0<\/a><\/p>\n","protected":false},"excerpt":{"rendered":"<p>El servei de menjador de l&#8217;escola \u00e9s compet\u00e8ncia del Consell Comarcal del Vall\u00e8s Oriental. NORMATIVA DEL SERVEI.\u00a0 Curs 25-26 &nbsp; &nbsp; &nbsp; L&#8217;empresa que ofereix aquest servei \u00e9s TRESMES ECOACTIVA.\u00a0 \u00a0 Cal inscriure&#8217;s el m\u00e9s aviat possible a la web de Tresmes.\u00a0 Instruccions per a fer la inscripci\u00f3 al servei aqu\u00ed. Els men\u00fas mensuals (general, [&hellip;]<\/p>\n","protected":false},"author":1,"featured_media":0,"parent":66,"menu_order":30,"comment_status":"closed","ping_status":"closed","template":"page-templates\/side-menu.php","meta":{"_bbp_topic_count":0,"_bbp_reply_count":0,"_bbp_total_topic_count":0,"_bbp_total_reply_count":0,"_bbp_voice_count":0,"_bbp_anonymous_reply_count":0,"_bbp_topic_count_hidden":0,"_bbp_reply_count_hidden":0,"_bbp_forum_subforum_count":0,"site-sidebar-layout":"default","site-content-layout":"","ast-site-content-layout":"","site-content-style":"default","site-sidebar-style":"default","ast-global-header-display":"","ast-banner-title-visibility":"","ast-main-header-display":"","ast-hfb-above-header-display":"","ast-hfb-below-header-display":"","ast-hfb-mobile-header-display":"","site-post-title":"","ast-breadcrumbs-content":"","ast-featured-img":"","footer-sml-layout":"","theme-transparent-header-meta":"","adv-header-id-meta":"","stick-header-meta":"","header-above-stick-meta":"","header-main-stick-meta":"","header-below-stick-meta":"","astra-migrate-meta-layouts":"default","ast-page-background-enabled":"default","ast-page-background-meta":{"desktop":{"background-color":"var(--ast-global-color-4)","background-image":"","background-repeat":"repeat","background-position":"center center","background-size":"auto","background-attachment":"scroll","background-type":"","background-media":"","overlay-type":"","overlay-color":"","overlay-opacity":"","overlay-gradient":""},"tablet":{"background-color":"","background-image":"","background-repeat":"repeat","background-position":"center center","background-size":"auto","background-attachment":"scroll","background-type":"","background-media":"","overlay-type":"","overlay-color":"","overlay-opacity":"","overlay-gradient":""},"mobile":{"background-color":"","background-image":"","background-repeat":"repeat","background-position":"center center","background-size":"auto","background-attachment":"scroll","background-type":"","background-media":"","overlay-type":"","overlay-color":"","overlay-opacity":"","overlay-gradient":""}},"ast-content-background-meta":{"desktop":{"background-color":"var(--ast-global-color-5)","background-image":"","background-repeat":"repeat","background-position":"center center","background-size":"auto","background-attachment":"scroll","background-type":"","background-media":"","overlay-type":"","overlay-color":"","overlay-opacity":"","overlay-gradient":""},"tablet":{"background-color":"var(--ast-global-color-5)","background-image":"","background-repeat":"repeat","background-position":"center center","background-size":"auto","background-attachment":"scroll","background-type":"","background-media":"","overlay-type":"","overlay-color":"","overlay-opacity":"","overlay-gradient":""},"mobile":{"background-color":"var(--ast-global-color-5)","background-image":"","background-repeat":"repeat","background-position":"center center","background-size":"auto","background-attachment":"scroll","background-type":"","background-media":"","overlay-type":"","overlay-color":"","overlay-opacity":"","overlay-gradient":""}},"footnotes":""},"class_list":["post-73","page","type-page","status-publish","hentry"],"post_mailing_queue_ids":[],"_links":{"self":[{"href":"https:\/\/agora.xtec.cat\/ceip-pau-casals-montmelo\/wp-json\/wp\/v2\/pages\/73","targetHints":{"allow":["GET"]}}],"collection":[{"href":"https:\/\/agora.xtec.cat\/ceip-pau-casals-montmelo\/wp-json\/wp\/v2\/pages"}],"about":[{"href":"https:\/\/agora.xtec.cat\/ceip-pau-casals-montmelo\/wp-json\/wp\/v2\/types\/page"}],"author":[{"embeddable":true,"href":"https:\/\/agora.xtec.cat\/ceip-pau-casals-montmelo\/wp-json\/wp\/v2\/users\/1"}],"replies":[{"embeddable":true,"href":"https:\/\/agora.xtec.cat\/ceip-pau-casals-montmelo\/wp-json\/wp\/v2\/comments?post=73"}],"version-history":[{"count":7,"href":"https:\/\/agora.xtec.cat\/ceip-pau-casals-montmelo\/wp-json\/wp\/v2\/pages\/73\/revisions"}],"predecessor-version":[{"id":22415,"href":"https:\/\/agora.xtec.cat\/ceip-pau-casals-montmelo\/wp-json\/wp\/v2\/pages\/73\/revisions\/22415"}],"up":[{"embeddable":true,"href":"https:\/\/agora.xtec.cat\/ceip-pau-casals-montmelo\/wp-json\/wp\/v2\/pages\/66"}],"wp:attachment":[{"href":"https:\/\/agora.xtec.cat\/ceip-pau-casals-montmelo\/wp-json\/wp\/v2\/media?parent=73"}],"curies":[{"name":"wp","href":"https:\/\/api.w.org\/{rel}","templated":true}]}}