{"id":64,"date":"2014-09-18T12:39:08","date_gmt":"2014-09-18T11:39:08","guid":{"rendered":"http:\/\/agora.xtec.cat\/ceip-pau-casals-montmelo\/?page_id=64"},"modified":"2023-06-12T12:34:37","modified_gmt":"2023-06-12T10:34:37","slug":"projecte-educatiu","status":"publish","type":"page","link":"https:\/\/agora.xtec.cat\/ceip-pau-casals-montmelo\/projecte-educatiu\/","title":{"rendered":"Projecte educatiu"},"content":{"rendered":"<p><a href=\"https:\/\/agora.xtec.cat\/ceip-pau-casals-montmelo\/projecte-educatiu\/documents-de-referencia\/\"><strong>ACC\u00c9S ALS DOCUMENTS DE REFER\u00c8NCIA<\/strong><\/a><\/p>\n<p style=\"text-align: justify;\"><strong>Volem formar persones aut\u00f2nomes i competents<\/strong>. \u00a0Entenem l&#8217;educaci\u00f3 com un <strong>proc\u00e9s<\/strong> <strong>integral<\/strong>, considerant les diferents dimensions de la personalitat de l&#8217;alumnat,\u00a0admetent i respectant la diversitat dels ritmes evolutius i les capacitats intel\u00b7lectuals.<\/p>\n<p style=\"text-align: justify;\">Partim de la teoria d&#8217;<strong>aprenentatge constructivista, <\/strong>basat en\u00a0el<strong> paper actiu de l&#8217;infant<\/strong>\u00a0com a constructor dels seus aprenentatges<strong>.\u00a0 <\/strong>Sempre que \u00e9s possible, \u00e9s t\u00e9 en compte l&#8217;entorn proper, participant i\/o potenciant <strong>activitats amb les diferents entitats<\/strong> del poble.\u00a0 Creiem en la necess\u00e0ria contribuci\u00f3 de tots (fam\u00edlies i escola) per al millor desenvolupament de l&#8217;alumnat, i aix\u00ed queda plasmat, per exemple, en la <a href=\"https:\/\/docs.google.com\/document\/d\/19oUq1-r-qVW_0OxdnBcLesCjfWRfRNtq\/edit?usp=sharing&amp;ouid=111283515934721357248&amp;rtpof=true&amp;sd=true\">carta de comprom\u00eds educatiu.<\/a><\/p>\n<p style=\"text-align: justify;\">A l&#8217;escola duem a terme\u00a0diferents projectes (<strong>cliqueu a sobre del t\u00edtol per saber-ne m\u00e9s<\/strong>):<\/p>\n<table style=\"height: 556px;\" width=\"596\">\n<tbody>\n<tr>\n<td><img loading=\"lazy\" decoding=\"async\" class=\"aligncenter wp-image-16155\" src=\"https:\/\/agora.xtec.cat\/ceip-pau-casals-montmelo\/wp-content\/uploads\/usu1102\/2020\/03\/88.jpg\" alt=\"\" width=\"147\" height=\"110\" srcset=\"https:\/\/agora.xtec.cat\/ceip-pau-casals-montmelo\/wp-content\/uploads\/usu1102\/2020\/03\/88.jpg 800w, https:\/\/agora.xtec.cat\/ceip-pau-casals-montmelo\/wp-content\/uploads\/usu1102\/2020\/03\/88-300x225.jpg 300w, https:\/\/agora.xtec.cat\/ceip-pau-casals-montmelo\/wp-content\/uploads\/usu1102\/2020\/03\/88-768x576.jpg 768w, https:\/\/agora.xtec.cat\/ceip-pau-casals-montmelo\/wp-content\/uploads\/usu1102\/2020\/03\/88-200x150.jpg 200w\" sizes=\"auto, (max-width: 147px) 100vw, 147px\" \/><\/td>\n<td>\n<h4><a href=\"https:\/\/agora.xtec.cat\/ceip-pau-casals-montmelo\/projecte-educatiu\/accio-tutorial\/\" target=\"_blank\" rel=\"noopener noreferrer\">PROJECTE D&#8217;ACCI\u00d3 TUTORIAL<\/a><\/h4>\n<\/td>\n<\/tr>\n<tr>\n<td><img loading=\"lazy\" decoding=\"async\" class=\"wp-image-573 aligncenter\" src=\"http:\/\/agora.xtec.cat\/ceip-pau-casals-montmelo\/wp-content\/uploads\/usu1102\/2014\/09\/escola-verda-logo.jpg\" alt=\"escola verda logo\" width=\"102\" height=\"104\" \/><\/td>\n<td>\n<h4><a href=\"https:\/\/agora.xtec.cat\/ceip-pau-casals-montmelo\/projecte-educatiu\/escola-verda\/\" target=\"_blank\" rel=\"noopener noreferrer\">ESCOLA VERDA<\/a><\/h4>\n<\/td>\n<\/tr>\n<tr>\n<td><img loading=\"lazy\" decoding=\"async\" class=\"wp-image-583 aligncenter\" src=\"http:\/\/agora.xtec.cat\/ceip-pau-casals-montmelo\/wp-content\/uploads\/usu1102\/2014\/09\/tauletes2-p3.jpg\" alt=\"tauletes2 p3\" width=\"185\" height=\"80\" srcset=\"https:\/\/agora.xtec.cat\/ceip-pau-casals-montmelo\/wp-content\/uploads\/usu1102\/2014\/09\/tauletes2-p3.jpg 962w, https:\/\/agora.xtec.cat\/ceip-pau-casals-montmelo\/wp-content\/uploads\/usu1102\/2014\/09\/tauletes2-p3-300x130.jpg 300w\" sizes=\"auto, (max-width: 185px) 100vw, 185px\" \/><\/td>\n<td>\n<h4><a href=\"http:\/\/agora.xtec.cat\/ceip-pau-casals-montmelo\/projecte-educatiu\/pla-tac-tecnologies\/\" target=\"_blank\" rel=\"noopener noreferrer\">NOVES TECNOLOGIES: Projecte d&#8217;innovaci\u00f3<\/a><\/h4>\n<\/td>\n<\/tr>\n<tr>\n<td><img loading=\"lazy\" decoding=\"async\" class=\"wp-image-604 aligncenter\" src=\"http:\/\/agora.xtec.cat\/ceip-pau-casals-montmelo\/wp-content\/uploads\/usu1102\/2014\/09\/mediateca.jpg\" alt=\"mediateca\" width=\"194\" height=\"109\" srcset=\"https:\/\/agora.xtec.cat\/ceip-pau-casals-montmelo\/wp-content\/uploads\/usu1102\/2014\/09\/mediateca.jpg 752w, https:\/\/agora.xtec.cat\/ceip-pau-casals-montmelo\/wp-content\/uploads\/usu1102\/2014\/09\/mediateca-300x168.jpg 300w\" sizes=\"auto, (max-width: 194px) 100vw, 194px\" \/><\/td>\n<td>\n<h4><strong><a href=\"http:\/\/agora.xtec.cat\/ceip-pau-casals-montmelo\/projecte-educatiu\/gust-per-la-lectura\/\" target=\"_blank\" rel=\"noopener noreferrer\">GUST PER LA LECTURA<\/a><\/strong><\/h4>\n<\/td>\n<\/tr>\n<tr>\n<td>\u00a0<a href=\"http:\/\/agora.xtec.cat\/ceip-pau-casals-montmelo\/wp-content\/uploads\/usu1102\/2016\/05\/racons2.jpg\"><img loading=\"lazy\" decoding=\"async\" class=\"wp-image-626 aligncenter\" src=\"http:\/\/agora.xtec.cat\/ceip-pau-casals-montmelo\/wp-content\/uploads\/usu1102\/2016\/05\/racons2.jpg\" alt=\"racons2\" width=\"157\" height=\"106\" srcset=\"https:\/\/agora.xtec.cat\/ceip-pau-casals-montmelo\/wp-content\/uploads\/usu1102\/2016\/05\/racons2.jpg 953w, https:\/\/agora.xtec.cat\/ceip-pau-casals-montmelo\/wp-content\/uploads\/usu1102\/2016\/05\/racons2-300x200.jpg 300w\" sizes=\"auto, (max-width: 157px) 100vw, 157px\" \/><\/a><\/td>\n<td>\n<h4><a href=\"http:\/\/agora.xtec.cat\/ceip-pau-casals-montmelo\/projecte-educatiu\/area-de-llengues\/\" target=\"_blank\" rel=\"noopener noreferrer\">\u00c0REA\u00a0DE LLENG\u00dcES<\/a><\/h4>\n<\/td>\n<\/tr>\n<tr>\n<td><img loading=\"lazy\" decoding=\"async\" class=\"aligncenter wp-image-16139\" src=\"https:\/\/agora.xtec.cat\/ceip-pau-casals-montmelo\/wp-content\/uploads\/usu1102\/2020\/03\/IMG_20200312_104123.jpg\" alt=\"\" width=\"148\" height=\"111\" srcset=\"https:\/\/agora.xtec.cat\/ceip-pau-casals-montmelo\/wp-content\/uploads\/usu1102\/2020\/03\/IMG_20200312_104123.jpg 640w, https:\/\/agora.xtec.cat\/ceip-pau-casals-montmelo\/wp-content\/uploads\/usu1102\/2020\/03\/IMG_20200312_104123-300x225.jpg 300w, https:\/\/agora.xtec.cat\/ceip-pau-casals-montmelo\/wp-content\/uploads\/usu1102\/2020\/03\/IMG_20200312_104123-200x150.jpg 200w\" sizes=\"auto, (max-width: 148px) 100vw, 148px\" \/><\/td>\n<td>\n<h4><a href=\"https:\/\/agora.xtec.cat\/ceip-pau-casals-montmelo\/projecte-educatiu\/matematiques\/\" target=\"_blank\" rel=\"noopener noreferrer\">MATEM\u00c0TIQUES<\/a><\/h4>\n<\/td>\n<\/tr>\n<tr>\n<td>\u00a0<a href=\"http:\/\/agora.xtec.cat\/ceip-pau-casals-montmelo\/wp-content\/uploads\/usu1102\/2016\/05\/visita.jpg\"><img loading=\"lazy\" decoding=\"async\" class=\"wp-image-627 aligncenter\" src=\"http:\/\/agora.xtec.cat\/ceip-pau-casals-montmelo\/wp-content\/uploads\/usu1102\/2016\/05\/visita-768x1024.jpg\" alt=\"visita\" width=\"95\" height=\"127\" srcset=\"https:\/\/agora.xtec.cat\/ceip-pau-casals-montmelo\/wp-content\/uploads\/usu1102\/2016\/05\/visita-768x1024.jpg 768w, https:\/\/agora.xtec.cat\/ceip-pau-casals-montmelo\/wp-content\/uploads\/usu1102\/2016\/05\/visita-225x300.jpg 225w, https:\/\/agora.xtec.cat\/ceip-pau-casals-montmelo\/wp-content\/uploads\/usu1102\/2016\/05\/visita.jpg 1024w\" sizes=\"auto, (max-width: 95px) 100vw, 95px\" \/><\/a><\/td>\n<td>\n<h4>\u00a0<a href=\"http:\/\/agora.xtec.cat\/ceip-pau-casals-montmelo\/projecte-educatiu\/relacions-amb-lentorn\/\" target=\"_blank\" rel=\"noopener noreferrer\">RELACIONS AMB L&#8217;ENTORN<\/a><\/h4>\n<\/td>\n<\/tr>\n<tr>\n<td><img loading=\"lazy\" decoding=\"async\" class=\"aligncenter wp-image-16163\" src=\"https:\/\/agora.xtec.cat\/ceip-pau-casals-montmelo\/wp-content\/uploads\/usu1102\/2020\/03\/AMPA.png\" alt=\"\" width=\"196\" height=\"119\" srcset=\"https:\/\/agora.xtec.cat\/ceip-pau-casals-montmelo\/wp-content\/uploads\/usu1102\/2020\/03\/AMPA.png 800w, https:\/\/agora.xtec.cat\/ceip-pau-casals-montmelo\/wp-content\/uploads\/usu1102\/2020\/03\/AMPA-300x182.png 300w, https:\/\/agora.xtec.cat\/ceip-pau-casals-montmelo\/wp-content\/uploads\/usu1102\/2020\/03\/AMPA-768x465.png 768w\" sizes=\"auto, (max-width: 196px) 100vw, 196px\" \/><\/td>\n<td>\n<h4><a href=\"https:\/\/agora.xtec.cat\/ceip-pau-casals-montmelo\/projecte-educatiu\/participacio-de-les-families\/\" target=\"_blank\" rel=\"noopener noreferrer\">PARTICIPACI\u00d3 DE LES FAM\u00cdLIES<\/a><\/h4>\n<\/td>\n<\/tr>\n<\/tbody>\n<\/table>\n<p>&nbsp;<\/p>\n<p>&nbsp;<\/p>\n","protected":false},"excerpt":{"rendered":"<p>ACC\u00c9S ALS DOCUMENTS DE REFER\u00c8NCIA Volem formar persones aut\u00f2nomes i competents. \u00a0Entenem l&#8217;educaci\u00f3 com un proc\u00e9s integral, considerant les diferents dimensions de la personalitat de l&#8217;alumnat,\u00a0admetent i respectant la diversitat dels ritmes evolutius i les capacitats intel\u00b7lectuals. Partim de la teoria d&#8217;aprenentatge constructivista, basat en\u00a0el paper actiu de l&#8217;infant\u00a0com a constructor dels seus aprenentatges.\u00a0 Sempre [&hellip;]<\/p>\n","protected":false},"author":1,"featured_media":0,"parent":0,"menu_order":0,"comment_status":"closed","ping_status":"closed","template":"page-templates\/side-menu.php","meta":{"_bbp_topic_count":0,"_bbp_reply_count":0,"_bbp_total_topic_count":0,"_bbp_total_reply_count":0,"_bbp_voice_count":0,"_bbp_anonymous_reply_count":0,"_bbp_topic_count_hidden":0,"_bbp_reply_count_hidden":0,"_bbp_forum_subforum_count":0,"site-sidebar-layout":"default","site-content-layout":"","ast-site-content-layout":"","site-content-style":"default","site-sidebar-style":"default","ast-global-header-display":"","ast-banner-title-visibility":"","ast-main-header-display":"","ast-hfb-above-header-display":"","ast-hfb-below-header-display":"","ast-hfb-mobile-header-display":"","site-post-title":"","ast-breadcrumbs-content":"","ast-featured-img":"","footer-sml-layout":"","theme-transparent-header-meta":"","adv-header-id-meta":"","stick-header-meta":"","header-above-stick-meta":"","header-main-stick-meta":"","header-below-stick-meta":"","astra-migrate-meta-layouts":"default","ast-page-background-enabled":"default","ast-page-background-meta":{"desktop":{"background-color":"var(--ast-global-color-4)","background-image":"","background-repeat":"repeat","background-position":"center center","background-size":"auto","background-attachment":"scroll","background-type":"","background-media":"","overlay-type":"","overlay-color":"","overlay-opacity":"","overlay-gradient":""},"tablet":{"background-color":"","background-image":"","background-repeat":"repeat","background-position":"center center","background-size":"auto","background-attachment":"scroll","background-type":"","background-media":"","overlay-type":"","overlay-color":"","overlay-opacity":"","overlay-gradient":""},"mobile":{"background-color":"","background-image":"","background-repeat":"repeat","background-position":"center center","background-size":"auto","background-attachment":"scroll","background-type":"","background-media":"","overlay-type":"","overlay-color":"","overlay-opacity":"","overlay-gradient":""}},"ast-content-background-meta":{"desktop":{"background-color":"var(--ast-global-color-5)","background-image":"","background-repeat":"repeat","background-position":"center center","background-size":"auto","background-attachment":"scroll","background-type":"","background-media":"","overlay-type":"","overlay-color":"","overlay-opacity":"","overlay-gradient":""},"tablet":{"background-color":"var(--ast-global-color-5)","background-image":"","background-repeat":"repeat","background-position":"center center","background-size":"auto","background-attachment":"scroll","background-type":"","background-media":"","overlay-type":"","overlay-color":"","overlay-opacity":"","overlay-gradient":""},"mobile":{"background-color":"var(--ast-global-color-5)","background-image":"","background-repeat":"repeat","background-position":"center center","background-size":"auto","background-attachment":"scroll","background-type":"","background-media":"","overlay-type":"","overlay-color":"","overlay-opacity":"","overlay-gradient":""}},"footnotes":""},"class_list":["post-64","page","type-page","status-publish","hentry"],"post_mailing_queue_ids":[],"_links":{"self":[{"href":"https:\/\/agora.xtec.cat\/ceip-pau-casals-montmelo\/wp-json\/wp\/v2\/pages\/64","targetHints":{"allow":["GET"]}}],"collection":[{"href":"https:\/\/agora.xtec.cat\/ceip-pau-casals-montmelo\/wp-json\/wp\/v2\/pages"}],"about":[{"href":"https:\/\/agora.xtec.cat\/ceip-pau-casals-montmelo\/wp-json\/wp\/v2\/types\/page"}],"author":[{"embeddable":true,"href":"https:\/\/agora.xtec.cat\/ceip-pau-casals-montmelo\/wp-json\/wp\/v2\/users\/1"}],"replies":[{"embeddable":true,"href":"https:\/\/agora.xtec.cat\/ceip-pau-casals-montmelo\/wp-json\/wp\/v2\/comments?post=64"}],"version-history":[{"count":4,"href":"https:\/\/agora.xtec.cat\/ceip-pau-casals-montmelo\/wp-json\/wp\/v2\/pages\/64\/revisions"}],"predecessor-version":[{"id":21244,"href":"https:\/\/agora.xtec.cat\/ceip-pau-casals-montmelo\/wp-json\/wp\/v2\/pages\/64\/revisions\/21244"}],"wp:attachment":[{"href":"https:\/\/agora.xtec.cat\/ceip-pau-casals-montmelo\/wp-json\/wp\/v2\/media?parent=64"}],"curies":[{"name":"wp","href":"https:\/\/api.w.org\/{rel}","templated":true}]}}