{"id":606,"date":"2016-05-25T13:10:23","date_gmt":"2016-05-25T12:10:23","guid":{"rendered":"http:\/\/agora.xtec.cat\/ceip-pau-casals-montmelo\/?page_id=606"},"modified":"2023-10-25T09:38:26","modified_gmt":"2023-10-25T07:38:26","slug":"area-de-llengues","status":"publish","type":"page","link":"https:\/\/agora.xtec.cat\/ceip-pau-casals-montmelo\/projecte-educatiu\/area-de-llengues\/","title":{"rendered":"\u00c0rea de lleng\u00fces"},"content":{"rendered":"<p style=\"text-align: justify;\">L\u2019escola ha treballat aquests darrers anys en implementar una <strong>metodologia activa<\/strong> per a l\u2019aprenentatge de les lleng\u00fces: catal\u00e0, castell\u00e0 i angl\u00e8s.<\/p>\n<p style=\"text-align: justify;\"><a href=\"http:\/\/agora.xtec.cat\/ceip-pau-casals-montmelo\/wp-content\/uploads\/usu1102\/2016\/05\/racons2.jpg\"><img loading=\"lazy\" decoding=\"async\" class=\"alignnone size-full wp-image-626\" src=\"http:\/\/agora.xtec.cat\/ceip-pau-casals-montmelo\/wp-content\/uploads\/usu1102\/2016\/05\/racons2.jpg\" alt=\"racons2\" width=\"953\" height=\"635\" srcset=\"https:\/\/agora.xtec.cat\/ceip-pau-casals-montmelo\/wp-content\/uploads\/usu1102\/2016\/05\/racons2.jpg 953w, https:\/\/agora.xtec.cat\/ceip-pau-casals-montmelo\/wp-content\/uploads\/usu1102\/2016\/05\/racons2-300x200.jpg 300w\" sizes=\"auto, (max-width: 953px) 100vw, 953px\" \/><\/a><\/p>\n<p style=\"text-align: justify;\">S\u2019han deixat d\u2019utilitzar progressivament els llibres de text i estem treballant amb <strong>materials propis<\/strong>, atractius i motivadors per a l\u2019alumnat i adaptats a les seves necessitats. Tots els grups tenen una hora de desdoblament a la setmana de catal\u00e0 on es treballa espec\u00edficament l\u2019escriptura de diferents tipologies textuals.\u00a0 Tamb\u00e9 es fa treball per racons, on es practiquen i s&#8217;assimilen aspectes d&#8217;ortografia, l\u00e8xic&#8230;<\/p>\n<p style=\"text-align: justify;\"><a href=\"http:\/\/agora.xtec.cat\/ceip-pau-casals-montmelo\/wp-content\/uploads\/usu1102\/2016\/05\/racons1.jpg\"><img loading=\"lazy\" decoding=\"async\" class=\"alignnone size-large wp-image-625\" src=\"http:\/\/agora.xtec.cat\/ceip-pau-casals-montmelo\/wp-content\/uploads\/usu1102\/2016\/05\/racons1-1024x648.jpg\" alt=\"racons1\" width=\"1024\" height=\"648\" srcset=\"https:\/\/agora.xtec.cat\/ceip-pau-casals-montmelo\/wp-content\/uploads\/usu1102\/2016\/05\/racons1.jpg 1024w, https:\/\/agora.xtec.cat\/ceip-pau-casals-montmelo\/wp-content\/uploads\/usu1102\/2016\/05\/racons1-300x190.jpg 300w\" sizes=\"auto, (max-width: 1024px) 100vw, 1024px\" \/><\/a><strong><a href=\"http:\/\/agora.xtec.cat\/ceip-pau-casals-montmelo\/wp-content\/uploads\/usu1102\/2016\/05\/angles1.jpg\"><img loading=\"lazy\" decoding=\"async\" class=\"alignnone size-large wp-image-623\" src=\"http:\/\/agora.xtec.cat\/ceip-pau-casals-montmelo\/wp-content\/uploads\/usu1102\/2016\/05\/angles1-1024x574.jpg\" alt=\"angles1\" width=\"1024\" height=\"574\" srcset=\"https:\/\/agora.xtec.cat\/ceip-pau-casals-montmelo\/wp-content\/uploads\/usu1102\/2016\/05\/angles1.jpg 1024w, https:\/\/agora.xtec.cat\/ceip-pau-casals-montmelo\/wp-content\/uploads\/usu1102\/2016\/05\/angles1-300x168.jpg 300w\" sizes=\"auto, (max-width: 1024px) 100vw, 1024px\" \/><\/a><\/strong><\/p>\n<p style=\"text-align: justify;\">L&#8217;alumnat s&#8217;introdueix progressivament en l&#8217;aprenentatge de les diferents lleng\u00fces, tenint en compte les caracter\u00edstiques evolutives dels infants, prioritzant el treball en grups i desdoblament, i les activitats significatives on la llengua \u00e9s instrument de comunicaci\u00f3:<\/p>\n<p style=\"text-align: justify;\">I-3 i I-4: immersi\u00f3 ling\u00fc\u00edstica en catal\u00e0.<\/p>\n<p style=\"text-align: justify;\">I-5: introducci\u00f3 de l&#8217;angl\u00e8s.<\/p>\n<p style=\"text-align: justify;\">1r: introducci\u00f3 del castell\u00e0.<\/p>\n<p style=\"text-align: justify;\">La introducci\u00f3 progressiva de les diferents lleng\u00fces ens permet consolidar-les millor, i l&#8217;efectivitat d&#8217;aquest m\u00e8tode ve avalada pels <strong>bons resultats<\/strong> que obtenen els nostres alumnes en les proves de compet\u00e8ncies b\u00e0siques respecte a la mitjana de Catalunya, especialment en llengua anglesa.<\/p>\n<p><img loading=\"lazy\" decoding=\"async\" class=\"aligncenter size-full wp-image-16135\" src=\"https:\/\/agora.xtec.cat\/ceip-pau-casals-montmelo\/wp-content\/uploads\/usu1102\/2020\/03\/IMG-20200312-WA0021.jpg\" alt=\"\" width=\"1600\" height=\"1200\" srcset=\"https:\/\/agora.xtec.cat\/ceip-pau-casals-montmelo\/wp-content\/uploads\/usu1102\/2020\/03\/IMG-20200312-WA0021.jpg 1600w, https:\/\/agora.xtec.cat\/ceip-pau-casals-montmelo\/wp-content\/uploads\/usu1102\/2020\/03\/IMG-20200312-WA0021-300x225.jpg 300w, https:\/\/agora.xtec.cat\/ceip-pau-casals-montmelo\/wp-content\/uploads\/usu1102\/2020\/03\/IMG-20200312-WA0021-768x576.jpg 768w, https:\/\/agora.xtec.cat\/ceip-pau-casals-montmelo\/wp-content\/uploads\/usu1102\/2020\/03\/IMG-20200312-WA0021-1024x768.jpg 1024w, https:\/\/agora.xtec.cat\/ceip-pau-casals-montmelo\/wp-content\/uploads\/usu1102\/2020\/03\/IMG-20200312-WA0021-200x150.jpg 200w\" sizes=\"auto, (max-width: 1600px) 100vw, 1600px\" \/><\/p>\n","protected":false},"excerpt":{"rendered":"<p>L\u2019escola ha treballat aquests darrers anys en implementar una metodologia activa per a l\u2019aprenentatge de les lleng\u00fces: catal\u00e0, castell\u00e0 i angl\u00e8s. S\u2019han deixat d\u2019utilitzar progressivament els llibres de text i estem treballant amb materials propis, atractius i motivadors per a l\u2019alumnat i adaptats a les seves necessitats. Tots els grups tenen una hora de desdoblament [&hellip;]<\/p>\n","protected":false},"author":1,"featured_media":0,"parent":64,"menu_order":0,"comment_status":"closed","ping_status":"closed","template":"page-templates\/side-menu.php","meta":{"_bbp_topic_count":0,"_bbp_reply_count":0,"_bbp_total_topic_count":0,"_bbp_total_reply_count":0,"_bbp_voice_count":0,"_bbp_anonymous_reply_count":0,"_bbp_topic_count_hidden":0,"_bbp_reply_count_hidden":0,"_bbp_forum_subforum_count":0,"site-sidebar-layout":"default","site-content-layout":"","ast-site-content-layout":"","site-content-style":"default","site-sidebar-style":"default","ast-global-header-display":"","ast-banner-title-visibility":"","ast-main-header-display":"","ast-hfb-above-header-display":"","ast-hfb-below-header-display":"","ast-hfb-mobile-header-display":"","site-post-title":"","ast-breadcrumbs-content":"","ast-featured-img":"","footer-sml-layout":"","theme-transparent-header-meta":"","adv-header-id-meta":"","stick-header-meta":"","header-above-stick-meta":"","header-main-stick-meta":"","header-below-stick-meta":"","astra-migrate-meta-layouts":"default","ast-page-background-enabled":"default","ast-page-background-meta":{"desktop":{"background-color":"var(--ast-global-color-4)","background-image":"","background-repeat":"repeat","background-position":"center center","background-size":"auto","background-attachment":"scroll","background-type":"","background-media":"","overlay-type":"","overlay-color":"","overlay-opacity":"","overlay-gradient":""},"tablet":{"background-color":"","background-image":"","background-repeat":"repeat","background-position":"center center","background-size":"auto","background-attachment":"scroll","background-type":"","background-media":"","overlay-type":"","overlay-color":"","overlay-opacity":"","overlay-gradient":""},"mobile":{"background-color":"","background-image":"","background-repeat":"repeat","background-position":"center center","background-size":"auto","background-attachment":"scroll","background-type":"","background-media":"","overlay-type":"","overlay-color":"","overlay-opacity":"","overlay-gradient":""}},"ast-content-background-meta":{"desktop":{"background-color":"var(--ast-global-color-5)","background-image":"","background-repeat":"repeat","background-position":"center center","background-size":"auto","background-attachment":"scroll","background-type":"","background-media":"","overlay-type":"","overlay-color":"","overlay-opacity":"","overlay-gradient":""},"tablet":{"background-color":"var(--ast-global-color-5)","background-image":"","background-repeat":"repeat","background-position":"center center","background-size":"auto","background-attachment":"scroll","background-type":"","background-media":"","overlay-type":"","overlay-color":"","overlay-opacity":"","overlay-gradient":""},"mobile":{"background-color":"var(--ast-global-color-5)","background-image":"","background-repeat":"repeat","background-position":"center center","background-size":"auto","background-attachment":"scroll","background-type":"","background-media":"","overlay-type":"","overlay-color":"","overlay-opacity":"","overlay-gradient":""}},"footnotes":""},"class_list":["post-606","page","type-page","status-publish","hentry"],"post_mailing_queue_ids":[],"_links":{"self":[{"href":"https:\/\/agora.xtec.cat\/ceip-pau-casals-montmelo\/wp-json\/wp\/v2\/pages\/606","targetHints":{"allow":["GET"]}}],"collection":[{"href":"https:\/\/agora.xtec.cat\/ceip-pau-casals-montmelo\/wp-json\/wp\/v2\/pages"}],"about":[{"href":"https:\/\/agora.xtec.cat\/ceip-pau-casals-montmelo\/wp-json\/wp\/v2\/types\/page"}],"author":[{"embeddable":true,"href":"https:\/\/agora.xtec.cat\/ceip-pau-casals-montmelo\/wp-json\/wp\/v2\/users\/1"}],"replies":[{"embeddable":true,"href":"https:\/\/agora.xtec.cat\/ceip-pau-casals-montmelo\/wp-json\/wp\/v2\/comments?post=606"}],"version-history":[{"count":5,"href":"https:\/\/agora.xtec.cat\/ceip-pau-casals-montmelo\/wp-json\/wp\/v2\/pages\/606\/revisions"}],"predecessor-version":[{"id":21402,"href":"https:\/\/agora.xtec.cat\/ceip-pau-casals-montmelo\/wp-json\/wp\/v2\/pages\/606\/revisions\/21402"}],"up":[{"embeddable":true,"href":"https:\/\/agora.xtec.cat\/ceip-pau-casals-montmelo\/wp-json\/wp\/v2\/pages\/64"}],"wp:attachment":[{"href":"https:\/\/agora.xtec.cat\/ceip-pau-casals-montmelo\/wp-json\/wp\/v2\/media?parent=606"}],"curies":[{"name":"wp","href":"https:\/\/api.w.org\/{rel}","templated":true}]}}