{"id":596,"date":"2016-05-25T13:01:01","date_gmt":"2016-05-25T12:01:01","guid":{"rendered":"http:\/\/agora.xtec.cat\/ceip-pau-casals-montmelo\/?page_id=596"},"modified":"2023-10-25T09:35:22","modified_gmt":"2023-10-25T07:35:22","slug":"pla-tac-tecnologies","status":"publish","type":"page","link":"https:\/\/agora.xtec.cat\/ceip-pau-casals-montmelo\/projecte-educatiu\/pla-tac-tecnologies\/","title":{"rendered":"Projecte d&#8217;innovaci\u00f3 en noves tecnologies"},"content":{"rendered":"<p style=\"text-align: justify;\"><a href=\"http:\/\/agora.xtec.cat\/ceip-pau-casals-montmelo\/wp-content\/uploads\/usu1102\/2014\/09\/classe-infor.jpg\"><img loading=\"lazy\" decoding=\"async\" class=\"alignnone size-large wp-image-545\" src=\"http:\/\/agora.xtec.cat\/ceip-pau-casals-montmelo\/wp-content\/uploads\/usu1102\/2014\/09\/classe-infor-1024x576.jpg\" alt=\"classe infor\" width=\"1024\" height=\"576\" srcset=\"https:\/\/agora.xtec.cat\/ceip-pau-casals-montmelo\/wp-content\/uploads\/usu1102\/2014\/09\/classe-infor.jpg 1024w, https:\/\/agora.xtec.cat\/ceip-pau-casals-montmelo\/wp-content\/uploads\/usu1102\/2014\/09\/classe-infor-300x169.jpg 300w\" sizes=\"auto, (max-width: 1024px) 100vw, 1024px\" \/><\/a><\/p>\n<p style=\"text-align: justify;\">L&#8217;escola desenvolupa una estrat\u00e8gia digital de centre (EDC) que orienta les actuacions destinades a desenvolupar la <strong>compet\u00e8ncia digital<\/strong> tan necess\u00e0ria en el m\u00f3n actual. \u00a0S&#8217;apr\u00e8n <strong>de i amb<\/strong> les noves tecnologies, que s\u00f3n una eina al nostre abast per recollir i seleccionar informaci\u00f3, entendre el m\u00f3n que ens envolta, treballar col\u00b7laborativament i produir treballs. A part de l&#8217;aula d&#8217;inform\u00e0tica, a les aules es treballa amb\u00a0<strong>tauletes digitals, netbooks i port\u00e0tils, <\/strong>en funci\u00f3 de l&#8217;objectiu de l&#8217;activitat.<\/p>\n<p style=\"text-align: justify;\"><a href=\"http:\/\/agora.xtec.cat\/ceip-pau-casals-montmelo\/wp-content\/uploads\/usu1102\/2014\/09\/tauletes1-p3.jpg\"><img loading=\"lazy\" decoding=\"async\" class=\"alignnone size-large wp-image-582\" src=\"http:\/\/agora.xtec.cat\/ceip-pau-casals-montmelo\/wp-content\/uploads\/usu1102\/2014\/09\/tauletes1-p3-1024x402.jpg\" alt=\"tauletes1 p3\" width=\"1024\" height=\"402\" srcset=\"https:\/\/agora.xtec.cat\/ceip-pau-casals-montmelo\/wp-content\/uploads\/usu1102\/2014\/09\/tauletes1-p3.jpg 1024w, https:\/\/agora.xtec.cat\/ceip-pau-casals-montmelo\/wp-content\/uploads\/usu1102\/2014\/09\/tauletes1-p3-300x118.jpg 300w\" sizes=\"auto, (max-width: 1024px) 100vw, 1024px\" \/><\/a><\/p>\n<p>En un m\u00f3n on tot canvia r\u00e0pidament i on \u00e9s indispensable &#8220;aprendre a aprendre&#8221;, vetllem per tal que l&#8217;\u00fas de recursos tecnol\u00f2gics s&#8217;integri en les activitats de l&#8217;aula, de forma que siguin facilitadors de coneixement i l&#8217;alumnat els faci servir com a eina d&#8217;aprenentatge.<\/p>\n<p><img loading=\"lazy\" decoding=\"async\" class=\"size-full wp-image-16124\" src=\"https:\/\/agora.xtec.cat\/ceip-pau-casals-montmelo\/wp-content\/uploads\/usu1102\/2020\/03\/IMG_20200305_152507.jpg\" alt=\"\" width=\"800\" height=\"600\" srcset=\"https:\/\/agora.xtec.cat\/ceip-pau-casals-montmelo\/wp-content\/uploads\/usu1102\/2020\/03\/IMG_20200305_152507.jpg 800w, https:\/\/agora.xtec.cat\/ceip-pau-casals-montmelo\/wp-content\/uploads\/usu1102\/2020\/03\/IMG_20200305_152507-300x225.jpg 300w, https:\/\/agora.xtec.cat\/ceip-pau-casals-montmelo\/wp-content\/uploads\/usu1102\/2020\/03\/IMG_20200305_152507-768x576.jpg 768w, https:\/\/agora.xtec.cat\/ceip-pau-casals-montmelo\/wp-content\/uploads\/usu1102\/2020\/03\/IMG_20200305_152507-200x150.jpg 200w\" sizes=\"auto, (max-width: 800px) 100vw, 800px\" \/><\/p>\n<p>Entre els cursos 2019 i 2022, l&#8217;escola va presentar el <strong>projecte d&#8217;innovaci\u00f3 en noves tecnologies<\/strong> &#8220;Comunicaci\u00f3 digital: avancem!&#8221;.\u00a0 El projecte va ser validat de forma positiva pe<span style=\"font-family: inherit; font-size: 1em;\">l Departament d&#8217;Educaci\u00f3, reconeixent la qualitat de les propostes, i actualment estem desenvolupant la seva continu\u00eftat<\/span><span style=\"font-family: inherit; font-size: 1em;\">.\u00a0 En aquest projecte ens focalitzem en treballar amb l&#8217;alumnat les possibilitats de les noves tecnologies:<\/span><\/p>\n<p>a. per a comunicar (ja sigui not\u00edcies, continguts, expressi\u00f3 art\u00edstica&#8230;)<\/p>\n<p>b. les potencialitats de la rob\u00f2tica educativa.\u00a0 D&#8217;una banda, \u00e9s un mitj\u00e0 motivador per a treballar aspectes com la resoluci\u00f3 de problemes, la l\u00f2gica, el pensament computacional&#8230;\u00a0 De l&#8217;altra, considerem que en la societat actual es fa imprescindible tenir un m\u00ednim coneixement de com funciona la programaci\u00f3 (&#8220;o programes, o et programen&#8221;).<\/p>\n<p><a href=\"https:\/\/drive.google.com\/open?id=1Hsw31PQb_zCHArDGqEpCheNc9wFhjY03\"><img loading=\"lazy\" decoding=\"async\" class=\"aligncenter size-full wp-image-16125\" src=\"https:\/\/agora.xtec.cat\/ceip-pau-casals-montmelo\/wp-content\/uploads\/usu1102\/2020\/03\/Captura-de-pantalla-2020-03-14-a-les-10.55.37.png\" alt=\"\" width=\"1576\" height=\"890\" srcset=\"https:\/\/agora.xtec.cat\/ceip-pau-casals-montmelo\/wp-content\/uploads\/usu1102\/2020\/03\/Captura-de-pantalla-2020-03-14-a-les-10.55.37.png 1576w, https:\/\/agora.xtec.cat\/ceip-pau-casals-montmelo\/wp-content\/uploads\/usu1102\/2020\/03\/Captura-de-pantalla-2020-03-14-a-les-10.55.37-300x169.png 300w, https:\/\/agora.xtec.cat\/ceip-pau-casals-montmelo\/wp-content\/uploads\/usu1102\/2020\/03\/Captura-de-pantalla-2020-03-14-a-les-10.55.37-768x434.png 768w, https:\/\/agora.xtec.cat\/ceip-pau-casals-montmelo\/wp-content\/uploads\/usu1102\/2020\/03\/Captura-de-pantalla-2020-03-14-a-les-10.55.37-1024x578.png 1024w\" sizes=\"auto, (max-width: 1576px) 100vw, 1576px\" \/><\/a><\/p>\n<p style=\"text-align: justify;\">Des del curs 15-16 tota l&#8217;escola participa en experi\u00e8ncies de rob\u00f2tica.<\/p>\n<p><img loading=\"lazy\" decoding=\"async\" class=\"aligncenter size-full wp-image-918\" src=\"https:\/\/agora.xtec.cat\/ceip-pau-casals-montmelo\/wp-content\/uploads\/usu1102\/2017\/03\/IMG_1630.jpg\" alt=\"\" width=\"1000\" height=\"750\" srcset=\"https:\/\/agora.xtec.cat\/ceip-pau-casals-montmelo\/wp-content\/uploads\/usu1102\/2017\/03\/IMG_1630.jpg 1000w, https:\/\/agora.xtec.cat\/ceip-pau-casals-montmelo\/wp-content\/uploads\/usu1102\/2017\/03\/IMG_1630-300x225.jpg 300w, https:\/\/agora.xtec.cat\/ceip-pau-casals-montmelo\/wp-content\/uploads\/usu1102\/2017\/03\/IMG_1630-768x576.jpg 768w, https:\/\/agora.xtec.cat\/ceip-pau-casals-montmelo\/wp-content\/uploads\/usu1102\/2017\/03\/IMG_1630-200x150.jpg 200w\" sizes=\"auto, (max-width: 1000px) 100vw, 1000px\" \/><\/p>\n<p style=\"text-align: justify;\"><a href=\"http:\/\/agora.xtec.cat\/ceip-pau-casals-montmelo\/general\/un-tast-de-robotica\/\" target=\"_blank\" rel=\"noopener noreferrer\">Rob\u00f2tica 15-16<\/a>\u00a0 \u00a0\/\/ \u00a0<a href=\"http:\/\/agora.xtec.cat\/ceip-pau-casals-montmelo\/general\/robotica-2017\/\" target=\"_blank\" rel=\"noopener noreferrer\">Rob\u00f2tica 16-17<\/a><\/p>\n<p style=\"text-align: justify;\"><a href=\"http:\/\/agora.xtec.cat\/ceip-pau-casals-montmelo\/wp-content\/uploads\/usu1102\/2016\/05\/beebots.jpg\"><img loading=\"lazy\" decoding=\"async\" class=\"alignnone size-full wp-image-615\" src=\"http:\/\/agora.xtec.cat\/ceip-pau-casals-montmelo\/wp-content\/uploads\/usu1102\/2016\/05\/beebots.jpg\" alt=\"beebots\" width=\"1005\" height=\"617\" srcset=\"https:\/\/agora.xtec.cat\/ceip-pau-casals-montmelo\/wp-content\/uploads\/usu1102\/2016\/05\/beebots.jpg 1005w, https:\/\/agora.xtec.cat\/ceip-pau-casals-montmelo\/wp-content\/uploads\/usu1102\/2016\/05\/beebots-300x184.jpg 300w\" sizes=\"auto, (max-width: 1005px) 100vw, 1005px\" \/><\/a><\/p>\n","protected":false},"excerpt":{"rendered":"<p>L&#8217;escola desenvolupa una estrat\u00e8gia digital de centre (EDC) que orienta les actuacions destinades a desenvolupar la compet\u00e8ncia digital tan necess\u00e0ria en el m\u00f3n actual. \u00a0S&#8217;apr\u00e8n de i amb les noves tecnologies, que s\u00f3n una eina al nostre abast per recollir i seleccionar informaci\u00f3, entendre el m\u00f3n que ens envolta, treballar col\u00b7laborativament i produir treballs. A [&hellip;]<\/p>\n","protected":false},"author":1,"featured_media":0,"parent":64,"menu_order":0,"comment_status":"closed","ping_status":"closed","template":"page-templates\/side-menu.php","meta":{"_bbp_topic_count":0,"_bbp_reply_count":0,"_bbp_total_topic_count":0,"_bbp_total_reply_count":0,"_bbp_voice_count":0,"_bbp_anonymous_reply_count":0,"_bbp_topic_count_hidden":0,"_bbp_reply_count_hidden":0,"_bbp_forum_subforum_count":0,"site-sidebar-layout":"default","site-content-layout":"","ast-site-content-layout":"","site-content-style":"default","site-sidebar-style":"default","ast-global-header-display":"","ast-banner-title-visibility":"","ast-main-header-display":"","ast-hfb-above-header-display":"","ast-hfb-below-header-display":"","ast-hfb-mobile-header-display":"","site-post-title":"","ast-breadcrumbs-content":"","ast-featured-img":"","footer-sml-layout":"","theme-transparent-header-meta":"","adv-header-id-meta":"","stick-header-meta":"","header-above-stick-meta":"","header-main-stick-meta":"","header-below-stick-meta":"","astra-migrate-meta-layouts":"default","ast-page-background-enabled":"default","ast-page-background-meta":{"desktop":{"background-color":"var(--ast-global-color-4)","background-image":"","background-repeat":"repeat","background-position":"center center","background-size":"auto","background-attachment":"scroll","background-type":"","background-media":"","overlay-type":"","overlay-color":"","overlay-opacity":"","overlay-gradient":""},"tablet":{"background-color":"","background-image":"","background-repeat":"repeat","background-position":"center center","background-size":"auto","background-attachment":"scroll","background-type":"","background-media":"","overlay-type":"","overlay-color":"","overlay-opacity":"","overlay-gradient":""},"mobile":{"background-color":"","background-image":"","background-repeat":"repeat","background-position":"center center","background-size":"auto","background-attachment":"scroll","background-type":"","background-media":"","overlay-type":"","overlay-color":"","overlay-opacity":"","overlay-gradient":""}},"ast-content-background-meta":{"desktop":{"background-color":"var(--ast-global-color-5)","background-image":"","background-repeat":"repeat","background-position":"center center","background-size":"auto","background-attachment":"scroll","background-type":"","background-media":"","overlay-type":"","overlay-color":"","overlay-opacity":"","overlay-gradient":""},"tablet":{"background-color":"var(--ast-global-color-5)","background-image":"","background-repeat":"repeat","background-position":"center center","background-size":"auto","background-attachment":"scroll","background-type":"","background-media":"","overlay-type":"","overlay-color":"","overlay-opacity":"","overlay-gradient":""},"mobile":{"background-color":"var(--ast-global-color-5)","background-image":"","background-repeat":"repeat","background-position":"center center","background-size":"auto","background-attachment":"scroll","background-type":"","background-media":"","overlay-type":"","overlay-color":"","overlay-opacity":"","overlay-gradient":""}},"footnotes":""},"class_list":["post-596","page","type-page","status-publish","hentry"],"post_mailing_queue_ids":[],"_links":{"self":[{"href":"https:\/\/agora.xtec.cat\/ceip-pau-casals-montmelo\/wp-json\/wp\/v2\/pages\/596","targetHints":{"allow":["GET"]}}],"collection":[{"href":"https:\/\/agora.xtec.cat\/ceip-pau-casals-montmelo\/wp-json\/wp\/v2\/pages"}],"about":[{"href":"https:\/\/agora.xtec.cat\/ceip-pau-casals-montmelo\/wp-json\/wp\/v2\/types\/page"}],"author":[{"embeddable":true,"href":"https:\/\/agora.xtec.cat\/ceip-pau-casals-montmelo\/wp-json\/wp\/v2\/users\/1"}],"replies":[{"embeddable":true,"href":"https:\/\/agora.xtec.cat\/ceip-pau-casals-montmelo\/wp-json\/wp\/v2\/comments?post=596"}],"version-history":[{"count":4,"href":"https:\/\/agora.xtec.cat\/ceip-pau-casals-montmelo\/wp-json\/wp\/v2\/pages\/596\/revisions"}],"predecessor-version":[{"id":21400,"href":"https:\/\/agora.xtec.cat\/ceip-pau-casals-montmelo\/wp-json\/wp\/v2\/pages\/596\/revisions\/21400"}],"up":[{"embeddable":true,"href":"https:\/\/agora.xtec.cat\/ceip-pau-casals-montmelo\/wp-json\/wp\/v2\/pages\/64"}],"wp:attachment":[{"href":"https:\/\/agora.xtec.cat\/ceip-pau-casals-montmelo\/wp-json\/wp\/v2\/media?parent=596"}],"curies":[{"name":"wp","href":"https:\/\/api.w.org\/{rel}","templated":true}]}}