{"id":591,"date":"2016-05-25T12:51:11","date_gmt":"2016-05-25T11:51:11","guid":{"rendered":"http:\/\/agora.xtec.cat\/ceip-pau-casals-montmelo\/?page_id=591"},"modified":"2022-03-04T13:22:36","modified_gmt":"2022-03-04T12:22:36","slug":"escola-verda","status":"publish","type":"page","link":"https:\/\/agora.xtec.cat\/ceip-pau-casals-montmelo\/projecte-educatiu\/escola-verda\/","title":{"rendered":"Escola Verda"},"content":{"rendered":"<p>Trebal<img loading=\"lazy\" decoding=\"async\" class=\" wp-image-573 alignright\" src=\"http:\/\/agora.xtec.cat\/ceip-pau-casals-montmelo\/wp-content\/uploads\/usu1102\/2014\/09\/escola-verda-logo.jpg\" alt=\"escola verda logo\" width=\"275\" height=\"282\" \/>lem des del comprom\u00eds amb el medi ambient i des del curs 2010 tenim\u00a0l\u2019acreditaci\u00f3 d\u2019Escola Verda. \u00a0Hi ha un grup de treball i una comissi\u00f3 d\u2019alumnes que treballa fent diferents accions de sensibilitzaci\u00f3\u00a0i altres activitats per a\u00a0la comunitat escolar.<\/p>\n<p>La comissi\u00f3 EMA (Equip Mediambiental) \u00e9s molt actiu al centre, i proposa exposicions, concursos, activitats&#8230; per a conscienciar-nos de la necessitat de tenir cura del medi ambient.<\/p>\n<p><a href=\"http:\/\/agora.xtec.cat\/ceip-pau-casals-montmelo\/wp-content\/uploads\/usu1102\/2016\/05\/escola-verda-ema.jpg\"><img loading=\"lazy\" decoding=\"async\" class=\"alignnone size-large wp-image-638\" src=\"http:\/\/agora.xtec.cat\/ceip-pau-casals-montmelo\/wp-content\/uploads\/usu1102\/2016\/05\/escola-verda-ema-1024x768.jpg\" alt=\"escola verda ema\" width=\"1024\" height=\"768\" srcset=\"https:\/\/agora.xtec.cat\/ceip-pau-casals-montmelo\/wp-content\/uploads\/usu1102\/2016\/05\/escola-verda-ema.jpg 1024w, https:\/\/agora.xtec.cat\/ceip-pau-casals-montmelo\/wp-content\/uploads\/usu1102\/2016\/05\/escola-verda-ema-300x225.jpg 300w, https:\/\/agora.xtec.cat\/ceip-pau-casals-montmelo\/wp-content\/uploads\/usu1102\/2016\/05\/escola-verda-ema-200x150.jpg 200w\" sizes=\"auto, (max-width: 1024px) 100vw, 1024px\" \/><\/a><\/p>\n<p>L\u2019hort escolar tamb\u00e9 forma part de les activitats com a escola verda i a m\u00e9s permet el treball d&#8217;alguns continguts de l&#8217;\u00e0rea de Coneixement del Medi Natural.<\/p>\n<p><a href=\"http:\/\/agora.xtec.cat\/ceip-pau-casals-montmelo\/wp-content\/uploads\/usu1102\/2014\/09\/hort2.jpg\"><img loading=\"lazy\" decoding=\"async\" class=\" wp-image-534\" src=\"http:\/\/agora.xtec.cat\/ceip-pau-casals-montmelo\/wp-content\/uploads\/usu1102\/2014\/09\/hort2-1024x768.jpg\" alt=\"OLYMPUS DIGITAL CAMERA\" width=\"879\" height=\"659\" srcset=\"https:\/\/agora.xtec.cat\/ceip-pau-casals-montmelo\/wp-content\/uploads\/usu1102\/2014\/09\/hort2.jpg 1024w, https:\/\/agora.xtec.cat\/ceip-pau-casals-montmelo\/wp-content\/uploads\/usu1102\/2014\/09\/hort2-300x225.jpg 300w, https:\/\/agora.xtec.cat\/ceip-pau-casals-montmelo\/wp-content\/uploads\/usu1102\/2014\/09\/hort2-200x150.jpg 200w\" sizes=\"auto, (max-width: 879px) 100vw, 879px\" \/><\/a><\/p>\n<p>Entre l\u2019any 2009 i 2012 vam participar en el projecte <a href=\"http:\/\/www.elpuntavui.cat\/societat\/article\/16-educacio\/124929-lescola-pau-casals-de-montmelo-es-escollida-per-participar-en-el-projecte-europeu-euronet-5050.html\" target=\"_blank\" rel=\"noopener noreferrer\">\u201cEURONET 50\/50<\/a>\u2033, formant part d\u2019un grup de 50 escoles d\u2019entre tota Europa, de les quals 13 eren catalanes. <a href=\"http:\/\/www.aravalles.cat\/noticia\/1863\/lescola-pau-casals-de-montmelo-estalvia-energia\" target=\"_blank\" rel=\"noopener noreferrer\">M\u00e9s informaci\u00f3<\/a>.<\/p>\n<p><a href=\"http:\/\/agora.xtec.cat\/ceip-pau-casals-montmelo\/wp-content\/uploads\/usu1102\/2016\/05\/escola-verda-reciclar.jpg\"><img loading=\"lazy\" decoding=\"async\" class=\"alignnone size-full wp-image-639\" src=\"http:\/\/agora.xtec.cat\/ceip-pau-casals-montmelo\/wp-content\/uploads\/usu1102\/2016\/05\/escola-verda-reciclar.jpg\" alt=\"escola verda reciclar\" width=\"978\" height=\"648\" srcset=\"https:\/\/agora.xtec.cat\/ceip-pau-casals-montmelo\/wp-content\/uploads\/usu1102\/2016\/05\/escola-verda-reciclar.jpg 978w, https:\/\/agora.xtec.cat\/ceip-pau-casals-montmelo\/wp-content\/uploads\/usu1102\/2016\/05\/escola-verda-reciclar-300x199.jpg 300w\" sizes=\"auto, (max-width: 978px) 100vw, 978px\" \/><\/a><\/p>\n<p>Vall\u00e8s Visi\u00f3 es va fer ress\u00f2 del nostre projecte, <a href=\"https:\/\/agora.xtec.cat\/ceip-pau-casals-montmelo\/general\/el-projecte-escola-verda-a-valles-visio\/\">ho podeu veure aqu\u00ed<\/a>.<\/p>\n","protected":false},"excerpt":{"rendered":"<p>Treballem des del comprom\u00eds amb el medi ambient i des del curs 2010 tenim\u00a0l\u2019acreditaci\u00f3 d\u2019Escola Verda. \u00a0Hi ha un grup de treball i una comissi\u00f3 d\u2019alumnes que treballa fent diferents accions de sensibilitzaci\u00f3\u00a0i altres activitats per a\u00a0la comunitat escolar. La comissi\u00f3 EMA (Equip Mediambiental) \u00e9s molt actiu al centre, i proposa exposicions, concursos, activitats&#8230; per [&hellip;]<\/p>\n","protected":false},"author":1,"featured_media":0,"parent":64,"menu_order":0,"comment_status":"closed","ping_status":"closed","template":"page-templates\/side-menu.php","meta":{"_bbp_topic_count":0,"_bbp_reply_count":0,"_bbp_total_topic_count":0,"_bbp_total_reply_count":0,"_bbp_voice_count":0,"_bbp_anonymous_reply_count":0,"_bbp_topic_count_hidden":0,"_bbp_reply_count_hidden":0,"_bbp_forum_subforum_count":0,"site-sidebar-layout":"default","site-content-layout":"","ast-site-content-layout":"","site-content-style":"default","site-sidebar-style":"default","ast-global-header-display":"","ast-banner-title-visibility":"","ast-main-header-display":"","ast-hfb-above-header-display":"","ast-hfb-below-header-display":"","ast-hfb-mobile-header-display":"","site-post-title":"","ast-breadcrumbs-content":"","ast-featured-img":"","footer-sml-layout":"","theme-transparent-header-meta":"","adv-header-id-meta":"","stick-header-meta":"","header-above-stick-meta":"","header-main-stick-meta":"","header-below-stick-meta":"","astra-migrate-meta-layouts":"default","ast-page-background-enabled":"default","ast-page-background-meta":{"desktop":{"background-color":"var(--ast-global-color-4)","background-image":"","background-repeat":"repeat","background-position":"center center","background-size":"auto","background-attachment":"scroll","background-type":"","background-media":"","overlay-type":"","overlay-color":"","overlay-opacity":"","overlay-gradient":""},"tablet":{"background-color":"","background-image":"","background-repeat":"repeat","background-position":"center center","background-size":"auto","background-attachment":"scroll","background-type":"","background-media":"","overlay-type":"","overlay-color":"","overlay-opacity":"","overlay-gradient":""},"mobile":{"background-color":"","background-image":"","background-repeat":"repeat","background-position":"center center","background-size":"auto","background-attachment":"scroll","background-type":"","background-media":"","overlay-type":"","overlay-color":"","overlay-opacity":"","overlay-gradient":""}},"ast-content-background-meta":{"desktop":{"background-color":"var(--ast-global-color-5)","background-image":"","background-repeat":"repeat","background-position":"center center","background-size":"auto","background-attachment":"scroll","background-type":"","background-media":"","overlay-type":"","overlay-color":"","overlay-opacity":"","overlay-gradient":""},"tablet":{"background-color":"var(--ast-global-color-5)","background-image":"","background-repeat":"repeat","background-position":"center center","background-size":"auto","background-attachment":"scroll","background-type":"","background-media":"","overlay-type":"","overlay-color":"","overlay-opacity":"","overlay-gradient":""},"mobile":{"background-color":"var(--ast-global-color-5)","background-image":"","background-repeat":"repeat","background-position":"center center","background-size":"auto","background-attachment":"scroll","background-type":"","background-media":"","overlay-type":"","overlay-color":"","overlay-opacity":"","overlay-gradient":""}},"footnotes":""},"class_list":["post-591","page","type-page","status-publish","hentry"],"post_mailing_queue_ids":[],"_links":{"self":[{"href":"https:\/\/agora.xtec.cat\/ceip-pau-casals-montmelo\/wp-json\/wp\/v2\/pages\/591","targetHints":{"allow":["GET"]}}],"collection":[{"href":"https:\/\/agora.xtec.cat\/ceip-pau-casals-montmelo\/wp-json\/wp\/v2\/pages"}],"about":[{"href":"https:\/\/agora.xtec.cat\/ceip-pau-casals-montmelo\/wp-json\/wp\/v2\/types\/page"}],"author":[{"embeddable":true,"href":"https:\/\/agora.xtec.cat\/ceip-pau-casals-montmelo\/wp-json\/wp\/v2\/users\/1"}],"replies":[{"embeddable":true,"href":"https:\/\/agora.xtec.cat\/ceip-pau-casals-montmelo\/wp-json\/wp\/v2\/comments?post=591"}],"version-history":[{"count":4,"href":"https:\/\/agora.xtec.cat\/ceip-pau-casals-montmelo\/wp-json\/wp\/v2\/pages\/591\/revisions"}],"predecessor-version":[{"id":20055,"href":"https:\/\/agora.xtec.cat\/ceip-pau-casals-montmelo\/wp-json\/wp\/v2\/pages\/591\/revisions\/20055"}],"up":[{"embeddable":true,"href":"https:\/\/agora.xtec.cat\/ceip-pau-casals-montmelo\/wp-json\/wp\/v2\/pages\/64"}],"wp:attachment":[{"href":"https:\/\/agora.xtec.cat\/ceip-pau-casals-montmelo\/wp-json\/wp\/v2\/media?parent=591"}],"curies":[{"name":"wp","href":"https:\/\/api.w.org\/{rel}","templated":true}]}}