{"id":484,"date":"2016-05-05T13:14:08","date_gmt":"2016-05-05T12:14:08","guid":{"rendered":"http:\/\/agora.xtec.cat\/ceip-pau-casals-montmelo\/?page_id=484"},"modified":"2023-07-13T09:03:31","modified_gmt":"2023-07-13T07:03:31","slug":"documentacio-de-menjador","status":"publish","type":"page","link":"https:\/\/agora.xtec.cat\/ceip-pau-casals-montmelo\/serveis\/menjador-escolar\/documentacio-de-menjador\/","title":{"rendered":"Documentaci\u00f3 de menjador"},"content":{"rendered":"<p><a href=\"https:\/\/tresmes.com\/\" target=\"_blank\" rel=\"noopener noreferrer\">INSCRIPCI\u00d3<\/a><a href=\"https:\/\/drive.google.com\/file\/d\/1jqWKNlAzOKQrKCKMR1fvgW4-I30i9u-z\/view?usp=sharing\" target=\"_blank\" rel=\"noopener noreferrer\">:<\/a> la inscripci\u00f3 es fa directament a la web de tresmes.\u00a0 Cal omplir-la amb cura. \u00a0No deixeu de posar el dia que el\/la vostre\/a fill\/a s&#8217;incorporar\u00e0 al servei de menjador, i si se li haur\u00e0 de fer p\u00edcnic els dies d&#8217;excursi\u00f3. \u00a0Tingueu cura amb les dades banc\u00e0ries.<\/p>\n<p><a href=\"https:\/\/docs.google.com\/document\/d\/1d9i561SlzjzEkCUkeL6DmprAP0NT72qT\/edit?usp=sharing&amp;ouid=111283515934721357248&amp;rtpof=true&amp;sd=true\">ADMINISTRACI\u00d3 DE MEDICAMENTS<\/a>: aquesta fitxa l&#8217;haureu de portar cada vegada que el\/la vostre\/a fill\/a hagi de prendre un medicament per prescripci\u00f3 m\u00e8dica. \u00a0L&#8217;haureu de portar, degudament signada i acompanyada de la corresponent recepta o informe m\u00e8dic, si no, no es podr\u00e0 administrar cap medicament. \u00a0L&#8217;autoritzaci\u00f3 ser\u00e0 la mateixa tant per l&#8217;hora de menjador com per a l&#8217;horari escolar.<\/p>\n<p>SORTIDES DE MENJADOR: els\/les nens\/es que hagin de sortir en horari de menjador, cal que avisin pr\u00e8viament i que els vingui a buscar una persona autoritzada.<\/p>\n<p>VARIACIONS I BAIXES DEL SERVEI:<span style=\"font-family: inherit; font-size: 1em;\">\u00a0qualsevol variaci\u00f3 de les dades presentades inicialment \u00e9s imprescindible comunicar-la a la persona responsable del servei.<\/span><\/p>\n<p>Trobareu la normativa del servei <a href=\"https:\/\/drive.google.com\/file\/d\/1pr6wZqn_tbIxh3N5WWJn9yowcCRqtMPu\/view\">AQU\u00cd<\/a>.<\/p>\n","protected":false},"excerpt":{"rendered":"<p>INSCRIPCI\u00d3: la inscripci\u00f3 es fa directament a la web de tresmes.\u00a0 Cal omplir-la amb cura. \u00a0No deixeu de posar el dia que el\/la vostre\/a fill\/a s&#8217;incorporar\u00e0 al servei de menjador, i si se li haur\u00e0 de fer p\u00edcnic els dies d&#8217;excursi\u00f3. \u00a0Tingueu cura amb les dades banc\u00e0ries. ADMINISTRACI\u00d3 DE MEDICAMENTS: aquesta fitxa l&#8217;haureu de portar [&hellip;]<\/p>\n","protected":false},"author":1,"featured_media":0,"parent":73,"menu_order":0,"comment_status":"closed","ping_status":"closed","template":"page-templates\/side-menu.php","meta":{"_bbp_topic_count":0,"_bbp_reply_count":0,"_bbp_total_topic_count":0,"_bbp_total_reply_count":0,"_bbp_voice_count":0,"_bbp_anonymous_reply_count":0,"_bbp_topic_count_hidden":0,"_bbp_reply_count_hidden":0,"_bbp_forum_subforum_count":0,"site-sidebar-layout":"default","site-content-layout":"","ast-site-content-layout":"","site-content-style":"default","site-sidebar-style":"default","ast-global-header-display":"","ast-banner-title-visibility":"","ast-main-header-display":"","ast-hfb-above-header-display":"","ast-hfb-below-header-display":"","ast-hfb-mobile-header-display":"","site-post-title":"","ast-breadcrumbs-content":"","ast-featured-img":"","footer-sml-layout":"","theme-transparent-header-meta":"","adv-header-id-meta":"","stick-header-meta":"","header-above-stick-meta":"","header-main-stick-meta":"","header-below-stick-meta":"","astra-migrate-meta-layouts":"default","ast-page-background-enabled":"default","ast-page-background-meta":{"desktop":{"background-color":"var(--ast-global-color-4)","background-image":"","background-repeat":"repeat","background-position":"center center","background-size":"auto","background-attachment":"scroll","background-type":"","background-media":"","overlay-type":"","overlay-color":"","overlay-opacity":"","overlay-gradient":""},"tablet":{"background-color":"","background-image":"","background-repeat":"repeat","background-position":"center center","background-size":"auto","background-attachment":"scroll","background-type":"","background-media":"","overlay-type":"","overlay-color":"","overlay-opacity":"","overlay-gradient":""},"mobile":{"background-color":"","background-image":"","background-repeat":"repeat","background-position":"center center","background-size":"auto","background-attachment":"scroll","background-type":"","background-media":"","overlay-type":"","overlay-color":"","overlay-opacity":"","overlay-gradient":""}},"ast-content-background-meta":{"desktop":{"background-color":"var(--ast-global-color-5)","background-image":"","background-repeat":"repeat","background-position":"center center","background-size":"auto","background-attachment":"scroll","background-type":"","background-media":"","overlay-type":"","overlay-color":"","overlay-opacity":"","overlay-gradient":""},"tablet":{"background-color":"var(--ast-global-color-5)","background-image":"","background-repeat":"repeat","background-position":"center center","background-size":"auto","background-attachment":"scroll","background-type":"","background-media":"","overlay-type":"","overlay-color":"","overlay-opacity":"","overlay-gradient":""},"mobile":{"background-color":"var(--ast-global-color-5)","background-image":"","background-repeat":"repeat","background-position":"center center","background-size":"auto","background-attachment":"scroll","background-type":"","background-media":"","overlay-type":"","overlay-color":"","overlay-opacity":"","overlay-gradient":""}},"footnotes":""},"class_list":["post-484","page","type-page","status-publish","hentry"],"post_mailing_queue_ids":[],"_links":{"self":[{"href":"https:\/\/agora.xtec.cat\/ceip-pau-casals-montmelo\/wp-json\/wp\/v2\/pages\/484","targetHints":{"allow":["GET"]}}],"collection":[{"href":"https:\/\/agora.xtec.cat\/ceip-pau-casals-montmelo\/wp-json\/wp\/v2\/pages"}],"about":[{"href":"https:\/\/agora.xtec.cat\/ceip-pau-casals-montmelo\/wp-json\/wp\/v2\/types\/page"}],"author":[{"embeddable":true,"href":"https:\/\/agora.xtec.cat\/ceip-pau-casals-montmelo\/wp-json\/wp\/v2\/users\/1"}],"replies":[{"embeddable":true,"href":"https:\/\/agora.xtec.cat\/ceip-pau-casals-montmelo\/wp-json\/wp\/v2\/comments?post=484"}],"version-history":[{"count":3,"href":"https:\/\/agora.xtec.cat\/ceip-pau-casals-montmelo\/wp-json\/wp\/v2\/pages\/484\/revisions"}],"predecessor-version":[{"id":21327,"href":"https:\/\/agora.xtec.cat\/ceip-pau-casals-montmelo\/wp-json\/wp\/v2\/pages\/484\/revisions\/21327"}],"up":[{"embeddable":true,"href":"https:\/\/agora.xtec.cat\/ceip-pau-casals-montmelo\/wp-json\/wp\/v2\/pages\/73"}],"wp:attachment":[{"href":"https:\/\/agora.xtec.cat\/ceip-pau-casals-montmelo\/wp-json\/wp\/v2\/media?parent=484"}],"curies":[{"name":"wp","href":"https:\/\/api.w.org\/{rel}","templated":true}]}}