{"id":38,"date":"2014-09-18T12:34:08","date_gmt":"2014-09-18T11:34:08","guid":{"rendered":"http:\/\/agora.xtec.cat\/ceip-pau-casals-montmelo\/?page_id=38"},"modified":"2024-02-16T13:55:32","modified_gmt":"2024-02-16T12:55:32","slug":"salut","status":"publish","type":"page","link":"https:\/\/agora.xtec.cat\/ceip-pau-casals-montmelo\/lescola\/salut\/","title":{"rendered":"Salut"},"content":{"rendered":"<h4><strong>MEDICAMENTS<\/strong><\/h4>\n<p style=\"text-align: justify;\">Sempre que el\/la vostre\/a fill\/a hagi de prendre medicaci\u00f3, \u00e9s millor que sigui la fam\u00edlia qui l\u2019administri. En cas que aix\u00f2 no fos possible s\u2019haur\u00e0 d&#8217;emplenar<strong>\u00a0<a href=\"https:\/\/drive.google.com\/file\/d\/1d9i561SlzjzEkCUkeL6DmprAP0NT72qT\/view?usp=sharing\" target=\"_blank\" rel=\"noopener noreferrer\">l\u2019impr\u00e8s d&#8217;autoritzaci\u00f3 d&#8217;administraci\u00f3 de medicaments<\/a><\/strong>, aix\u00ed com aportar la <strong>recepta o informe m\u00e8dic on hi consti la pauta i el nom del medicament.<\/strong><\/p>\n<p style=\"text-align: justify;\"><strong>ATENCI\u00d3: <\/strong><u>L&#8217;autoritzaci\u00f3 ser\u00e0 la mateixa tant per a l&#8217;horari escolar com per a l&#8217;hora de menjador.<\/u><\/p>\n<p style=\"text-align: justify;\"><strong>PARACETAMOL: <\/strong>Amb<a href=\"https:\/\/drive.google.com\/file\/d\/0BwWQvyqnt4dUV1RDMGJHd09qd2s\/view?usp=sharing&amp;resourcekey=0-YZdM7Yv8NVC9A3lTrHljOg\"><strong> l&#8217;autoritzaci\u00f3<\/strong> <\/a>corresponent degudament signada i la dosi especificada, es podr\u00e0 administrar el paracetamol a un\/a alumne\/a quan presenti febre superior a 38\u00baC de temperatura corporal, mentre s&#8217;espera l&#8217;arribada d&#8217;algun familiar que el pugui portar a casa.<\/p>\n<h4><\/h4>\n<h4><strong>MALALTIES TRANSMISSIBLES<\/strong><\/h4>\n<p style=\"text-align: justify;\">Per tal d&#8217;informar les fam\u00edlies sobre l&#8217;assist\u00e8ncia o no dels infants al centre educatiu quan pateixen una malaltia transmissible, el Departament de Salut, a trav\u00e9s de la Subdirecci\u00f3 de Vigil\u00e0ncia i Resposta a Emerg\u00e8ncies de Salut P\u00fablica, ha publicat unes <a href=\"https:\/\/canalsalut.gencat.cat\/web\/.content\/_Professionals\/Vigilancia_epidemiologica\/documents\/arxius\/eviccioescolar.pdf\"><strong>recomanacions amb uns criteris de no-assist\u00e8ncia de l&#8217;alumnat a l&#8217;escola<\/strong><\/a> durant un per\u00edode de temps determinat a causa de malalties transmissibles.<\/p>\n<h4><\/h4>\n<h4><strong>INFANTS AMB AL\u00b7L\u00c8RGIES ALIMENT\u00c0RIES I\/O AL L\u00c0TEX<\/strong><\/h4>\n<p>La fam\u00edlia de l&#8217;alumne amb al\u00b7l\u00e8rgia aliment\u00e0ria i\/o al l\u00e0tex ha d&#8217;informar-ne els responsables del centre educatiu a l&#8217;inici de l&#8217;escolaritzaci\u00f3 o tan aviat com en tingui coneixement.<\/p>\n<p>El protocol del Departament d&#8217;Ensenyament marca que la fam\u00edlia ha d&#8217;aportar a la direcci\u00f3 del centre la\u00a0<strong>documentaci\u00f3<\/strong>\u00a0seg\u00fcent:<\/p>\n<ul>\n<li><strong>Informe m\u00e8dic\u00a0<\/strong>signat per l&#8217;equip sanitari responsable, on han de constar totes les dades de la malaltia de l&#8217;infant, les actuacions que cal fer i els tel\u00e8fons dels referents sanitaris.<\/li>\n<li>Impr\u00e8s signat amb la\u00a0<strong>recollida d&#8217;informaci\u00f3<\/strong>\u00a0on es detalla el tipus d&#8217;al\u00b7l\u00e8rgia de l&#8217;alumne, les vies d&#8217;entrada i el tipus de reacci\u00f3 (<a href=\"https:\/\/documents.espai.educacio.gencat.cat\/FormularisModels\/SeguretatSalut\/A310.pdf\">annex 1<\/a>).<\/li>\n<li>Impr\u00e8s de\u00a0<strong>sol\u00b7licitud<\/strong>\u00a0signat i autoritzaci\u00f3 d&#8217;administraci\u00f3 de la medicaci\u00f3 prescrita i l&#8217;atenci\u00f3 espec\u00edfica prescrita i pautada pel metge o metgessa (<a href=\"https:\/\/documents.espai.educacio.gencat.cat\/FormularisModels\/SeguretatSalut\/A311.pdf\">annex 2<\/a>).<\/li>\n<li>Portar al centre la medicaci\u00f3 d&#8217;urg\u00e8ncia (injector d&#8217;adrenalina) aix\u00ed com la medicaci\u00f3 espec\u00edfica (prescrita i pautada pel metge o metgessa \/ al\u00b7lerg\u00f2leg o al\u00b7lerg\u00f2loga) i el material necessari per l&#8217;atenci\u00f3 de l&#8217;infant durant el temps d&#8217;activitat escolar.<\/li>\n<li>Etiquetar degudament la medicaci\u00f3 i el material per tal que s&#8217;identifiqui clarament a quin alumne pertany.<\/li>\n<li>Actualitzar l&#8217;informe m\u00e8dic i renovar el material relacionat amb el tractament quan sigui necessari i, com a m\u00ednim, una vegada a l&#8217;any.<\/li>\n<li>Col\u00b7laborar amb el centre educatiu en tot el necessari per controlar l&#8217;al\u00b7l\u00e8rgia de l&#8217;infant o jove.<\/li>\n<\/ul>\n<p>Aquesta informaci\u00f3 queda centralitzada a la direcci\u00f3 del centre, que prendr\u00e0 les mesures necess\u00e0ries.<\/p>\n<h4><\/h4>\n<h4><strong>RECOMANACIONS EN CAS DE PEDICULOSI (POLLS)<\/strong><\/h4>\n<p><img loading=\"lazy\" decoding=\"async\" class=\"aligncenter wp-image-1113\" src=\"http:\/\/agora.xtec.cat\/ceip-pau-casals-montmelo\/wp-content\/uploads\/usu1102\/2016\/09\/polls1.jpg\" alt=\"\" width=\"530\" height=\"749\" srcset=\"https:\/\/agora.xtec.cat\/ceip-pau-casals-montmelo\/wp-content\/uploads\/usu1102\/2016\/09\/polls1.jpg 1024w, https:\/\/agora.xtec.cat\/ceip-pau-casals-montmelo\/wp-content\/uploads\/usu1102\/2016\/09\/polls1-212x300.jpg 212w, https:\/\/agora.xtec.cat\/ceip-pau-casals-montmelo\/wp-content\/uploads\/usu1102\/2016\/09\/polls1-768x1086.jpg 768w, https:\/\/agora.xtec.cat\/ceip-pau-casals-montmelo\/wp-content\/uploads\/usu1102\/2016\/09\/polls1-724x1024.jpg 724w\" sizes=\"auto, (max-width: 530px) 100vw, 530px\" \/><\/p>\n<p>M\u00e9s informaci\u00f3\u00a0<a href=\"https:\/\/www.diba.cat\/web\/salutpublica\/-\/poll-del-cap\" target=\"_blank\" rel=\"noopener noreferrer\">aqu\u00ed<\/a><\/p>\n","protected":false},"excerpt":{"rendered":"<p>MEDICAMENTS Sempre que el\/la vostre\/a fill\/a hagi de prendre medicaci\u00f3, \u00e9s millor que sigui la fam\u00edlia qui l\u2019administri. En cas que aix\u00f2 no fos possible s\u2019haur\u00e0 d&#8217;emplenar\u00a0l\u2019impr\u00e8s d&#8217;autoritzaci\u00f3 d&#8217;administraci\u00f3 de medicaments, aix\u00ed com aportar la recepta o informe m\u00e8dic on hi consti la pauta i el nom del medicament. ATENCI\u00d3: L&#8217;autoritzaci\u00f3 ser\u00e0 la mateixa tant [&hellip;]<\/p>\n","protected":false},"author":1,"featured_media":0,"parent":22,"menu_order":80,"comment_status":"closed","ping_status":"closed","template":"page-templates\/side-menu.php","meta":{"_bbp_topic_count":0,"_bbp_reply_count":0,"_bbp_total_topic_count":0,"_bbp_total_reply_count":0,"_bbp_voice_count":0,"_bbp_anonymous_reply_count":0,"_bbp_topic_count_hidden":0,"_bbp_reply_count_hidden":0,"_bbp_forum_subforum_count":0,"site-sidebar-layout":"default","site-content-layout":"","ast-site-content-layout":"","site-content-style":"default","site-sidebar-style":"default","ast-global-header-display":"","ast-banner-title-visibility":"","ast-main-header-display":"","ast-hfb-above-header-display":"","ast-hfb-below-header-display":"","ast-hfb-mobile-header-display":"","site-post-title":"","ast-breadcrumbs-content":"","ast-featured-img":"","footer-sml-layout":"","theme-transparent-header-meta":"","adv-header-id-meta":"","stick-header-meta":"","header-above-stick-meta":"","header-main-stick-meta":"","header-below-stick-meta":"","astra-migrate-meta-layouts":"default","ast-page-background-enabled":"default","ast-page-background-meta":{"desktop":{"background-color":"var(--ast-global-color-4)","background-image":"","background-repeat":"repeat","background-position":"center center","background-size":"auto","background-attachment":"scroll","background-type":"","background-media":"","overlay-type":"","overlay-color":"","overlay-opacity":"","overlay-gradient":""},"tablet":{"background-color":"","background-image":"","background-repeat":"repeat","background-position":"center center","background-size":"auto","background-attachment":"scroll","background-type":"","background-media":"","overlay-type":"","overlay-color":"","overlay-opacity":"","overlay-gradient":""},"mobile":{"background-color":"","background-image":"","background-repeat":"repeat","background-position":"center center","background-size":"auto","background-attachment":"scroll","background-type":"","background-media":"","overlay-type":"","overlay-color":"","overlay-opacity":"","overlay-gradient":""}},"ast-content-background-meta":{"desktop":{"background-color":"var(--ast-global-color-5)","background-image":"","background-repeat":"repeat","background-position":"center center","background-size":"auto","background-attachment":"scroll","background-type":"","background-media":"","overlay-type":"","overlay-color":"","overlay-opacity":"","overlay-gradient":""},"tablet":{"background-color":"var(--ast-global-color-5)","background-image":"","background-repeat":"repeat","background-position":"center center","background-size":"auto","background-attachment":"scroll","background-type":"","background-media":"","overlay-type":"","overlay-color":"","overlay-opacity":"","overlay-gradient":""},"mobile":{"background-color":"var(--ast-global-color-5)","background-image":"","background-repeat":"repeat","background-position":"center center","background-size":"auto","background-attachment":"scroll","background-type":"","background-media":"","overlay-type":"","overlay-color":"","overlay-opacity":"","overlay-gradient":""}},"footnotes":""},"class_list":["post-38","page","type-page","status-publish","hentry"],"post_mailing_queue_ids":[],"_links":{"self":[{"href":"https:\/\/agora.xtec.cat\/ceip-pau-casals-montmelo\/wp-json\/wp\/v2\/pages\/38","targetHints":{"allow":["GET"]}}],"collection":[{"href":"https:\/\/agora.xtec.cat\/ceip-pau-casals-montmelo\/wp-json\/wp\/v2\/pages"}],"about":[{"href":"https:\/\/agora.xtec.cat\/ceip-pau-casals-montmelo\/wp-json\/wp\/v2\/types\/page"}],"author":[{"embeddable":true,"href":"https:\/\/agora.xtec.cat\/ceip-pau-casals-montmelo\/wp-json\/wp\/v2\/users\/1"}],"replies":[{"embeddable":true,"href":"https:\/\/agora.xtec.cat\/ceip-pau-casals-montmelo\/wp-json\/wp\/v2\/comments?post=38"}],"version-history":[{"count":5,"href":"https:\/\/agora.xtec.cat\/ceip-pau-casals-montmelo\/wp-json\/wp\/v2\/pages\/38\/revisions"}],"predecessor-version":[{"id":474,"href":"https:\/\/agora.xtec.cat\/ceip-pau-casals-montmelo\/wp-json\/wp\/v2\/pages\/38\/revisions\/474"}],"up":[{"embeddable":true,"href":"https:\/\/agora.xtec.cat\/ceip-pau-casals-montmelo\/wp-json\/wp\/v2\/pages\/22"}],"wp:attachment":[{"href":"https:\/\/agora.xtec.cat\/ceip-pau-casals-montmelo\/wp-json\/wp\/v2\/media?parent=38"}],"curies":[{"name":"wp","href":"https:\/\/api.w.org\/{rel}","templated":true}]}}