{"id":32,"date":"2014-09-18T12:31:33","date_gmt":"2014-09-18T11:31:33","guid":{"rendered":"http:\/\/agora.xtec.cat\/ceip-pau-casals-montmelo\/?page_id=32"},"modified":"2025-10-16T11:34:48","modified_gmt":"2025-10-16T09:34:48","slug":"calendari-del-curs","status":"publish","type":"page","link":"https:\/\/agora.xtec.cat\/ceip-pau-casals-montmelo\/lescola\/calendari-del-curs\/","title":{"rendered":"Calendari del curs"},"content":{"rendered":"<h4><img loading=\"lazy\" decoding=\"async\" class=\"aligncenter size-full wp-image-22410\" src=\"https:\/\/agora.xtec.cat\/ceip-pau-casals-montmelo\/wp-content\/uploads\/usu1102\/2025\/07\/IMATGE-CALENDARI.png\" alt=\"\" width=\"1312\" height=\"844\" srcset=\"https:\/\/agora.xtec.cat\/ceip-pau-casals-montmelo\/wp-content\/uploads\/usu1102\/2025\/07\/IMATGE-CALENDARI.png 1312w, https:\/\/agora.xtec.cat\/ceip-pau-casals-montmelo\/wp-content\/uploads\/usu1102\/2025\/07\/IMATGE-CALENDARI-300x193.png 300w, https:\/\/agora.xtec.cat\/ceip-pau-casals-montmelo\/wp-content\/uploads\/usu1102\/2025\/07\/IMATGE-CALENDARI-1024x659.png 1024w, https:\/\/agora.xtec.cat\/ceip-pau-casals-montmelo\/wp-content\/uploads\/usu1102\/2025\/07\/IMATGE-CALENDARI-768x494.png 768w\" sizes=\"auto, (max-width: 1312px) 100vw, 1312px\" \/><\/h4>\n<h4><a href=\"https:\/\/drive.google.com\/file\/d\/1hLAl650JtWuEWi0PbGUmvWz1jVVtRpTm\/view?usp=sharing\"><strong>Acc\u00e9s calendari en pdf<\/strong><\/a><\/h4>\n<p>&nbsp;<\/p>\n<table style=\"width: 46.4494%; border-style: solid; border-color: #9e6060;\">\n<tbody>\n<tr>\n<td style=\"width: 100%; border-style: solid; border-color: #9e6060;\"><strong>PRIMER TRIMESTRE<\/strong><\/td>\n<\/tr>\n<\/tbody>\n<\/table>\n<table style=\"height: 291px; width: 46.553%; border-style: solid; border-color: #9e6060;\">\n<tbody>\n<tr style=\"height: 31px;\">\n<td style=\"width: 20.2405%; height: 64px; border-style: solid; border-color: #9e6060;\" rowspan=\"2\">SETEMBRE<\/td>\n<td style=\"height: 31px; width: 24.8259%; border-style: solid; border-color: #9e6060;\">dilluns 8<\/td>\n<td style=\"height: 31px; width: 81.3936%; border-style: solid; border-color: #9e6060;\">Inici de curs<\/td>\n<\/tr>\n<tr style=\"height: 33px;\">\n<td style=\"width: 24.8259%; height: 33px; border-style: solid; border-color: #9e6060;\">dilluns 11<\/td>\n<td style=\"width: 81.3936%; height: 33px; border-style: solid; border-color: #9e6060;\">Festiu<\/td>\n<\/tr>\n<tr style=\"height: 36px;\">\n<td style=\"width: 20.2405%; height: 36px; border-style: solid; border-color: #9e6060;\">OCTUBRE<\/td>\n<td style=\"width: 24.8259%; height: 36px; border-style: solid; border-color: #9e6060;\">divendres 10<\/td>\n<td style=\"width: 81.3936%; height: 36px; border-style: solid; border-color: #9e6060;\">Festa de lliure disposici\u00f3<\/td>\n<\/tr>\n<tr style=\"height: 31px;\">\n<td style=\"height: 67px; width: 20.2405%; border-style: solid; border-color: #9e6060;\">NOVEMBRE<\/td>\n<td style=\"width: 24.8259%; height: 36px; border-style: solid; border-color: #9e6060;\">dilluns 3<\/td>\n<td style=\"width: 81.3936%; height: 36px; border-style: solid; border-color: #9e6060;\">Festa de lliure disposici\u00f3<\/td>\n<\/tr>\n<tr style=\"height: 31px;\">\n<td style=\"height: 124px; width: 20.2405%; border-style: solid; border-color: #9e6060;\" rowspan=\"4\">DESEMBRE<\/td>\n<td style=\"height: 31px; width: 24.8259%; border-style: solid; border-color: #9e6060;\">divendres 5<\/td>\n<td style=\"height: 31px; width: 81.3936%; border-style: solid; border-color: #9e6060;\">Festa de lliure disposici\u00f3<\/td>\n<\/tr>\n<tr style=\"height: 31px;\">\n<td style=\"height: 31px; width: 24.8259%; border-style: solid; border-color: #9e6060;\">dilluns 8<\/td>\n<td style=\"height: 31px; width: 81.3936%; border-style: solid; border-color: #9e6060;\">Festiu<\/td>\n<\/tr>\n<tr style=\"height: 31px;\">\n<td style=\"height: 31px; width: 24.8259%; border-style: solid; border-color: #9e6060;\">divendres 19<\/td>\n<td style=\"height: 31px; width: 81.3936%; border-style: solid; border-color: #9e6060;\">Darrer dia del trimestre (jornada compactada: horari de 9h a 13h)<\/td>\n<\/tr>\n<tr style=\"height: 31px;\">\n<td style=\"height: 31px; width: 106.22%; border-style: solid; border-color: #9e6060;\" colspan=\"2\">del 20 de desembre al 7 de gener: vacances de Nadal<\/td>\n<\/tr>\n<\/tbody>\n<\/table>\n<p>&nbsp;<\/p>\n<table style=\"height: 31px; width: 46.5479%; border-style: solid; border-color: #9e6060;\">\n<tbody>\n<tr style=\"height: 31px;\">\n<td style=\"height: 31px; width: 100%; border-style: solid; border-color: #9e6060;\"><strong>SEGON TRIMESTRE<\/strong><\/td>\n<\/tr>\n<\/tbody>\n<\/table>\n<table style=\"height: 113px; width: 46.0324%; border-style: solid; border-color: #9e6060;\">\n<tbody>\n<tr style=\"height: 32px;\">\n<td style=\"height: 32px; width: 17.6334%; border-style: solid; border-color: #9e6060;\">GENER<\/td>\n<td style=\"height: 32px; width: 27.8422%; border-style: solid; border-color: #9e6060;\">dijous 8<\/td>\n<td style=\"height: 32px; width: 99.3039%; border-style: solid; border-color: #9e6060;\">Primer dia del trimestre<\/td>\n<\/tr>\n<tr style=\"height: 32px;\">\n<td style=\"height: 32px; width: 17.6334%; border-style: solid; border-color: #9e6060;\">FEBRER<\/td>\n<td style=\"height: 32px; width: 27.8422%; border-style: solid; border-color: #9e6060;\">dilluns 16<\/td>\n<td style=\"height: 32px; width: 99.3039%; border-style: solid; border-color: #9e6060;\">Festa de lliure disposici\u00f3<\/td>\n<\/tr>\n<tr style=\"height: 49px;\">\n<td style=\"width: 17.6334%; height: 49px; border-style: solid; border-color: #9e6060;\">MAR\u00c7\/ABRIL<\/td>\n<td style=\"width: 127.146%; height: 49px; border-style: solid; border-color: #9e6060;\" colspan=\"2\">del 28 de mar\u00e7 al 6 d&#8217;abril: vacances de Setmana Santa<\/td>\n<\/tr>\n<\/tbody>\n<\/table>\n<p>&nbsp;<\/p>\n<table style=\"width: 46.3093%; border-style: solid; border-color: #9e6060;\">\n<tbody>\n<tr>\n<td style=\"width: 100%; border-style: solid; border-color: #9e6060;\"><strong>TERCER TRIMESTRE<\/strong><\/td>\n<\/tr>\n<\/tbody>\n<\/table>\n<table style=\"height: 231px; width: 46.4325%; border-style: solid; border-color: #9e6060;\">\n<tbody>\n<tr style=\"height: 33px;\">\n<td style=\"width: 16.129%; height: 66px; border-style: solid; border-color: #9e6060;\">ABRIL<\/td>\n<td style=\"width: 29.5699%; height: 66px; border-style: solid; border-color: #9e6060;\">dimarts 7<\/td>\n<td style=\"width: 110.341%; height: 66px; border-style: solid; border-color: #9e6060;\">Primer dia del trimestre<\/td>\n<\/tr>\n<tr style=\"height: 33px;\">\n<td style=\"width: 16.129%; height: 99px; border-style: solid; border-color: #9e6060;\" rowspan=\"3\">MAIG<\/td>\n<td style=\"width: 29.5699%; height: 33px; border-style: solid; border-color: #9e6060;\">divendres 1<\/td>\n<td style=\"width: 110.341%; height: 33px; border-style: solid; border-color: #9e6060;\">Festiu<\/td>\n<\/tr>\n<tr style=\"height: 33px;\">\n<td style=\"width: 29.5699%; height: 33px; border-style: solid; border-color: #9e6060;\">dilluns 4<\/td>\n<td style=\"width: 110.341%; height: 33px; border-style: solid; border-color: #9e6060;\">Festa de lliure disposici\u00f3<\/td>\n<\/tr>\n<tr style=\"height: 33px;\">\n<td style=\"width: 29.5699%; height: 33px; border-style: solid; border-color: #9e6060;\">dilluns 25<\/td>\n<td style=\"width: 110.341%; height: 33px; border-style: solid; border-color: #9e6060;\">Festiu<\/td>\n<\/tr>\n<tr style=\"height: 33px;\">\n<td style=\"width: 16.129%; height: 66px; border-style: solid; border-color: #9e6060;\" rowspan=\"2\">JUNY<\/td>\n<td style=\"height: 33px; width: 139.911%; border-style: solid; border-color: #9e6060;\" colspan=\"2\">del 8 al 19 jornada compactada (de 9h a 13h)<\/td>\n<\/tr>\n<tr style=\"height: 33px;\">\n<td style=\"width: 29.5699%; height: 33px; border-style: solid; border-color: #9e6060;\">divendres 19<\/td>\n<td style=\"width: 110.341%; height: 33px; border-style: solid; border-color: #9e6060;\">Darrer dia del curs<\/td>\n<\/tr>\n<\/tbody>\n<\/table>\n","protected":false},"excerpt":{"rendered":"<p>Acc\u00e9s calendari en pdf &nbsp; PRIMER TRIMESTRE SETEMBRE dilluns 8 Inici de curs dilluns 11 Festiu OCTUBRE divendres 10 Festa de lliure disposici\u00f3 NOVEMBRE dilluns 3 Festa de lliure disposici\u00f3 DESEMBRE divendres 5 Festa de lliure disposici\u00f3 dilluns 8 Festiu divendres 19 Darrer dia del trimestre (jornada compactada: horari de 9h a 13h) del 20 [&hellip;]<\/p>\n","protected":false},"author":1,"featured_media":0,"parent":22,"menu_order":50,"comment_status":"closed","ping_status":"closed","template":"","meta":{"_bbp_topic_count":0,"_bbp_reply_count":0,"_bbp_total_topic_count":0,"_bbp_total_reply_count":0,"_bbp_voice_count":0,"_bbp_anonymous_reply_count":0,"_bbp_topic_count_hidden":0,"_bbp_reply_count_hidden":0,"_bbp_forum_subforum_count":0,"site-sidebar-layout":"default","site-content-layout":"","ast-site-content-layout":"default","site-content-style":"default","site-sidebar-style":"default","ast-global-header-display":"","ast-banner-title-visibility":"","ast-main-header-display":"","ast-hfb-above-header-display":"","ast-hfb-below-header-display":"","ast-hfb-mobile-header-display":"","site-post-title":"","ast-breadcrumbs-content":"","ast-featured-img":"","footer-sml-layout":"","theme-transparent-header-meta":"default","adv-header-id-meta":"","stick-header-meta":"","header-above-stick-meta":"","header-main-stick-meta":"","header-below-stick-meta":"","astra-migrate-meta-layouts":"set","ast-page-background-enabled":"default","ast-page-background-meta":{"desktop":{"background-color":"var(--ast-global-color-4)","background-image":"","background-repeat":"repeat","background-position":"center center","background-size":"auto","background-attachment":"scroll","background-type":"","background-media":"","overlay-type":"","overlay-color":"","overlay-opacity":"","overlay-gradient":""},"tablet":{"background-color":"","background-image":"","background-repeat":"repeat","background-position":"center center","background-size":"auto","background-attachment":"scroll","background-type":"","background-media":"","overlay-type":"","overlay-color":"","overlay-opacity":"","overlay-gradient":""},"mobile":{"background-color":"","background-image":"","background-repeat":"repeat","background-position":"center center","background-size":"auto","background-attachment":"scroll","background-type":"","background-media":"","overlay-type":"","overlay-color":"","overlay-opacity":"","overlay-gradient":""}},"ast-content-background-meta":{"desktop":{"background-color":"var(--ast-global-color-5)","background-image":"","background-repeat":"repeat","background-position":"center center","background-size":"auto","background-attachment":"scroll","background-type":"","background-media":"","overlay-type":"","overlay-color":"","overlay-opacity":"","overlay-gradient":""},"tablet":{"background-color":"var(--ast-global-color-5)","background-image":"","background-repeat":"repeat","background-position":"center center","background-size":"auto","background-attachment":"scroll","background-type":"","background-media":"","overlay-type":"","overlay-color":"","overlay-opacity":"","overlay-gradient":""},"mobile":{"background-color":"var(--ast-global-color-5)","background-image":"","background-repeat":"repeat","background-position":"center center","background-size":"auto","background-attachment":"scroll","background-type":"","background-media":"","overlay-type":"","overlay-color":"","overlay-opacity":"","overlay-gradient":""}},"footnotes":""},"class_list":["post-32","page","type-page","status-publish","hentry"],"post_mailing_queue_ids":[],"_links":{"self":[{"href":"https:\/\/agora.xtec.cat\/ceip-pau-casals-montmelo\/wp-json\/wp\/v2\/pages\/32","targetHints":{"allow":["GET"]}}],"collection":[{"href":"https:\/\/agora.xtec.cat\/ceip-pau-casals-montmelo\/wp-json\/wp\/v2\/pages"}],"about":[{"href":"https:\/\/agora.xtec.cat\/ceip-pau-casals-montmelo\/wp-json\/wp\/v2\/types\/page"}],"author":[{"embeddable":true,"href":"https:\/\/agora.xtec.cat\/ceip-pau-casals-montmelo\/wp-json\/wp\/v2\/users\/1"}],"replies":[{"embeddable":true,"href":"https:\/\/agora.xtec.cat\/ceip-pau-casals-montmelo\/wp-json\/wp\/v2\/comments?post=32"}],"version-history":[{"count":6,"href":"https:\/\/agora.xtec.cat\/ceip-pau-casals-montmelo\/wp-json\/wp\/v2\/pages\/32\/revisions"}],"predecessor-version":[{"id":22542,"href":"https:\/\/agora.xtec.cat\/ceip-pau-casals-montmelo\/wp-json\/wp\/v2\/pages\/32\/revisions\/22542"}],"up":[{"embeddable":true,"href":"https:\/\/agora.xtec.cat\/ceip-pau-casals-montmelo\/wp-json\/wp\/v2\/pages\/22"}],"wp:attachment":[{"href":"https:\/\/agora.xtec.cat\/ceip-pau-casals-montmelo\/wp-json\/wp\/v2\/media?parent=32"}],"curies":[{"name":"wp","href":"https:\/\/api.w.org\/{rel}","templated":true}]}}