{"id":28,"date":"2014-09-18T12:29:35","date_gmt":"2014-09-18T11:29:35","guid":{"rendered":"http:\/\/agora.xtec.cat\/ceip-pau-casals-montmelo\/?page_id=28"},"modified":"2025-11-27T10:21:55","modified_gmt":"2025-11-27T09:21:55","slug":"consell-escolar","status":"publish","type":"page","link":"https:\/\/agora.xtec.cat\/ceip-pau-casals-montmelo\/lescola\/consell-escolar\/","title":{"rendered":"Consell escolar"},"content":{"rendered":"<p style=\"text-align: justify;\"><a href=\"http:\/\/agora.xtec.cat\/ceip-pau-casals-montmelo\/wp-content\/uploads\/usu1102\/2014\/09\/consellescolar.jpg\"><img loading=\"lazy\" decoding=\"async\" class=\" wp-image-610 alignright\" src=\"http:\/\/agora.xtec.cat\/ceip-pau-casals-montmelo\/wp-content\/uploads\/usu1102\/2014\/09\/consellescolar.jpg\" alt=\"consellescolar\" width=\"353\" height=\"249\" srcset=\"https:\/\/agora.xtec.cat\/ceip-pau-casals-montmelo\/wp-content\/uploads\/usu1102\/2014\/09\/consellescolar.jpg 421w, https:\/\/agora.xtec.cat\/ceip-pau-casals-montmelo\/wp-content\/uploads\/usu1102\/2014\/09\/consellescolar-300x212.jpg 300w\" sizes=\"auto, (max-width: 353px) 100vw, 353px\" \/><\/a>El Consell Escolar \u00e9s l&#8217;\u00f2rgan col\u00b7legiat de participaci\u00f3 de la comunitat escolar en el govern del centre.\u00a0 Hi han de ser representats tots els membres de la comunitat educativa: mestres, fam\u00edlies, AFA, personal d&#8217;administraci\u00f3 i serveis i ajuntament de Montmel\u00f3.\u00a0 Els membres del Consell Escolar s\u00f3n nomenats per un per\u00edode de quatre anys.<\/p>\n<p style=\"text-align: justify;\">Per tal d&#8217;estar informats de tots els acords presos al Consell Escolar podeu adre\u00e7ar-vos al plaf\u00f3 de suro de l&#8217;entrada de l&#8217;escola o a <a href=\"https:\/\/agora.xtec.cat\/ceip-pau-casals-montmelo\/acords-consell-escolar\/\">aquest apartat de la web<\/a>.\u00a0 En el s\u00ed del consell es creen diverses comissions que permeten agilitar la feina del mateix.<\/p>\n<h4><span style=\"color: #087db5;\"><strong>MEMBRES DEL CONSELL ESCOLAR<\/strong><\/span><\/h4>\n<table style=\"height: 608px; width: 78.1216%; border-collapse: collapse; border-style: solid; border-color: #9e6060;\">\n<tbody>\n<tr style=\"height: 64px;\">\n<td style=\"width: 24.75%; height: 64px; border-style: solid; border-color: #9e6060; text-align: center;\"><strong>Cognoms, Nom<\/strong><\/td>\n<td style=\"width: 7.53455%; height: 64px; border-style: solid; border-color: #9e6060; text-align: center;\"><strong>Sector<\/strong><\/td>\n<td style=\"width: 7.07772%; height: 64px; border-style: solid; border-color: #9e6060; text-align: center;\"><strong>Comissi\u00f3 Econ\u00f2mica<\/strong><\/td>\n<td style=\"width: 7.48283%; height: 64px; border-style: solid; border-color: #9e6060; text-align: center;\"><strong>Comissi\u00f3 Permanent<\/strong><\/td>\n<td style=\"width: 13.2289%; height: 64px; border-style: solid; border-color: #9e6060; text-align: center;\"><strong>Comissi\u00f3 de Menjador<\/strong><\/td>\n<td style=\"width: 10.5365%; height: 64px; border-style: solid; border-color: #9e6060; text-align: center;\"><strong>Comissi\u00f3 de conviv\u00e8ncia<\/strong><\/td>\n<td style=\"width: 10.1533%; height: 64px; border-style: solid; border-color: #9e6060; text-align: center;\"><strong>Consell Escolar Municipal<\/strong><\/td>\n<\/tr>\n<tr style=\"height: 32px;\">\n<td style=\"width: 24.75%; height: 32px; border-style: solid; border-color: #9e6060;\">Rocha Garc\u00eda, Tania<\/td>\n<td style=\"width: 7.53455%; height: 32px; border-style: solid; border-color: #9e6060;\">AFA<\/td>\n<td style=\"width: 7.07772%; height: 32px; border-style: solid; border-color: #9e6060;\"><\/td>\n<td style=\"width: 7.48283%; height: 32px; border-style: solid; border-color: #9e6060;\"><\/td>\n<td style=\"width: 13.2289%; height: 32px; border-style: solid; border-color: #9e6060;\"><\/td>\n<td style=\"width: 10.5365%; height: 32px; border-style: solid; border-color: #9e6060;\">X<\/td>\n<td style=\"width: 10.1533%; height: 32px; border-style: solid; border-color: #9e6060;\">X<\/td>\n<\/tr>\n<tr style=\"height: 32px;\">\n<td style=\"width: 24.75%; height: 32px; border-style: solid; border-color: #9e6060;\">Tinoco Cuchillero, Yolanda<\/td>\n<td style=\"width: 7.53455%; height: 32px; border-style: solid; border-color: #9e6060;\">Pares\/Mares<\/td>\n<td style=\"width: 7.07772%; height: 32px; border-style: solid; border-color: #9e6060;\"><\/td>\n<td style=\"width: 7.48283%; height: 32px; border-style: solid; border-color: #9e6060;\">X<\/td>\n<td style=\"width: 13.2289%; height: 32px; border-style: solid; border-color: #9e6060;\"><\/td>\n<td style=\"width: 10.5365%; height: 32px; border-style: solid; border-color: #9e6060;\"><\/td>\n<td style=\"width: 10.1533%; height: 32px; border-style: solid; border-color: #9e6060;\"><\/td>\n<\/tr>\n<tr style=\"height: 32px;\">\n<td style=\"width: 24.75%; height: 32px; border-style: solid; border-color: #9e6060;\">Conde Anselmo, In\u00e9s<\/td>\n<td style=\"width: 7.53455%; height: 32px; border-style: solid; border-color: #9e6060;\">Pares\/Mares<\/td>\n<td style=\"width: 7.07772%; height: 32px; border-style: solid; border-color: #9e6060;\">X<\/td>\n<td style=\"width: 7.48283%; height: 32px; border-style: solid; border-color: #9e6060;\"><\/td>\n<td style=\"width: 13.2289%; height: 32px; border-style: solid; border-color: #9e6060;\"><\/td>\n<td style=\"width: 10.5365%; height: 32px; border-style: solid; border-color: #9e6060;\"><\/td>\n<td style=\"width: 10.1533%; height: 32px; border-style: solid; border-color: #9e6060;\">X<\/td>\n<\/tr>\n<tr style=\"height: 32px;\">\n<td style=\"width: 24.75%; height: 32px; border-style: solid; border-color: #9e6060;\">S\u00e1nchez Cabeza, Maite<\/td>\n<td style=\"width: 7.53455%; height: 32px; border-style: solid; border-color: #9e6060;\">Pares\/Mares<\/td>\n<td style=\"width: 7.07772%; height: 32px; border-style: solid; border-color: #9e6060;\"><\/td>\n<td style=\"width: 7.48283%; height: 32px; border-style: solid; border-color: #9e6060;\"><\/td>\n<td style=\"width: 13.2289%; height: 32px; border-style: solid; border-color: #9e6060;\"><\/td>\n<td style=\"width: 10.5365%; height: 32px; border-style: solid; border-color: #9e6060;\">X<\/td>\n<td style=\"width: 10.1533%; height: 32px; border-style: solid; border-color: #9e6060;\"><\/td>\n<\/tr>\n<tr style=\"height: 32px;\">\n<td style=\"width: 24.75%; height: 32px; border-style: solid; border-color: #9e6060;\">Ru\u00edz Caparr\u00f3s, Gemma<\/td>\n<td style=\"width: 7.53455%; height: 32px; border-style: solid; border-color: #9e6060;\">Pares\/Mares<\/td>\n<td style=\"width: 7.07772%; height: 32px; border-style: solid; border-color: #9e6060;\"><\/td>\n<td style=\"width: 7.48283%; height: 32px; border-style: solid; border-color: #9e6060;\"><\/td>\n<td style=\"width: 13.2289%; height: 32px; border-style: solid; border-color: #9e6060;\">X<\/td>\n<td style=\"width: 10.5365%; height: 32px; border-style: solid; border-color: #9e6060;\"><\/td>\n<td style=\"width: 10.1533%; height: 32px; border-style: solid; border-color: #9e6060;\"><\/td>\n<\/tr>\n<tr style=\"height: 32px;\">\n<td style=\"width: 24.75%; height: 32px; border-style: solid; border-color: #9e6060;\">Capdevila Gorrera, Olga<\/td>\n<td style=\"width: 7.53455%; height: 32px; border-style: solid; border-color: #9e6060;\">PAS<\/td>\n<td style=\"width: 7.07772%; height: 32px; border-style: solid; border-color: #9e6060;\"><\/td>\n<td style=\"width: 7.48283%; height: 32px; border-style: solid; border-color: #9e6060;\"><\/td>\n<td style=\"width: 13.2289%; height: 32px; border-style: solid; border-color: #9e6060;\"><\/td>\n<td style=\"width: 10.5365%; height: 32px; border-style: solid; border-color: #9e6060;\"><\/td>\n<td style=\"width: 10.1533%; height: 32px; border-style: solid; border-color: #9e6060;\"><\/td>\n<\/tr>\n<tr style=\"height: 32px;\">\n<td style=\"width: 24.75%; height: 32px; border-style: solid; border-color: #9e6060;\">Prieto, M\u00aa Jes\u00fas<\/td>\n<td style=\"width: 7.53455%; height: 32px; border-style: solid; border-color: #9e6060;\">Ajuntament<\/td>\n<td style=\"width: 7.07772%; height: 32px; border-style: solid; border-color: #9e6060;\">X<\/td>\n<td style=\"width: 7.48283%; height: 32px; border-style: solid; border-color: #9e6060;\">X<\/td>\n<td style=\"width: 13.2289%; height: 32px; border-style: solid; border-color: #9e6060;\"><\/td>\n<td style=\"width: 10.5365%; height: 32px; border-style: solid; border-color: #9e6060;\">X<\/td>\n<td style=\"width: 10.1533%; height: 32px; border-style: solid; border-color: #9e6060;\"><\/td>\n<\/tr>\n<tr style=\"height: 32px;\">\n<td style=\"width: 24.75%; height: 32px; border-style: solid; border-color: #9e6060;\">Casanova Domingo, Ant\u00f2nia<\/td>\n<td style=\"width: 7.53455%; height: 32px; border-style: solid; border-color: #9e6060;\">Mestres<\/td>\n<td style=\"width: 7.07772%; height: 32px; border-style: solid; border-color: #9e6060;\"><\/td>\n<td style=\"width: 7.48283%; height: 32px; border-style: solid; border-color: #9e6060;\">X<\/td>\n<td style=\"width: 13.2289%; height: 32px; border-style: solid; border-color: #9e6060;\"><\/td>\n<td style=\"width: 10.5365%; height: 32px; border-style: solid; border-color: #9e6060;\"><\/td>\n<td style=\"width: 10.1533%; height: 32px; border-style: solid; border-color: #9e6060;\"><\/td>\n<\/tr>\n<tr style=\"height: 32px;\">\n<td style=\"width: 24.75%; height: 32px; border-style: solid; border-color: #9e6060;\">Benedito Mestre, Marta<\/td>\n<td style=\"width: 7.53455%; height: 32px; border-style: solid; border-color: #9e6060;\">Mestres<\/td>\n<td style=\"width: 7.07772%; height: 32px; border-style: solid; border-color: #9e6060;\">X<\/td>\n<td style=\"width: 7.48283%; height: 32px; border-style: solid; border-color: #9e6060;\"><\/td>\n<td style=\"width: 13.2289%; height: 32px; border-style: solid; border-color: #9e6060;\"><\/td>\n<td style=\"width: 10.5365%; height: 32px; border-style: solid; border-color: #9e6060;\"><\/td>\n<td style=\"width: 10.1533%; height: 32px; border-style: solid; border-color: #9e6060;\"><\/td>\n<\/tr>\n<tr style=\"height: 32px;\">\n<td style=\"width: 24.75%; height: 32px; border-style: solid; border-color: #9e6060;\">L\u00f3pez S\u00e1nchez, Noemi<\/td>\n<td style=\"width: 7.53455%; height: 32px; border-style: solid; border-color: #9e6060;\">Mestres<\/td>\n<td style=\"width: 7.07772%; height: 32px; border-style: solid; border-color: #9e6060;\"><\/td>\n<td style=\"width: 7.48283%; height: 32px; border-style: solid; border-color: #9e6060;\"><\/td>\n<td style=\"width: 13.2289%; height: 32px; border-style: solid; border-color: #9e6060;\"><\/td>\n<td style=\"width: 10.5365%; height: 32px; border-style: solid; border-color: #9e6060;\"><\/td>\n<td style=\"width: 10.1533%; height: 32px; border-style: solid; border-color: #9e6060;\">X<\/td>\n<\/tr>\n<tr style=\"height: 32px;\">\n<td style=\"width: 24.75%; height: 32px; border-style: solid; border-color: #9e6060;\">Uy\u00e0 Verg\u00e9s, Gemma<\/td>\n<td style=\"width: 7.53455%; height: 32px; border-style: solid; border-color: #9e6060;\">Mestres<\/td>\n<td style=\"width: 7.07772%; height: 32px; border-style: solid; border-color: #9e6060;\"><\/td>\n<td style=\"width: 7.48283%; height: 32px; border-style: solid; border-color: #9e6060;\"><\/td>\n<td style=\"width: 13.2289%; height: 32px; border-style: solid; border-color: #9e6060;\"><\/td>\n<td style=\"width: 10.5365%; height: 32px; border-style: solid; border-color: #9e6060;\">X<\/td>\n<td style=\"width: 10.1533%; height: 32px; border-style: solid; border-color: #9e6060;\"><\/td>\n<\/tr>\n<tr style=\"height: 32px;\">\n<td style=\"width: 24.75%; height: 32px; border-style: solid; border-color: #9e6060;\">Planelles Fas, Ivan<\/td>\n<td style=\"width: 7.53455%; height: 32px; border-style: solid; border-color: #9e6060;\">Mestres<\/td>\n<td style=\"width: 7.07772%; height: 32px; border-style: solid; border-color: #9e6060;\"><\/td>\n<td style=\"width: 7.48283%; height: 32px; border-style: solid; border-color: #9e6060;\"><\/td>\n<td style=\"width: 13.2289%; height: 32px; border-style: solid; border-color: #9e6060;\">X<\/td>\n<td style=\"width: 10.5365%; height: 32px; border-style: solid; border-color: #9e6060;\"><\/td>\n<td style=\"width: 10.1533%; height: 32px; border-style: solid; border-color: #9e6060;\"><\/td>\n<\/tr>\n<tr style=\"height: 32px;\">\n<td style=\"width: 24.75%; height: 32px; border-style: solid; border-color: #9e6060;\">Vegas \u00c1lvarez, M\u00f3nica<\/td>\n<td style=\"width: 7.53455%; height: 32px; border-style: solid; border-color: #9e6060;\">Cap d&#8217;estudis<\/td>\n<td style=\"width: 7.07772%; height: 32px; border-style: solid; border-color: #9e6060;\"><\/td>\n<td style=\"width: 7.48283%; height: 32px; border-style: solid; border-color: #9e6060;\"><\/td>\n<td style=\"width: 13.2289%; height: 32px; border-style: solid; border-color: #9e6060;\">X<\/td>\n<td style=\"width: 10.5365%; height: 32px; border-style: solid; border-color: #9e6060;\">X<\/td>\n<td style=\"width: 10.1533%; height: 32px; border-style: solid; border-color: #9e6060;\">X<\/td>\n<\/tr>\n<tr style=\"height: 32px;\">\n<td style=\"width: 24.75%; height: 32px; border-style: solid; border-color: #9e6060;\">Pardo Garc\u00eda, Joana<\/td>\n<td style=\"width: 7.53455%; height: 32px; border-style: solid; border-color: #9e6060;\">Presidenta<\/td>\n<td style=\"width: 7.07772%; height: 32px; border-style: solid; border-color: #9e6060;\">X<\/td>\n<td style=\"width: 7.48283%; height: 32px; border-style: solid; border-color: #9e6060;\">X<\/td>\n<td style=\"width: 13.2289%; height: 32px; border-style: solid; border-color: #9e6060;\">X<\/td>\n<td style=\"width: 10.5365%; height: 32px; border-style: solid; border-color: #9e6060;\">X<\/td>\n<td style=\"width: 10.1533%; height: 32px; border-style: solid; border-color: #9e6060;\">X<\/td>\n<\/tr>\n<tr style=\"height: 32px;\">\n<td style=\"width: 24.75%; height: 32px; border-style: solid; border-color: #9e6060;\">Puig Castells, Marta<\/td>\n<td style=\"width: 7.53455%; height: 32px; border-style: solid; border-color: #9e6060;\">Secret\u00e0ria<\/td>\n<td style=\"width: 7.07772%; height: 32px; border-style: solid; border-color: #9e6060;\">X<\/td>\n<td style=\"width: 7.48283%; height: 32px; border-style: solid; border-color: #9e6060;\">X<\/td>\n<td style=\"width: 13.2289%; height: 32px; border-style: solid; border-color: #9e6060;\"><\/td>\n<td style=\"width: 10.5365%; height: 32px; border-style: solid; border-color: #9e6060;\">X<\/td>\n<td style=\"width: 10.1533%; height: 32px; border-style: solid; border-color: #9e6060;\"><\/td>\n<\/tr>\n<\/tbody>\n<\/table>\n<h4><\/h4>\n<h4><span style=\"color: #087db5;\"><strong>COMPET\u00c8NCIES DEL CONSELL ESCOLAR<\/strong><\/span><\/h4>\n<ul>\n<li>Aprovar el projecte educatiu i les modificacions corresponents per una majoria de tres cinquenes parts dels membres.<\/li>\n<li>Aprovar la programaci\u00f3 general anual del centre i avaluar-ne el desenvolupament i els resultats.<\/li>\n<li>Aprovar les propostes d&#8217;acords de coresponsabilitat, convenis i altres acords de col\u00b7laboraci\u00f3 del centre amb entitats o institucions.<\/li>\n<li>Aprovar les normes d&#8217;organitzaci\u00f3 i funcionament i les modificacions corresponents.<\/li>\n<li>Aprovar la carta de comprom\u00eds educatiu.<\/li>\n<li>Aprovar el pressupost del centre i el rendiment de comptes.<\/li>\n<li>Intervenir en el procediment d&#8217;admissi\u00f3 d&#8217;alumnes.<\/li>\n<li>Participar en el procediment de selecci\u00f3 i en la proposta de cessament del director o directora.<\/li>\n<li>Intervenir en la resoluci\u00f3 dels conflictes i, si escau, revisar les sancions als alumnes.<\/li>\n<li>Aprovar les directrius per a la programaci\u00f3 d&#8217;activitats escolars complement\u00e0ries i d&#8217;activitats extraescolars, i avaluar-ne el desenvolupament.<\/li>\n<li>Participar en les an\u00e0lisis i les avaluacions del funcionament general del centre i con\u00e8ixer l&#8217;evoluci\u00f3 del rendiment escolar.<\/li>\n<li>Aprovar els criteris de col\u00b7laboraci\u00f3 amb altres centres i amb l&#8217;entorn.<\/li>\n<li>Qualsevol altra que li sigui atribu\u00efda per les normes legals o reglament\u00e0ries.<\/li>\n<\/ul>\n","protected":false},"excerpt":{"rendered":"<p>El Consell Escolar \u00e9s l&#8217;\u00f2rgan col\u00b7legiat de participaci\u00f3 de la comunitat escolar en el govern del centre.\u00a0 Hi han de ser representats tots els membres de la comunitat educativa: mestres, fam\u00edlies, AFA, personal d&#8217;administraci\u00f3 i serveis i ajuntament de Montmel\u00f3.\u00a0 Els membres del Consell Escolar s\u00f3n nomenats per un per\u00edode de quatre anys. Per tal [&hellip;]<\/p>\n","protected":false},"author":1,"featured_media":0,"parent":22,"menu_order":30,"comment_status":"closed","ping_status":"closed","template":"","meta":{"_bbp_topic_count":0,"_bbp_reply_count":0,"_bbp_total_topic_count":0,"_bbp_total_reply_count":0,"_bbp_voice_count":0,"_bbp_anonymous_reply_count":0,"_bbp_topic_count_hidden":0,"_bbp_reply_count_hidden":0,"_bbp_forum_subforum_count":0,"site-sidebar-layout":"default","site-content-layout":"","ast-site-content-layout":"default","site-content-style":"default","site-sidebar-style":"default","ast-global-header-display":"","ast-banner-title-visibility":"","ast-main-header-display":"","ast-hfb-above-header-display":"","ast-hfb-below-header-display":"","ast-hfb-mobile-header-display":"","site-post-title":"","ast-breadcrumbs-content":"","ast-featured-img":"","footer-sml-layout":"","theme-transparent-header-meta":"default","adv-header-id-meta":"","stick-header-meta":"","header-above-stick-meta":"","header-main-stick-meta":"","header-below-stick-meta":"","astra-migrate-meta-layouts":"set","ast-page-background-enabled":"default","ast-page-background-meta":{"desktop":{"background-color":"var(--ast-global-color-4)","background-image":"","background-repeat":"repeat","background-position":"center center","background-size":"auto","background-attachment":"scroll","background-type":"","background-media":"","overlay-type":"","overlay-color":"","overlay-opacity":"","overlay-gradient":""},"tablet":{"background-color":"","background-image":"","background-repeat":"repeat","background-position":"center center","background-size":"auto","background-attachment":"scroll","background-type":"","background-media":"","overlay-type":"","overlay-color":"","overlay-opacity":"","overlay-gradient":""},"mobile":{"background-color":"","background-image":"","background-repeat":"repeat","background-position":"center center","background-size":"auto","background-attachment":"scroll","background-type":"","background-media":"","overlay-type":"","overlay-color":"","overlay-opacity":"","overlay-gradient":""}},"ast-content-background-meta":{"desktop":{"background-color":"var(--ast-global-color-5)","background-image":"","background-repeat":"repeat","background-position":"center center","background-size":"auto","background-attachment":"scroll","background-type":"","background-media":"","overlay-type":"","overlay-color":"","overlay-opacity":"","overlay-gradient":""},"tablet":{"background-color":"var(--ast-global-color-5)","background-image":"","background-repeat":"repeat","background-position":"center center","background-size":"auto","background-attachment":"scroll","background-type":"","background-media":"","overlay-type":"","overlay-color":"","overlay-opacity":"","overlay-gradient":""},"mobile":{"background-color":"var(--ast-global-color-5)","background-image":"","background-repeat":"repeat","background-position":"center center","background-size":"auto","background-attachment":"scroll","background-type":"","background-media":"","overlay-type":"","overlay-color":"","overlay-opacity":"","overlay-gradient":""}},"footnotes":""},"class_list":["post-28","page","type-page","status-publish","hentry"],"post_mailing_queue_ids":[],"_links":{"self":[{"href":"https:\/\/agora.xtec.cat\/ceip-pau-casals-montmelo\/wp-json\/wp\/v2\/pages\/28","targetHints":{"allow":["GET"]}}],"collection":[{"href":"https:\/\/agora.xtec.cat\/ceip-pau-casals-montmelo\/wp-json\/wp\/v2\/pages"}],"about":[{"href":"https:\/\/agora.xtec.cat\/ceip-pau-casals-montmelo\/wp-json\/wp\/v2\/types\/page"}],"author":[{"embeddable":true,"href":"https:\/\/agora.xtec.cat\/ceip-pau-casals-montmelo\/wp-json\/wp\/v2\/users\/1"}],"replies":[{"embeddable":true,"href":"https:\/\/agora.xtec.cat\/ceip-pau-casals-montmelo\/wp-json\/wp\/v2\/comments?post=28"}],"version-history":[{"count":7,"href":"https:\/\/agora.xtec.cat\/ceip-pau-casals-montmelo\/wp-json\/wp\/v2\/pages\/28\/revisions"}],"predecessor-version":[{"id":22643,"href":"https:\/\/agora.xtec.cat\/ceip-pau-casals-montmelo\/wp-json\/wp\/v2\/pages\/28\/revisions\/22643"}],"up":[{"embeddable":true,"href":"https:\/\/agora.xtec.cat\/ceip-pau-casals-montmelo\/wp-json\/wp\/v2\/pages\/22"}],"wp:attachment":[{"href":"https:\/\/agora.xtec.cat\/ceip-pau-casals-montmelo\/wp-json\/wp\/v2\/media?parent=28"}],"curies":[{"name":"wp","href":"https:\/\/api.w.org\/{rel}","templated":true}]}}