{"id":26,"date":"2014-09-18T12:24:32","date_gmt":"2014-09-18T11:24:32","guid":{"rendered":"http:\/\/agora.xtec.cat\/ceip-pau-casals-montmelo\/?page_id=26"},"modified":"2016-06-27T11:37:40","modified_gmt":"2016-06-27T10:37:40","slug":"historia","status":"publish","type":"page","link":"https:\/\/agora.xtec.cat\/ceip-pau-casals-montmelo\/lescola\/historia\/","title":{"rendered":"Hist\u00f2ria"},"content":{"rendered":"<h3><strong><a href=\"http:\/\/agora.xtec.cat\/ceip-pau-casals-montmelo\/wp-content\/uploads\/usu1102\/2016\/04\/CASALS-ORIGINAL-AQUARELA.jpg\"><img loading=\"lazy\" decoding=\"async\" class=\" wp-image-442 alignright\" src=\"http:\/\/agora.xtec.cat\/ceip-pau-casals-montmelo\/wp-content\/uploads\/usu1102\/2016\/04\/CASALS-ORIGINAL-AQUARELA.jpg\" alt=\"CASALS-ORIGINAL-AQUARELA\" width=\"253\" height=\"383\" srcset=\"https:\/\/agora.xtec.cat\/ceip-pau-casals-montmelo\/wp-content\/uploads\/usu1102\/2016\/04\/CASALS-ORIGINAL-AQUARELA.jpg 670w, https:\/\/agora.xtec.cat\/ceip-pau-casals-montmelo\/wp-content\/uploads\/usu1102\/2016\/04\/CASALS-ORIGINAL-AQUARELA-198x300.jpg 198w\" sizes=\"auto, (max-width: 253px) 100vw, 253px\" \/><\/a>En Pauet<\/strong><\/h3>\n<p align=\"left\"><span style=\"color: #000000; font-family: 'Comic Sans MS'; font-size: large;\">Hola, em dic Pauet i s\u00f3c la mascota de l&#8217;escola PAU CASALS.<\/span><\/p>\n<p align=\"justify\"><span style=\"color: #000000; font-family: 'Comic Sans MS'; font-size: large;\">Vaig n\u00e9ixer l&#8217;any 1996, en ocasi\u00f3 del 10\u00e8 aniversari del nou edifici, de la m\u00e0 del dibuixant Joan Rafart, pare d&#8217;una mestra de l&#8217;escola.<\/span><\/p>\n<p align=\"justify\"><span style=\"color: #000000; font-family: 'Comic Sans MS'; font-size: large;\">Des de llavors he portat una vida camale\u00f2nica adoptant mil i una personalitats sorgides de la imaginaci\u00f3 de la Cap d&#8217;estudis i de les necessitats de les persones del centre.<\/span><\/p>\n<p align=\"justify\"><span style=\"color: #000000; font-family: 'Comic Sans MS'; font-size: large;\">Durant la teva visita podr\u00e0s veure&#8217;m caracteritzat per a les diferents ocasions: carnaval, mercats solidaris, setmanes culturals, cuiner&#8230; Sempre s\u00f3c present a la vida social del centre.<\/span><\/p>\n<p><span style=\"color: #000000; font-family: 'Comic Sans MS'; font-size: large;\">L&#8217;any 2001, amb motiu del 25 aniversari del centre, van decidir que havia de deixar de ser un dibuix i convertir-me en un \u00e9sser 3D.<\/span><\/p>\n<p align=\"justify\"><span style=\"color: #000000; font-family: 'Comic Sans MS'; font-size: large;\">Dit i fet. Des de La Forja de Montmel\u00f3, en Tero, en Rafa, la Gemma, en Toni&#8230; em van convertir en uns dels gegants d&#8217;escola m\u00e9s originals. Vaig tenir un bateig com cal i fins i tot en Josep va composar un petita pe\u00e7a per a gralla per tal que pogu\u00e9s ballar amb una m\u00fasica expressament pensada per a mi.<\/span><\/p>\n<p align=\"justify\"><span style=\"color: #000000; font-family: 'Comic Sans MS'; font-size: large;\"><a href=\"http:\/\/agora.xtec.cat\/ceip-pau-casals-montmelo\/wp-content\/uploads\/usu1102\/2014\/09\/vest\u00edbul-pauet.jpg\"><img loading=\"lazy\" decoding=\"async\" class=\"alignnone size-large wp-image-547\" src=\"http:\/\/agora.xtec.cat\/ceip-pau-casals-montmelo\/wp-content\/uploads\/usu1102\/2014\/09\/vest\u00edbul-pauet-1024x576.jpg\" alt=\"vest\u00edbul pauet\" width=\"1024\" height=\"576\" srcset=\"https:\/\/agora.xtec.cat\/ceip-pau-casals-montmelo\/wp-content\/uploads\/usu1102\/2014\/09\/vest\u00edbul-pauet.jpg 1024w, https:\/\/agora.xtec.cat\/ceip-pau-casals-montmelo\/wp-content\/uploads\/usu1102\/2014\/09\/vest\u00edbul-pauet-300x169.jpg 300w\" sizes=\"auto, (max-width: 1024px) 100vw, 1024px\" \/><\/a><\/span><\/p>\n<p align=\"left\"><span style=\"color: #000000; font-family: 'Comic Sans MS'; font-size: large;\">He sortit algun any per la Festa Major de Montmel\u00f3 i espero poder tornar-hi algun dia. De moment s\u00f3c al vest\u00edbul de l&#8217;escola alegrant amb el meu somriure el nostre dia a dia .<\/span><\/p>\n<p align=\"right\"><span style=\"color: #000000; font-family: 'Comic Sans MS'; font-size: large;\"><img loading=\"lazy\" decoding=\"async\" src=\"http:\/\/www.xtec.cat\/ceip-pau-casals-montmelo\/imatges\/signatura-pauet.gif\" alt=\"\" width=\"271\" height=\"113\" \/><\/span><\/p>\n<p>&nbsp;<\/p>\n","protected":false},"excerpt":{"rendered":"<p>En Pauet Hola, em dic Pauet i s\u00f3c la mascota de l&#8217;escola PAU CASALS. Vaig n\u00e9ixer l&#8217;any 1996, en ocasi\u00f3 del 10\u00e8 aniversari del nou edifici, de la m\u00e0 del dibuixant Joan Rafart, pare d&#8217;una mestra de l&#8217;escola. Des de llavors he portat una vida camale\u00f2nica adoptant mil i una personalitats sorgides de la imaginaci\u00f3 [&hellip;]<\/p>\n","protected":false},"author":1,"featured_media":0,"parent":22,"menu_order":20,"comment_status":"closed","ping_status":"closed","template":"page-templates\/side-menu.php","meta":{"_bbp_topic_count":0,"_bbp_reply_count":0,"_bbp_total_topic_count":0,"_bbp_total_reply_count":0,"_bbp_voice_count":0,"_bbp_anonymous_reply_count":0,"_bbp_topic_count_hidden":0,"_bbp_reply_count_hidden":0,"_bbp_forum_subforum_count":0,"site-sidebar-layout":"default","site-content-layout":"","ast-site-content-layout":"","site-content-style":"default","site-sidebar-style":"default","ast-global-header-display":"","ast-banner-title-visibility":"","ast-main-header-display":"","ast-hfb-above-header-display":"","ast-hfb-below-header-display":"","ast-hfb-mobile-header-display":"","site-post-title":"","ast-breadcrumbs-content":"","ast-featured-img":"","footer-sml-layout":"","theme-transparent-header-meta":"","adv-header-id-meta":"","stick-header-meta":"","header-above-stick-meta":"","header-main-stick-meta":"","header-below-stick-meta":"","astra-migrate-meta-layouts":"default","ast-page-background-enabled":"default","ast-page-background-meta":{"desktop":{"background-color":"var(--ast-global-color-4)","background-image":"","background-repeat":"repeat","background-position":"center center","background-size":"auto","background-attachment":"scroll","background-type":"","background-media":"","overlay-type":"","overlay-color":"","overlay-opacity":"","overlay-gradient":""},"tablet":{"background-color":"","background-image":"","background-repeat":"repeat","background-position":"center center","background-size":"auto","background-attachment":"scroll","background-type":"","background-media":"","overlay-type":"","overlay-color":"","overlay-opacity":"","overlay-gradient":""},"mobile":{"background-color":"","background-image":"","background-repeat":"repeat","background-position":"center center","background-size":"auto","background-attachment":"scroll","background-type":"","background-media":"","overlay-type":"","overlay-color":"","overlay-opacity":"","overlay-gradient":""}},"ast-content-background-meta":{"desktop":{"background-color":"var(--ast-global-color-5)","background-image":"","background-repeat":"repeat","background-position":"center center","background-size":"auto","background-attachment":"scroll","background-type":"","background-media":"","overlay-type":"","overlay-color":"","overlay-opacity":"","overlay-gradient":""},"tablet":{"background-color":"var(--ast-global-color-5)","background-image":"","background-repeat":"repeat","background-position":"center center","background-size":"auto","background-attachment":"scroll","background-type":"","background-media":"","overlay-type":"","overlay-color":"","overlay-opacity":"","overlay-gradient":""},"mobile":{"background-color":"var(--ast-global-color-5)","background-image":"","background-repeat":"repeat","background-position":"center center","background-size":"auto","background-attachment":"scroll","background-type":"","background-media":"","overlay-type":"","overlay-color":"","overlay-opacity":"","overlay-gradient":""}},"footnotes":""},"class_list":["post-26","page","type-page","status-publish","hentry"],"post_mailing_queue_ids":[],"_links":{"self":[{"href":"https:\/\/agora.xtec.cat\/ceip-pau-casals-montmelo\/wp-json\/wp\/v2\/pages\/26","targetHints":{"allow":["GET"]}}],"collection":[{"href":"https:\/\/agora.xtec.cat\/ceip-pau-casals-montmelo\/wp-json\/wp\/v2\/pages"}],"about":[{"href":"https:\/\/agora.xtec.cat\/ceip-pau-casals-montmelo\/wp-json\/wp\/v2\/types\/page"}],"author":[{"embeddable":true,"href":"https:\/\/agora.xtec.cat\/ceip-pau-casals-montmelo\/wp-json\/wp\/v2\/users\/1"}],"replies":[{"embeddable":true,"href":"https:\/\/agora.xtec.cat\/ceip-pau-casals-montmelo\/wp-json\/wp\/v2\/comments?post=26"}],"version-history":[{"count":3,"href":"https:\/\/agora.xtec.cat\/ceip-pau-casals-montmelo\/wp-json\/wp\/v2\/pages\/26\/revisions"}],"predecessor-version":[{"id":690,"href":"https:\/\/agora.xtec.cat\/ceip-pau-casals-montmelo\/wp-json\/wp\/v2\/pages\/26\/revisions\/690"}],"up":[{"embeddable":true,"href":"https:\/\/agora.xtec.cat\/ceip-pau-casals-montmelo\/wp-json\/wp\/v2\/pages\/22"}],"wp:attachment":[{"href":"https:\/\/agora.xtec.cat\/ceip-pau-casals-montmelo\/wp-json\/wp\/v2\/media?parent=26"}],"curies":[{"name":"wp","href":"https:\/\/api.w.org\/{rel}","templated":true}]}}