{"id":16151,"date":"2020-03-16T12:16:40","date_gmt":"2020-03-16T11:16:40","guid":{"rendered":"http:\/\/agora.xtec.cat\/ceip-pau-casals-montmelo\/?page_id=16151"},"modified":"2023-10-25T09:46:13","modified_gmt":"2023-10-25T07:46:13","slug":"accio-tutorial","status":"publish","type":"page","link":"https:\/\/agora.xtec.cat\/ceip-pau-casals-montmelo\/projecte-educatiu\/accio-tutorial\/","title":{"rendered":"Acci\u00f3 tutorial"},"content":{"rendered":"<p>Un dels pilars de la nostra feina \u00e9s con\u00e8ixer b\u00e9 cadascun dels infants de l&#8217;escola i acompanyar-los en els seus aprenentatges, tant acad\u00e8mics com socials.\u00a0 En la distribuci\u00f3 hor\u00e0ria es vetlla per tal que el\/la tutor\/a passi el m\u00e0xim de temps amb el seu alumnat per establir un vincle.<\/p>\n<p>Es dedica una estona setmanal de l&#8217;horari a fer tutoria i orientaci\u00f3.\u00a0 La tutoria grupal \u00e9s un espai de temps en qu\u00e8 es treballen aspectes d&#8217;educaci\u00f3 emocional, relacions grupals, valors i conviv\u00e8ncia.\u00a0 La programaci\u00f3 de tutoria intenta donar a l&#8217;alumnat eines per a gestionar les emocions, resoldre conflictes&#8230;<\/p>\n<p><img loading=\"lazy\" decoding=\"async\" class=\"aligncenter size-full wp-image-16152\" src=\"https:\/\/agora.xtec.cat\/ceip-pau-casals-montmelo\/wp-content\/uploads\/usu1102\/2020\/03\/IMG-20200109-WA0001.jpg\" alt=\"\" width=\"800\" height=\"600\" srcset=\"https:\/\/agora.xtec.cat\/ceip-pau-casals-montmelo\/wp-content\/uploads\/usu1102\/2020\/03\/IMG-20200109-WA0001.jpg 800w, https:\/\/agora.xtec.cat\/ceip-pau-casals-montmelo\/wp-content\/uploads\/usu1102\/2020\/03\/IMG-20200109-WA0001-300x225.jpg 300w, https:\/\/agora.xtec.cat\/ceip-pau-casals-montmelo\/wp-content\/uploads\/usu1102\/2020\/03\/IMG-20200109-WA0001-768x576.jpg 768w, https:\/\/agora.xtec.cat\/ceip-pau-casals-montmelo\/wp-content\/uploads\/usu1102\/2020\/03\/IMG-20200109-WA0001-200x150.jpg 200w\" sizes=\"auto, (max-width: 800px) 100vw, 800px\" \/><\/p>\n<p>Setmanalment, tamb\u00e9, es disposa d&#8217;una hora que anomenem &#8220;orientaci\u00f3&#8221;.\u00a0 En aquesta sessi\u00f3 la tutora disposa d&#8217;un temps per atendre individualment o en petit grup als alumnes, i treballar-hi aquells aspectes que siguin necessaris: es dona un espai als nens i a les nenes on puguin parlar amb el\/la tutor\/a amb confian\u00e7a, i es poden refor\u00e7ar h\u00e0bits d&#8217;autonomia o de treball, donar pautes, ajudar a gestionar algun conflicte&#8230; Darrerament hem inaugurat l&#8217;espai &#8220;escolta&#8217;m&#8221;, que \u00e9s un espai acollidor, segur i de confian\u00e7a on es fan aquestes trobades.<\/p>\n<p><img loading=\"lazy\" decoding=\"async\" class=\"aligncenter size-full wp-image-20987\" src=\"https:\/\/agora.xtec.cat\/ceip-pau-casals-montmelo\/wp-content\/uploads\/usu1102\/2023\/03\/1675853003819-800x600-1.jpg\" alt=\"\" width=\"800\" height=\"600\" srcset=\"https:\/\/agora.xtec.cat\/ceip-pau-casals-montmelo\/wp-content\/uploads\/usu1102\/2023\/03\/1675853003819-800x600-1.jpg 800w, https:\/\/agora.xtec.cat\/ceip-pau-casals-montmelo\/wp-content\/uploads\/usu1102\/2023\/03\/1675853003819-800x600-1-300x225.jpg 300w, https:\/\/agora.xtec.cat\/ceip-pau-casals-montmelo\/wp-content\/uploads\/usu1102\/2023\/03\/1675853003819-800x600-1-768x576.jpg 768w, https:\/\/agora.xtec.cat\/ceip-pau-casals-montmelo\/wp-content\/uploads\/usu1102\/2023\/03\/1675853003819-800x600-1-200x150.jpg 200w\" sizes=\"auto, (max-width: 800px) 100vw, 800px\" \/><\/p>\n<p>Es vetlla perqu\u00e8 el centre esdevingui un entorn segur i agradable, que contribueixi al benestar de tots els infants.\u00a0 Tamb\u00e9 t\u00e9 cura d&#8217;aquest aspecte la coordinadora COCOBE (coeducaci\u00f3, conviv\u00e8ncia i benestar de l&#8217;alumnat), que proposa diverses accions transversals al llarg del curs.<\/p>\n","protected":false},"excerpt":{"rendered":"<p>Un dels pilars de la nostra feina \u00e9s con\u00e8ixer b\u00e9 cadascun dels infants de l&#8217;escola i acompanyar-los en els seus aprenentatges, tant acad\u00e8mics com socials.\u00a0 En la distribuci\u00f3 hor\u00e0ria es vetlla per tal que el\/la tutor\/a passi el m\u00e0xim de temps amb el seu alumnat per establir un vincle. Es dedica una estona setmanal de [&hellip;]<\/p>\n","protected":false},"author":1,"featured_media":0,"parent":64,"menu_order":0,"comment_status":"closed","ping_status":"closed","template":"","meta":{"_bbp_topic_count":0,"_bbp_reply_count":0,"_bbp_total_topic_count":0,"_bbp_total_reply_count":0,"_bbp_voice_count":0,"_bbp_anonymous_reply_count":0,"_bbp_topic_count_hidden":0,"_bbp_reply_count_hidden":0,"_bbp_forum_subforum_count":0,"site-sidebar-layout":"default","site-content-layout":"","ast-site-content-layout":"","site-content-style":"default","site-sidebar-style":"default","ast-global-header-display":"","ast-banner-title-visibility":"","ast-main-header-display":"","ast-hfb-above-header-display":"","ast-hfb-below-header-display":"","ast-hfb-mobile-header-display":"","site-post-title":"","ast-breadcrumbs-content":"","ast-featured-img":"","footer-sml-layout":"","theme-transparent-header-meta":"","adv-header-id-meta":"","stick-header-meta":"","header-above-stick-meta":"","header-main-stick-meta":"","header-below-stick-meta":"","astra-migrate-meta-layouts":"default","ast-page-background-enabled":"default","ast-page-background-meta":{"desktop":{"background-color":"var(--ast-global-color-4)","background-image":"","background-repeat":"repeat","background-position":"center center","background-size":"auto","background-attachment":"scroll","background-type":"","background-media":"","overlay-type":"","overlay-color":"","overlay-opacity":"","overlay-gradient":""},"tablet":{"background-color":"","background-image":"","background-repeat":"repeat","background-position":"center center","background-size":"auto","background-attachment":"scroll","background-type":"","background-media":"","overlay-type":"","overlay-color":"","overlay-opacity":"","overlay-gradient":""},"mobile":{"background-color":"","background-image":"","background-repeat":"repeat","background-position":"center center","background-size":"auto","background-attachment":"scroll","background-type":"","background-media":"","overlay-type":"","overlay-color":"","overlay-opacity":"","overlay-gradient":""}},"ast-content-background-meta":{"desktop":{"background-color":"var(--ast-global-color-5)","background-image":"","background-repeat":"repeat","background-position":"center center","background-size":"auto","background-attachment":"scroll","background-type":"","background-media":"","overlay-type":"","overlay-color":"","overlay-opacity":"","overlay-gradient":""},"tablet":{"background-color":"var(--ast-global-color-5)","background-image":"","background-repeat":"repeat","background-position":"center center","background-size":"auto","background-attachment":"scroll","background-type":"","background-media":"","overlay-type":"","overlay-color":"","overlay-opacity":"","overlay-gradient":""},"mobile":{"background-color":"var(--ast-global-color-5)","background-image":"","background-repeat":"repeat","background-position":"center center","background-size":"auto","background-attachment":"scroll","background-type":"","background-media":"","overlay-type":"","overlay-color":"","overlay-opacity":"","overlay-gradient":""}},"footnotes":""},"class_list":["post-16151","page","type-page","status-publish","hentry"],"post_mailing_queue_ids":[],"_links":{"self":[{"href":"https:\/\/agora.xtec.cat\/ceip-pau-casals-montmelo\/wp-json\/wp\/v2\/pages\/16151","targetHints":{"allow":["GET"]}}],"collection":[{"href":"https:\/\/agora.xtec.cat\/ceip-pau-casals-montmelo\/wp-json\/wp\/v2\/pages"}],"about":[{"href":"https:\/\/agora.xtec.cat\/ceip-pau-casals-montmelo\/wp-json\/wp\/v2\/types\/page"}],"author":[{"embeddable":true,"href":"https:\/\/agora.xtec.cat\/ceip-pau-casals-montmelo\/wp-json\/wp\/v2\/users\/1"}],"replies":[{"embeddable":true,"href":"https:\/\/agora.xtec.cat\/ceip-pau-casals-montmelo\/wp-json\/wp\/v2\/comments?post=16151"}],"version-history":[{"count":5,"href":"https:\/\/agora.xtec.cat\/ceip-pau-casals-montmelo\/wp-json\/wp\/v2\/pages\/16151\/revisions"}],"predecessor-version":[{"id":21406,"href":"https:\/\/agora.xtec.cat\/ceip-pau-casals-montmelo\/wp-json\/wp\/v2\/pages\/16151\/revisions\/21406"}],"up":[{"embeddable":true,"href":"https:\/\/agora.xtec.cat\/ceip-pau-casals-montmelo\/wp-json\/wp\/v2\/pages\/64"}],"wp:attachment":[{"href":"https:\/\/agora.xtec.cat\/ceip-pau-casals-montmelo\/wp-json\/wp\/v2\/media?parent=16151"}],"curies":[{"name":"wp","href":"https:\/\/api.w.org\/{rel}","templated":true}]}}