{"id":16133,"date":"2020-03-14T11:40:08","date_gmt":"2020-03-14T10:40:08","guid":{"rendered":"http:\/\/agora.xtec.cat\/ceip-pau-casals-montmelo\/?page_id=16133"},"modified":"2023-10-25T09:39:34","modified_gmt":"2023-10-25T07:39:34","slug":"matematiques","status":"publish","type":"page","link":"https:\/\/agora.xtec.cat\/ceip-pau-casals-montmelo\/projecte-educatiu\/matematiques\/","title":{"rendered":"Matem\u00e0tiques"},"content":{"rendered":"<p>En l&#8217;\u00e0rea de matem\u00e0tiques treballem a partir d&#8217;unes idees b\u00e0siques:<\/p>\n<ul>\n<li>l&#8217;aprenentatge ha d&#8217;\u00e9sser significatiu per als infants (han d&#8217;entendre qu\u00e8 fan i per qu\u00e8)<\/li>\n<li>cal partir de l&#8217;observaci\u00f3 i la relaci\u00f3 amb l&#8217;entorn proper, les matem\u00e0tiques estan per tot arreu!<\/li>\n<li>la manipulaci\u00f3 i el treball amb materials \u00e9s imprescindible per, m\u00e9s endavant, arribar a l&#8217;abstracci\u00f3<\/li>\n<li>la prioritzaci\u00f3 del c\u00e0lcul mental i la resoluci\u00f3 de problemes<\/li>\n<\/ul>\n<p>Seguint aquestes premisses, el claustre ha fet una FIC (formaci\u00f3 interna de centre) durant dos cursos.\u00a0 A partir d&#8217;aqu\u00ed s&#8217;han consensuat unes l\u00ednies b\u00e0siques que s&#8217;estan traduint en la preparaci\u00f3 i \u00fas de materials manipulatius i molt atractius, l&#8217;organitzaci\u00f3 de racons matem\u00e0tics, la programaci\u00f3 setmanal d&#8217;una estona dedicada al c\u00e0lcul mental (m\u00e8tode quinzet), i la relaci\u00f3 d&#8217;alguns continguts matem\u00e0tics amb les possibilitats de les noves tecnologies i la rob\u00f2tica (geometria, l\u00f2gica, resoluci\u00f3 de problemes).<\/p>\n<p><img loading=\"lazy\" decoding=\"async\" class=\"aligncenter size-full wp-image-16139\" src=\"https:\/\/agora.xtec.cat\/ceip-pau-casals-montmelo\/wp-content\/uploads\/usu1102\/2020\/03\/IMG_20200312_104123.jpg\" alt=\"\" width=\"640\" height=\"480\" srcset=\"https:\/\/agora.xtec.cat\/ceip-pau-casals-montmelo\/wp-content\/uploads\/usu1102\/2020\/03\/IMG_20200312_104123.jpg 640w, https:\/\/agora.xtec.cat\/ceip-pau-casals-montmelo\/wp-content\/uploads\/usu1102\/2020\/03\/IMG_20200312_104123-300x225.jpg 300w, https:\/\/agora.xtec.cat\/ceip-pau-casals-montmelo\/wp-content\/uploads\/usu1102\/2020\/03\/IMG_20200312_104123-200x150.jpg 200w\" sizes=\"auto, (max-width: 640px) 100vw, 640px\" \/><\/p>\n<p><img loading=\"lazy\" decoding=\"async\" class=\"aligncenter size-full wp-image-16140\" src=\"https:\/\/agora.xtec.cat\/ceip-pau-casals-montmelo\/wp-content\/uploads\/usu1102\/2020\/03\/IMG_20200312_104111.jpg\" alt=\"\" width=\"800\" height=\"600\" srcset=\"https:\/\/agora.xtec.cat\/ceip-pau-casals-montmelo\/wp-content\/uploads\/usu1102\/2020\/03\/IMG_20200312_104111.jpg 800w, https:\/\/agora.xtec.cat\/ceip-pau-casals-montmelo\/wp-content\/uploads\/usu1102\/2020\/03\/IMG_20200312_104111-300x225.jpg 300w, https:\/\/agora.xtec.cat\/ceip-pau-casals-montmelo\/wp-content\/uploads\/usu1102\/2020\/03\/IMG_20200312_104111-768x576.jpg 768w, https:\/\/agora.xtec.cat\/ceip-pau-casals-montmelo\/wp-content\/uploads\/usu1102\/2020\/03\/IMG_20200312_104111-200x150.jpg 200w\" sizes=\"auto, (max-width: 800px) 100vw, 800px\" \/><\/p>\n<p>&nbsp;<\/p>\n","protected":false},"excerpt":{"rendered":"<p>En l&#8217;\u00e0rea de matem\u00e0tiques treballem a partir d&#8217;unes idees b\u00e0siques: l&#8217;aprenentatge ha d&#8217;\u00e9sser significatiu per als infants (han d&#8217;entendre qu\u00e8 fan i per qu\u00e8) cal partir de l&#8217;observaci\u00f3 i la relaci\u00f3 amb l&#8217;entorn proper, les matem\u00e0tiques estan per tot arreu! la manipulaci\u00f3 i el treball amb materials \u00e9s imprescindible per, m\u00e9s endavant, arribar a l&#8217;abstracci\u00f3 [&hellip;]<\/p>\n","protected":false},"author":1,"featured_media":0,"parent":64,"menu_order":0,"comment_status":"closed","ping_status":"closed","template":"","meta":{"_bbp_topic_count":0,"_bbp_reply_count":0,"_bbp_total_topic_count":0,"_bbp_total_reply_count":0,"_bbp_voice_count":0,"_bbp_anonymous_reply_count":0,"_bbp_topic_count_hidden":0,"_bbp_reply_count_hidden":0,"_bbp_forum_subforum_count":0,"site-sidebar-layout":"default","site-content-layout":"","ast-site-content-layout":"","site-content-style":"default","site-sidebar-style":"default","ast-global-header-display":"","ast-banner-title-visibility":"","ast-main-header-display":"","ast-hfb-above-header-display":"","ast-hfb-below-header-display":"","ast-hfb-mobile-header-display":"","site-post-title":"","ast-breadcrumbs-content":"","ast-featured-img":"","footer-sml-layout":"","theme-transparent-header-meta":"","adv-header-id-meta":"","stick-header-meta":"","header-above-stick-meta":"","header-main-stick-meta":"","header-below-stick-meta":"","astra-migrate-meta-layouts":"default","ast-page-background-enabled":"default","ast-page-background-meta":{"desktop":{"background-color":"var(--ast-global-color-4)","background-image":"","background-repeat":"repeat","background-position":"center center","background-size":"auto","background-attachment":"scroll","background-type":"","background-media":"","overlay-type":"","overlay-color":"","overlay-opacity":"","overlay-gradient":""},"tablet":{"background-color":"","background-image":"","background-repeat":"repeat","background-position":"center center","background-size":"auto","background-attachment":"scroll","background-type":"","background-media":"","overlay-type":"","overlay-color":"","overlay-opacity":"","overlay-gradient":""},"mobile":{"background-color":"","background-image":"","background-repeat":"repeat","background-position":"center center","background-size":"auto","background-attachment":"scroll","background-type":"","background-media":"","overlay-type":"","overlay-color":"","overlay-opacity":"","overlay-gradient":""}},"ast-content-background-meta":{"desktop":{"background-color":"var(--ast-global-color-5)","background-image":"","background-repeat":"repeat","background-position":"center center","background-size":"auto","background-attachment":"scroll","background-type":"","background-media":"","overlay-type":"","overlay-color":"","overlay-opacity":"","overlay-gradient":""},"tablet":{"background-color":"var(--ast-global-color-5)","background-image":"","background-repeat":"repeat","background-position":"center center","background-size":"auto","background-attachment":"scroll","background-type":"","background-media":"","overlay-type":"","overlay-color":"","overlay-opacity":"","overlay-gradient":""},"mobile":{"background-color":"var(--ast-global-color-5)","background-image":"","background-repeat":"repeat","background-position":"center center","background-size":"auto","background-attachment":"scroll","background-type":"","background-media":"","overlay-type":"","overlay-color":"","overlay-opacity":"","overlay-gradient":""}},"footnotes":""},"class_list":["post-16133","page","type-page","status-publish","hentry"],"post_mailing_queue_ids":[],"_links":{"self":[{"href":"https:\/\/agora.xtec.cat\/ceip-pau-casals-montmelo\/wp-json\/wp\/v2\/pages\/16133","targetHints":{"allow":["GET"]}}],"collection":[{"href":"https:\/\/agora.xtec.cat\/ceip-pau-casals-montmelo\/wp-json\/wp\/v2\/pages"}],"about":[{"href":"https:\/\/agora.xtec.cat\/ceip-pau-casals-montmelo\/wp-json\/wp\/v2\/types\/page"}],"author":[{"embeddable":true,"href":"https:\/\/agora.xtec.cat\/ceip-pau-casals-montmelo\/wp-json\/wp\/v2\/users\/1"}],"replies":[{"embeddable":true,"href":"https:\/\/agora.xtec.cat\/ceip-pau-casals-montmelo\/wp-json\/wp\/v2\/comments?post=16133"}],"version-history":[{"count":3,"href":"https:\/\/agora.xtec.cat\/ceip-pau-casals-montmelo\/wp-json\/wp\/v2\/pages\/16133\/revisions"}],"predecessor-version":[{"id":21403,"href":"https:\/\/agora.xtec.cat\/ceip-pau-casals-montmelo\/wp-json\/wp\/v2\/pages\/16133\/revisions\/21403"}],"up":[{"embeddable":true,"href":"https:\/\/agora.xtec.cat\/ceip-pau-casals-montmelo\/wp-json\/wp\/v2\/pages\/64"}],"wp:attachment":[{"href":"https:\/\/agora.xtec.cat\/ceip-pau-casals-montmelo\/wp-json\/wp\/v2\/media?parent=16133"}],"curies":[{"name":"wp","href":"https:\/\/api.w.org\/{rel}","templated":true}]}}