{"id":16048,"date":"2020-01-31T16:58:46","date_gmt":"2020-01-31T15:58:46","guid":{"rendered":"http:\/\/agora.xtec.cat\/ceip-pau-casals-montmelo\/?page_id=16048"},"modified":"2025-10-14T09:54:24","modified_gmt":"2025-10-14T07:54:24","slug":"quotes","status":"publish","type":"page","link":"https:\/\/agora.xtec.cat\/ceip-pau-casals-montmelo\/documents-descola\/quotes\/","title":{"rendered":"Quotes i material"},"content":{"rendered":"<p>&nbsp;<\/p>\n<table style=\"width: 59.9761%; border-style: solid; border-color: #9e6060;\">\n<tbody>\n<tr>\n<td style=\"width: 100%; border-style: solid; border-color: #9e6060;\" width=\"599\"><strong>QUOTES CURS 2025-2026<\/strong><\/td>\n<\/tr>\n<\/tbody>\n<\/table>\n<p>Les quotes s\u00f3n anuals i comprenen totes les despeses de material fungible, teatre a les escoles, tallers i sortides previstes per al curs sencer.\u00a0 S\u00f3n aprovades al <a href=\"https:\/\/agora.xtec.cat\/ceip-pau-casals-montmelo\/lescola\/consell-escolar\/\">Consell Escolar<\/a> del Centre.<\/p>\n<table style=\"height: 154px; width: 65.217%; border-style: solid; border-color: #9e6060;\">\n<tbody>\n<tr style=\"height: 31px;\">\n<td style=\"height: 31px; width: 24.207%; border-style: solid; border-color: #9e6060;\">CONCEPTE<\/td>\n<td style=\"height: 31px; width: 29.7162%; border-style: solid; border-color: #9e6060;\">CURSOS<\/td>\n<td style=\"height: 31px; width: 14.8332%; border-style: solid; border-color: #9e6060;\">IMPORT<\/td>\n<td style=\"height: 31px; width: 77.8535%; border-style: solid; border-color: #9e6060;\">TERMINI PAGAMENT<\/td>\n<\/tr>\n<tr style=\"height: 31px;\">\n<td style=\"height: 31px; width: 24.207%; border-style: solid; border-color: #9e6060;\"><strong>MATERIAL<\/strong><\/td>\n<td style=\"height: 31px; width: 29.7162%; border-style: solid; border-color: #9e6060;\">I-3, I-4, I-5, 1r<\/td>\n<td style=\"height: 31px; width: 14.8332%; border-style: solid; border-color: #9e6060;\">83 \u20ac<\/td>\n<td style=\"height: 77px; width: 77.8535%; border-style: solid; border-color: #9e6060;\" rowspan=\"2\">Entre l\u20191 de juliol i l&#8217;1 de setembre<\/td>\n<\/tr>\n<tr style=\"height: 46px;\">\n<td style=\"height: 46px; width: 24.207%; border-style: solid; border-color: #9e6060;\"><strong>MATERIAL I AGENDA<\/strong><\/td>\n<td style=\"height: 46px; width: 29.7162%; border-style: solid; border-color: #9e6060;\">2n, 3r, 4t, 5\u00e8, 6\u00e8<\/td>\n<td style=\"height: 46px; width: 14.8332%; border-style: solid; border-color: #9e6060;\">88 \u20ac<\/td>\n<\/tr>\n<tr style=\"height: 46px;\">\n<td style=\"height: 46px; width: 24.207%; border-style: solid; border-color: #9e6060;\"><strong>SORTIDES<\/strong><\/td>\n<td style=\"height: 46px; width: 29.7162%; border-style: solid; border-color: #9e6060;\">Tots<\/td>\n<td style=\"height: 46px; width: 14.8332%; border-style: solid; border-color: #9e6060;\">92 \u20ac<\/td>\n<td style=\"height: 46px; width: 77.8535%; border-style: solid; border-color: #9e6060;\">Entre l\u20191 de juliol i el 15 de setembre<\/td>\n<\/tr>\n<\/tbody>\n<\/table>\n<p>&nbsp;<\/p>\n<table style=\"width: 59.6125%; border-style: solid; border-color: #9e6060;\">\n<tbody>\n<tr>\n<td style=\"width: 100%; border-style: solid; border-color: #9e6060;\" width=\"599\"><strong>LLIBRES DE TEXT\u00a0<\/strong><\/td>\n<\/tr>\n<\/tbody>\n<\/table>\n<p>A l&#8217;escola no fem servir llibres de text.\u00a0 L&#8217;equip docent de cada nivell prepara els materials did\u00e0ctics necessaris per a dur a terme la programaci\u00f3.<\/p>\n<table style=\"width: 59.6322%; border-style: solid; border-color: #9e6060;\">\n<tbody>\n<tr>\n<td style=\"width: 100%; border-style: solid; border-color: #9e6060;\"><strong>MATERIAL\u00a0<\/strong><\/td>\n<\/tr>\n<\/tbody>\n<\/table>\n<p>A part del material socialitzat i fungible que es facilitar\u00e0 tot des de l&#8217;escola, l&#8217;alumnat necessita una s\u00e8rie de materials d&#8217;\u00fas personal.\u00a0 Qualsevol dubte es resoldr\u00e0 a les reunions d&#8217;inici de curs.<\/p>\n<table style=\"border-style: solid; border-color: #9e6060;\">\n<tbody>\n<tr>\n<td style=\"border-style: solid; border-color: #9e6060;\">\n<p style=\"font-family: 'Helvetica Neue', Helvetica, Helvetica, Arial, sans-serif; font-size: 14px;\"><strong>TRAM PETITS<\/strong><\/p>\n<p style=\"font-family: 'Helvetica Neue', Helvetica, Helvetica, Arial, sans-serif; font-size: 14px;\">I-3, I-4, I-5<\/p>\n<\/td>\n<td style=\"border-style: solid; border-color: #9e6060;\">1 bata (cordada al davant, amb botons grossos i goma al puny)<\/p>\n<p>1 muda complerta (cal\u00e7at incl\u00f2s) amb una tovallola i un paquet de tovalloletes humides, tot dins d&#8217;una bossa<\/p>\n<p>1 motxilla sense rodetes, f\u00e0cil d&#8217;obrir i tancar (que el\/la nen\/a pugui fer-ho sol\/a)<\/p>\n<p>1 cantimplora senzilla (sense peces m\u00f2bils, sorolls, etc) i f\u00e0cil d&#8217;obrir i tancar<\/p>\n<p>1 capsa gran de mocadors de paper<\/p>\n<p>1 capsa de tovalloletes humides<\/td>\n<\/tr>\n<tr>\n<td style=\"border-style: solid; border-color: #9e6060;\"><strong>TRAM MITJANS<\/strong><\/p>\n<p>1r, 2n, 3r<\/td>\n<td style=\"border-style: solid; border-color: #9e6060;\">1 bata per a les activitats de pl\u00e0stica<\/p>\n<p>1 estoig de 2 cremalleres\/compartiments<\/p>\n<p>1 motxilla sense rodetes<\/p>\n<p>1 cantimplora senzilla (si no t\u00e9 nansa, cal portar-la a dins d&#8217;una bosseta per poder-la penjar al seu lloc)<\/p>\n<p>1 capsa gran de mocadors de paper<\/td>\n<\/tr>\n<tr>\n<td style=\"border-style: solid; border-color: #9e6060;\"><strong>TRAM GRANS<\/strong><\/p>\n<p>4t, 5\u00e8, 6\u00e8<\/td>\n<td style=\"border-style: solid; border-color: #9e6060;\">1 estoig de 2 o 3 cremalleres\/compartiments<\/p>\n<p>1 motxilla sense rodetes<\/p>\n<p>1 cantimplora senzilla (si no t\u00e9 nansa, cal portar-la a dins d&#8217;una bosseta per poder-la penjar al seu lloc)<\/td>\n<\/tr>\n<\/tbody>\n<\/table>\n<p>&nbsp;<\/p>\n","protected":false},"excerpt":{"rendered":"<p>&nbsp; QUOTES CURS 2025-2026 Les quotes s\u00f3n anuals i comprenen totes les despeses de material fungible, teatre a les escoles, tallers i sortides previstes per al curs sencer.\u00a0 S\u00f3n aprovades al Consell Escolar del Centre. CONCEPTE CURSOS IMPORT TERMINI PAGAMENT MATERIAL I-3, I-4, I-5, 1r 83 \u20ac Entre l\u20191 de juliol i l&#8217;1 de setembre [&hellip;]<\/p>\n","protected":false},"author":1,"featured_media":0,"parent":16040,"menu_order":0,"comment_status":"closed","ping_status":"closed","template":"","meta":{"_bbp_topic_count":0,"_bbp_reply_count":0,"_bbp_total_topic_count":0,"_bbp_total_reply_count":0,"_bbp_voice_count":0,"_bbp_anonymous_reply_count":0,"_bbp_topic_count_hidden":0,"_bbp_reply_count_hidden":0,"_bbp_forum_subforum_count":0,"site-sidebar-layout":"default","site-content-layout":"","ast-site-content-layout":"default","site-content-style":"default","site-sidebar-style":"default","ast-global-header-display":"","ast-banner-title-visibility":"","ast-main-header-display":"","ast-hfb-above-header-display":"","ast-hfb-below-header-display":"","ast-hfb-mobile-header-display":"","site-post-title":"","ast-breadcrumbs-content":"","ast-featured-img":"","footer-sml-layout":"","theme-transparent-header-meta":"default","adv-header-id-meta":"","stick-header-meta":"","header-above-stick-meta":"","header-main-stick-meta":"","header-below-stick-meta":"","astra-migrate-meta-layouts":"set","ast-page-background-enabled":"default","ast-page-background-meta":{"desktop":{"background-color":"var(--ast-global-color-4)","background-image":"","background-repeat":"repeat","background-position":"center center","background-size":"auto","background-attachment":"scroll","background-type":"","background-media":"","overlay-type":"","overlay-color":"","overlay-opacity":"","overlay-gradient":""},"tablet":{"background-color":"","background-image":"","background-repeat":"repeat","background-position":"center center","background-size":"auto","background-attachment":"scroll","background-type":"","background-media":"","overlay-type":"","overlay-color":"","overlay-opacity":"","overlay-gradient":""},"mobile":{"background-color":"","background-image":"","background-repeat":"repeat","background-position":"center center","background-size":"auto","background-attachment":"scroll","background-type":"","background-media":"","overlay-type":"","overlay-color":"","overlay-opacity":"","overlay-gradient":""}},"ast-content-background-meta":{"desktop":{"background-color":"var(--ast-global-color-5)","background-image":"","background-repeat":"repeat","background-position":"center center","background-size":"auto","background-attachment":"scroll","background-type":"","background-media":"","overlay-type":"","overlay-color":"","overlay-opacity":"","overlay-gradient":""},"tablet":{"background-color":"var(--ast-global-color-5)","background-image":"","background-repeat":"repeat","background-position":"center center","background-size":"auto","background-attachment":"scroll","background-type":"","background-media":"","overlay-type":"","overlay-color":"","overlay-opacity":"","overlay-gradient":""},"mobile":{"background-color":"var(--ast-global-color-5)","background-image":"","background-repeat":"repeat","background-position":"center center","background-size":"auto","background-attachment":"scroll","background-type":"","background-media":"","overlay-type":"","overlay-color":"","overlay-opacity":"","overlay-gradient":""}},"footnotes":""},"class_list":["post-16048","page","type-page","status-publish","hentry"],"post_mailing_queue_ids":[],"_links":{"self":[{"href":"https:\/\/agora.xtec.cat\/ceip-pau-casals-montmelo\/wp-json\/wp\/v2\/pages\/16048","targetHints":{"allow":["GET"]}}],"collection":[{"href":"https:\/\/agora.xtec.cat\/ceip-pau-casals-montmelo\/wp-json\/wp\/v2\/pages"}],"about":[{"href":"https:\/\/agora.xtec.cat\/ceip-pau-casals-montmelo\/wp-json\/wp\/v2\/types\/page"}],"author":[{"embeddable":true,"href":"https:\/\/agora.xtec.cat\/ceip-pau-casals-montmelo\/wp-json\/wp\/v2\/users\/1"}],"replies":[{"embeddable":true,"href":"https:\/\/agora.xtec.cat\/ceip-pau-casals-montmelo\/wp-json\/wp\/v2\/comments?post=16048"}],"version-history":[{"count":6,"href":"https:\/\/agora.xtec.cat\/ceip-pau-casals-montmelo\/wp-json\/wp\/v2\/pages\/16048\/revisions"}],"predecessor-version":[{"id":22533,"href":"https:\/\/agora.xtec.cat\/ceip-pau-casals-montmelo\/wp-json\/wp\/v2\/pages\/16048\/revisions\/22533"}],"up":[{"embeddable":true,"href":"https:\/\/agora.xtec.cat\/ceip-pau-casals-montmelo\/wp-json\/wp\/v2\/pages\/16040"}],"wp:attachment":[{"href":"https:\/\/agora.xtec.cat\/ceip-pau-casals-montmelo\/wp-json\/wp\/v2\/media?parent=16048"}],"curies":[{"name":"wp","href":"https:\/\/api.w.org\/{rel}","templated":true}]}}