{"id":1593,"date":"2019-02-28T11:32:57","date_gmt":"2019-02-28T10:32:57","guid":{"rendered":"http:\/\/agora.xtec.cat\/ceip-pau-casals-montmelo\/?page_id=1593"},"modified":"2025-10-07T08:48:31","modified_gmt":"2025-10-07T06:48:31","slug":"documents-de-referencia","status":"publish","type":"page","link":"https:\/\/agora.xtec.cat\/ceip-pau-casals-montmelo\/projecte-educatiu\/documents-de-referencia\/","title":{"rendered":"Documents de refer\u00e8ncia"},"content":{"rendered":"<h3><\/h3>\n<table style=\"border-collapse: collapse; width: 100%; height: 270px;\" border=\"1\">\n<tbody>\n<tr style=\"height: 30px;\">\n<td style=\"width: 1360.5px; height: 30px; border-style: solid; border-color: #ab6767;\"><a href=\"https:\/\/docs.google.com\/document\/d\/0B4v-DYogVwY2bWFNRWdqdmtMTzA\/edit?usp=share_link&amp;ouid=111283515934721357248&amp;resourcekey=0-FkUzZXcjv3_mI3Zf6wtp9w&amp;rtpof=true&amp;sd=true\">PEC (Projecte Educatiu de Centre)<\/a><\/td>\n<\/tr>\n<tr style=\"height: 30px;\">\n<td style=\"width: 1360.5px; height: 30px; text-align: left; border-style: solid; border-color: #ab6767;\"><a href=\"https:\/\/drive.google.com\/file\/d\/1Fkn-ypJn7ceXgUi1dK7uTsSW-8gIDMdc\/view?usp=sharing\">Projecte de Direcci\u00f3<\/a><\/td>\n<\/tr>\n<tr style=\"height: 30px;\">\n<td style=\"width: 1360.5px; height: 30px; border-style: solid; border-color: #ab6767;\"><a href=\"https:\/\/drive.google.com\/file\/d\/1wqLIrHNpYnwna_DG2JcTNuvu5MFHXb9x\/view?usp=sharing\">NOFC (Normes d&#8217;Organitzaci\u00f3 i Funcionament del Centre)<\/a><\/td>\n<\/tr>\n<tr style=\"height: 30px;\">\n<td style=\"width: 1360.5px; height: 30px; border-style: solid; border-color: #ab6767;\"><a href=\"https:\/\/sites.google.com\/paucasalsescola.cat\/escola-pau-casals\/?pli=1\">EDC (Estrat\u00e8gia Digital de Centre)<\/a><\/td>\n<\/tr>\n<tr style=\"height: 30px;\">\n<td style=\"width: 1360.5px; height: 30px; border-style: solid; border-color: #ab6767;\"><a style=\"color: #2795b6;\" href=\"https:\/\/drive.google.com\/file\/d\/1CfYodilcAs78FfyHTGh5U15WvnsV_9k9\/view?usp=sharing\" target=\"_blank\" rel=\"noopener noreferrer\">Projecte Ling\u00fc\u00edstic\u00a0<\/a> <em>(pendent de revisi\u00f3)<\/em><\/td>\n<\/tr>\n<tr style=\"height: 30px;\">\n<td style=\"width: 1360.5px; height: 30px; border-style: solid; border-color: #ab6767;\"><a href=\"https:\/\/drive.google.com\/file\/d\/1bLHFhf8agwx2NiH7Q4oHdIVcyLW8EQHZ\/view?usp=sharing\">Pla d&#8217;educaci\u00f3 per a la sostenibilitat<\/a><\/td>\n<\/tr>\n<tr style=\"height: 30px;\">\n<td style=\"width: 1360.5px; height: 30px; border-style: solid; border-color: #ab6767;\"><a href=\"https:\/\/drive.google.com\/file\/d\/1zt_TcU2RZVaodn_y0CLm8EzSUGMKdXF2\/view?usp=sharing\" target=\"_blank\" rel=\"noopener\">Pla d&#8217;acci\u00f3 tutorial<\/a><\/td>\n<\/tr>\n<tr style=\"height: 30px;\">\n<td style=\"width: 1360.5px; height: 30px; border-style: solid; border-color: #ab6767;\"><a href=\"https:\/\/drive.google.com\/file\/d\/1QN9nkyKXOW8EA9bZTWsFEIbk4pKbFn4y\/view?usp=sharing\">Projecte de conviv\u00e8ncia<\/a><\/td>\n<\/tr>\n<tr style=\"height: 30px;\">\n<td style=\"width: 1360.5px; height: 30px; border-style: solid; border-color: #ab6767;\"><a href=\"https:\/\/drive.google.com\/open?id=1DVCJ_XOjz2GPsVUnZjBm-fscS1q8XHrV\" target=\"_blank\" rel=\"noopener noreferrer\">Criteris d&#8217;avaluaci\u00f3<\/a><\/td>\n<\/tr>\n<\/tbody>\n<\/table>\n<p>El <a href=\"https:\/\/agora.xtec.cat\/ceip-pau-casals-montmelo\/projecte-educatiu\/\" target=\"_blank\" rel=\"noopener noreferrer\">PEC (Projecte Educatiu de Centre)<\/a> \u00e9s la m\u00e0xima expressi\u00f3 de l\u2019autonomia del centre educatiu i l\u2019element vertebrador de la seva activitat.\u00a0 \u00a0D&#8217;ell se&#8217;n desprenen la resta de projectes d&#8217;escola.\u00a0 El Projecte de Direcci\u00f3 ordena el desplegament i l\u2019aplicaci\u00f3 del PEC per al per\u00edode de mandat de la direcci\u00f3, concreta\u00a0l\u2019estructura organitzativa i inclou\u00a0uns indicadors\u00a0que serviran per avaluar l\u2019exercici de la direcci\u00f3. \u00a0L&#8217;actual <a href=\"https:\/\/drive.google.com\/file\/d\/1OsHSVbI8kfW1b7wNg1N3BK5gII0k9boc\/view?usp=sharing\">Projecte de Direcci\u00f3<\/a> compr\u00e8n el per\u00edode 2025-2029.<\/p>\n","protected":false},"excerpt":{"rendered":"<p>PEC (Projecte Educatiu de Centre) Projecte de Direcci\u00f3 NOFC (Normes d&#8217;Organitzaci\u00f3 i Funcionament del Centre) EDC (Estrat\u00e8gia Digital de Centre) Projecte Ling\u00fc\u00edstic\u00a0 (pendent de revisi\u00f3) Pla d&#8217;educaci\u00f3 per a la sostenibilitat Pla d&#8217;acci\u00f3 tutorial Projecte de conviv\u00e8ncia Criteris d&#8217;avaluaci\u00f3 El PEC (Projecte Educatiu de Centre) \u00e9s la m\u00e0xima expressi\u00f3 de l\u2019autonomia del centre educatiu i [&hellip;]<\/p>\n","protected":false},"author":1,"featured_media":0,"parent":64,"menu_order":0,"comment_status":"closed","ping_status":"closed","template":"","meta":{"_bbp_topic_count":0,"_bbp_reply_count":0,"_bbp_total_topic_count":0,"_bbp_total_reply_count":0,"_bbp_voice_count":0,"_bbp_anonymous_reply_count":0,"_bbp_topic_count_hidden":0,"_bbp_reply_count_hidden":0,"_bbp_forum_subforum_count":0,"site-sidebar-layout":"default","site-content-layout":"","ast-site-content-layout":"default","site-content-style":"default","site-sidebar-style":"default","ast-global-header-display":"","ast-banner-title-visibility":"","ast-main-header-display":"","ast-hfb-above-header-display":"","ast-hfb-below-header-display":"","ast-hfb-mobile-header-display":"","site-post-title":"","ast-breadcrumbs-content":"","ast-featured-img":"","footer-sml-layout":"","theme-transparent-header-meta":"default","adv-header-id-meta":"","stick-header-meta":"","header-above-stick-meta":"","header-main-stick-meta":"","header-below-stick-meta":"","astra-migrate-meta-layouts":"set","ast-page-background-enabled":"default","ast-page-background-meta":{"desktop":{"background-color":"var(--ast-global-color-4)","background-image":"","background-repeat":"repeat","background-position":"center center","background-size":"auto","background-attachment":"scroll","background-type":"","background-media":"","overlay-type":"","overlay-color":"","overlay-opacity":"","overlay-gradient":""},"tablet":{"background-color":"","background-image":"","background-repeat":"repeat","background-position":"center center","background-size":"auto","background-attachment":"scroll","background-type":"","background-media":"","overlay-type":"","overlay-color":"","overlay-opacity":"","overlay-gradient":""},"mobile":{"background-color":"","background-image":"","background-repeat":"repeat","background-position":"center center","background-size":"auto","background-attachment":"scroll","background-type":"","background-media":"","overlay-type":"","overlay-color":"","overlay-opacity":"","overlay-gradient":""}},"ast-content-background-meta":{"desktop":{"background-color":"var(--ast-global-color-5)","background-image":"","background-repeat":"repeat","background-position":"center center","background-size":"auto","background-attachment":"scroll","background-type":"","background-media":"","overlay-type":"","overlay-color":"","overlay-opacity":"","overlay-gradient":""},"tablet":{"background-color":"var(--ast-global-color-5)","background-image":"","background-repeat":"repeat","background-position":"center center","background-size":"auto","background-attachment":"scroll","background-type":"","background-media":"","overlay-type":"","overlay-color":"","overlay-opacity":"","overlay-gradient":""},"mobile":{"background-color":"var(--ast-global-color-5)","background-image":"","background-repeat":"repeat","background-position":"center center","background-size":"auto","background-attachment":"scroll","background-type":"","background-media":"","overlay-type":"","overlay-color":"","overlay-opacity":"","overlay-gradient":""}},"footnotes":""},"class_list":["post-1593","page","type-page","status-publish","hentry"],"post_mailing_queue_ids":[],"_links":{"self":[{"href":"https:\/\/agora.xtec.cat\/ceip-pau-casals-montmelo\/wp-json\/wp\/v2\/pages\/1593","targetHints":{"allow":["GET"]}}],"collection":[{"href":"https:\/\/agora.xtec.cat\/ceip-pau-casals-montmelo\/wp-json\/wp\/v2\/pages"}],"about":[{"href":"https:\/\/agora.xtec.cat\/ceip-pau-casals-montmelo\/wp-json\/wp\/v2\/types\/page"}],"author":[{"embeddable":true,"href":"https:\/\/agora.xtec.cat\/ceip-pau-casals-montmelo\/wp-json\/wp\/v2\/users\/1"}],"replies":[{"embeddable":true,"href":"https:\/\/agora.xtec.cat\/ceip-pau-casals-montmelo\/wp-json\/wp\/v2\/comments?post=1593"}],"version-history":[{"count":7,"href":"https:\/\/agora.xtec.cat\/ceip-pau-casals-montmelo\/wp-json\/wp\/v2\/pages\/1593\/revisions"}],"predecessor-version":[{"id":1602,"href":"https:\/\/agora.xtec.cat\/ceip-pau-casals-montmelo\/wp-json\/wp\/v2\/pages\/1593\/revisions\/1602"}],"up":[{"embeddable":true,"href":"https:\/\/agora.xtec.cat\/ceip-pau-casals-montmelo\/wp-json\/wp\/v2\/pages\/64"}],"wp:attachment":[{"href":"https:\/\/agora.xtec.cat\/ceip-pau-casals-montmelo\/wp-json\/wp\/v2\/media?parent=1593"}],"curies":[{"name":"wp","href":"https:\/\/api.w.org\/{rel}","templated":true}]}}