{"id":1549,"date":"2019-02-28T11:35:10","date_gmt":"2019-02-28T10:35:10","guid":{"rendered":"http:\/\/agora.xtec.cat\/ceip-pau-casals-montmelo\/?page_id=1549"},"modified":"2026-02-12T11:45:14","modified_gmt":"2026-02-12T10:45:14","slug":"documents-i-autoritzacions","status":"publish","type":"page","link":"https:\/\/agora.xtec.cat\/ceip-pau-casals-montmelo\/documents-i-autoritzacions\/","title":{"rendered":"Autoritzacions i altres documents"},"content":{"rendered":"<p>Documents m\u00e9s usuals i autoritzacions, cliqueu a sobre del nom:<\/p>\n<table style=\"height: 386px; width: 100%; border-collapse: collapse; border-style: solid; border-color: #9e6060;\" border=\"1\">\n<tbody>\n<tr style=\"height: 30px;\">\n<td style=\"width: 977.6px; height: 30px; border-style: solid; border-color: #9e6060;\"><a href=\"https:\/\/drive.google.com\/file\/d\/1LyUrVSSFfsI7guPbU6zb42aHi8aes5un\/view?usp=sharing\">CARTA DE COMPROM\u00cdS EDUCATIU<\/a>\u00a0 (se signa en iniciar l&#8217;etapa o matricular-se al centre)<\/td>\n<\/tr>\n<tr style=\"height: 30px;\">\n<td style=\"width: 977.6px; height: 30px; border-style: solid; border-color: #9e6060;\"><a href=\"https:\/\/drive.google.com\/file\/d\/1d9i561SlzjzEkCUkeL6DmprAP0NT72qT\/view?usp=sharing\" target=\"_blank\" rel=\"noopener noreferrer\">AUTORITZACI\u00d3 D&#8217;ADMINISTRACI\u00d3 DE MEDICAMENTS<\/a><\/td>\n<\/tr>\n<tr style=\"height: 30px;\">\n<td style=\"width: 977.6px; height: 30px; border-style: solid; border-color: #9e6060;\"><a href=\"https:\/\/drive.google.com\/file\/d\/0BwWQvyqnt4dUV1RDMGJHd09qd2s\/view?usp=sharing&amp;resourcekey=0-YZdM7Yv8NVC9A3lTrHljOg\">AUTORITZACI\u00d3 D&#8217;ADMINISTRACI\u00d3 DE PARACETAMOL<\/a><\/td>\n<\/tr>\n<tr style=\"height: 30px;\">\n<td style=\"width: 977.6px; height: 30px; border-style: solid; border-color: #9e6060;\"><a href=\"https:\/\/drive.google.com\/file\/d\/1CzrSvB8gZ3ARmDAVGKd6RKZAxPfJoc05\/view?usp=sharing\" target=\"_blank\" rel=\"noopener noreferrer\">AUTORITZACI\u00d3 PER PARTICIPAR EN LES SORTIDES ESCOLARS<\/a><\/td>\n<\/tr>\n<tr style=\"height: 30px;\">\n<td style=\"width: 977.6px; height: 30px; border-style: solid; border-color: #9e6060;\"><a href=\"https:\/\/drive.google.com\/file\/d\/1rJpfOOJOa5gqYCsy1HJndDJMDjvqcOP-\/view?usp=sharing\" target=\"_blank\" rel=\"noopener noreferrer\">AUTORITZACI\u00d3 PER RECOLLIR ELS\/LES ALUMNES\u00a0\u00a0<\/a><\/td>\n<\/tr>\n<tr style=\"height: 30px;\">\n<td style=\"width: 977.6px; height: 30px; border-style: solid; border-color: #9e6060;\"><a href=\"https:\/\/drive.google.com\/file\/d\/1LuqMmX5G9lxO-eylPvyYFXlKk2rTlnPi\/view?usp=sharing\" target=\"_blank\" rel=\"noopener noreferrer\">AUTORITZACI\u00d3 PER SORTIR SOLS<\/a> (a partir de 3r)<\/td>\n<\/tr>\n<tr style=\"height: 30px;\">\n<td style=\"width: 977.6px; height: 30px; border-style: solid; border-color: #9e6060;\"><a href=\"https:\/\/drive.google.com\/file\/d\/1hkRXpofGmdf3celWO_wO2H1TK1CVSgqS\/view?usp=sharing\">AUTORITZACI\u00d3 DISPOSITIUS M\u00d2BILS I RELLOTGES INTEL\u00b7LIGENTS\u00a0<\/a><\/td>\n<\/tr>\n<tr style=\"height: 32px;\">\n<td style=\"width: 977.6px; height: 32px; border-style: solid; border-color: #9e6060;\"><a href=\"https:\/\/drive.google.com\/file\/d\/1k0VcIwCL-NVLgBcf_XfEc5gbOg5nz-hT\/view?usp=sharing\">COMPROM\u00cdS D&#8217;\u00daS D&#8217;EQUIPS PORT\u00c0TILS EN PR\u00c9STEC<\/a> (a partir de 5\u00e8)<\/td>\n<\/tr>\n<tr style=\"height: 30px;\">\n<td style=\"width: 977.6px; height: 30px; border-style: solid; border-color: #9e6060;\"><a href=\"https:\/\/agora.xtec.cat\/ceip-pau-casals-montmelo\/serveis\/menjador-escolar\/documentacio-de-menjador\/\" target=\"_blank\" rel=\"noopener noreferrer\">DOCUMENTACI\u00d3 DE MENJADOR<\/a><\/td>\n<\/tr>\n<tr style=\"height: 30px;\">\n<td style=\"width: 977.6px; height: 30px; border-style: solid; border-color: #9e6060;\"><a href=\"https:\/\/drive.google.com\/file\/d\/1GhW-JRxCTjs5-_2UoUwT5xnohvwmSJRq\/view?usp=share_link\">AUTORITZACI\u00d3 DRETS IMATGE<\/a><\/td>\n<\/tr>\n<tr style=\"height: 32px;\">\n<td style=\"width: 977.6px; height: 32px; border-style: solid; border-color: #9e6060;\"><a href=\"https:\/\/drive.google.com\/file\/d\/139Uc4shfL56eZphS8MAMsDV5X0Ff8VGS\/view?usp=sharing\">AUTORITZACI\u00d3 VALL\u00c8S VISI\u00d3<\/a><\/td>\n<\/tr>\n<tr style=\"height: 52px;\">\n<td style=\"width: 977.6px; border-style: solid; border-color: #9e6060; height: 52px;\"><strong>PERSONES COL\u00b7LABORADORES:<\/strong> <a href=\"https:\/\/drive.google.com\/file\/d\/1WCKOgtAlE4sHOumiQCBpY6BBcx10J5y3\/view?usp=sharing\">FULL DE COL\u00b7LABORACI\u00d3<\/a> I <a href=\"https:\/\/drive.google.com\/file\/d\/18fE5_45J_SiSlyBhyB9G2tfXY7HsL8Xc\/view?usp=sharing\">DECLARACI\u00d3 RESPONSABLE\u00a0<\/a><\/td>\n<\/tr>\n<\/tbody>\n<\/table>\n<p>&nbsp;<\/p>\n<p>&nbsp;<\/p>\n<p>&nbsp;<\/p>\n","protected":false},"excerpt":{"rendered":"<p>Documents m\u00e9s usuals i autoritzacions, cliqueu a sobre del nom: CARTA DE COMPROM\u00cdS EDUCATIU\u00a0 (se signa en iniciar l&#8217;etapa o matricular-se al centre) AUTORITZACI\u00d3 D&#8217;ADMINISTRACI\u00d3 DE MEDICAMENTS AUTORITZACI\u00d3 D&#8217;ADMINISTRACI\u00d3 DE PARACETAMOL AUTORITZACI\u00d3 PER PARTICIPAR EN LES SORTIDES ESCOLARS AUTORITZACI\u00d3 PER RECOLLIR ELS\/LES ALUMNES\u00a0\u00a0 AUTORITZACI\u00d3 PER SORTIR SOLS (a partir de 3r) AUTORITZACI\u00d3 DISPOSITIUS M\u00d2BILS I [&hellip;]<\/p>\n","protected":false},"author":1,"featured_media":0,"parent":0,"menu_order":0,"comment_status":"closed","ping_status":"closed","template":"","meta":{"_bbp_topic_count":0,"_bbp_reply_count":0,"_bbp_total_topic_count":0,"_bbp_total_reply_count":0,"_bbp_voice_count":0,"_bbp_anonymous_reply_count":0,"_bbp_topic_count_hidden":0,"_bbp_reply_count_hidden":0,"_bbp_forum_subforum_count":0,"site-sidebar-layout":"default","site-content-layout":"","ast-site-content-layout":"default","site-content-style":"default","site-sidebar-style":"default","ast-global-header-display":"","ast-banner-title-visibility":"","ast-main-header-display":"","ast-hfb-above-header-display":"","ast-hfb-below-header-display":"","ast-hfb-mobile-header-display":"","site-post-title":"","ast-breadcrumbs-content":"","ast-featured-img":"","footer-sml-layout":"","theme-transparent-header-meta":"default","adv-header-id-meta":"","stick-header-meta":"","header-above-stick-meta":"","header-main-stick-meta":"","header-below-stick-meta":"","astra-migrate-meta-layouts":"set","ast-page-background-enabled":"default","ast-page-background-meta":{"desktop":{"background-color":"var(--ast-global-color-4)","background-image":"","background-repeat":"repeat","background-position":"center center","background-size":"auto","background-attachment":"scroll","background-type":"","background-media":"","overlay-type":"","overlay-color":"","overlay-opacity":"","overlay-gradient":""},"tablet":{"background-color":"","background-image":"","background-repeat":"repeat","background-position":"center center","background-size":"auto","background-attachment":"scroll","background-type":"","background-media":"","overlay-type":"","overlay-color":"","overlay-opacity":"","overlay-gradient":""},"mobile":{"background-color":"","background-image":"","background-repeat":"repeat","background-position":"center center","background-size":"auto","background-attachment":"scroll","background-type":"","background-media":"","overlay-type":"","overlay-color":"","overlay-opacity":"","overlay-gradient":""}},"ast-content-background-meta":{"desktop":{"background-color":"var(--ast-global-color-5)","background-image":"","background-repeat":"repeat","background-position":"center center","background-size":"auto","background-attachment":"scroll","background-type":"","background-media":"","overlay-type":"","overlay-color":"","overlay-opacity":"","overlay-gradient":""},"tablet":{"background-color":"var(--ast-global-color-5)","background-image":"","background-repeat":"repeat","background-position":"center center","background-size":"auto","background-attachment":"scroll","background-type":"","background-media":"","overlay-type":"","overlay-color":"","overlay-opacity":"","overlay-gradient":""},"mobile":{"background-color":"var(--ast-global-color-5)","background-image":"","background-repeat":"repeat","background-position":"center center","background-size":"auto","background-attachment":"scroll","background-type":"","background-media":"","overlay-type":"","overlay-color":"","overlay-opacity":"","overlay-gradient":""}},"footnotes":""},"class_list":["post-1549","page","type-page","status-publish","hentry"],"post_mailing_queue_ids":[],"_links":{"self":[{"href":"https:\/\/agora.xtec.cat\/ceip-pau-casals-montmelo\/wp-json\/wp\/v2\/pages\/1549","targetHints":{"allow":["GET"]}}],"collection":[{"href":"https:\/\/agora.xtec.cat\/ceip-pau-casals-montmelo\/wp-json\/wp\/v2\/pages"}],"about":[{"href":"https:\/\/agora.xtec.cat\/ceip-pau-casals-montmelo\/wp-json\/wp\/v2\/types\/page"}],"author":[{"embeddable":true,"href":"https:\/\/agora.xtec.cat\/ceip-pau-casals-montmelo\/wp-json\/wp\/v2\/users\/1"}],"replies":[{"embeddable":true,"href":"https:\/\/agora.xtec.cat\/ceip-pau-casals-montmelo\/wp-json\/wp\/v2\/comments?post=1549"}],"version-history":[{"count":6,"href":"https:\/\/agora.xtec.cat\/ceip-pau-casals-montmelo\/wp-json\/wp\/v2\/pages\/1549\/revisions"}],"predecessor-version":[{"id":22823,"href":"https:\/\/agora.xtec.cat\/ceip-pau-casals-montmelo\/wp-json\/wp\/v2\/pages\/1549\/revisions\/22823"}],"wp:attachment":[{"href":"https:\/\/agora.xtec.cat\/ceip-pau-casals-montmelo\/wp-json\/wp\/v2\/media?parent=1549"}],"curies":[{"name":"wp","href":"https:\/\/api.w.org\/{rel}","templated":true}]}}