{"id":1110,"date":"2017-11-08T10:53:29","date_gmt":"2017-11-08T09:53:29","guid":{"rendered":"http:\/\/agora.xtec.cat\/ceip-pau-casals-montmelo\/?page_id=1110"},"modified":"2026-02-25T13:38:46","modified_gmt":"2026-02-25T12:38:46","slug":"activitats-complementaries-i-sortides","status":"publish","type":"page","link":"https:\/\/agora.xtec.cat\/ceip-pau-casals-montmelo\/lescola\/activitats-complementaries-i-sortides\/","title":{"rendered":"Activitats complement\u00e0ries i sortides"},"content":{"rendered":"<p><strong>SORTIDES CURS 2025-2026<\/strong><\/p>\n<table style=\"height: 913px; width: 67.8636%; border-style: solid; border-color: #9e6060;\">\n<tbody>\n<tr style=\"height: 33px;\">\n<td style=\"width: 11.6092%; height: 33px; border-style: solid; border-color: #9e6060;\">TRAM<\/td>\n<td style=\"width: 21.2644%; height: 33px; border-style: solid; border-color: #9e6060;\">CURS<\/td>\n<td style=\"width: 17.3563%; height: 33px; border-style: solid; border-color: #9e6060;\">DATA<\/td>\n<td style=\"width: 55.8621%; height: 33px; border-style: solid; border-color: #9e6060;\">LLOC<\/td>\n<\/tr>\n<tr style=\"height: 33px;\">\n<td style=\"width: 11.6092%; height: 281px; border-style: solid; border-color: #9e6060;\" rowspan=\"9\">Petits<\/td>\n<td style=\"height: 33px; width: 21.2644%; border-style: solid; border-color: #9e6060;\">I-3<\/td>\n<td style=\"height: 33px; width: 17.3563%; border-style: solid; border-color: #9e6060;\"><span style=\"color: #ff0000;\">24\/3\/2026<\/span><\/td>\n<td style=\"height: 33px; width: 55.8621%; border-style: solid; border-color: #9e6060;\"><span style=\"color: #ff0000;\">CANVI DE DATA<\/span> Masia Can Deu (Sabadell)<\/td>\n<\/tr>\n<tr style=\"height: 33px;\">\n<td style=\"height: 33px; width: 21.2644%; border-style: solid; border-color: #9e6060;\">I-3<\/td>\n<td style=\"height: 33px; width: 17.3563%; border-style: solid; border-color: #9e6060;\">11\/5\/2026<\/td>\n<td style=\"height: 33px; width: 55.8621%; border-style: solid; border-color: #9e6060;\">El Xaragall (Llinars del Vall\u00e8s)<\/td>\n<\/tr>\n<tr style=\"height: 33px;\">\n<td style=\"height: 33px; width: 21.2644%; border-style: solid; border-color: #9e6060;\">I-4 i I-5<\/td>\n<td style=\"height: 33px; width: 17.3563%; border-style: solid; border-color: #9e6060;\">7\/11\/2025<\/td>\n<td style=\"height: 33px; width: 55.8621%; border-style: solid; border-color: #9e6060;\">La Granja (Sta. Maria de Palautordera)<\/td>\n<\/tr>\n<tr style=\"height: 33px;\">\n<td style=\"height: 33px; width: 21.2644%; border-style: solid; border-color: #9e6060;\">I-4 i I-5<\/td>\n<td style=\"height: 33px; width: 17.3563%; border-style: solid; border-color: #9e6060;\">23\/1\/2026<\/td>\n<td style=\"height: 33px; width: 55.8621%; border-style: solid; border-color: #9e6060;\">L&#8217;Auditori (Barcelona)<\/td>\n<\/tr>\n<tr style=\"height: 33px;\">\n<td style=\"height: 33px; width: 21.2644%; border-style: solid; border-color: #9e6060;\">I-4 i I-5<\/td>\n<td style=\"height: 33px; width: 17.3563%; border-style: solid; border-color: #9e6060;\">28\/4\/2026<\/td>\n<td style=\"height: 33px; width: 55.8621%; border-style: solid; border-color: #9e6060;\">Cosmocaixa (Barcelona)<\/td>\n<\/tr>\n<tr style=\"height: 33px;\">\n<td style=\"height: 17px; width: 21.2644%; border-style: solid; border-color: #9e6060;\">I-5<\/td>\n<td style=\"height: 17px; width: 17.3563%; border-style: solid; border-color: #9e6060;\">27 al 29\/5\/2026<\/td>\n<td style=\"height: 17px; width: 55.8621%; border-style: solid; border-color: #9e6060;\">Col\u00f2nies Mas Banyeres (Centelles)<\/td>\n<\/tr>\n<tr style=\"height: 33px;\">\n<td style=\"width: 21.2644%; height: 33px; border-style: solid; border-color: #9e6060; background-color: #f5dfdf;\">Tot el tram<\/td>\n<td style=\"width: 17.3563%; height: 33px; border-style: solid; border-color: #9e6060; background-color: #f5dfdf;\">14\/11\/2025<\/td>\n<td style=\"width: 55.8621%; height: 33px; border-style: solid; border-color: #9e6060; background-color: #f5dfdf;\">Teatre a les escoles: &#8220;Tip tap top&#8221; (dansa)<\/td>\n<\/tr>\n<tr style=\"height: 33px;\">\n<td style=\"width: 21.2644%; height: 33px; border-style: solid; border-color: #9e6060; background-color: #f5dfdf;\">Tot el tram<\/td>\n<td style=\"width: 17.3563%; height: 33px; border-style: solid; border-color: #9e6060; background-color: #f5dfdf;\">21\/1\/2026<\/td>\n<td style=\"width: 55.8621%; height: 33px; border-style: solid; border-color: #9e6060; background-color: #f5dfdf;\">Teatre a les escoles: &#8220;El cargol i l&#8217;herba de poniol&#8221; (titelles)<\/td>\n<\/tr>\n<tr style=\"height: 33px;\">\n<td style=\"width: 21.2644%; height: 33px; border-style: solid; border-color: #9e6060; background-color: #f5dfdf;\">Tot el tram<\/td>\n<td style=\"width: 17.3563%; height: 33px; border-style: solid; border-color: #9e6060; background-color: #f5dfdf;\">27\/4\/2026<\/td>\n<td style=\"width: 55.8621%; height: 33px; border-style: solid; border-color: #9e6060; background-color: #f5dfdf;\">Teatre a les escoles: &#8220;Un tros de pa&#8221; (teatre i m\u00fasica)<\/td>\n<\/tr>\n<tr style=\"height: 33px;\">\n<td style=\"width: 11.6092%; height: 259px; border-style: solid; border-color: #9e6060;\" rowspan=\"8\">Mitjans<\/td>\n<td style=\"height: 33px; width: 21.2644%; border-style: solid; border-color: #9e6060;\">1r, 2n, 3r<\/td>\n<td style=\"height: 33px; width: 17.3563%; border-style: solid; border-color: #9e6060;\">13\/11\/2025<\/td>\n<td style=\"height: 33px; width: 55.8621%; border-style: solid; border-color: #9e6060;\">La Granja (Sta. Maria de Palautordera)<\/td>\n<\/tr>\n<tr style=\"height: 33px;\">\n<td style=\"height: 33px; width: 21.2644%; border-style: solid; border-color: #9e6060;\">1r i 2n<\/td>\n<td style=\"height: 33px; width: 17.3563%; border-style: solid; border-color: #9e6060;\"><span style=\"color: #ff0000;\">05\/06\/2026\u00a0<\/span><\/td>\n<td style=\"height: 33px; width: 55.8621%; border-style: solid; border-color: #9e6060;\"><span style=\"color: #ff0000;\">CANVI DE DATA<\/span> Fundaci\u00f3 Mona (Riudellots de la Selva)<\/td>\n<\/tr>\n<tr style=\"height: 33px;\">\n<td style=\"height: 33px; width: 21.2644%; border-style: solid; border-color: #9e6060;\">1r i 2n<\/td>\n<td style=\"height: 33px; width: 17.3563%; border-style: solid; border-color: #9e6060;\">18\/5\/2026<\/td>\n<td style=\"height: 33px; width: 55.8621%; border-style: solid; border-color: #9e6060;\">Cosmocaixa (Barcelona)<\/td>\n<\/tr>\n<tr style=\"height: 33px;\">\n<td style=\"height: 33px; width: 21.2644%; border-style: solid; border-color: #9e6060;\">3r<\/td>\n<td style=\"height: 33px; width: 17.3563%; border-style: solid; border-color: #9e6060;\">8\/1\/2026<\/td>\n<td style=\"height: 33px; width: 55.8621%; border-style: solid; border-color: #9e6060;\">Palau de la M\u00fasica Catalana (Barcelona)<\/td>\n<\/tr>\n<tr style=\"height: 33px;\">\n<td style=\"height: 33px; width: 21.2644%; border-style: solid; border-color: #9e6060;\">3r<\/td>\n<td style=\"height: 33px; width: 17.3563%; border-style: solid; border-color: #9e6060;\">23\/3\/2026<\/td>\n<td style=\"height: 33px; width: 55.8621%; border-style: solid; border-color: #9e6060;\">Riu Bes\u00f2s (Aiguafreda)<\/td>\n<\/tr>\n<tr style=\"height: 33px;\">\n<td style=\"height: 33px; width: 21.2644%; border-style: solid; border-color: #9e6060;\">3r<\/td>\n<td style=\"height: 33px; width: 17.3563%; border-style: solid; border-color: #9e6060;\">27 al 29\/5\/2026<\/td>\n<td style=\"height: 33px; width: 55.8621%; border-style: solid; border-color: #9e6060;\">Col\u00f2nies Mas Banyeres (Centelles)<\/td>\n<\/tr>\n<tr style=\"height: 33px;\">\n<td style=\"height: 33px; width: 21.2644%; border-style: solid; border-color: #9e6060; background-color: #f5dfdf;\">Tot el tram<\/td>\n<td style=\"height: 33px; width: 17.3563%; border-style: solid; border-color: #9e6060; background-color: #f5dfdf;\">20\/1\/2026<\/td>\n<td style=\"height: 33px; width: 55.8621%; border-style: solid; border-color: #9e6060; background-color: #f5dfdf;\">Teatre a les escoles: &#8220;Senzillament&#8221; (Clown)<\/td>\n<\/tr>\n<tr style=\"height: 33px;\">\n<td style=\"height: 28px; width: 21.2644%; border-style: solid; border-color: #9e6060; background-color: #f5dfdf;\">Tot el tram<\/td>\n<td style=\"height: 28px; width: 17.3563%; border-style: solid; border-color: #9e6060; background-color: #f5dfdf;\">10\/4\/2026<\/td>\n<td style=\"height: 28px; width: 55.8621%; border-style: solid; border-color: #9e6060; background-color: #f5dfdf;\">Teatre a les escoles: &#8220;Goldilocks&#8221; (teatre en angl\u00e8s)<\/td>\n<\/tr>\n<tr style=\"height: 34px;\">\n<td style=\"width: 11.6092%; height: 291px; border-style: solid; border-color: #9e6060;\" rowspan=\"10\">Grans<\/p>\n<p>&nbsp;<\/td>\n<td style=\"height: 34px; width: 21.2644%; border-style: solid; border-color: #9e6060;\">4t, 5\u00e8, 6\u00e8<\/td>\n<td style=\"height: 34px; width: 17.3563%; border-style: solid; border-color: #9e6060;\">13\/11\/2025<\/td>\n<td style=\"height: 34px; width: 55.8621%; border-style: solid; border-color: #9e6060;\">La Granja (Sta. Maria de Palautordera)<\/td>\n<\/tr>\n<tr style=\"height: 33px;\">\n<td style=\"height: 33px; width: 21.2644%; border-style: solid; border-color: #9e6060;\">4t<\/td>\n<td style=\"height: 33px; width: 17.3563%; border-style: solid; border-color: #9e6060;\">25\/2\/2026<\/td>\n<td style=\"height: 33px; width: 55.8621%; border-style: solid; border-color: #9e6060;\">Catalunya en Miniatura (Torrelles de Llobregat)<\/td>\n<\/tr>\n<tr style=\"height: 33px;\">\n<td style=\"height: 33px; width: 21.2644%; border-style: solid; border-color: #9e6060;\">4t<\/td>\n<td style=\"height: 33px; width: 17.3563%; border-style: solid; border-color: #9e6060;\">29\/4\/2026<\/td>\n<td style=\"height: 33px; width: 55.8621%; border-style: solid; border-color: #9e6060;\">Masia Can Verdaguer Gros (Fogars de Montcl\u00fas)<\/td>\n<\/tr>\n<tr style=\"height: 33px;\">\n<td style=\"height: 33px; width: 21.2644%; border-style: solid; border-color: #9e6060;\">5\u00e8<\/td>\n<td style=\"height: 33px; width: 17.3563%; border-style: solid; border-color: #9e6060;\">18\/2\/2026<\/td>\n<td style=\"height: 33px; width: 55.8621%; border-style: solid; border-color: #9e6060;\">Museu d&#8217;Hist\u00f2ria (Barcelona)<\/td>\n<\/tr>\n<tr style=\"height: 33px;\">\n<td style=\"height: 33px; width: 21.2644%; border-style: solid; border-color: #9e6060;\">5\u00e8<\/td>\n<td style=\"height: 33px; width: 17.3563%; border-style: solid; border-color: #9e6060;\">1\/6\/2026<\/td>\n<td style=\"height: 33px; width: 55.8621%; border-style: solid; border-color: #9e6060;\">Parlament (Barcelona)<\/td>\n<\/tr>\n<tr style=\"height: 33px;\">\n<td style=\"height: 26px; width: 21.2644%; border-style: solid; border-color: #9e6060;\">6\u00e8<\/td>\n<td style=\"height: 26px; width: 17.3563%; border-style: solid; border-color: #9e6060;\">23\/3\/2026<\/td>\n<td style=\"height: 26px; width: 55.8621%; border-style: solid; border-color: #9e6060;\">Cosmocaixa (Barcelona)<\/td>\n<\/tr>\n<tr style=\"height: 33px;\">\n<td style=\"width: 21.2644%; height: 33px; border-style: solid; border-color: #9e6060;\">6\u00e8<\/td>\n<td style=\"width: 17.3563%; height: 33px; border-style: solid; border-color: #9e6060;\">29\/4\/2026<\/td>\n<td style=\"width: 55.8621%; height: 33px; border-style: solid; border-color: #9e6060;\">Torre Bellesguard (Barcelona)<\/td>\n<\/tr>\n<tr style=\"height: 33px;\">\n<td style=\"width: 21.2644%; height: 33px; border-style: solid; border-color: #9e6060;\">6\u00e8<\/td>\n<td style=\"width: 17.3563%; height: 33px; border-style: solid; border-color: #9e6060;\">27 al 29\/5\/2026<\/td>\n<td style=\"width: 55.8621%; height: 33px; border-style: solid; border-color: #9e6060;\">Col\u00f2nies Les Tallades (Vilanova de Sau)<\/td>\n<\/tr>\n<tr>\n<td style=\"width: 21.2644%; border-style: solid; border-color: #9e6060; background-color: #f5dfdf;\">Tot el tram<\/td>\n<td style=\"width: 17.3563%; border-style: solid; border-color: #9e6060; background-color: #f5dfdf;\">10\/11\/2025<\/td>\n<td style=\"width: 55.8621%; border-style: solid; border-color: #9e6060; background-color: #f5dfdf;\">Teatre a les escoles: &#8220;Anem de rumba&#8221; (m\u00fasica)<\/td>\n<\/tr>\n<tr style=\"height: 33px;\">\n<td style=\"width: 21.2644%; height: 33px; border-style: solid; border-color: #9e6060; background-color: #f5dfdf;\">Tot el tram<\/td>\n<td style=\"width: 17.3563%; height: 33px; border-style: solid; border-color: #9e6060; background-color: #f5dfdf;\">10\/4\/2026<\/td>\n<td style=\"width: 55.8621%; height: 33px; border-style: solid; border-color: #9e6060; background-color: #f5dfdf;\">Teatre a les escoles: &#8220;Ulysses&#8221; (teatre en angl\u00e8s)<\/td>\n<\/tr>\n<tr style=\"height: 49px;\">\n<td style=\"width: 11.6092%; height: 49px; border-style: solid; border-color: #9e6060;\">Tots<\/td>\n<td style=\"width: 21.2644%; height: 49px; border-style: solid; border-color: #9e6060; background-color: #f5dfdf;\">Tots<\/td>\n<td style=\"width: 17.3563%; height: 49px; border-style: solid; border-color: #9e6060; background-color: #f5dfdf;\">A determinar<\/td>\n<td style=\"width: 55.8621%; height: 49px; border-style: solid; border-color: #9e6060; background-color: #f5dfdf;\">Sortides pel poble en funci\u00f3 de la programaci\u00f3 did\u00e0ctica: ajuntament, museu, biblioteca, carrers del voltant de l\u2019escola, bosquet de l\u2019Aplec&#8230;<\/td>\n<\/tr>\n<\/tbody>\n<\/table>\n<p>&nbsp;<\/p>\n<p><strong>ACTIVITATS COMPLEMENT\u00c0RIES: TALLERS EN CENTRE<\/strong><\/p>\n<table style=\"height: 575px; width: 64.1028%; border-style: solid; border-color: #9e6060;\">\n<tbody>\n<tr style=\"height: 33px;\">\n<td style=\"height: 33px; width: 15.534%; border-style: solid; border-color: #9e6060;\"><span style=\"font-weight: 400;\">Tram<\/span><\/td>\n<td style=\"height: 33px; width: 15.9772%; border-style: solid; border-color: #9e6060;\"><span style=\"font-weight: 400;\">Curs<\/span><\/td>\n<td style=\"height: 33px; width: 28.6733%; border-style: solid; border-color: #9e6060;\"><span style=\"font-weight: 400;\">Data<\/span><\/td>\n<td style=\"height: 33px; width: 121.502%; border-style: solid; border-color: #9e6060;\"><span style=\"font-weight: 400;\">Taller<\/span><\/td>\n<\/tr>\n<tr style=\"height: 33px;\">\n<td style=\"width: 15.534%; height: 66px; border-style: solid; border-color: #9e6060;\" rowspan=\"2\"><span style=\"font-weight: 400;\">Petits<\/span><\/td>\n<td style=\"width: 15.9772%; height: 33px; border-style: solid; border-color: #9e6060;\">I-5<\/td>\n<td style=\"width: 28.6733%; height: 33px; border-style: solid; border-color: #9e6060;\">1r trimestre<\/td>\n<td style=\"width: 121.502%; height: 33px; border-style: solid; border-color: #9e6060;\">La joguina no juga<\/td>\n<\/tr>\n<tr style=\"height: 33px;\">\n<td style=\"width: 15.9772%; height: 33px; border-style: solid; border-color: #9e6060;\">I-5<\/td>\n<td style=\"width: 28.6733%; height: 33px; border-style: solid; border-color: #9e6060;\">05\/11\/2025<\/td>\n<td style=\"width: 121.502%; height: 33px; border-style: solid; border-color: #9e6060;\">Pren fruita cada dia<\/td>\n<\/tr>\n<tr style=\"height: 33px;\">\n<td style=\"width: 15.534%; height: 205px; border-style: solid; border-color: #9e6060;\" rowspan=\"6\"><span style=\"font-weight: 400;\">Mitjans<\/span><br \/>\n<span style=\"font-weight: 400;\"><br \/>\n<\/span><span style=\"font-weight: 400;\"><br \/>\n<\/span><\/td>\n<td style=\"width: 15.9772%; height: 33px; border-style: solid; border-color: #9e6060;\">1r<\/td>\n<td style=\"width: 28.6733%; height: 33px; border-style: solid; border-color: #9e6060;\">05\/11\/2025<\/td>\n<td style=\"width: 121.502%; height: 33px; border-style: solid; border-color: #9e6060;\">L&#8217;esmorzar \u00e9s la clau<\/td>\n<\/tr>\n<tr style=\"height: 53px;\">\n<td style=\"width: 15.9772%; border-style: solid; border-color: #9e6060; height: 53px;\">1r<\/td>\n<td style=\"width: 28.6733%; border-style: solid; border-color: #9e6060; height: 53px;\">10\/12\/2025<\/td>\n<td style=\"width: 121.502%; border-style: solid; border-color: #9e6060; height: 53px;\">El cam\u00ed dels residus<\/td>\n<\/tr>\n<tr>\n<td style=\"width: 15.9772%; border-style: solid; border-color: #9e6060;\">1r<\/td>\n<td style=\"width: 28.6733%; border-style: solid; border-color: #9e6060;\">Febrer 2026<\/td>\n<td style=\"width: 121.502%; border-style: solid; border-color: #9e6060;\">Educaci\u00f3 Vial<\/td>\n<\/tr>\n<tr style=\"height: 33px;\">\n<td style=\"width: 15.9772%; height: 33px; border-style: solid; border-color: #9e6060;\">2n<\/td>\n<td style=\"width: 28.6733%; height: 33px; border-style: solid; border-color: #9e6060;\">23\/9\/2025<\/td>\n<td style=\"width: 121.502%; height: 33px; border-style: solid; border-color: #9e6060;\">Vigila amb el sol, solet<\/td>\n<\/tr>\n<tr style=\"height: 33px;\">\n<td style=\"width: 15.9772%; height: 33px; border-style: solid; border-color: #9e6060;\">3r<\/td>\n<td style=\"width: 28.6733%; height: 33px; border-style: solid; border-color: #9e6060;\">23\/9\/2025<\/td>\n<td style=\"width: 121.502%; height: 33px; border-style: solid; border-color: #9e6060;\">Em cuido, em sento a gust<\/td>\n<\/tr>\n<tr style=\"height: 53px;\">\n<td style=\"width: 15.9772%; border-style: solid; border-color: #9e6060; height: 53px;\">3r<\/td>\n<td style=\"width: 28.6733%; border-style: solid; border-color: #9e6060; height: 53px;\">10\/12\/2025<\/td>\n<td style=\"width: 121.502%; border-style: solid; border-color: #9e6060; height: 53px;\">Amb el menjar no s&#8217;hi juga<\/td>\n<\/tr>\n<tr style=\"height: 33px;\">\n<td style=\"width: 15.534%; height: 271px; border-style: solid; border-color: #9e6060;\" rowspan=\"8\"><span style=\"font-weight: 400;\">Grans<\/span><br \/>\n<span style=\"font-weight: 400;\"><br \/>\n<\/span><span style=\"font-weight: 400;\"><br \/>\n<\/span><\/td>\n<td style=\"width: 15.9772%; height: 33px; border-style: solid; border-color: #9e6060;\">4t<\/td>\n<td style=\"width: 28.6733%; height: 33px; border-style: solid; border-color: #9e6060;\">05\/11\/2025<\/td>\n<td style=\"width: 121.502%; height: 33px; border-style: solid; border-color: #9e6060;\">Els aliments, la nostra energia<\/td>\n<\/tr>\n<tr style=\"height: 53px;\">\n<td style=\"width: 15.9772%; border-style: solid; border-color: #9e6060; height: 53px;\">4t<\/td>\n<td style=\"width: 28.6733%; border-style: solid; border-color: #9e6060; height: 53px;\">11\/12\/2025<\/td>\n<td style=\"width: 121.502%; border-style: solid; border-color: #9e6060; height: 53px;\">El joc de la brossa<\/td>\n<\/tr>\n<tr style=\"height: 33px;\">\n<td style=\"width: 15.9772%; height: 33px; border-style: solid; border-color: #9e6060;\">5\u00e8<\/td>\n<td style=\"width: 28.6733%; height: 33px; border-style: solid; border-color: #9e6060;\">06\/11\/2025<\/td>\n<td style=\"width: 121.502%; height: 33px; border-style: solid; border-color: #9e6060;\">Menja b\u00e9, et sentir\u00e0s b\u00e9<\/td>\n<\/tr>\n<tr style=\"height: 53px;\">\n<td style=\"width: 15.9772%; border-style: solid; border-color: #9e6060; height: 53px;\">5\u00e8<\/td>\n<td style=\"width: 28.6733%; border-style: solid; border-color: #9e6060; height: 53px;\">11\/12\/2025<\/td>\n<td style=\"width: 121.502%; border-style: solid; border-color: #9e6060; height: 53px;\">El joc de la compra<\/td>\n<\/tr>\n<tr>\n<td style=\"width: 15.9772%; border-style: solid; border-color: #9e6060;\">5\u00e8<\/td>\n<td style=\"width: 28.6733%; border-style: solid; border-color: #9e6060;\">Febrer 2026<\/td>\n<td style=\"width: 121.502%; border-style: solid; border-color: #9e6060;\">Educaci\u00f3 Vial<\/p>\n<p>Bullying i Xarxes Socials<\/td>\n<\/tr>\n<tr style=\"height: 33px;\">\n<td style=\"width: 15.9772%; height: 33px; border-style: solid; border-color: #9e6060;\">6\u00e8<\/td>\n<td style=\"width: 28.6733%; height: 33px; border-style: solid; border-color: #9e6060;\">3r trimestre<\/td>\n<td style=\"width: 121.502%; height: 33px; border-style: solid; border-color: #9e6060;\">Les emocions en el cam\u00ed cap a secund\u00e0ria<\/td>\n<\/tr>\n<tr style=\"height: 33px;\">\n<td style=\"width: 15.9772%; height: 33px; border-style: solid; border-color: #9e6060;\">6\u00e8<\/td>\n<td style=\"width: 28.6733%; height: 33px; border-style: solid; border-color: #9e6060;\">11\/12\/2025<\/td>\n<td style=\"width: 121.502%; height: 33px; border-style: solid; border-color: #9e6060;\">Bossa oberta<\/td>\n<\/tr>\n<tr style=\"height: 33px;\">\n<td style=\"width: 15.9772%; height: 33px; border-style: solid; border-color: #9e6060;\">6\u00e8<\/td>\n<td style=\"width: 28.6733%; height: 33px; border-style: solid; border-color: #9e6060;\">febrer 2026<\/td>\n<td style=\"width: 121.502%; height: 33px; border-style: solid; border-color: #9e6060;\">Ciberbullying i xarxes socials<\/td>\n<\/tr>\n<\/tbody>\n<\/table>\n","protected":false},"excerpt":{"rendered":"<p>SORTIDES CURS 2025-2026 TRAM CURS DATA LLOC Petits I-3 24\/3\/2026 CANVI DE DATA Masia Can Deu (Sabadell) I-3 11\/5\/2026 El Xaragall (Llinars del Vall\u00e8s) I-4 i I-5 7\/11\/2025 La Granja (Sta. Maria de Palautordera) I-4 i I-5 23\/1\/2026 L&#8217;Auditori (Barcelona) I-4 i I-5 28\/4\/2026 Cosmocaixa (Barcelona) I-5 27 al 29\/5\/2026 Col\u00f2nies Mas Banyeres (Centelles) Tot [&hellip;]<\/p>\n","protected":false},"author":1,"featured_media":0,"parent":22,"menu_order":0,"comment_status":"closed","ping_status":"closed","template":"","meta":{"_bbp_topic_count":0,"_bbp_reply_count":0,"_bbp_total_topic_count":0,"_bbp_total_reply_count":0,"_bbp_voice_count":0,"_bbp_anonymous_reply_count":0,"_bbp_topic_count_hidden":0,"_bbp_reply_count_hidden":0,"_bbp_forum_subforum_count":0,"site-sidebar-layout":"default","site-content-layout":"","ast-site-content-layout":"default","site-content-style":"default","site-sidebar-style":"default","ast-global-header-display":"","ast-banner-title-visibility":"","ast-main-header-display":"","ast-hfb-above-header-display":"","ast-hfb-below-header-display":"","ast-hfb-mobile-header-display":"","site-post-title":"","ast-breadcrumbs-content":"","ast-featured-img":"","footer-sml-layout":"","theme-transparent-header-meta":"default","adv-header-id-meta":"","stick-header-meta":"","header-above-stick-meta":"","header-main-stick-meta":"","header-below-stick-meta":"","astra-migrate-meta-layouts":"set","ast-page-background-enabled":"default","ast-page-background-meta":{"desktop":{"background-color":"var(--ast-global-color-4)","background-image":"","background-repeat":"repeat","background-position":"center center","background-size":"auto","background-attachment":"scroll","background-type":"","background-media":"","overlay-type":"","overlay-color":"","overlay-opacity":"","overlay-gradient":""},"tablet":{"background-color":"","background-image":"","background-repeat":"repeat","background-position":"center center","background-size":"auto","background-attachment":"scroll","background-type":"","background-media":"","overlay-type":"","overlay-color":"","overlay-opacity":"","overlay-gradient":""},"mobile":{"background-color":"","background-image":"","background-repeat":"repeat","background-position":"center center","background-size":"auto","background-attachment":"scroll","background-type":"","background-media":"","overlay-type":"","overlay-color":"","overlay-opacity":"","overlay-gradient":""}},"ast-content-background-meta":{"desktop":{"background-color":"var(--ast-global-color-5)","background-image":"","background-repeat":"repeat","background-position":"center center","background-size":"auto","background-attachment":"scroll","background-type":"","background-media":"","overlay-type":"","overlay-color":"","overlay-opacity":"","overlay-gradient":""},"tablet":{"background-color":"var(--ast-global-color-5)","background-image":"","background-repeat":"repeat","background-position":"center center","background-size":"auto","background-attachment":"scroll","background-type":"","background-media":"","overlay-type":"","overlay-color":"","overlay-opacity":"","overlay-gradient":""},"mobile":{"background-color":"var(--ast-global-color-5)","background-image":"","background-repeat":"repeat","background-position":"center center","background-size":"auto","background-attachment":"scroll","background-type":"","background-media":"","overlay-type":"","overlay-color":"","overlay-opacity":"","overlay-gradient":""}},"footnotes":""},"class_list":["post-1110","page","type-page","status-publish","hentry"],"post_mailing_queue_ids":[],"_links":{"self":[{"href":"https:\/\/agora.xtec.cat\/ceip-pau-casals-montmelo\/wp-json\/wp\/v2\/pages\/1110","targetHints":{"allow":["GET"]}}],"collection":[{"href":"https:\/\/agora.xtec.cat\/ceip-pau-casals-montmelo\/wp-json\/wp\/v2\/pages"}],"about":[{"href":"https:\/\/agora.xtec.cat\/ceip-pau-casals-montmelo\/wp-json\/wp\/v2\/types\/page"}],"author":[{"embeddable":true,"href":"https:\/\/agora.xtec.cat\/ceip-pau-casals-montmelo\/wp-json\/wp\/v2\/users\/1"}],"replies":[{"embeddable":true,"href":"https:\/\/agora.xtec.cat\/ceip-pau-casals-montmelo\/wp-json\/wp\/v2\/comments?post=1110"}],"version-history":[{"count":6,"href":"https:\/\/agora.xtec.cat\/ceip-pau-casals-montmelo\/wp-json\/wp\/v2\/pages\/1110\/revisions"}],"predecessor-version":[{"id":22847,"href":"https:\/\/agora.xtec.cat\/ceip-pau-casals-montmelo\/wp-json\/wp\/v2\/pages\/1110\/revisions\/22847"}],"up":[{"embeddable":true,"href":"https:\/\/agora.xtec.cat\/ceip-pau-casals-montmelo\/wp-json\/wp\/v2\/pages\/22"}],"wp:attachment":[{"href":"https:\/\/agora.xtec.cat\/ceip-pau-casals-montmelo\/wp-json\/wp\/v2\/media?parent=1110"}],"curies":[{"name":"wp","href":"https:\/\/api.w.org\/{rel}","templated":true}]}}