{"id":1080,"date":"2017-10-19T10:10:20","date_gmt":"2017-10-19T08:10:20","guid":{"rendered":"http:\/\/agora.xtec.cat\/ceip-pau-casals-montmelo\/?page_id=1080"},"modified":"2025-10-24T14:09:47","modified_gmt":"2025-10-24T12:09:47","slug":"participacio","status":"publish","type":"page","link":"https:\/\/agora.xtec.cat\/ceip-pau-casals-montmelo\/lescola\/participacio\/","title":{"rendered":"Participaci\u00f3"},"content":{"rendered":"<p><img loading=\"lazy\" decoding=\"async\" class=\"size-full wp-image-1082 alignright\" src=\"http:\/\/agora.xtec.cat\/ceip-pau-casals-montmelo\/wp-content\/uploads\/usu1102\/2017\/10\/participar.jpg\" alt=\"\" width=\"326\" height=\"312\" srcset=\"https:\/\/agora.xtec.cat\/ceip-pau-casals-montmelo\/wp-content\/uploads\/usu1102\/2017\/10\/participar.jpg 326w, https:\/\/agora.xtec.cat\/ceip-pau-casals-montmelo\/wp-content\/uploads\/usu1102\/2017\/10\/participar-300x287.jpg 300w\" sizes=\"auto, (max-width: 326px) 100vw, 326px\" \/>Per a nosaltres \u00e9s important que tots els membres de la comunitat educativa es trobin acollits al centre,\u00a0establint una\u00a0relaci\u00f3 de confian\u00e7a i col\u00b7laboraci\u00f3 que sens dubte reverteix positivament en tots els aspectes de l&#8217;activitat escolar.<\/p>\n<p>Existeixen canals formals i informals per a establir aquesta relaci\u00f3, per exemple:<\/p>\n<ul>\n<li><strong><a href=\"http:\/\/agora.xtec.cat\/ceip-pau-casals-montmelo\/lescola\/consell-escolar\/\" target=\"_blank\" rel=\"noopener noreferrer\">Consell Escolar<\/a>:\u00a0<\/strong>\u00e9s l\u2019\u00f2rgan col\u00b7legiat de participaci\u00f3 de la comunitat escolar en el govern del centre.<\/li>\n<li><strong>Assemblea de delegats i delegades<\/strong>: a les reunions de classe de principi de curs es nomenen dos delegats\/ades; aquests actuen com a representants dels pares i mares de cada grup classe i contribueixen a millorar la comunicaci\u00f3 entre fam\u00edlies i amb l&#8217;escola.<\/li>\n<li><a href=\"https:\/\/paucasalsampa.wordpress.com\/\" target=\"_blank\" rel=\"noopener noreferrer\"><strong>AFA<\/strong><\/a>: l&#8217;escola compta amb una Associaci\u00f3 de Fam\u00edlies molt activa i col\u00b7laboradora, que organitza un gran nombre d&#8217;activitats interessants.\u00a0 Es pot col\u00b7laborar fent-se soci i tamb\u00e9 essent un membre actiu de la seva junta o de les diferents comissions.<\/li>\n<li><strong>Mares\/pares col\u00b7laboradors\/es amb l&#8217;escola<\/strong>: us podeu oferir per donar un cop de m\u00e0 amb diverses activitats (acompanyants a les sortides, preparaci\u00f3 de festes&#8230;).\u00a0 Pr\u00e8viament, cal que ens feu arribar <strong><a href=\"https:\/\/drive.google.com\/file\/d\/1WCKOgtAlE4sHOumiQCBpY6BBcx10J5y3\/view?usp=sharing\">aquest document<\/a> i <a href=\"https:\/\/drive.google.com\/file\/d\/18fE5_45J_SiSlyBhyB9G2tfXY7HsL8Xc\/view?usp=drive_link\">aquest altre<\/a>.<\/strong><\/li>\n<\/ul>\n<p>Us animem tamb\u00e9 a visitar l&#8217;escola amb motiu d&#8217;exposicions, activitats adre\u00e7ades a alumnat i fam\u00edlies, setmanes culturals, jornada de portes obertes&#8230;<\/p>\n","protected":false},"excerpt":{"rendered":"<p>Per a nosaltres \u00e9s important que tots els membres de la comunitat educativa es trobin acollits al centre,\u00a0establint una\u00a0relaci\u00f3 de confian\u00e7a i col\u00b7laboraci\u00f3 que sens dubte reverteix positivament en tots els aspectes de l&#8217;activitat escolar. Existeixen canals formals i informals per a establir aquesta relaci\u00f3, per exemple: Consell Escolar:\u00a0\u00e9s l\u2019\u00f2rgan col\u00b7legiat de participaci\u00f3 de la [&hellip;]<\/p>\n","protected":false},"author":1,"featured_media":0,"parent":22,"menu_order":0,"comment_status":"closed","ping_status":"closed","template":"","meta":{"_bbp_topic_count":0,"_bbp_reply_count":0,"_bbp_total_topic_count":0,"_bbp_total_reply_count":0,"_bbp_voice_count":0,"_bbp_anonymous_reply_count":0,"_bbp_topic_count_hidden":0,"_bbp_reply_count_hidden":0,"_bbp_forum_subforum_count":0,"site-sidebar-layout":"default","site-content-layout":"","ast-site-content-layout":"default","site-content-style":"default","site-sidebar-style":"default","ast-global-header-display":"","ast-banner-title-visibility":"","ast-main-header-display":"","ast-hfb-above-header-display":"","ast-hfb-below-header-display":"","ast-hfb-mobile-header-display":"","site-post-title":"","ast-breadcrumbs-content":"","ast-featured-img":"","footer-sml-layout":"","theme-transparent-header-meta":"default","adv-header-id-meta":"","stick-header-meta":"","header-above-stick-meta":"","header-main-stick-meta":"","header-below-stick-meta":"","astra-migrate-meta-layouts":"set","ast-page-background-enabled":"default","ast-page-background-meta":{"desktop":{"background-color":"var(--ast-global-color-4)","background-image":"","background-repeat":"repeat","background-position":"center center","background-size":"auto","background-attachment":"scroll","background-type":"","background-media":"","overlay-type":"","overlay-color":"","overlay-opacity":"","overlay-gradient":""},"tablet":{"background-color":"","background-image":"","background-repeat":"repeat","background-position":"center center","background-size":"auto","background-attachment":"scroll","background-type":"","background-media":"","overlay-type":"","overlay-color":"","overlay-opacity":"","overlay-gradient":""},"mobile":{"background-color":"","background-image":"","background-repeat":"repeat","background-position":"center center","background-size":"auto","background-attachment":"scroll","background-type":"","background-media":"","overlay-type":"","overlay-color":"","overlay-opacity":"","overlay-gradient":""}},"ast-content-background-meta":{"desktop":{"background-color":"var(--ast-global-color-5)","background-image":"","background-repeat":"repeat","background-position":"center center","background-size":"auto","background-attachment":"scroll","background-type":"","background-media":"","overlay-type":"","overlay-color":"","overlay-opacity":"","overlay-gradient":""},"tablet":{"background-color":"var(--ast-global-color-5)","background-image":"","background-repeat":"repeat","background-position":"center center","background-size":"auto","background-attachment":"scroll","background-type":"","background-media":"","overlay-type":"","overlay-color":"","overlay-opacity":"","overlay-gradient":""},"mobile":{"background-color":"var(--ast-global-color-5)","background-image":"","background-repeat":"repeat","background-position":"center center","background-size":"auto","background-attachment":"scroll","background-type":"","background-media":"","overlay-type":"","overlay-color":"","overlay-opacity":"","overlay-gradient":""}},"footnotes":""},"class_list":["post-1080","page","type-page","status-publish","hentry"],"post_mailing_queue_ids":[],"_links":{"self":[{"href":"https:\/\/agora.xtec.cat\/ceip-pau-casals-montmelo\/wp-json\/wp\/v2\/pages\/1080","targetHints":{"allow":["GET"]}}],"collection":[{"href":"https:\/\/agora.xtec.cat\/ceip-pau-casals-montmelo\/wp-json\/wp\/v2\/pages"}],"about":[{"href":"https:\/\/agora.xtec.cat\/ceip-pau-casals-montmelo\/wp-json\/wp\/v2\/types\/page"}],"author":[{"embeddable":true,"href":"https:\/\/agora.xtec.cat\/ceip-pau-casals-montmelo\/wp-json\/wp\/v2\/users\/1"}],"replies":[{"embeddable":true,"href":"https:\/\/agora.xtec.cat\/ceip-pau-casals-montmelo\/wp-json\/wp\/v2\/comments?post=1080"}],"version-history":[{"count":6,"href":"https:\/\/agora.xtec.cat\/ceip-pau-casals-montmelo\/wp-json\/wp\/v2\/pages\/1080\/revisions"}],"predecessor-version":[{"id":22562,"href":"https:\/\/agora.xtec.cat\/ceip-pau-casals-montmelo\/wp-json\/wp\/v2\/pages\/1080\/revisions\/22562"}],"up":[{"embeddable":true,"href":"https:\/\/agora.xtec.cat\/ceip-pau-casals-montmelo\/wp-json\/wp\/v2\/pages\/22"}],"wp:attachment":[{"href":"https:\/\/agora.xtec.cat\/ceip-pau-casals-montmelo\/wp-json\/wp\/v2\/media?parent=1080"}],"curies":[{"name":"wp","href":"https:\/\/api.w.org\/{rel}","templated":true}]}}