{"id":73,"date":"2014-09-18T14:01:51","date_gmt":"2014-09-18T14:01:51","guid":{"rendered":"http:\/\/agora.xtec.cat\/ceip-orca\/\/?page_id=73"},"modified":"2026-03-26T15:17:21","modified_gmt":"2026-03-26T14:17:21","slug":"menjador-escolar","status":"publish","type":"page","link":"https:\/\/agora.xtec.cat\/ceip-orca\/serveis\/menjador-escolar\/","title":{"rendered":"Menjador escolar"},"content":{"rendered":"<h2><a href=\"https:\/\/agora.xtec.cat\/ceip-orca\/wp-content\/uploads\/usu197\/2026\/03\/CC-Garrigues-ABRIL-26-MANUEL-ORTIZ.pdf\">MEN\u00da ABRIL 2026<\/a><\/h2>\n<h2><a href=\"https:\/\/agora.xtec.cat\/ceip-orca\/wp-content\/uploads\/usu197\/2026\/02\/CC-Garrigues-FY25-MARC-26-MANUEL-ORTIZ.pdf\">MEN\u00da MAR\u00c7 26\u00a0<\/a><\/h2>\n<h2><a href=\"https:\/\/agora.xtec.cat\/ceip-orca\/wp-content\/uploads\/usu197\/2026\/01\/CC-Garrigues-FY25-FEBRER-26-MANUEL-ORTIZ.pdf\">MEN\u00da FEBRER 2026<\/a><\/h2>\n<h2><a href=\"https:\/\/agora.xtec.cat\/ceip-orca\/wp-content\/uploads\/usu197\/2025\/12\/CC-Garrigues-MANUEL-ORTIZ-FY25-GENER-2026.pdf\">MEN\u00da GENER 2026<\/a><\/h2>\n<h2><a href=\"https:\/\/agora.xtec.cat\/ceip-orca\/wp-content\/uploads\/usu197\/2025\/11\/CC-Garrigues-FY25-DESEMBRE-2025-MO.pdf\">MEN\u00da DESEMBRE 2025\u00a0<\/a><\/h2>\n<h2><a href=\"https:\/\/agora.xtec.cat\/ceip-orca\/wp-content\/uploads\/usu197\/2025\/10\/CC-Garrigues-FY25-NOVEMBRE-2025-MO.pdf\">MEN\u00da NOVEMBRE 2025<\/a><\/h2>\n<h2><a href=\"https:\/\/agora.xtec.cat\/ceip-orca\/wp-content\/uploads\/usu197\/2025\/10\/CC-Garrigues-FY25-OCTUBRE-2025-MANUEL-ORTIZ.pdf\">MEN\u00da OCTUBRE 2025<\/a><\/h2>\n<h2><a href=\"https:\/\/agora.xtec.cat\/ceip-orca\/wp-content\/uploads\/usu197\/2025\/09\/CC-Garrigues-FY25-SETEMBRE-2025-MANUEL-ORTIZ.pdf\">MEN\u00da SETEMBRE 2025<\/a><\/h2>\n<p>&nbsp;<\/p>\n<h2>NORMATIVA 2025-26<\/h2>\n<p>L\u2019alta en el servei de menjador es realitzar\u00e0 de manera telem\u00e0tica a la p\u00e0gina web <a href=\"https:\/\/elgustodecrecer.comertel.es\/\">https:\/\/elgustodecrecer.comertel.es\/<\/a> per tal de facilitar que siguin les mateixes fam\u00edlies les que formalitzin la inscripci\u00f3.<\/p>\n<p>En aquest enlla\u00e7 trobareu les instruccions de com us heu de registrar i donar d\u2019alta.\u00a0 \u00a0 \u00a0 \u00a0 Fitxa<a href=\"https:\/\/agora.xtec.cat\/ceip-orca\/wp-content\/uploads\/usu197\/2025\/09\/Fitxa-online-GDC-Manual.pdf\">\u00a0online GDC Manual<\/a><br \/>\nNo s\u2019acceptar\u00e0 cap usuari al menjador sense inscripci\u00f3 realitzada amb 48 hores de marge.<\/p>\n<p>Informacions b\u00e0siques del servei:<\/p>\n<ul>\n<li>Cal realitzar la <strong>inscripci\u00f3<\/strong> tant si es fa \u00fas del servei de menjador de manera <strong>habitual<\/strong> com de forma <strong>espor\u00e0dica.<\/strong><\/li>\n<li><\/li>\n<li>Els alumnes amb <strong>beca del 100%<\/strong> no s\u2019han de registrar, ja que \u00e9s el consell comarcal qui ens informa d\u2019aquestes dades. D\u2019altra banda, els alumnes amb <strong>beca del 70%<\/strong> s\u00ed que hauran de registrar-se, ja que les fam\u00edlies han d\u2019assumir l\u2019import que no cobreix la beca.<\/li>\n<li><\/li>\n<li><strong>Tipus de comprom\u00eds<\/strong><br \/>\n&#8211; <em>Habitual:<\/em> es considera usuari habitual qualsevol alumne que faci \u00fas del servei cada dia.<br \/>\n&#8211; <em>Habitual discontinu<\/em>: com a m\u00ednim 3 dies a la setmana i sempre els mateixos dies.<br \/>\n&#8211; <em>Espor\u00e0dic<\/em>: es considera usuari espor\u00e0dic qualsevol alumne que faci \u00fas del servei de manera puntual o menys de 3 dies a la setmana.<\/li>\n<li><\/li>\n<li>\n<h4><strong>\u00a0ATENCI\u00d3 CANVI Preus vigents<\/strong><\/h4>\n<p>o Usuaris <strong>fixes 7,08<\/strong> euros\/dia iva incl\u00f2s<br \/>\no Usuaris <strong>espor\u00e0dics 7,79<\/strong> euros\/dia iva incl\u00f2s.<\/p>\n<ul>\n<li style=\"list-style-type: none;\">\n<ul>\n<li>No hi haur\u00e0 quotes mensuals i nom\u00e9s es cobrar\u00e0 per servei realment prestat (sempre que s&#8217;hagi avisat pr\u00e8viament de l&#8217;abs\u00e8ncia).<\/li>\n<li>\u00c9s per aix\u00f2 que si un alumne\/a <strong>no ha de fer \u00fas<\/strong> del servei de menjador,\u00a0 cal que <strong>ho comuniqui a la secretaria del centre abans de les 9:00h del mat\u00ed<\/strong>\u00a0 al correu <a href=\"mailto:escolamanuelortiz@gmail.com\">escolamanuelortiz@gmail.com<\/a> per tal que no es gestioni el cobrament.<\/li>\n<\/ul>\n<\/li>\n<\/ul>\n<\/li>\n<li><\/li>\n<li>Les <strong>baixes o canvis en la inscripci\u00f3<\/strong> al servei de menjador s&#8217;han de notificar a la coordinadora del servei i al correu electr\u00f2nic <a href=\"mailto:catalunyafacturacio@aramark.es\">catalunyafacturacio@aramark.es<\/a> o per tel\u00e8fon al 973 18 71 56.<\/li>\n<li><\/li>\n<li><strong>Atenci\u00f3 a les fam\u00edlies<\/strong><br \/>\nPer qualsevol dubte o aclariment sobre q\u00fcestions de facturaci\u00f3 del servei o canvis de comprom\u00eds i dades, podeu contactar amb el Departament de Gesti\u00f3 de Cobraments al tel\u00e8fon 973 18 71 56 de dilluns a divendres de 08:00 h a 17:00 h o al correu electr\u00f2nic <a href=\"mailto:catalunyafacturacio@aramark.es\">catalunyafacturacio@aramark.es<\/a><\/li>\n<\/ul>\n<p>&nbsp;<\/p>\n<h2>DOCUMENTACI\u00d3 2025-26<\/h2>\n<p><a href=\"https:\/\/agora.xtec.cat\/ceip-orca\/wp-content\/uploads\/usu197\/2025\/12\/Pla_funcionament_menjador_2025-26.pdf\">Pla_funcionament_menjador_2025-26<\/a><\/p>\n<ul style=\"list-style-type: circle;\">\n<li><a href=\"https:\/\/agora.xtec.cat\/ceip-orca\/wp-content\/uploads\/usu197\/2023\/10\/BAIXA-O-MODIFICACIO-DE-FITXA-GENERAL-COMERTEL-CURS-2023-24.pdf\">BAIXA O MODIFICACI\u00d3 DE FITXA GENERAL COMERTEL<\/a><\/li>\n<li><a href=\"https:\/\/agora.xtec.cat\/ceip-orca\/wp-content\/uploads\/usu197\/2023\/01\/A5-AUTORITZACIO_DIETA_TOVA.pdf\">AUTORITZACI\u00d3_DIETA_TOVA <\/a><\/li>\n<li><a href=\"https:\/\/agora.xtec.cat\/ceip-orca\/wp-content\/uploads\/usu197\/2023\/10\/AUTORITZACIO-SORTIDA-HORA-DEL-MENJADOR.pdf\">AUTORITZACI\u00d3 SORTIDA HORA DEL MENJADOR<\/a><\/li>\n<li><a href=\"https:\/\/agora.xtec.cat\/ceip-orca\/wp-content\/uploads\/usu197\/2023\/01\/A-8-Autoritzacio-menjador-jornada-intensiva.pdf\">AUTORITZACI\u00d3_SORTIDA_MENJADOR_ JORNADA_INTENSIVA<\/a><\/li>\n<\/ul>\n<p>&nbsp;<\/p>\n<h4><strong><span style=\"color: #000000;\">DOCUMENTACI\u00d3 MENJADOR CURS 2025-26<\/span><\/strong><\/h4>\n<p><a href=\"https:\/\/agora.xtec.cat\/ceip-orca\/wp-content\/uploads\/usu197\/2024\/11\/Pla_funcionament_menjador_24-25.pdf\">Pla_funcionament_menjador_24-25<\/a><\/p>\n<p>&nbsp;<\/p>\n<p><span style=\"border-radius: 2px; text-indent: 20px; width: auto; padding: 0px 4px 0px 0px; text-align: center; font: bold 11px\/20px 'Helvetica Neue',Helvetica,sans-serif; color: #ffffff; background: #bd081c no-repeat scroll 3px 50% \/ 14px 14px; position: absolute; opacity: 1; z-index: 8675309; display: none; cursor: pointer;\">Guardar<\/span><\/p>\n","protected":false},"excerpt":{"rendered":"<p><a href=\"https:\/\/agora.xtec.cat\/ceip-orca\/wp-content\/uploads\/usu197\/2026\/03\/CC-Garrigues-ABRIL-26-MANUEL-ORTIZ.pdf\">MEN\u00da ABRIL 2026<\/a><br \/>\n<a href=\"https:\/\/agora.xtec.cat\/ceip-orca\/wp-content\/uploads\/usu197\/2026\/02\/CC-Garrigues-FY25-MARC-26-MANUEL-ORTIZ.pdf\">MEN\u00da MAR\u00c7 26\u00a0<\/a><br \/>\n<a href=\"https:\/\/agora.xtec.cat\/ceip-orca\/wp-content\/uploads\/usu197\/2026\/01\/CC-Garrigues-FY25-FEBRER-26-MANUEL-ORTIZ.pdf\">MEN\u00da FEBRER 2026<\/a><br \/>\n<a href=\"https:\/\/agora.xtec.cat\/ceip-orca\/wp-content\/uploads\/usu197\/2025\/12\/CC-Garrigues-MANUEL-ORTIZ-FY25-GENER-2026.pdf\">MEN\u00da GENER 2026<\/a><br \/>\n<a href=\"https:\/\/agora.xtec.cat\/ceip-orca\/wp-content\/uploads\/usu197\/2025\/11\/CC-Garrigues-FY25-DESEMBRE-2025-MO.pdf\">MEN\u00da DESEMBRE 2025\u00a0<\/a><br \/>\n<a href=\"https:\/\/agora.xtec.cat\/ceip-orca\/wp-content\/uploads\/usu197\/2025\/10\/CC-Garrigues-FY25-NOVEMBRE-2025-MO.pdf\">MEN\u00da NOVEMBRE 2025<\/a><br \/>\n<a href=\"https:\/\/agora.xtec.cat\/ceip-orca\/wp-content\/uploads\/usu197\/2025\/10\/CC-Garrigues-FY25-OCTUBRE-2025-MANUEL-ORTIZ.pdf\">MEN\u00da OCTUBRE 2025<\/a><br \/>\n<a href=\"https:\/\/agora.xtec.cat\/ceip-orca\/wp-content\/uploads\/usu197\/2025\/09\/CC-Garrigues-FY25-SETEMBRE-2025-MANUEL-ORTIZ.pdf\">MEN\u00da SETEMBRE 2025<\/a><br \/>\n&nbsp;<br \/>\nNORMATIVA 2025-26<br \/>\nL\u2019alta en el servei de menjador es realitzar\u00e0 de manera telem\u00e0tica a la p\u00e0gina web <a href=\"https:\/\/elgustodecrecer.comertel.es\/\">https:\/\/elgustodecrecer.comertel.es\/<\/a> per tal de&hellip;  <a href=\"https:\/\/agora.xtec.cat\/ceip-orca\/serveis\/menjador-escolar\/\" title=\"Read Menjador escolar\">Llegeix m\u00e9s\u00bb<\/a><\/p>\n","protected":false},"author":2,"featured_media":0,"parent":66,"menu_order":30,"comment_status":"closed","ping_status":"open","template":"page-templates\/side-menu.php","meta":{"_bbp_topic_count":0,"_bbp_reply_count":0,"_bbp_total_topic_count":0,"_bbp_total_reply_count":0,"_bbp_voice_count":0,"_bbp_anonymous_reply_count":0,"_bbp_topic_count_hidden":0,"_bbp_reply_count_hidden":0,"_bbp_forum_subforum_count":0,"footnotes":""},"class_list":["post-73","page","type-page","status-publish","hentry"],"post_mailing_queue_ids":[],"_links":{"self":[{"href":"https:\/\/agora.xtec.cat\/ceip-orca\/wp-json\/wp\/v2\/pages\/73","targetHints":{"allow":["GET"]}}],"collection":[{"href":"https:\/\/agora.xtec.cat\/ceip-orca\/wp-json\/wp\/v2\/pages"}],"about":[{"href":"https:\/\/agora.xtec.cat\/ceip-orca\/wp-json\/wp\/v2\/types\/page"}],"author":[{"embeddable":true,"href":"https:\/\/agora.xtec.cat\/ceip-orca\/wp-json\/wp\/v2\/users\/2"}],"replies":[{"embeddable":true,"href":"https:\/\/agora.xtec.cat\/ceip-orca\/wp-json\/wp\/v2\/comments?post=73"}],"version-history":[{"count":9,"href":"https:\/\/agora.xtec.cat\/ceip-orca\/wp-json\/wp\/v2\/pages\/73\/revisions"}],"predecessor-version":[{"id":7861,"href":"https:\/\/agora.xtec.cat\/ceip-orca\/wp-json\/wp\/v2\/pages\/73\/revisions\/7861"}],"up":[{"embeddable":true,"href":"https:\/\/agora.xtec.cat\/ceip-orca\/wp-json\/wp\/v2\/pages\/66"}],"wp:attachment":[{"href":"https:\/\/agora.xtec.cat\/ceip-orca\/wp-json\/wp\/v2\/media?parent=73"}],"curies":[{"name":"wp","href":"https:\/\/api.w.org\/{rel}","templated":true}]}}