{"id":499,"date":"2016-10-04T18:47:09","date_gmt":"2016-10-04T17:47:09","guid":{"rendered":"http:\/\/agora.xtec.cat\/ceip-orca\/?page_id=499"},"modified":"2026-02-25T15:46:31","modified_gmt":"2026-02-25T14:46:31","slug":"documentacio","status":"publish","type":"page","link":"https:\/\/agora.xtec.cat\/ceip-orca\/secretaria\/documentacio\/","title":{"rendered":"Documentaci\u00f3 Alumnes"},"content":{"rendered":"<div class=\"entry-content\">\n<p>Us facilitem diversos models que poden ser de la vostra utilitat, aix\u00ed com tamb\u00e9 les circulars enviades per correu electr\u00f2nic.<\/p>\n<p>Fent clic en el nom del model el podreu descarregar directament:<\/p>\n<h4><strong>Documents generals:<\/strong><\/h4>\n<p style=\"padding-left: 60px;\"><a href=\"http:\/\/agora.xtec.cat\/ceip-orca\/wp-content\/uploads\/usu197\/2018\/09\/Autoritzaci\u00f3-Imatge.pdf\" target=\"_blank\" rel=\"noopener noreferrer\">Autoritzaci\u00f3 drets d&#8217;imatge<\/a><\/p>\n<p style=\"padding-left: 60px;\"><a href=\"http:\/\/agora.xtec.cat\/ceip-orca\/wp-content\/uploads\/usu197\/2018\/09\/Autoritzaci\u00f3-Religi\u00f2-Valors.pdf\" target=\"_blank\" rel=\"noopener noreferrer\">Autoritzaci\u00f3 religi\u00f3 \/ valors<\/a><\/p>\n<p style=\"padding-left: 60px;\"><a href=\"https:\/\/agora.xtec.cat\/ceip-orca\/wp-content\/uploads\/usu197\/2024\/10\/CALENDARI-_ESCOLAR_24-25.pdf\">C<\/a><a href=\"https:\/\/agora.xtec.cat\/ceip-orca\/wp-content\/uploads\/usu197\/2025\/09\/CALENDARI-_ESCOLAR_25-26.pdf\">CALENDARI _ESCOLAR_25-26<\/a><\/p>\n<\/div>\n<p style=\"padding-left: 60px;\"><a href=\"https:\/\/agora.xtec.cat\/ceip-orca\/wp-content\/uploads\/usu197\/2020\/09\/autoritzaci\u00f3-medicaments2020-21.pdf\">Autoritzaci\u00f3 medicaments<\/a><\/p>\n<div class=\"entry-content\">\n<p style=\"padding-left: 60px;\"><a href=\"https:\/\/agora.xtec.cat\/ceip-orca\/wp-content\/uploads\/usu197\/2020\/09\/autoritzaci\u00f3-medicaments2020-21.pdf\">Autoritzaci\u00f3 medicament al\u00b7l\u00e8rgia\u00a0<\/a><\/p>\n<p style=\"padding-left: 60px;\"><a href=\"http:\/\/agora.xtec.cat\/ceip-orca\/wp-content\/uploads\/usu197\/2018\/09\/autoritzaci\u00f3-paracetamol.pdf\" target=\"_blank\" rel=\"noopener noreferrer\">Autoritzaci\u00f3<\/a><a href=\"http:\/\/agora.xtec.cat\/ceip-orca\/wp-content\/uploads\/usu197\/2018\/09\/autoritzaci\u00f3-paracetamol.pdf\"> paracetamol\u00a0<\/a><\/p>\n<p style=\"padding-left: 60px;\"><a href=\"http:\/\/agora.xtec.cat\/ceip-orca\/wp-content\/uploads\/usu197\/2018\/09\/eviccioescolarMALALTIES.pdf\" target=\"_blank\" rel=\"noopener noreferrer\">Document malalties transmissibles<\/a><\/p>\n<p style=\"padding-left: 60px;\"><a href=\"http:\/\/agora.xtec.cat\/ceip-orca\/wp-content\/uploads\/usu197\/2018\/09\/recomanacions_paracetamol.pdf\" target=\"_blank\" rel=\"noopener noreferrer\">Recomanacions paracetamol\u00a0<\/a><\/p>\n<p>\u00a0 \u00a0 \u00a0 \u00a0 \u00a0 \u00a0 <a href=\"https:\/\/agora.xtec.cat\/ceip-orca\/wp-content\/uploads\/usu197\/2023\/04\/SORTIDES-LOCALS-AUTORITZACIO.pdf\">SORTIDES LOCALS AUTORITZACI\u00d3<\/a><\/p>\n<p>&nbsp;<\/p>\n<p>&nbsp;<\/p>\n<p>&nbsp;<\/p>\n<\/div>\n","protected":false},"excerpt":{"rendered":"<p>Us facilitem diversos models que poden ser de la vostra utilitat, aix\u00ed com tamb\u00e9 les circulars enviades per correu electr\u00f2nic.<br \/>\nFent clic en el nom del model el podreu descarregar directament:<br \/>\nDocuments generals:<br \/>\n<a href=\"http:\/\/agora.xtec.cat\/ceip-orca\/wp-content\/uploads\/usu197\/2018\/09\/Autoritzaci\u00f3-Imatge.pdf\" target=\"_blank\" rel=\"noopener noreferrer\">Autoritzaci\u00f3 drets d&#8217;imatge<\/a><br \/>\n<a href=\"http:\/\/agora.xtec.cat\/ceip-orca\/wp-content\/uploads\/usu197\/2018\/09\/Autoritzaci\u00f3-Religi\u00f2-Valors.pdf\" target=\"_blank\" rel=\"noopener noreferrer\">Autoritzaci\u00f3 religi\u00f3 \/ valors<\/a><br \/>\n<a href=\"https:\/\/agora.xtec.cat\/ceip-orca\/wp-content\/uploads\/usu197\/2024\/10\/CALENDARI-_ESCOLAR_24-25.pdf\">C<\/a><a&hellip;  <a href=\"https:\/\/agora.xtec.cat\/ceip-orca\/secretaria\/documentacio\/\" title=\"Read Documentaci\u00f3 Alumnes\">Llegeix m\u00e9s\u00bb<\/a><\/p>\n","protected":false},"author":14,"featured_media":0,"parent":497,"menu_order":0,"comment_status":"closed","ping_status":"closed","template":"page-templates\/side-menu.php","meta":{"_bbp_topic_count":0,"_bbp_reply_count":0,"_bbp_total_topic_count":0,"_bbp_total_reply_count":0,"_bbp_voice_count":0,"_bbp_anonymous_reply_count":0,"_bbp_topic_count_hidden":0,"_bbp_reply_count_hidden":0,"_bbp_forum_subforum_count":0,"footnotes":""},"class_list":["post-499","page","type-page","status-publish","hentry"],"post_mailing_queue_ids":[],"_links":{"self":[{"href":"https:\/\/agora.xtec.cat\/ceip-orca\/wp-json\/wp\/v2\/pages\/499","targetHints":{"allow":["GET"]}}],"collection":[{"href":"https:\/\/agora.xtec.cat\/ceip-orca\/wp-json\/wp\/v2\/pages"}],"about":[{"href":"https:\/\/agora.xtec.cat\/ceip-orca\/wp-json\/wp\/v2\/types\/page"}],"author":[{"embeddable":true,"href":"https:\/\/agora.xtec.cat\/ceip-orca\/wp-json\/wp\/v2\/users\/14"}],"replies":[{"embeddable":true,"href":"https:\/\/agora.xtec.cat\/ceip-orca\/wp-json\/wp\/v2\/comments?post=499"}],"version-history":[{"count":6,"href":"https:\/\/agora.xtec.cat\/ceip-orca\/wp-json\/wp\/v2\/pages\/499\/revisions"}],"predecessor-version":[{"id":7826,"href":"https:\/\/agora.xtec.cat\/ceip-orca\/wp-json\/wp\/v2\/pages\/499\/revisions\/7826"}],"up":[{"embeddable":true,"href":"https:\/\/agora.xtec.cat\/ceip-orca\/wp-json\/wp\/v2\/pages\/497"}],"wp:attachment":[{"href":"https:\/\/agora.xtec.cat\/ceip-orca\/wp-json\/wp\/v2\/media?parent=499"}],"curies":[{"name":"wp","href":"https:\/\/api.w.org\/{rel}","templated":true}]}}