{"id":38,"date":"2014-09-18T12:34:08","date_gmt":"2014-09-18T12:34:08","guid":{"rendered":"http:\/\/agora.xtec.cat\/ceip-orca\/\/?page_id=38"},"modified":"2022-04-03T13:49:25","modified_gmt":"2022-04-03T11:49:25","slug":"salut","status":"publish","type":"page","link":"https:\/\/agora.xtec.cat\/ceip-orca\/lescola\/salut\/","title":{"rendered":"Salut"},"content":{"rendered":"<div class=\"entry-content\">\n<h4><span style=\"color: #008000;\">Revisi\u00f3 odontol\u00f2gica<\/span><\/h4>\n<p>Des del servei d\u2019odontologia del CAP de Les Borges Blanques cada curs venen al nostre centre per a realitzar la revisi\u00f3 bucodental als alumnes de 1r i 6\u00e8 de prim\u00e0ria.<\/p>\n<p>Aquestes revisions tenen com a objectiu la detecci\u00f3 dels nens\/es amb alt risc de c\u00e0ries, malalties de les genives i\/o malposici\u00f3 dent\u00e0ria per tal d\u2019aplicar les mesures preventives necess\u00e0ries.<\/p>\n<h4><span style=\"color: #008000;\">Vacunacions<\/span><\/h4>\n<p>L\u2019administraci\u00f3 de vacunes als infants de sis\u00e8 curs d\u2019educaci\u00f3 prim\u00e0ria obligat\u00f2ria i als escolars de segon curs d\u2019educaci\u00f3 obligat\u00f2ria.<\/p>\n<h4><span style=\"color: #008000;\">Polls<\/span><\/h4>\n<p>Us fem saber que hi ha el cas d\u2019algun alumne amb polls al cap.<\/p>\n<p>\u00c9s per aix\u00f2 que us demanem que vigileu b\u00e9 si el vostre fill o filla en t\u00e9, per tal que li pugueu aplicar les mesures corresponents i no afavorir el contagi.<\/p>\n<p>Us adrecem tamb\u00e9 una s\u00e8rie d\u2019interrogants en relaci\u00f3 al tema:<\/p>\n<p style=\"padding-left: 60px;\"><span style=\"color: #ff0000;\"><strong><em>Com es pot veure si un t\u00e9 polls?<\/em><\/strong><\/span><\/p>\n<p style=\"padding-left: 90px;\">Es poden recon\u00e8ixer els ous. S\u00f3n molt petits i estan fortament enganxats a la base del cabell. Cal revisar b\u00e9 darrera les orelles i el clatell.<\/p>\n<p style=\"padding-left: 60px;\"><span style=\"color: #ff0000;\"><strong><em>Qu\u00e8 s\u2019ha de fer per eliminar-los?<\/em><\/strong><\/span><\/p>\n<p style=\"padding-left: 90px;\">Cal aplicar un xamp\u00fa i una loci\u00f3 espec\u00edfica durant uns dies, que es repeteix al cap d\u2019una setmana.<\/p>\n<p style=\"padding-left: 90px;\">Els cabells curts faciliten aquesta operaci\u00f3.<\/p>\n<p style=\"padding-left: 60px;\"><span style=\"color: #ff0000;\"><strong><em>Com es transmeten els polls?<\/em><\/strong><\/span><\/p>\n<p style=\"padding-left: 90px;\">Els polls es desplacen pel cap lentament i passen d\u2019una persona a l\u2019altra per proximitat quan s\u2019acosten, juguen o intercanvien objectes personals com les bufandes, els abrics, gorres, \u2026<\/p>\n<p><strong>Us agrair\u00edem que els nens\/es afectats amb polls o ll\u00e9menes es quedessin a casa fins no tenir cap par\u00e0sit per tal de no encomanar-los als altres.<\/strong><\/p>\n<p>&nbsp;<\/p>\n<p>&nbsp;<\/p>\n<p>Web per solucionar tots els dubtes relacionats amb la salut dels nostres alumnes:<\/p>\n<p><a href=\"http:\/\/educacio.gencat.cat\/documents\/IPCNormativa\/DOIGC\/GEST_Salut_escolar.pdf\">SALUT ALS CENTRES EDUCATIUS<\/a><\/p>\n<\/div>\n<p>&nbsp;<\/p>\n<p>&nbsp;<\/p>\n<p>&nbsp;<\/p>\n<p>&nbsp;<\/p>\n<p>&nbsp;<\/p>\n","protected":false},"excerpt":{"rendered":"<p>Revisi\u00f3 odontol\u00f2gica<br \/>\nDes del servei d\u2019odontologia del CAP de Les Borges Blanques cada curs venen al nostre centre per a realitzar la revisi\u00f3 bucodental als alumnes de 1r i 6\u00e8 de prim\u00e0ria.<br \/>\nAquestes revisions tenen com a objectiu la detecci\u00f3 dels nens\/es amb alt risc de c\u00e0ries,&hellip;  <a href=\"https:\/\/agora.xtec.cat\/ceip-orca\/lescola\/salut\/\" title=\"Read Salut\">Llegeix m\u00e9s\u00bb<\/a><\/p>\n","protected":false},"author":2,"featured_media":0,"parent":22,"menu_order":80,"comment_status":"closed","ping_status":"closed","template":"page-templates\/side-menu.php","meta":{"_bbp_topic_count":0,"_bbp_reply_count":0,"_bbp_total_topic_count":0,"_bbp_total_reply_count":0,"_bbp_voice_count":0,"_bbp_anonymous_reply_count":0,"_bbp_topic_count_hidden":0,"_bbp_reply_count_hidden":0,"_bbp_forum_subforum_count":0,"footnotes":""},"class_list":["post-38","page","type-page","status-publish","hentry"],"post_mailing_queue_ids":[],"_links":{"self":[{"href":"https:\/\/agora.xtec.cat\/ceip-orca\/wp-json\/wp\/v2\/pages\/38","targetHints":{"allow":["GET"]}}],"collection":[{"href":"https:\/\/agora.xtec.cat\/ceip-orca\/wp-json\/wp\/v2\/pages"}],"about":[{"href":"https:\/\/agora.xtec.cat\/ceip-orca\/wp-json\/wp\/v2\/types\/page"}],"author":[{"embeddable":true,"href":"https:\/\/agora.xtec.cat\/ceip-orca\/wp-json\/wp\/v2\/users\/2"}],"replies":[{"embeddable":true,"href":"https:\/\/agora.xtec.cat\/ceip-orca\/wp-json\/wp\/v2\/comments?post=38"}],"version-history":[{"count":3,"href":"https:\/\/agora.xtec.cat\/ceip-orca\/wp-json\/wp\/v2\/pages\/38\/revisions"}],"predecessor-version":[{"id":3951,"href":"https:\/\/agora.xtec.cat\/ceip-orca\/wp-json\/wp\/v2\/pages\/38\/revisions\/3951"}],"up":[{"embeddable":true,"href":"https:\/\/agora.xtec.cat\/ceip-orca\/wp-json\/wp\/v2\/pages\/22"}],"wp:attachment":[{"href":"https:\/\/agora.xtec.cat\/ceip-orca\/wp-json\/wp\/v2\/media?parent=38"}],"curies":[{"name":"wp","href":"https:\/\/api.w.org\/{rel}","templated":true}]}}