{"id":2222,"date":"2017-07-17T17:11:54","date_gmt":"2017-07-17T15:11:54","guid":{"rendered":"http:\/\/agora.xtec.cat\/ceip-orca\/?page_id=2222"},"modified":"2026-03-01T18:36:47","modified_gmt":"2026-03-01T17:36:47","slug":"estiu-2019","status":"publish","type":"page","link":"https:\/\/agora.xtec.cat\/ceip-orca\/","title":{"rendered":"."},"content":{"rendered":"<table style=\"border-collapse: collapse; width: 100%;\">\n<tbody>\n<tr>\n<td style=\"width: 100%;\">\n<h2><a href=\"https:\/\/preinscripcio.gencat.cat\/ca\/inici\/\">PREINSCRIPCI\u00d3 2026-27<\/a><\/h2>\n<p><a href=\"https:\/\/agora.xtec.cat\/ceip-orca\/wp-content\/uploads\/usu197\/2026\/02\/Portes-obertes-febrer2026.pdf\">PORTES OBERTES FEBRER 2026<\/a><\/p>\n<p><span style=\"text-decoration: underline;\"><strong>DATES PRESENTACI\u00d3 DE SOL\u00b7LICITUDS<\/strong><\/span>: Del 4 al 18 de mar\u00e7 de 2026 (a partir de les 9 hores).<\/p>\n<p><span style=\"text-decoration: underline;\"><strong>DOCUMENTACI\u00d3<\/strong><\/span><em><strong>:<\/strong><\/em> Com que tots els tr\u00e0mits es fan de manera telem\u00e0tica, <strong>cal escanejar o fotografiar tots els documents demanats per ambdues cares<\/strong>\u00a0i tenir-los disponibles en el dispositiu que utilitzareu per emplenar el formulari de preinscripci\u00f3, ja sigui un ordinador, una tauleta o un tel\u00e8fon intel\u00b7ligent, per tal de poder-los adjuntar.<\/p>\n<p>Els documents necessaris per acreditar la identitat de les fam\u00edlies en la sol\u00b7licitud de preinscripci\u00f3 s\u00f3n:<\/p>\n<ul>\n<li><strong>Certificaci\u00f3 electr\u00f2nica de la inscripci\u00f3 de naixement o llibre de fam\u00edlia o altres documents relatius a la filiaci\u00f3.<br \/>\n<\/strong>Quan l&#8217;alumne estigui en situaci\u00f3 d&#8217;acolliment, el document que cal aportar \u00e9s la\u00a0<strong>resoluci\u00f3 d&#8217;acolliment del Departament de Drets Socials<\/strong>.<\/li>\n<li><strong>El DNI o NIE del pare, la mare o el tutor o la tutora legal de l&#8217;alumne\/a si s&#8217;utilitza la sol\u00b7licitud electr\u00f2nica sense certificat digital.\u00a0<\/strong>Si \u00e9s estranger s&#8217;haur\u00e0 d&#8217;adjuntar el\u00a0<strong>passaport<\/strong>\u00a0o, si \u00e9s estranger d&#8217;un pa\u00eds membre de la Uni\u00f3 Europea, el\u00a0<strong>document d&#8217;identitat del pa\u00eds d&#8217;origen<\/strong>.<\/li>\n<\/ul>\n<p><span style=\"text-decoration: underline;\"><strong>CODI IDENTIFICATIU:<\/strong><\/span> Tots els infants que han estat matriculats en una llar d&#8217;infants o en una escola bressol a Catalunya a partir del curs 2021-2022 tenen assignat un codi identificador del Registre d&#8217;alumnes de Catalunya, el RALC.<\/p>\n<p>Aquest codi es pot consultar des d&#8217;aquest mateix web, a l&#8217;apartat\u00a0<a title=\"Ves al tr\u00e0mit\" href=\"https:\/\/educacio.gencat.cat\/ca\/tramits\/tramits-temes\/identificador-alumne\" target=\"_blank\" rel=\"noopener\">Consulta l&#8217;identificador de l&#8217;alumne<\/a>.\u00a0Per fer la consulta i obtenir el n\u00famero d&#8217;identificador, el pare, la mare o el tutor o la tutora legal que faci el tr\u00e0mit s&#8217;ha d&#8217;autenticar electr\u00f2nicament. El portal sol\u00b7licita la\u00a0<strong>data de naixement de l&#8217;alumne<\/strong>\u00a0i, un cop validada, mostra la informaci\u00f3 en pantalla.<\/p>\n<p><strong>\u00c9s important<\/strong>\u00a0verificar tamb\u00e9 que tota la informaci\u00f3 que hi apareix \u00e9s correcta. En cas contrari, cal sol\u00b7licitar una rectificaci\u00f3 de les dades.<\/p>\n<p>En la sol\u00b7licitud de preinscripci\u00f3 s&#8217;ha de consignar aquest codi\u00a0<strong>en la casella \u00abIdentificador de l&#8217;alumne\u00bb<\/strong>\u00a0de l&#8217;apartat Dades personals de l&#8217;alumne.<\/td>\n<\/tr>\n<\/tbody>\n<\/table>\n<table style=\"border-collapse: collapse; width: 100%;\">\n<tbody>\n<tr>\n<td style=\"width: 50%;\"><img loading=\"lazy\" decoding=\"async\" class=\"alignleft size-large wp-image-7403\" style=\"font-size: 12.25px;\" src=\"https:\/\/agora.xtec.cat\/ceip-orca\/wp-content\/uploads\/usu197\/2024\/10\/Compromisos-familia-410x1024.jpg\" alt=\"\" width=\"410\" height=\"1024\" srcset=\"https:\/\/agora.xtec.cat\/ceip-orca\/wp-content\/uploads\/usu197\/2024\/10\/Compromisos-familia-410x1024.jpg 410w, https:\/\/agora.xtec.cat\/ceip-orca\/wp-content\/uploads\/usu197\/2024\/10\/Compromisos-familia-120x300.jpg 120w, https:\/\/agora.xtec.cat\/ceip-orca\/wp-content\/uploads\/usu197\/2024\/10\/Compromisos-familia-768x1920.jpg 768w, https:\/\/agora.xtec.cat\/ceip-orca\/wp-content\/uploads\/usu197\/2024\/10\/Compromisos-familia.jpg 800w\" sizes=\"auto, (max-width: 410px) 100vw, 410px\" \/><\/td>\n<td style=\"width: 50%;\"><img loading=\"lazy\" decoding=\"async\" class=\"alignleft size-large wp-image-7402\" src=\"https:\/\/agora.xtec.cat\/ceip-orca\/wp-content\/uploads\/usu197\/2024\/10\/Compromisos-centre-410x1024.jpg\" alt=\"\" width=\"410\" height=\"1024\" srcset=\"https:\/\/agora.xtec.cat\/ceip-orca\/wp-content\/uploads\/usu197\/2024\/10\/Compromisos-centre-410x1024.jpg 410w, https:\/\/agora.xtec.cat\/ceip-orca\/wp-content\/uploads\/usu197\/2024\/10\/Compromisos-centre-120x300.jpg 120w, https:\/\/agora.xtec.cat\/ceip-orca\/wp-content\/uploads\/usu197\/2024\/10\/Compromisos-centre-768x1920.jpg 768w, https:\/\/agora.xtec.cat\/ceip-orca\/wp-content\/uploads\/usu197\/2024\/10\/Compromisos-centre.jpg 800w\" sizes=\"auto, (max-width: 410px) 100vw, 410px\" \/><\/td>\n<\/tr>\n<\/tbody>\n<\/table>\n<h1><a href=\"https:\/\/agora.xtec.cat\/ceip-orca\/serveis\/menjador-escolar\/\">SERVEI DE MENJADOR ESCOLAR<\/a><\/h1>\n<h2><a href=\"https:\/\/agora.xtec.cat\/ceip-orca\/serveis\/menjador-escolar\/\">MEN\u00daS DEL MES<\/a><\/h2>\n<table style=\"border-collapse: collapse; width: 100%; height: 321px;\">\n<tbody>\n<tr>\n<td style=\"width: 50%;\"><iframe loading=\"lazy\" src=\"\/\/www.youtube.com\/embed\/AEPz5nn3rso\" width=\"560\" height=\"314\" allowfullscreen=\"allowfullscreen\"><\/iframe><\/td>\n<td style=\"width: 50%;\"><iframe loading=\"lazy\" src=\"\/\/www.youtube.com\/embed\/mwsQTsdHarE\" width=\"560\" height=\"314\" allowfullscreen=\"allowfullscreen\"><\/iframe><\/td>\n<\/tr>\n<\/tbody>\n<\/table>\n<p>&nbsp;<\/p>\n<h2><\/h2>\n","protected":false},"excerpt":{"rendered":"<p><a href=\"https:\/\/preinscripcio.gencat.cat\/ca\/inici\/\">PREINSCRIPCI\u00d3 2026-27<\/a><br \/>\n<a href=\"https:\/\/agora.xtec.cat\/ceip-orca\/wp-content\/uploads\/usu197\/2026\/02\/Portes-obertes-febrer2026.pdf\">PORTES OBERTES FEBRER 2026<\/a><br \/>\nDATES PRESENTACI\u00d3 DE SOL\u00b7LICITUDS: Del 4 al 18 de mar\u00e7 de 2026 (a partir de les 9 hores).<br \/>\nDOCUMENTACI\u00d3: Com que tots els tr\u00e0mits es fan de manera telem\u00e0tica, cal escanejar o fotografiar tots els documents demanats per ambdues cares\u00a0i&hellip;  <a href=\"https:\/\/agora.xtec.cat\/ceip-orca\/\" title=\"Read .\">Llegeix m\u00e9s\u00bb<\/a><\/p>\n","protected":false},"author":1,"featured_media":0,"parent":0,"menu_order":0,"comment_status":"closed","ping_status":"closed","template":"page-templates\/front-page.php","meta":{"_bbp_topic_count":0,"_bbp_reply_count":0,"_bbp_total_topic_count":0,"_bbp_total_reply_count":0,"_bbp_voice_count":0,"_bbp_anonymous_reply_count":0,"_bbp_topic_count_hidden":0,"_bbp_reply_count_hidden":0,"_bbp_forum_subforum_count":0,"footnotes":""},"class_list":["post-2222","page","type-page","status-publish","hentry"],"post_mailing_queue_ids":[],"_links":{"self":[{"href":"https:\/\/agora.xtec.cat\/ceip-orca\/wp-json\/wp\/v2\/pages\/2222","targetHints":{"allow":["GET"]}}],"collection":[{"href":"https:\/\/agora.xtec.cat\/ceip-orca\/wp-json\/wp\/v2\/pages"}],"about":[{"href":"https:\/\/agora.xtec.cat\/ceip-orca\/wp-json\/wp\/v2\/types\/page"}],"author":[{"embeddable":true,"href":"https:\/\/agora.xtec.cat\/ceip-orca\/wp-json\/wp\/v2\/users\/1"}],"replies":[{"embeddable":true,"href":"https:\/\/agora.xtec.cat\/ceip-orca\/wp-json\/wp\/v2\/comments?post=2222"}],"version-history":[{"count":8,"href":"https:\/\/agora.xtec.cat\/ceip-orca\/wp-json\/wp\/v2\/pages\/2222\/revisions"}],"predecessor-version":[{"id":7838,"href":"https:\/\/agora.xtec.cat\/ceip-orca\/wp-json\/wp\/v2\/pages\/2222\/revisions\/7838"}],"wp:attachment":[{"href":"https:\/\/agora.xtec.cat\/ceip-orca\/wp-json\/wp\/v2\/media?parent=2222"}],"curies":[{"name":"wp","href":"https:\/\/api.w.org\/{rel}","templated":true}]}}