{"id":1443,"date":"2017-02-23T10:27:02","date_gmt":"2017-02-23T09:27:02","guid":{"rendered":"http:\/\/agora.xtec.cat\/ceip-orca\/?page_id=1443"},"modified":"2025-07-09T12:09:07","modified_gmt":"2025-07-09T10:09:07","slug":"documents-de-centre","status":"publish","type":"page","link":"https:\/\/agora.xtec.cat\/ceip-orca\/secretaria\/documents-de-centre\/","title":{"rendered":"Documents de Centre"},"content":{"rendered":"<p><span style=\"text-decoration: underline;\"><strong>Documents de Centre<\/strong>:<\/span><\/p>\n<ul style=\"list-style-type: circle;\">\n<li>Projecte educatiu de centre(PEC): <a href=\"https:\/\/agora.xtec.cat\/ceip-orca\/wp-content\/uploads\/usu197\/2019\/02\/PROJECTE-EDUCATIU-en-revisio..pdf\">&lt; descarregar \/ visualitzar &gt;<\/a><\/li>\n<li>Projecte Ling\u00fc\u00edstic. <a href=\"https:\/\/agora.xtec.cat\/ceip-orca\/wp-content\/uploads\/usu197\/2019\/02\/projecte-linguistic-2018-2019.pdf\">visualitzar\/descarregar<\/a><\/li>\n<li>Normes d&#8217;organitzaci\u00f3 i funcionament de centre: <a href=\"https:\/\/agora.xtec.cat\/ceip-orca\/wp-content\/uploads\/usu197\/2025\/07\/NOFC_revisat_juny2025.pdf\">NOFC_revisat_juny2025<\/a><\/li>\n<li>Carta de comprom\u00eds Educaci\u00f3 Infantil <a href=\"https:\/\/agora.xtec.cat\/ceip-orca\/wp-content\/uploads\/usu197\/2019\/10\/carta-comprom\u00edsEI.pdf\">carta comprom\u00eds EI<\/a><\/li>\n<li>Carta de comprom\u00eds Educaci\u00f3 Prim\u00e0ria\u00a0 <a href=\"https:\/\/agora.xtec.cat\/ceip-orca\/wp-content\/uploads\/usu197\/2019\/10\/Carta-Compromis-E.P..pdf\">Carta Comprom\u00eds E.P.<\/a><\/li>\n<li>Projecte de conviv\u00e8ncia <a href=\"https:\/\/agora.xtec.cat\/ceip-orca\/wp-content\/uploads\/usu197\/2021\/03\/PLA-DE-CONVIV\u00c8NCIA.pdf\">PLA DE CONVIV\u00c8NCIA<\/a><\/li>\n<\/ul>\n<p>&nbsp;<\/p>\n<p>&nbsp;<\/p>\n","protected":false},"excerpt":{"rendered":"<p>Documents de Centre:<\/p>\n<ul style=\"list-style-type: circle;\">\n<li>Projecte educatiu de centre(PEC): <a href=\"https:\/\/agora.xtec.cat\/ceip-orca\/wp-content\/uploads\/usu197\/2019\/02\/PROJECTE-EDUCATIU-en-revisio..pdf\">&lt; descarregar \/ visualitzar &gt;<\/a><\/li>\n<li>Projecte Ling\u00fc\u00edstic. <a href=\"https:\/\/agora.xtec.cat\/ceip-orca\/wp-content\/uploads\/usu197\/2019\/02\/projecte-linguistic-2018-2019.pdf\">visualitzar\/descarregar<\/a><\/li>\n<li>Normes d&#8217;organitzaci\u00f3 i funcionament de centre: <a href=\"https:\/\/agora.xtec.cat\/ceip-orca\/wp-content\/uploads\/usu197\/2025\/07\/NOFC_revisat_juny2025.pdf\">NOFC_revisat_juny2025<\/a><\/li>\n<li>Carta de comprom\u00eds Educaci\u00f3 Infantil <a href=\"https:\/\/agora.xtec.cat\/ceip-orca\/wp-content\/uploads\/usu197\/2019\/10\/carta-comprom\u00edsEI.pdf\">carta comprom\u00eds EI<\/a><\/li>\n<li>Carta de comprom\u00eds Educaci\u00f3 Prim\u00e0ria\u00a0 <a href=\"https:\/\/agora.xtec.cat\/ceip-orca\/wp-content\/uploads\/usu197\/2019\/10\/Carta-Compromis-E.P..pdf\">Carta Comprom\u00eds E.P.<\/a><\/li>\n<li>Projecte de conviv\u00e8ncia <a href=\"https:\/\/agora.xtec.cat\/ceip-orca\/wp-content\/uploads\/usu197\/2021\/03\/PLA-DE-CONVIV\u00c8NCIA.pdf\">PLA DE&hellip;  <a href=\"https:\/\/agora.xtec.cat\/ceip-orca\/secretaria\/documents-de-centre\/\" title=\"Read Documents de Centre\">Llegeix m\u00e9s\u00bb<\/a><br \/>\n","protected":false},"author":14,"featured_media":0,"parent":497,"menu_order":2,"comment_status":"closed","ping_status":"closed","template":"","meta":{"_bbp_topic_count":0,"_bbp_reply_count":0,"_bbp_total_topic_count":0,"_bbp_total_reply_count":0,"_bbp_voice_count":0,"_bbp_anonymous_reply_count":0,"_bbp_topic_count_hidden":0,"_bbp_reply_count_hidden":0,"_bbp_forum_subforum_count":0,"footnotes":""},"class_list":["post-1443","page","type-page","status-publish","hentry"],"post_mailing_queue_ids":[],"_links":{"self":[{"href":"https:\/\/agora.xtec.cat\/ceip-orca\/wp-json\/wp\/v2\/pages\/1443","targetHints":{"allow":["GET"]}}],"collection":[{"href":"https:\/\/agora.xtec.cat\/ceip-orca\/wp-json\/wp\/v2\/pages"}],"about":[{"href":"https:\/\/agora.xtec.cat\/ceip-orca\/wp-json\/wp\/v2\/types\/page"}],"author":[{"embeddable":true,"href":"https:\/\/agora.xtec.cat\/ceip-orca\/wp-json\/wp\/v2\/users\/14"}],"replies":[{"embeddable":true,"href":"https:\/\/agora.xtec.cat\/ceip-orca\/wp-json\/wp\/v2\/comments?post=1443"}],"version-history":[{"count":6,"href":"https:\/\/agora.xtec.cat\/ceip-orca\/wp-json\/wp\/v2\/pages\/1443\/revisions"}],"predecessor-version":[{"id":7617,"href":"https:\/\/agora.xtec.cat\/ceip-orca\/wp-json\/wp\/v2\/pages\/1443\/revisions\/7617"}],"up":[{"embeddable":true,"href":"https:\/\/agora.xtec.cat\/ceip-orca\/wp-json\/wp\/v2\/pages\/497"}],"wp:attachment":[{"href":"https:\/\/agora.xtec.cat\/ceip-orca\/wp-json\/wp\/v2\/media?parent=1443"}],"curies":[{"name":"wp","href":"https:\/\/api.w.org\/{rel}","templated":true}]}}