{"id":1109,"date":"2018-10-17T15:40:43","date_gmt":"2018-10-17T13:40:43","guid":{"rendered":"http:\/\/agora.xtec.cat\/ceip-onzedesetembre\/?page_id=1109"},"modified":"2022-02-17T10:22:52","modified_gmt":"2022-02-17T09:22:52","slug":"normes-donganitzacio-i-funcionament-de-centre-nofc","status":"publish","type":"page","link":"https:\/\/agora.xtec.cat\/ceip-onzedesetembre\/normes-donganitzacio-i-funcionament-de-centre-nofc\/","title":{"rendered":"Normes d&#8217;organitzaci\u00f3 i funcionament de centre (NOFC)"},"content":{"rendered":"<p>Fent clic al seg\u00fcent enlla\u00e7 podreu consultar les Normes d&#8217;organitzaci\u00f3 i funcionament del nostre centre (NOFC).<\/p>\n<p><a href=\"https:\/\/agora.xtec.cat\/ceip-onzedesetembre\/wp-content\/uploads\/usu702\/2022\/02\/NOFC-editat-21-22.pdf\">Normes d&#8217;organitzaci\u00f3 i funcionament de centre (NOFC)<\/a><\/p>\n<p>&nbsp;<\/p>\n<p><a href=\"https:\/\/agora.xtec.cat\/ceip-onzedesetembre\/wp-content\/uploads\/usu702\/2022\/02\/NOFC-editat-21-22.pdf\"><img loading=\"lazy\" decoding=\"async\" class=\"aligncenter wp-image-1937\" src=\"https:\/\/agora.xtec.cat\/ceip-onzedesetembre\/wp-content\/uploads\/usu702\/2021\/02\/tb-w246-h150-crop-int-8a73a815af7ae23f3bc8b577441f89e9.jpg\" alt=\"\" width=\"363\" height=\"221\" \/><\/a><\/p>\n","protected":false},"excerpt":{"rendered":"<p>Fent clic al seg\u00fcent enlla\u00e7 podreu consultar les Normes d&#8217;organitzaci\u00f3 i funcionament del nostre centre (NOFC).<br \/>\n<a href=\"https:\/\/agora.xtec.cat\/ceip-onzedesetembre\/wp-content\/uploads\/usu702\/2022\/02\/NOFC-editat-21-22.pdf\">Normes d&#8217;organitzaci\u00f3 i funcionament de centre (NOFC)<\/a><br \/>\n&nbsp;<br \/>\n<a href=\"https:\/\/agora.xtec.cat\/ceip-onzedesetembre\/wp-content\/uploads\/usu702\/2022\/02\/NOFC-editat-21-22.pdf\"><\/a><\/p>\n","protected":false},"author":3,"featured_media":0,"parent":0,"menu_order":0,"comment_status":"closed","ping_status":"closed","template":"","meta":{"_bbp_topic_count":0,"_bbp_reply_count":0,"_bbp_total_topic_count":0,"_bbp_total_reply_count":0,"_bbp_voice_count":0,"_bbp_anonymous_reply_count":0,"_bbp_topic_count_hidden":0,"_bbp_reply_count_hidden":0,"_bbp_forum_subforum_count":0,"footnotes":""},"class_list":["post-1109","page","type-page","status-publish","hentry"],"post_mailing_queue_ids":[],"_links":{"self":[{"href":"https:\/\/agora.xtec.cat\/ceip-onzedesetembre\/wp-json\/wp\/v2\/pages\/1109","targetHints":{"allow":["GET"]}}],"collection":[{"href":"https:\/\/agora.xtec.cat\/ceip-onzedesetembre\/wp-json\/wp\/v2\/pages"}],"about":[{"href":"https:\/\/agora.xtec.cat\/ceip-onzedesetembre\/wp-json\/wp\/v2\/types\/page"}],"author":[{"embeddable":true,"href":"https:\/\/agora.xtec.cat\/ceip-onzedesetembre\/wp-json\/wp\/v2\/users\/3"}],"replies":[{"embeddable":true,"href":"https:\/\/agora.xtec.cat\/ceip-onzedesetembre\/wp-json\/wp\/v2\/comments?post=1109"}],"version-history":[{"count":3,"href":"https:\/\/agora.xtec.cat\/ceip-onzedesetembre\/wp-json\/wp\/v2\/pages\/1109\/revisions"}],"predecessor-version":[{"id":2243,"href":"https:\/\/agora.xtec.cat\/ceip-onzedesetembre\/wp-json\/wp\/v2\/pages\/1109\/revisions\/2243"}],"wp:attachment":[{"href":"https:\/\/agora.xtec.cat\/ceip-onzedesetembre\/wp-json\/wp\/v2\/media?parent=1109"}],"curies":[{"name":"wp","href":"https:\/\/api.w.org\/{rel}","templated":true}]}}