{"id":792,"date":"2017-04-27T00:03:47","date_gmt":"2017-04-26T22:03:47","guid":{"rendered":"http:\/\/agora.xtec.cat\/ceip-ocata\/?page_id=792"},"modified":"2021-02-10T22:27:37","modified_gmt":"2021-02-10T21:27:37","slug":"infantil","status":"publish","type":"page","link":"https:\/\/agora.xtec.cat\/ceip-ocata\/nivells\/infantil\/","title":{"rendered":"Infantil"},"content":{"rendered":"<p>\u00c9s a partir de les primeres sensacions i dels primers contactes amb l\u2019entorn que l\u2019infant capta la seva pr\u00f2pia realitat i la realitat dels altres.<\/p>\n<p style=\"text-align: justify;\">En aquestes edats \u00e9s quan una persona fa els seus primers aprenentatges: motors, cognitius, afectius i socials.<br \/>\nTots els aven\u00e7os seran decisius per resoldre amb \u00e8xit l\u2019adquisici\u00f3 de futurs aprenentatges i aquelles situacions que se li plantejaran al llarg de la vida.<\/p>\n<p style=\"text-align: justify;\"><strong>El joc<a href=\"https:\/\/agora.xtec.cat\/ceip-ocata\/wp-content\/uploads\/usu386\/2021\/01\/Screenshot_2021-01-30-23-45-54-58.jpg\"><img loading=\"lazy\" decoding=\"async\" class=\" wp-image-5830 alignright\" src=\"https:\/\/agora.xtec.cat\/ceip-ocata\/wp-content\/uploads\/usu386\/2021\/01\/Screenshot_2021-01-30-23-45-54-58-300x225.jpg\" alt=\"\" width=\"337\" height=\"253\" srcset=\"https:\/\/agora.xtec.cat\/ceip-ocata\/wp-content\/uploads\/usu386\/2021\/01\/Screenshot_2021-01-30-23-45-54-58-300x225.jpg 300w, https:\/\/agora.xtec.cat\/ceip-ocata\/wp-content\/uploads\/usu386\/2021\/01\/Screenshot_2021-01-30-23-45-54-58-200x150.jpg 200w, https:\/\/agora.xtec.cat\/ceip-ocata\/wp-content\/uploads\/usu386\/2021\/01\/Screenshot_2021-01-30-23-45-54-58.jpg 720w\" sizes=\"auto, (max-width: 337px) 100vw, 337px\" \/><\/a><\/strong><\/p>\n<p style=\"text-align: justify;\">El joc \u00e9s una pe\u00e7a clau en el creixement integral de nens i nenes, ja que a trav\u00e9s de l\u2019activitat l\u00fadica es despleguen tots els aspectes b\u00e0sics del desenvolupament infantil, \u00e9s a dir, el psicomotriu, l\u2019intel\u00b7lectual, el social i l\u2019afectivo-emocional. Els infants necessiten acci\u00f3, manipular objectes, interactuar amb altres persones&#8230; i aix\u00f2 \u00e9s precisament el que fan mentre juguen, alhora que:<\/p>\n<ul style=\"list-style-type: circle; text-align: justify;\">\n<li>desenvolupen el pensament<\/li>\n<li>aprenen a satisfer necessitats i a superar experi\u00e8ncies<\/li>\n<li>experimenten, descobreixen i creen<\/li>\n<li>es relacionen amb els altres<\/li>\n<li>reprodueixen i assimilen les seves adquisicions i desenvolupen la seva fantasia<\/li>\n<li>aprenentatges vivencials i significatius<\/li>\n<\/ul>\n<p style=\"text-align: justify;\"><strong>Descoberta d\u2019un mateix<\/strong><\/p>\n<p style=\"text-align: justify;\">Els objectius d&#8217;aquesta \u00e0rea s\u00f3n:<\/p>\n<p style=\"text-align: justify;\"><a href=\"https:\/\/agora.xtec.cat\/ceip-ocata\/wp-content\/uploads\/usu386\/2021\/01\/Screenshot_2021-01-30-23-43-23-15.jpg\"><br \/>\n<img loading=\"lazy\" decoding=\"async\" class=\" wp-image-5832 alignleft\" src=\"https:\/\/agora.xtec.cat\/ceip-ocata\/wp-content\/uploads\/usu386\/2021\/01\/Screenshot_2021-01-30-23-43-23-15-300x255.jpg\" alt=\"\" width=\"266\" height=\"226\" srcset=\"https:\/\/agora.xtec.cat\/ceip-ocata\/wp-content\/uploads\/usu386\/2021\/01\/Screenshot_2021-01-30-23-43-23-15-300x255.jpg 300w, https:\/\/agora.xtec.cat\/ceip-ocata\/wp-content\/uploads\/usu386\/2021\/01\/Screenshot_2021-01-30-23-43-23-15.jpg 720w\" sizes=\"auto, (max-width: 266px) 100vw, 266px\" \/><\/a><\/p>\n<ul style=\"list-style-type: circle; text-align: justify;\">\n<li>con\u00e8ixer el propi cos i les seves possibilitats tot treballant la psicomotricitat;<\/li>\n<li>aprendre a expressar les pr\u00f2pies emocions, sentiments, pensaments i opinions;<\/li>\n<li>adquirir diferents h\u00e0bits que els permetin ser m\u00e9s aut\u00f2noms i, d\u2019aquesta manera, tenir una conviv\u00e8ncia positiva amb els altres i adquirir nous aprenentatges. Entre els h\u00e0bits m\u00e9s importants cal esmentar els d\u2019autonomia, de sociabilitat i de treball.<\/li>\n<\/ul>\n<p>&nbsp;<\/p>\n<p>&nbsp;<\/p>\n<p style=\"text-align: justify;\"><strong>Descoberta de l\u2019entorn natural i social<\/strong><\/p>\n<p style=\"text-align: justify;\"><a href=\"https:\/\/agora.xtec.cat\/ceip-ocata\/wp-content\/uploads\/usu386\/2021\/01\/Screenshot_2021-01-30-23-41-55-56.jpg\"><img loading=\"lazy\" decoding=\"async\" class=\" wp-image-5833 alignright\" src=\"https:\/\/agora.xtec.cat\/ceip-ocata\/wp-content\/uploads\/usu386\/2021\/01\/Screenshot_2021-01-30-23-41-55-56-300x173.jpg\" alt=\"\" width=\"347\" height=\"200\" srcset=\"https:\/\/agora.xtec.cat\/ceip-ocata\/wp-content\/uploads\/usu386\/2021\/01\/Screenshot_2021-01-30-23-41-55-56-300x173.jpg 300w, https:\/\/agora.xtec.cat\/ceip-ocata\/wp-content\/uploads\/usu386\/2021\/01\/Screenshot_2021-01-30-23-41-55-56.jpg 720w\" sizes=\"auto, (max-width: 347px) 100vw, 347px\" \/><\/a>L\u2019objectiu principal d\u2019aquesta \u00e0rea \u00e9s observar i explorar l\u2019entorn natural, familiar i social. Per portar-lo a terme es treballa mitjan\u00e7ant projectes i unitats de programaci\u00f3.<br \/>\nIntercomunicaci\u00f3 i llenguatges<\/p>\n<p style=\"text-align: justify;\">L\u2019objectiu principal \u00e9s aconseguir que es relacionin amb els altres utilitzant diferents formes d\u2019expressi\u00f3 i comunicaci\u00f3 tals com la llengua (s\u2019inicien en l\u2019aprenentatge de la lectura i l\u2019escriptura, estimulaci\u00f3 fonol\u00f2gica), la m\u00fasica (gaudeixen de la m\u00fasica amb la can\u00e7\u00f3, l\u2019audici\u00f3, l\u2019educaci\u00f3 de l\u2019o\u00efda, el ritme i la dansa), la pl\u00e0stica (es fomenta la creativitat a trav\u00e9s de diferents t\u00e8cniques manuals), les matem\u00e0tiques (s\u2019inicien en el desenvolupament del pensament i la l\u00f2gica).<\/p>\n<p>&nbsp;<\/p>\n<blockquote><p><strong>Projectes transversals<\/strong><br \/>\n\u2022 projectes relacionats amb els interessos del grup (triats pels nens i nenes).<br \/>\n\u2022 projecte d\u2019Escola Verda (carmanyola, reciclatge, dia de la fruita, &#8230;)<br \/>\n\u2022 educaci\u00f3 emocional<br \/>\n\u2022 estimulaci\u00f3 fonol\u00f2gica<\/p>\n<p><strong>Atenci\u00f3 a la diversitat<\/strong><br \/>\n\u2022 psicomotricitat, racons, m\u00fasica i angles en mig grup.<br \/>\n\u2022 entrada esglaonada per a una atenci\u00f3 individualitzada.<br \/>\n\u2022 treball de rutines i h\u00e0bits per a comen\u00e7ar a introduir aprenentatges i unitats did\u00e0ctiques.<br \/>\n\u2022 socialitzaci\u00f3 del nen.<\/p><\/blockquote>\n<p>&nbsp;<\/p>\n","protected":false},"excerpt":{"rendered":"<p>\u00c9s a partir de les primeres sensacions i dels primers contactes amb l\u2019entorn que l\u2019infant capta la seva pr\u00f2pia realitat i la realitat dels altres.<br \/>\nEn aquestes edats \u00e9s quan una persona fa els seus primers aprenentatges: motors, cognitius, afectius i socials.<br \/>\nTots els aven\u00e7os seran decisius&hellip;  <a href=\"https:\/\/agora.xtec.cat\/ceip-ocata\/nivells\/infantil\/\" title=\"Read Infantil\">Llegeix m\u00e9s\u00bb<\/a><\/p>\n","protected":false},"author":1,"featured_media":0,"parent":87,"menu_order":1,"comment_status":"closed","ping_status":"closed","template":"page-templates\/side-menu.php","meta":{"_bbp_topic_count":0,"_bbp_reply_count":0,"_bbp_total_topic_count":0,"_bbp_total_reply_count":0,"_bbp_voice_count":0,"_bbp_anonymous_reply_count":0,"_bbp_topic_count_hidden":0,"_bbp_reply_count_hidden":0,"_bbp_forum_subforum_count":0,"footnotes":""},"class_list":["post-792","page","type-page","status-publish","hentry"],"post_mailing_queue_ids":[],"_links":{"self":[{"href":"https:\/\/agora.xtec.cat\/ceip-ocata\/wp-json\/wp\/v2\/pages\/792","targetHints":{"allow":["GET"]}}],"collection":[{"href":"https:\/\/agora.xtec.cat\/ceip-ocata\/wp-json\/wp\/v2\/pages"}],"about":[{"href":"https:\/\/agora.xtec.cat\/ceip-ocata\/wp-json\/wp\/v2\/types\/page"}],"author":[{"embeddable":true,"href":"https:\/\/agora.xtec.cat\/ceip-ocata\/wp-json\/wp\/v2\/users\/1"}],"replies":[{"embeddable":true,"href":"https:\/\/agora.xtec.cat\/ceip-ocata\/wp-json\/wp\/v2\/comments?post=792"}],"version-history":[{"count":3,"href":"https:\/\/agora.xtec.cat\/ceip-ocata\/wp-json\/wp\/v2\/pages\/792\/revisions"}],"predecessor-version":[{"id":5834,"href":"https:\/\/agora.xtec.cat\/ceip-ocata\/wp-json\/wp\/v2\/pages\/792\/revisions\/5834"}],"up":[{"embeddable":true,"href":"https:\/\/agora.xtec.cat\/ceip-ocata\/wp-json\/wp\/v2\/pages\/87"}],"wp:attachment":[{"href":"https:\/\/agora.xtec.cat\/ceip-ocata\/wp-json\/wp\/v2\/media?parent=792"}],"curies":[{"name":"wp","href":"https:\/\/api.w.org\/{rel}","templated":true}]}}