{"id":64,"date":"2014-09-18T12:39:08","date_gmt":"2014-09-18T12:39:08","guid":{"rendered":"http:\/\/agora.xtec.cat\/ceip-ocata\/?page_id=64"},"modified":"2021-02-01T00:29:23","modified_gmt":"2021-01-31T23:29:23","slug":"projecte-educatiu","status":"publish","type":"page","link":"https:\/\/agora.xtec.cat\/ceip-ocata\/projecte-educatiu\/","title":{"rendered":"L\u00ednia Educativa"},"content":{"rendered":"<p><span style=\"font-weight: 400;\">Sobre la l\u00ednia del centre.<\/span><\/p>\n<p><span style=\"font-weight: 400;\">Sovint a les portes obertes que es fan al Centre es pregunta a l\u2019Escola sota quina l\u00ednia pedag\u00f2gica es sustenta l\u2019escola. Sistem\u00e0ticament ens definim, i pensem que de forma obligada, com ecl\u00e8ctics. L\u2019escola t\u00e9 l\u2019obligaci\u00f3 de beure de totes les fonts i aproximar metodologies i concepcions d\u2019educar l\u2019infant a la pr\u00f2pia realitat.<\/span><\/p>\n<p><span style=\"font-weight: 400;\">Si existeix algun esquema de pensament que ens acull de veritat i sense esquerdes seria el dels quatre pilars que s\u2019especifiquen a l\u2019Informe Delhors sobre el qu\u00e8 s\u2019ha d\u2019aprendre a l\u2019escola.<\/span><\/p>\n<ul>\n<li><span style=\"font-weight: 400;\"> Aprendre a con\u00e8ixer: un coneixement general ampli amb l\u2019oportunitat de treballar en profunditat un petit nombre de mat\u00e8ries.<\/span><\/li>\n<li><span style=\"font-weight: 400;\"> Aprendre a fer: adquirir no sols capacitacions laborals, sin\u00f3 tamb\u00e9 compet\u00e8ncies per afrontar situacions nombroses i per treballar en equip.<\/span><\/li>\n<li><span style=\"font-weight: 400;\"> Aprendre a ser: desenvolupar la personalitat pr\u00f2pia i ser capa\u00e7 d\u2019actuar cada dia amb m\u00e9s autonomia, m\u00e9s criteri i m\u00e9s responsabilitat personal.<\/span><\/li>\n<li><span style=\"font-weight: 400;\"> Aprendre a viure junts: desenvolupar una comprensi\u00f3 vers les altres persones i valorar la interdepend\u00e8ncia.<\/span><\/li>\n<\/ul>\n<p><span style=\"font-weight: 400;\">Aquests quatre pilars s\u00f3n els que alimenten di\u00e0riament les nostres maneres de viure l\u2019educaci\u00f3 amb les nostres infants. Les raons s\u00f3n evidents. Eduquem per un futur que desconeixem, eduquem per un pa\u00eds nou amb unes noves realitats. L\u2019escola i els mestres en particular no han de transmetre informaci\u00f3, han de transmetre criteri i han de fomentar la creativitat. Criteri per gestionar llibertat i creativitat per cercar les eines necess\u00e0ries per tirar endavant un projecte de vida.<\/span><\/p>\n<p>&nbsp;<\/p>\n","protected":false},"excerpt":{"rendered":"<p>Sobre la l\u00ednia del centre.<br \/>\nSovint a les portes obertes que es fan al Centre es pregunta a l\u2019Escola sota quina l\u00ednia pedag\u00f2gica es sustenta l\u2019escola. Sistem\u00e0ticament ens definim, i pensem que de forma obligada, com ecl\u00e8ctics. L\u2019escola t\u00e9 l\u2019obligaci\u00f3 de beure de totes les fonts&hellip;  <a href=\"https:\/\/agora.xtec.cat\/ceip-ocata\/projecte-educatiu\/\" title=\"Read L\u00ednia Educativa\">Llegeix m\u00e9s\u00bb<\/a><\/p>\n","protected":false},"author":2,"featured_media":0,"parent":0,"menu_order":0,"comment_status":"closed","ping_status":"closed","template":"page-templates\/side-menu.php","meta":{"_bbp_topic_count":0,"_bbp_reply_count":0,"_bbp_total_topic_count":0,"_bbp_total_reply_count":0,"_bbp_voice_count":0,"_bbp_anonymous_reply_count":0,"_bbp_topic_count_hidden":0,"_bbp_reply_count_hidden":0,"_bbp_forum_subforum_count":0,"footnotes":""},"class_list":["post-64","page","type-page","status-publish","hentry"],"post_mailing_queue_ids":[],"_links":{"self":[{"href":"https:\/\/agora.xtec.cat\/ceip-ocata\/wp-json\/wp\/v2\/pages\/64","targetHints":{"allow":["GET"]}}],"collection":[{"href":"https:\/\/agora.xtec.cat\/ceip-ocata\/wp-json\/wp\/v2\/pages"}],"about":[{"href":"https:\/\/agora.xtec.cat\/ceip-ocata\/wp-json\/wp\/v2\/types\/page"}],"author":[{"embeddable":true,"href":"https:\/\/agora.xtec.cat\/ceip-ocata\/wp-json\/wp\/v2\/users\/2"}],"replies":[{"embeddable":true,"href":"https:\/\/agora.xtec.cat\/ceip-ocata\/wp-json\/wp\/v2\/comments?post=64"}],"version-history":[{"count":4,"href":"https:\/\/agora.xtec.cat\/ceip-ocata\/wp-json\/wp\/v2\/pages\/64\/revisions"}],"predecessor-version":[{"id":5936,"href":"https:\/\/agora.xtec.cat\/ceip-ocata\/wp-json\/wp\/v2\/pages\/64\/revisions\/5936"}],"wp:attachment":[{"href":"https:\/\/agora.xtec.cat\/ceip-ocata\/wp-json\/wp\/v2\/media?parent=64"}],"curies":[{"name":"wp","href":"https:\/\/api.w.org\/{rel}","templated":true}]}}