{"id":5952,"date":"2021-02-03T21:39:38","date_gmt":"2021-02-03T20:39:38","guid":{"rendered":"http:\/\/agora.xtec.cat\/ceip-ocata\/?page_id=5952"},"modified":"2021-02-10T22:32:52","modified_gmt":"2021-02-10T21:32:52","slug":"propostes-educatives","status":"publish","type":"page","link":"https:\/\/agora.xtec.cat\/ceip-ocata\/les-families\/propostes-educatives\/","title":{"rendered":"Propostes educatives"},"content":{"rendered":"<p>&nbsp;<\/p>\n<p><span style=\"font-weight: 400;\"><a href=\"https:\/\/agora.xtec.cat\/ceip-ocata\/wp-content\/uploads\/usu386\/2021\/02\/Screenshot_2021-02-03-21-36-39-51.jpg\"><img loading=\"lazy\" decoding=\"async\" class=\"alignleft wp-image-5954\" src=\"https:\/\/agora.xtec.cat\/ceip-ocata\/wp-content\/uploads\/usu386\/2021\/02\/Screenshot_2021-02-03-21-36-39-51-300x300.jpg\" alt=\"\" width=\"333\" height=\"333\" srcset=\"https:\/\/agora.xtec.cat\/ceip-ocata\/wp-content\/uploads\/usu386\/2021\/02\/Screenshot_2021-02-03-21-36-39-51-300x300.jpg 300w, https:\/\/agora.xtec.cat\/ceip-ocata\/wp-content\/uploads\/usu386\/2021\/02\/Screenshot_2021-02-03-21-36-39-51-150x150.jpg 150w, https:\/\/agora.xtec.cat\/ceip-ocata\/wp-content\/uploads\/usu386\/2021\/02\/Screenshot_2021-02-03-21-36-39-51.jpg 720w\" sizes=\"auto, (max-width: 333px) 100vw, 333px\" \/><\/a>No podem entendre l\u2019educaci\u00f3 sense <\/span><b>l\u2019acompanyament<\/b><span style=\"font-weight: 400;\"> de les fam\u00edlies. Per aix\u00f2, no nom\u00e9s mantenim una comunicaci\u00f3 fluida fam\u00edlies-escola, tamb\u00e9 volem enriquir a l\u2019alumnat amb coneixements que poden aportar membres de la fam\u00edlia, portant a terme <\/span><b>propostes, tallers, activitats, materials.<\/b><span style=\"font-weight: 400;\">.. dins l\u2019aula.<\/span><\/p>\n<p>&nbsp;<\/p>\n<p>&nbsp;<\/p>\n<p>&nbsp;<\/p>\n<p>&nbsp;<\/p>\n<p>&nbsp;<\/p>\n<p>&nbsp;<\/p>\n","protected":false},"excerpt":{"rendered":"<p>&nbsp;<br \/>\n<a href=\"https:\/\/agora.xtec.cat\/ceip-ocata\/wp-content\/uploads\/usu386\/2021\/02\/Screenshot_2021-02-03-21-36-39-51.jpg\"><\/a>No podem entendre l\u2019educaci\u00f3 sense l\u2019acompanyament de les fam\u00edlies. Per aix\u00f2, no nom\u00e9s mantenim una comunicaci\u00f3 fluida fam\u00edlies-escola, tamb\u00e9 volem enriquir a l\u2019alumnat amb coneixements que poden aportar membres de la fam\u00edlia, portant a terme propostes, tallers, activitats, materials&#8230; dins l\u2019aula.<br \/>\n&nbsp;<br \/>\n&nbsp;<br \/>\n&nbsp;<br \/>\n&nbsp;<br \/>\n&nbsp;<br \/>\n&nbsp;<\/p>\n","protected":false},"author":1,"featured_media":0,"parent":5950,"menu_order":1,"comment_status":"closed","ping_status":"closed","template":"page-templates\/side-menu.php","meta":{"_bbp_topic_count":0,"_bbp_reply_count":0,"_bbp_total_topic_count":0,"_bbp_total_reply_count":0,"_bbp_voice_count":0,"_bbp_anonymous_reply_count":0,"_bbp_topic_count_hidden":0,"_bbp_reply_count_hidden":0,"_bbp_forum_subforum_count":0,"footnotes":""},"class_list":["post-5952","page","type-page","status-publish","hentry"],"post_mailing_queue_ids":[],"_links":{"self":[{"href":"https:\/\/agora.xtec.cat\/ceip-ocata\/wp-json\/wp\/v2\/pages\/5952","targetHints":{"allow":["GET"]}}],"collection":[{"href":"https:\/\/agora.xtec.cat\/ceip-ocata\/wp-json\/wp\/v2\/pages"}],"about":[{"href":"https:\/\/agora.xtec.cat\/ceip-ocata\/wp-json\/wp\/v2\/types\/page"}],"author":[{"embeddable":true,"href":"https:\/\/agora.xtec.cat\/ceip-ocata\/wp-json\/wp\/v2\/users\/1"}],"replies":[{"embeddable":true,"href":"https:\/\/agora.xtec.cat\/ceip-ocata\/wp-json\/wp\/v2\/comments?post=5952"}],"version-history":[{"count":3,"href":"https:\/\/agora.xtec.cat\/ceip-ocata\/wp-json\/wp\/v2\/pages\/5952\/revisions"}],"predecessor-version":[{"id":5958,"href":"https:\/\/agora.xtec.cat\/ceip-ocata\/wp-json\/wp\/v2\/pages\/5952\/revisions\/5958"}],"up":[{"embeddable":true,"href":"https:\/\/agora.xtec.cat\/ceip-ocata\/wp-json\/wp\/v2\/pages\/5950"}],"wp:attachment":[{"href":"https:\/\/agora.xtec.cat\/ceip-ocata\/wp-json\/wp\/v2\/media?parent=5952"}],"curies":[{"name":"wp","href":"https:\/\/api.w.org\/{rel}","templated":true}]}}