{"id":5878,"date":"2021-01-31T01:26:42","date_gmt":"2021-01-31T00:26:42","guid":{"rendered":"http:\/\/agora.xtec.cat\/ceip-ocata\/?page_id=5878"},"modified":"2021-02-10T22:30:57","modified_gmt":"2021-02-10T21:30:57","slug":"emprenedoria","status":"publish","type":"page","link":"https:\/\/agora.xtec.cat\/ceip-ocata\/nivells\/primaria\/emprenedoria\/","title":{"rendered":"Emprenedoria"},"content":{"rendered":"<p>&nbsp;<\/p>\n<p><span style=\"font-weight: 400;\"><a href=\"https:\/\/agora.xtec.cat\/ceip-ocata\/wp-content\/uploads\/usu386\/2021\/01\/Screenshot_2021-01-31-01-22-54-03.jpg\"><img loading=\"lazy\" decoding=\"async\" class=\"wp-image-5880 alignleft\" src=\"https:\/\/agora.xtec.cat\/ceip-ocata\/wp-content\/uploads\/usu386\/2021\/01\/Screenshot_2021-01-31-01-22-54-03-300x268.jpg\" alt=\"\" width=\"424\" height=\"378\" srcset=\"https:\/\/agora.xtec.cat\/ceip-ocata\/wp-content\/uploads\/usu386\/2021\/01\/Screenshot_2021-01-31-01-22-54-03-300x268.jpg 300w, https:\/\/agora.xtec.cat\/ceip-ocata\/wp-content\/uploads\/usu386\/2021\/01\/Screenshot_2021-01-31-01-22-54-03.jpg 720w\" sizes=\"auto, (max-width: 424px) 100vw, 424px\" \/><\/a><\/span><span style=\"font-weight: 400;\">L&#8217;alumnat de 5\u00e8 munten una cooperativa.<\/span><\/p>\n<p>\u00c9s un projecte dissenyat per fomentar la cultura emprenedora a l&#8217;Educaci\u00f3 Prim\u00e0ria a trav\u00e9s de diferents activitats i propostes did\u00e0ctiques adre\u00e7ades a l&#8217;alumnat. L&#8217;objectiu final \u00e9s desenvolupar valors, h\u00e0bits, habilitats i comportaments <span style=\"font-weight: 400;\">que capacitin les persones per impulsar projectes professionals i vitals.<\/span> El projecte consisteix en muntar una petita empresa, amb totes les gestions que aix\u00f2 comporta i despr\u00e9s vendre el producte elaborat <span style=\"font-weight: 400;\">a la Fira Comercial i Gastron\u00f2mica del Masnou.<\/span>.<\/p>\n<p>Aquest projecte t\u00e9 el suport de l\u2019Ajuntament del Masnou i la Diputaci\u00f3 de Barcelona. Emprendre a l&#8217;escola situa l&#8217;alumnat davant del repte d&#8217;haver de crear i gestionar un projecte de manera real a partir d&#8217;un treball actiu, cooperatiu i significatiu.<\/p>\n<p>&nbsp;<\/p>\n<p>&nbsp;<\/p>\n","protected":false},"excerpt":{"rendered":"<p>&nbsp;<br \/>\n<a href=\"https:\/\/agora.xtec.cat\/ceip-ocata\/wp-content\/uploads\/usu386\/2021\/01\/Screenshot_2021-01-31-01-22-54-03.jpg\"><\/a>L&#8217;alumnat de 5\u00e8 munten una cooperativa.<br \/>\n\u00c9s un projecte dissenyat per fomentar la cultura emprenedora a l&#8217;Educaci\u00f3 Prim\u00e0ria a trav\u00e9s de diferents activitats i propostes did\u00e0ctiques adre\u00e7ades a l&#8217;alumnat. L&#8217;objectiu final \u00e9s desenvolupar valors, h\u00e0bits, habilitats i comportaments que capacitin les persones per impulsar projectes&hellip;  <a href=\"https:\/\/agora.xtec.cat\/ceip-ocata\/nivells\/primaria\/emprenedoria\/\" title=\"Read Emprenedoria\">Llegeix m\u00e9s\u00bb<\/a><\/p>\n","protected":false},"author":1,"featured_media":0,"parent":796,"menu_order":4,"comment_status":"closed","ping_status":"closed","template":"","meta":{"_bbp_topic_count":0,"_bbp_reply_count":0,"_bbp_total_topic_count":0,"_bbp_total_reply_count":0,"_bbp_voice_count":0,"_bbp_anonymous_reply_count":0,"_bbp_topic_count_hidden":0,"_bbp_reply_count_hidden":0,"_bbp_forum_subforum_count":0,"footnotes":""},"class_list":["post-5878","page","type-page","status-publish","hentry"],"post_mailing_queue_ids":[],"_links":{"self":[{"href":"https:\/\/agora.xtec.cat\/ceip-ocata\/wp-json\/wp\/v2\/pages\/5878","targetHints":{"allow":["GET"]}}],"collection":[{"href":"https:\/\/agora.xtec.cat\/ceip-ocata\/wp-json\/wp\/v2\/pages"}],"about":[{"href":"https:\/\/agora.xtec.cat\/ceip-ocata\/wp-json\/wp\/v2\/types\/page"}],"author":[{"embeddable":true,"href":"https:\/\/agora.xtec.cat\/ceip-ocata\/wp-json\/wp\/v2\/users\/1"}],"replies":[{"embeddable":true,"href":"https:\/\/agora.xtec.cat\/ceip-ocata\/wp-json\/wp\/v2\/comments?post=5878"}],"version-history":[{"count":2,"href":"https:\/\/agora.xtec.cat\/ceip-ocata\/wp-json\/wp\/v2\/pages\/5878\/revisions"}],"predecessor-version":[{"id":5923,"href":"https:\/\/agora.xtec.cat\/ceip-ocata\/wp-json\/wp\/v2\/pages\/5878\/revisions\/5923"}],"up":[{"embeddable":true,"href":"https:\/\/agora.xtec.cat\/ceip-ocata\/wp-json\/wp\/v2\/pages\/796"}],"wp:attachment":[{"href":"https:\/\/agora.xtec.cat\/ceip-ocata\/wp-json\/wp\/v2\/media?parent=5878"}],"curies":[{"name":"wp","href":"https:\/\/api.w.org\/{rel}","templated":true}]}}