{"id":5850,"date":"2021-01-31T00:56:46","date_gmt":"2021-01-30T23:56:46","guid":{"rendered":"http:\/\/agora.xtec.cat\/ceip-ocata\/?page_id=5850"},"modified":"2021-02-10T22:29:26","modified_gmt":"2021-02-10T21:29:26","slug":"racons","status":"publish","type":"page","link":"https:\/\/agora.xtec.cat\/ceip-ocata\/nivells\/infantil\/racons\/","title":{"rendered":"Racons"},"content":{"rendered":"<p>&nbsp;<\/p>\n\r\n\t<div class=\"slideshow_container slideshow_container_style-light\" style=\"height: 300px; \" data-slideshow-id=\"5852\" data-style-name=\"style-light\" data-style-version=\"2.3.1\" >\r\n\r\n\t\t\t\t\t<div class=\"slideshow_loading_icon\"><\/div>\r\n\t\t\r\n\t\t<div class=\"slideshow_content\" style=\"display: none;\">\r\n\r\n\t\t\t<div class=\"slideshow_view\">\r\n\t\t\t\t<div class=\"slideshow_slide slideshow_slide_image\">\r\n\t\t\t\t\t\t\t\t\t\t\t<img src=\"https:\/\/agora.xtec.cat\/ceip-ocata\/wp-content\/uploads\/usu386\/2021\/01\/Screenshot_2021-01-31-00-44-27-11.jpg\" alt=\"Screenshot_2021-01-31-00-44-27-11\" width=\"720\" height=\"408\" \/>\r\n\t\t\t\t\t\t\t\t\t\t<div class=\"slideshow_description_box slideshow_transparent\">\r\n\t\t\t\t\t\t<div class=\"slideshow_title\">Screenshot_2021-01-31-00-44-27-11<\/div>\t\t\t\t\t\t\t\t\t\t\t<\/div>\r\n\t\t\t\t<\/div>\r\n\r\n\t\t\t\t\t\t<div style=\"clear: both;\"><\/div><\/div><div class=\"slideshow_view\">\r\n\t\t\t\t<div class=\"slideshow_slide slideshow_slide_image\">\r\n\t\t\t\t\t\t\t\t\t\t\t<img src=\"https:\/\/agora.xtec.cat\/ceip-ocata\/wp-content\/uploads\/usu386\/2021\/01\/Screenshot_2021-01-31-00-45-32-76.jpg\" alt=\"Screenshot_2021-01-31-00-45-32-76\" width=\"720\" height=\"303\" \/>\r\n\t\t\t\t\t\t\t\t\t\t<div class=\"slideshow_description_box slideshow_transparent\">\r\n\t\t\t\t\t\t<div class=\"slideshow_title\">Screenshot_2021-01-31-00-45-32-76<\/div>\t\t\t\t\t\t\t\t\t\t\t<\/div>\r\n\t\t\t\t<\/div>\r\n\r\n\t\t\t\t\t\t<div style=\"clear: both;\"><\/div><\/div><div class=\"slideshow_view\">\r\n\t\t\t\t<div class=\"slideshow_slide slideshow_slide_image\">\r\n\t\t\t\t\t\t\t\t\t\t\t<img src=\"https:\/\/agora.xtec.cat\/ceip-ocata\/wp-content\/uploads\/usu386\/2021\/01\/Screenshot_2021-01-31-00-46-30-42.jpg\" alt=\"Screenshot_2021-01-31-00-46-30-42\" width=\"720\" height=\"236\" \/>\r\n\t\t\t\t\t\t\t\t\t\t<div class=\"slideshow_description_box slideshow_transparent\">\r\n\t\t\t\t\t\t<div class=\"slideshow_title\">Screenshot_2021-01-31-00-46-30-42<\/div>\t\t\t\t\t\t\t\t\t\t\t<\/div>\r\n\t\t\t\t<\/div>\r\n\r\n\t\t\t\t\t\t<div style=\"clear: both;\"><\/div><\/div><div class=\"slideshow_view\">\r\n\t\t\t\t<div class=\"slideshow_slide slideshow_slide_image\">\r\n\t\t\t\t\t\t\t\t\t\t\t<img src=\"https:\/\/agora.xtec.cat\/ceip-ocata\/wp-content\/uploads\/usu386\/2021\/01\/Screenshot_2021-01-31-00-48-02-89.jpg\" alt=\"Screenshot_2021-01-31-00-48-02-89\" width=\"720\" height=\"423\" \/>\r\n\t\t\t\t\t\t\t\t\t\t<div class=\"slideshow_description_box slideshow_transparent\">\r\n\t\t\t\t\t\t<div class=\"slideshow_title\">Screenshot_2021-01-31-00-48-02-89<\/div>\t\t\t\t\t\t\t\t\t\t\t<\/div>\r\n\t\t\t\t<\/div>\r\n\r\n\t\t\t\t\t\t<div style=\"clear: both;\"><\/div><\/div><div class=\"slideshow_view\">\r\n\t\t\t\t<div class=\"slideshow_slide slideshow_slide_image\">\r\n\t\t\t\t\t\t\t\t\t\t\t<img src=\"https:\/\/agora.xtec.cat\/ceip-ocata\/wp-content\/uploads\/usu386\/2021\/01\/Screenshot_2021-01-31-00-48-59-69.jpg\" alt=\"Screenshot_2021-01-31-00-48-59-69\" width=\"720\" height=\"384\" \/>\r\n\t\t\t\t\t\t\t\t\t\t<div class=\"slideshow_description_box slideshow_transparent\">\r\n\t\t\t\t\t\t<div class=\"slideshow_title\">Screenshot_2021-01-31-00-48-59-69<\/div>\t\t\t\t\t\t\t\t\t\t\t<\/div>\r\n\t\t\t\t<\/div>\r\n\r\n\t\t\t\t\t\t<div style=\"clear: both;\"><\/div><\/div><div class=\"slideshow_view\">\r\n\t\t\t\t<div class=\"slideshow_slide slideshow_slide_image\">\r\n\t\t\t\t\t\t\t\t\t\t\t<img src=\"https:\/\/agora.xtec.cat\/ceip-ocata\/wp-content\/uploads\/usu386\/2021\/01\/Screenshot_2021-01-31-00-49-35-10.jpg\" alt=\"Screenshot_2021-01-31-00-49-35-10\" width=\"720\" height=\"302\" \/>\r\n\t\t\t\t\t\t\t\t\t\t<div class=\"slideshow_description_box slideshow_transparent\">\r\n\t\t\t\t\t\t<div class=\"slideshow_title\">Screenshot_2021-01-31-00-49-35-10<\/div>\t\t\t\t\t\t\t\t\t\t\t<\/div>\r\n\t\t\t\t<\/div>\r\n\r\n\t\t\t\t\t\t<div style=\"clear: both;\"><\/div><\/div><div class=\"slideshow_view\">\r\n\t\t\t\t<div class=\"slideshow_slide slideshow_slide_image\">\r\n\t\t\t\t\t\t\t\t\t\t\t<img src=\"https:\/\/agora.xtec.cat\/ceip-ocata\/wp-content\/uploads\/usu386\/2021\/01\/Screenshot_2021-01-31-00-50-42-85.jpg\" alt=\"Screenshot_2021-01-31-00-50-42-85\" width=\"720\" height=\"336\" \/>\r\n\t\t\t\t\t\t\t\t\t\t<div class=\"slideshow_description_box slideshow_transparent\">\r\n\t\t\t\t\t\t<div class=\"slideshow_title\">Screenshot_2021-01-31-00-50-42-85<\/div>\t\t\t\t\t\t\t\t\t\t\t<\/div>\r\n\t\t\t\t<\/div>\r\n\r\n\t\t\t\t\t\t<div style=\"clear: both;\"><\/div><\/div>\r\n\t\t<\/div>\r\n\r\n\t\t<div class=\"slideshow_controlPanel slideshow_transparent\" style=\"display: none;\"><ul><li class=\"slideshow_togglePlay\" data-play-text=\"Visualitza\" data-pause-text=\"Pausa\"><\/li><\/ul><\/div>\r\n\r\n\t\t<div class=\"slideshow_button slideshow_previous slideshow_transparent\" role=\"button\" data-previous-text=\"Anterior\" style=\"display: none;\"><\/div>\r\n\t\t<div class=\"slideshow_button slideshow_next slideshow_transparent\" role=\"button\" data-next-text=\"Seg\u00fcent\" style=\"display: none;\"><\/div>\r\n\r\n\t\t<div class=\"slideshow_pagination\" style=\"display: none;\" data-go-to-text=\"V\u00e9s a la diapositiva\"><div class=\"slideshow_pagination_center\"><\/div><\/div>\r\n\r\n\t\t<!-- WordPress Slideshow Version 2.3.1 -->\r\n\r\n\t\t\t<\/div>\r\n\r\n\n<p><span style=\"font-weight: 400;\">Els racons els definim com un tipus d\u2019organitzaci\u00f3 de l\u2019espai, dels infants, dels materials i dels aprenentatges que permeten al docent acompanyar de manera m\u00e9s individualitzada i, respectant els ritmes, a l\u2019adquisici\u00f3 de l\u2019alumnat pel que fa a experi\u00e8ncies, estrat\u00e8gies i autonomia. Els racons es fan quan es t\u00e9 mig grup i es plantegen com a propostes que han de fer tots els nens i les nenes. Els racons que es poden fer s\u00f3n: <\/span><b>LLENGUA<\/b><span style=\"font-weight: 400;\">, <\/span><b>MATES<\/b><span style=\"font-weight: 400;\">, <\/span><b>MOTRICITAT FINA<\/b><span style=\"font-weight: 400;\">, <\/span><b>JOC SIMB\u00d2LIC<\/b><span style=\"font-weight: 400;\">.\u00a0<\/span><\/p>\n<p><span style=\"font-weight: 400;\">S\u2019intenta garantir com a m\u00ednim una sessi\u00f3 setmanal de racons a la setmana.\u00a0<\/span><\/p>\n<p><span style=\"font-weight: 400;\">A vegades es presenten materials, jocs i propostes als racons i un cop s\u2019han acordat les normes de funcionament, l\u2019\u00fas del material o b\u00e9 s\u2019han ent\u00e8s les consignes, es presenten les mateixes propostes per ser desenvolupades als microambients de forma m\u00e9s aut\u00f2noma.\u00a0<\/span><\/p>\n<p><span style=\"font-weight: 400;\">Alguns racons seran aut\u00f2noms, d\u2019altres seran semi-dirigits i d\u2019altres requeriran l\u2019acompanyament i la bastida de l\u2019adult. Per tant, el rol del mestre\/a ser\u00e0 observar, proposar, fer de model i oferir les estrat\u00e8gies o acompanyament necessari; tamb\u00e9 en far\u00e0 la valoraci\u00f3 pertinent i les adaptacions que cregui convenients per a que les propostes, els espais i els materials afavoreixin l\u2019aprenentatge i el desenvolupament integral de l\u2019infant.\u00a0<\/span><\/p>\n<p>&nbsp;<\/p>\n","protected":false},"excerpt":{"rendered":"<p>&nbsp;<\/p>\n<p>\t\t\t\t\t\tScreenshot_2021-01-31-00-44-27-11\t\t\t\t\t\t\t\t\t\t\t<\/p>\n<p>\t\t\t\t\t\tScreenshot_2021-01-31-00-45-32-76\t\t\t\t\t\t\t\t\t\t\t<\/p>\n<p>\t\t\t\t\t\tScreenshot_2021-01-31-00-46-30-42\t\t\t\t\t\t\t\t\t\t\t<\/p>\n<p>\t\t\t\t\t\tScreenshot_2021-01-31-00-48-02-89\t\t\t\t\t\t\t\t\t\t\t<\/p>\n<p>\t\t\t\t\t\tScreenshot_2021-01-31-00-48-59-69\t\t\t\t\t\t\t\t\t\t\t<\/p>\n<p>\t\t\t\t\t\tScreenshot_2021-01-31-00-49-35-10\t\t\t\t\t\t\t\t\t\t\t<\/p>\n<p>\t\t\t\t\t\tScreenshot_2021-01-31-00-50-42-85\t\t\t\t\t\t\t\t\t\t\t<\/p>\n<ul>\n<li class=\"slideshow_togglePlay\" data-play-text=\"Visualitza\" data-pause-text=\"Pausa\"><\/li>\n<\/ul>\n<p>Els racons els definim com un tipus d\u2019organitzaci\u00f3 de l\u2019espai, dels infants, dels materials i dels aprenentatges que permeten al docent acompanyar de manera m\u00e9s individualitzada i, respectant els ritmes, a l\u2019adquisici\u00f3 de l\u2019alumnat pel que fa a experi\u00e8ncies, estrat\u00e8gies i autonomia.&hellip;  <a href=\"https:\/\/agora.xtec.cat\/ceip-ocata\/nivells\/infantil\/racons\/\" title=\"Read Racons\">Llegeix m\u00e9s\u00bb<\/a><\/p>\n","protected":false},"author":1,"featured_media":0,"parent":792,"menu_order":4,"comment_status":"closed","ping_status":"closed","template":"","meta":{"_bbp_topic_count":0,"_bbp_reply_count":0,"_bbp_total_topic_count":0,"_bbp_total_reply_count":0,"_bbp_voice_count":0,"_bbp_anonymous_reply_count":0,"_bbp_topic_count_hidden":0,"_bbp_reply_count_hidden":0,"_bbp_forum_subforum_count":0,"footnotes":""},"class_list":["post-5850","page","type-page","status-publish","hentry"],"post_mailing_queue_ids":[],"_links":{"self":[{"href":"https:\/\/agora.xtec.cat\/ceip-ocata\/wp-json\/wp\/v2\/pages\/5850","targetHints":{"allow":["GET"]}}],"collection":[{"href":"https:\/\/agora.xtec.cat\/ceip-ocata\/wp-json\/wp\/v2\/pages"}],"about":[{"href":"https:\/\/agora.xtec.cat\/ceip-ocata\/wp-json\/wp\/v2\/types\/page"}],"author":[{"embeddable":true,"href":"https:\/\/agora.xtec.cat\/ceip-ocata\/wp-json\/wp\/v2\/users\/1"}],"replies":[{"embeddable":true,"href":"https:\/\/agora.xtec.cat\/ceip-ocata\/wp-json\/wp\/v2\/comments?post=5850"}],"version-history":[{"count":3,"href":"https:\/\/agora.xtec.cat\/ceip-ocata\/wp-json\/wp\/v2\/pages\/5850\/revisions"}],"predecessor-version":[{"id":5865,"href":"https:\/\/agora.xtec.cat\/ceip-ocata\/wp-json\/wp\/v2\/pages\/5850\/revisions\/5865"}],"up":[{"embeddable":true,"href":"https:\/\/agora.xtec.cat\/ceip-ocata\/wp-json\/wp\/v2\/pages\/792"}],"wp:attachment":[{"href":"https:\/\/agora.xtec.cat\/ceip-ocata\/wp-json\/wp\/v2\/media?parent=5850"}],"curies":[{"name":"wp","href":"https:\/\/api.w.org\/{rel}","templated":true}]}}