{"id":5814,"date":"2021-01-30T23:08:54","date_gmt":"2021-01-30T22:08:54","guid":{"rendered":"http:\/\/agora.xtec.cat\/ceip-ocata\/?page_id=5814"},"modified":"2021-02-10T22:28:42","modified_gmt":"2021-02-10T21:28:42","slug":"ambients","status":"publish","type":"page","link":"https:\/\/agora.xtec.cat\/ceip-ocata\/nivells\/infantil\/ambients\/","title":{"rendered":"Ambients"},"content":{"rendered":"\r\n\t<div class=\"slideshow_container slideshow_container_style-light\" style=\"height: 300px; \" data-slideshow-id=\"5836\" data-style-name=\"style-light\" data-style-version=\"2.3.1\" >\r\n\r\n\t\t\t\t\t<div class=\"slideshow_loading_icon\"><\/div>\r\n\t\t\r\n\t\t<div class=\"slideshow_content\" style=\"display: none;\">\r\n\r\n\t\t\t<div class=\"slideshow_view\">\r\n\t\t\t\t<div class=\"slideshow_slide slideshow_slide_image\">\r\n\t\t\t\t\t\t\t\t\t\t\t<img src=\"https:\/\/agora.xtec.cat\/ceip-ocata\/wp-content\/uploads\/usu386\/2021\/01\/ciencia.jpg\" alt=\"ciencia\" width=\"719\" height=\"233\" \/>\r\n\t\t\t\t\t\t\t\t\t\t<div class=\"slideshow_description_box slideshow_transparent\">\r\n\t\t\t\t\t\t<div class=\"slideshow_title\">ciencia<\/div>\t\t\t\t\t\t\t\t\t\t\t<\/div>\r\n\t\t\t\t<\/div>\r\n\r\n\t\t\t\t\t\t<div style=\"clear: both;\"><\/div><\/div><div class=\"slideshow_view\">\r\n\t\t\t\t<div class=\"slideshow_slide slideshow_slide_image\">\r\n\t\t\t\t\t\t\t\t\t\t\t<img src=\"https:\/\/agora.xtec.cat\/ceip-ocata\/wp-content\/uploads\/usu386\/2021\/01\/Screenshot_2021-01-31-00-03-52-98.jpg\" alt=\"Screenshot_2021-01-31-00-03-52-98\" width=\"720\" height=\"365\" \/>\r\n\t\t\t\t\t\t\t\t\t\t<div class=\"slideshow_description_box slideshow_transparent\">\r\n\t\t\t\t\t\t<div class=\"slideshow_title\">Screenshot_2021-01-31-00-03-52-98<\/div>\t\t\t\t\t\t\t\t\t\t\t<\/div>\r\n\t\t\t\t<\/div>\r\n\r\n\t\t\t\t\t\t<div style=\"clear: both;\"><\/div><\/div><div class=\"slideshow_view\">\r\n\t\t\t\t<div class=\"slideshow_slide slideshow_slide_image\">\r\n\t\t\t\t\t\t\t\t\t\t\t<img src=\"https:\/\/agora.xtec.cat\/ceip-ocata\/wp-content\/uploads\/usu386\/2021\/01\/Screenshot_2021-01-31-00-04-50-03.jpg\" alt=\"Screenshot_2021-01-31-00-04-50-03\" width=\"720\" height=\"312\" \/>\r\n\t\t\t\t\t\t\t\t\t\t<div class=\"slideshow_description_box slideshow_transparent\">\r\n\t\t\t\t\t\t<div class=\"slideshow_title\">Screenshot_2021-01-31-00-04-50-03<\/div>\t\t\t\t\t\t\t\t\t\t\t<\/div>\r\n\t\t\t\t<\/div>\r\n\r\n\t\t\t\t\t\t<div style=\"clear: both;\"><\/div><\/div><div class=\"slideshow_view\">\r\n\t\t\t\t<div class=\"slideshow_slide slideshow_slide_image\">\r\n\t\t\t\t\t\t\t\t\t\t\t<img src=\"https:\/\/agora.xtec.cat\/ceip-ocata\/wp-content\/uploads\/usu386\/2021\/01\/Screenshot_2021-01-31-00-05-27-27.jpg\" alt=\"Screenshot_2021-01-31-00-05-27-27\" width=\"720\" height=\"326\" \/>\r\n\t\t\t\t\t\t\t\t\t\t<div class=\"slideshow_description_box slideshow_transparent\">\r\n\t\t\t\t\t\t<div class=\"slideshow_title\">Screenshot_2021-01-31-00-05-27-27<\/div>\t\t\t\t\t\t\t\t\t\t\t<\/div>\r\n\t\t\t\t<\/div>\r\n\r\n\t\t\t\t\t\t<div style=\"clear: both;\"><\/div><\/div><div class=\"slideshow_view\">\r\n\t\t\t\t<div class=\"slideshow_slide slideshow_slide_image\">\r\n\t\t\t\t\t\t\t\t\t\t\t<img src=\"https:\/\/agora.xtec.cat\/ceip-ocata\/wp-content\/uploads\/usu386\/2021\/01\/Screenshot_2021-01-31-00-29-39-76.jpg\" alt=\"Screenshot_2021-01-31-00-29-39-76\" width=\"720\" height=\"286\" \/>\r\n\t\t\t\t\t\t\t\t\t\t<div class=\"slideshow_description_box slideshow_transparent\">\r\n\t\t\t\t\t\t<div class=\"slideshow_title\">Screenshot_2021-01-31-00-29-39-76<\/div>\t\t\t\t\t\t\t\t\t\t\t<\/div>\r\n\t\t\t\t<\/div>\r\n\r\n\t\t\t\t\t\t<div style=\"clear: both;\"><\/div><\/div><div class=\"slideshow_view\">\r\n\t\t\t\t<div class=\"slideshow_slide slideshow_slide_image\">\r\n\t\t\t\t\t\t\t\t\t\t\t<img src=\"https:\/\/agora.xtec.cat\/ceip-ocata\/wp-content\/uploads\/usu386\/2021\/01\/Screenshot_2021-01-31-00-04-20-03.jpg\" alt=\"Screenshot_2021-01-31-00-04-20-03\" width=\"720\" height=\"357\" \/>\r\n\t\t\t\t\t\t\t\t\t\t<div class=\"slideshow_description_box slideshow_transparent\">\r\n\t\t\t\t\t\t<div class=\"slideshow_title\">Screenshot_2021-01-31-00-04-20-03<\/div>\t\t\t\t\t\t\t\t\t\t\t<\/div>\r\n\t\t\t\t<\/div>\r\n\r\n\t\t\t\t\t\t<div style=\"clear: both;\"><\/div><\/div><div class=\"slideshow_view\">\r\n\t\t\t\t<div class=\"slideshow_slide slideshow_slide_image\">\r\n\t\t\t\t\t\t\t\t\t\t\t<img src=\"https:\/\/agora.xtec.cat\/ceip-ocata\/wp-content\/uploads\/usu386\/2021\/01\/Screenshot_2021-01-31-00-06-59-42.jpg\" alt=\"Screenshot_2021-01-31-00-06-59-42\" width=\"720\" height=\"349\" \/>\r\n\t\t\t\t\t\t\t\t\t\t<div class=\"slideshow_description_box slideshow_transparent\">\r\n\t\t\t\t\t\t<div class=\"slideshow_title\">Screenshot_2021-01-31-00-06-59-42<\/div>\t\t\t\t\t\t\t\t\t\t\t<\/div>\r\n\t\t\t\t<\/div>\r\n\r\n\t\t\t\t\t\t<div style=\"clear: both;\"><\/div><\/div><div class=\"slideshow_view\">\r\n\t\t\t\t<div class=\"slideshow_slide slideshow_slide_image\">\r\n\t\t\t\t\t\t\t\t\t\t\t<img src=\"https:\/\/agora.xtec.cat\/ceip-ocata\/wp-content\/uploads\/usu386\/2021\/01\/Screenshot_2021-01-31-00-08-12-41.jpg\" alt=\"Screenshot_2021-01-31-00-08-12-41\" width=\"720\" height=\"322\" \/>\r\n\t\t\t\t\t\t\t\t\t\t<div class=\"slideshow_description_box slideshow_transparent\">\r\n\t\t\t\t\t\t<div class=\"slideshow_title\">Screenshot_2021-01-31-00-08-12-41<\/div>\t\t\t\t\t\t\t\t\t\t\t<\/div>\r\n\t\t\t\t<\/div>\r\n\r\n\t\t\t\t\t\t<div style=\"clear: both;\"><\/div><\/div>\r\n\t\t<\/div>\r\n\r\n\t\t<div class=\"slideshow_controlPanel slideshow_transparent\" style=\"display: none;\"><ul><li class=\"slideshow_togglePlay\" data-play-text=\"Visualitza\" data-pause-text=\"Pausa\"><\/li><\/ul><\/div>\r\n\r\n\t\t<div class=\"slideshow_button slideshow_previous slideshow_transparent\" role=\"button\" data-previous-text=\"Anterior\" style=\"display: none;\"><\/div>\r\n\t\t<div class=\"slideshow_button slideshow_next slideshow_transparent\" role=\"button\" data-next-text=\"Seg\u00fcent\" style=\"display: none;\"><\/div>\r\n\r\n\t\t<div class=\"slideshow_pagination\" style=\"display: none;\" data-go-to-text=\"V\u00e9s a la diapositiva\"><div class=\"slideshow_pagination_center\"><\/div><\/div>\r\n\r\n\t\t<!-- WordPress Slideshow Version 2.3.1 -->\r\n\r\n\t\t\t<\/div>\r\n\r\n\n<p>&nbsp;<\/p>\n<p><span style=\"font-weight: 400;\">Els ambients s\u00f3n espais d\u2019aprenentatge, de relaci\u00f3 i de comunicaci\u00f3 definits, cada un d\u2019ells, per una tem\u00e0tica concreta. A l\u2019escola trobem l\u2019ambient de <\/span><b>CI\u00c8NCIA<\/b><span style=\"font-weight: 400;\">, l\u2019ambient de <\/span><b>TEATRE<\/b><span style=\"font-weight: 400;\">, l\u2019ambient d\u2019<\/span><b>ART<\/b><span style=\"font-weight: 400;\"> i l\u2019ambient de <\/span><b>LLUM<\/b><span style=\"font-weight: 400;\">. En cadascun dels ambients es fan propostes per que els infants puguin actuar, observar, experimentar, construir, inventar, imaginar, compartir, relacionar-se, emocionar-se, interactuar\u2026 Els ambients contemplen les diferents intel\u00b7lig\u00e8ncies i ritmes d\u2019aprenentatge per tal de donar resposta a les necessitats i interessos dels infants.\u00a0<\/span><\/p>\n<p><span style=\"font-weight: 400;\">Es fan ambients tres cops per setmana, en franges d\u20191h30\u2019. Es barregen nens i nenes de P3, P4 i P5 i, fins ara, els infants escullen l\u2019ambient al que volen anar aquella setmana i ubiquen el seu nom en un plaf\u00f3 que recull aquesta informaci\u00f3 de cada grup classe.\u00a0<\/span><\/p>\n<p><span style=\"font-weight: 400;\">La manera de funcionar \u00e9s garantint unes propostes riques que els infants exploren de forma aut\u00f2noma, interactuen amb el material i l\u2019espai generant situacions de joc, de conversa, d\u2019acci\u00f3, d\u2019escolta, de lectura, d\u2019observaci\u00f3, de reflexi\u00f3, de manipulaci\u00f3&#8230; Les propostes s\u00f3n generalment obertes, i ofereixen a l\u2019infant la possibilitat d\u2019explorar-les segons les seves necessitats i moment evolutiu.<\/span><span style=\"font-weight: 400;\">\u00a0<\/span><\/p>\n<p><span style=\"font-weight: 400;\">El rol del mestre\/a ser\u00e0 observar, guiar, acompanyar, proposar, fer de model i oferir ajuda quan aquesta sigui necess\u00e0ria. En far\u00e0 la valoraci\u00f3 pertinent i les adaptacions que cregui convenients per a que les propostes, els espais i els materials afavoreixin l\u2019aprenentatge i el desenvolupament integral de l\u2019infant.<\/span><\/p>\n","protected":false},"excerpt":{"rendered":"<p>\t\t\t\t\t\tciencia\t\t\t\t\t\t\t\t\t\t\t<\/p>\n<p>\t\t\t\t\t\tScreenshot_2021-01-31-00-03-52-98\t\t\t\t\t\t\t\t\t\t\t<\/p>\n<p>\t\t\t\t\t\tScreenshot_2021-01-31-00-04-50-03\t\t\t\t\t\t\t\t\t\t\t<\/p>\n<p>\t\t\t\t\t\tScreenshot_2021-01-31-00-05-27-27\t\t\t\t\t\t\t\t\t\t\t<\/p>\n<p>\t\t\t\t\t\tScreenshot_2021-01-31-00-29-39-76\t\t\t\t\t\t\t\t\t\t\t<\/p>\n<p>\t\t\t\t\t\tScreenshot_2021-01-31-00-04-20-03\t\t\t\t\t\t\t\t\t\t\t<\/p>\n<p>\t\t\t\t\t\tScreenshot_2021-01-31-00-06-59-42\t\t\t\t\t\t\t\t\t\t\t<\/p>\n<p>\t\t\t\t\t\tScreenshot_2021-01-31-00-08-12-41\t\t\t\t\t\t\t\t\t\t\t<\/p>\n<ul>\n<li class=\"slideshow_togglePlay\" data-play-text=\"Visualitza\" data-pause-text=\"Pausa\"><\/li>\n<\/ul>\n<p>&nbsp;<br \/>\nEls ambients s\u00f3n espais d\u2019aprenentatge, de relaci\u00f3 i de comunicaci\u00f3 definits, cada un d\u2019ells, per una tem\u00e0tica concreta. A l\u2019escola trobem l\u2019ambient de CI\u00c8NCIA, l\u2019ambient de TEATRE, l\u2019ambient d\u2019ART i l\u2019ambient de LLUM. En cadascun dels ambients es fan propostes per que&hellip;  <a href=\"https:\/\/agora.xtec.cat\/ceip-ocata\/nivells\/infantil\/ambients\/\" title=\"Read Ambients\">Llegeix m\u00e9s\u00bb<\/a><\/p>\n","protected":false},"author":1,"featured_media":0,"parent":792,"menu_order":2,"comment_status":"closed","ping_status":"closed","template":"","meta":{"_bbp_topic_count":0,"_bbp_reply_count":0,"_bbp_total_topic_count":0,"_bbp_total_reply_count":0,"_bbp_voice_count":0,"_bbp_anonymous_reply_count":0,"_bbp_topic_count_hidden":0,"_bbp_reply_count_hidden":0,"_bbp_forum_subforum_count":0,"footnotes":""},"class_list":["post-5814","page","type-page","status-publish","hentry"],"post_mailing_queue_ids":[],"_links":{"self":[{"href":"https:\/\/agora.xtec.cat\/ceip-ocata\/wp-json\/wp\/v2\/pages\/5814","targetHints":{"allow":["GET"]}}],"collection":[{"href":"https:\/\/agora.xtec.cat\/ceip-ocata\/wp-json\/wp\/v2\/pages"}],"about":[{"href":"https:\/\/agora.xtec.cat\/ceip-ocata\/wp-json\/wp\/v2\/types\/page"}],"author":[{"embeddable":true,"href":"https:\/\/agora.xtec.cat\/ceip-ocata\/wp-json\/wp\/v2\/users\/1"}],"replies":[{"embeddable":true,"href":"https:\/\/agora.xtec.cat\/ceip-ocata\/wp-json\/wp\/v2\/comments?post=5814"}],"version-history":[{"count":2,"href":"https:\/\/agora.xtec.cat\/ceip-ocata\/wp-json\/wp\/v2\/pages\/5814\/revisions"}],"predecessor-version":[{"id":5911,"href":"https:\/\/agora.xtec.cat\/ceip-ocata\/wp-json\/wp\/v2\/pages\/5814\/revisions\/5911"}],"up":[{"embeddable":true,"href":"https:\/\/agora.xtec.cat\/ceip-ocata\/wp-json\/wp\/v2\/pages\/792"}],"wp:attachment":[{"href":"https:\/\/agora.xtec.cat\/ceip-ocata\/wp-json\/wp\/v2\/media?parent=5814"}],"curies":[{"name":"wp","href":"https:\/\/api.w.org\/{rel}","templated":true}]}}