{"id":5047,"date":"2020-04-23T13:57:34","date_gmt":"2020-04-23T11:57:34","guid":{"rendered":"http:\/\/agora.xtec.cat\/ceip-ocata\/?page_id=5047"},"modified":"2021-02-10T22:33:23","modified_gmt":"2021-02-10T21:33:23","slug":"recursos-per-les-families","status":"publish","type":"page","link":"https:\/\/agora.xtec.cat\/ceip-ocata\/les-families\/recursos-per-les-families\/","title":{"rendered":"Recursos"},"content":{"rendered":"<p>Des de l\u2019escola Ocata volem compartir amb les fam\u00edlies recursos i materials tant externs al centre, que ens poden semblar adients i interessants, com tamb\u00e9 recursos i materials elaborats pel professorat del centre, que poden ajudar a les fam\u00edlies, i tamb\u00e9 al centre a mostrar les metodologies emprades i la l\u00ednia d&#8217;escola. En resum, \u00e9s un espai en moviment, on anem penjant enlla\u00e7os i recomanacions per les fam\u00edlies.<\/p>\n<p>&nbsp;<\/p>\n","protected":false},"excerpt":{"rendered":"<p>Des de l\u2019escola Ocata volem compartir amb les fam\u00edlies recursos i materials tant externs al centre, que ens poden semblar adients i interessants, com tamb\u00e9 recursos i materials elaborats pel professorat del centre, que poden ajudar a les fam\u00edlies, i tamb\u00e9 al centre a mostrar&hellip;  <a href=\"https:\/\/agora.xtec.cat\/ceip-ocata\/les-families\/recursos-per-les-families\/\" title=\"Read Recursos\">Llegeix m\u00e9s\u00bb<\/a><\/p>\n","protected":false},"author":1,"featured_media":0,"parent":5950,"menu_order":3,"comment_status":"closed","ping_status":"closed","template":"page-templates\/side-menu.php","meta":{"_bbp_topic_count":0,"_bbp_reply_count":0,"_bbp_total_topic_count":0,"_bbp_total_reply_count":0,"_bbp_voice_count":0,"_bbp_anonymous_reply_count":0,"_bbp_topic_count_hidden":0,"_bbp_reply_count_hidden":0,"_bbp_forum_subforum_count":0,"footnotes":""},"class_list":["post-5047","page","type-page","status-publish","hentry"],"post_mailing_queue_ids":[],"_links":{"self":[{"href":"https:\/\/agora.xtec.cat\/ceip-ocata\/wp-json\/wp\/v2\/pages\/5047","targetHints":{"allow":["GET"]}}],"collection":[{"href":"https:\/\/agora.xtec.cat\/ceip-ocata\/wp-json\/wp\/v2\/pages"}],"about":[{"href":"https:\/\/agora.xtec.cat\/ceip-ocata\/wp-json\/wp\/v2\/types\/page"}],"author":[{"embeddable":true,"href":"https:\/\/agora.xtec.cat\/ceip-ocata\/wp-json\/wp\/v2\/users\/1"}],"replies":[{"embeddable":true,"href":"https:\/\/agora.xtec.cat\/ceip-ocata\/wp-json\/wp\/v2\/comments?post=5047"}],"version-history":[{"count":3,"href":"https:\/\/agora.xtec.cat\/ceip-ocata\/wp-json\/wp\/v2\/pages\/5047\/revisions"}],"predecessor-version":[{"id":5961,"href":"https:\/\/agora.xtec.cat\/ceip-ocata\/wp-json\/wp\/v2\/pages\/5047\/revisions\/5961"}],"up":[{"embeddable":true,"href":"https:\/\/agora.xtec.cat\/ceip-ocata\/wp-json\/wp\/v2\/pages\/5950"}],"wp:attachment":[{"href":"https:\/\/agora.xtec.cat\/ceip-ocata\/wp-json\/wp\/v2\/media?parent=5047"}],"curies":[{"name":"wp","href":"https:\/\/api.w.org\/{rel}","templated":true}]}}