{"id":4521,"date":"2020-03-23T17:45:18","date_gmt":"2020-03-23T16:45:18","guid":{"rendered":"http:\/\/agora.xtec.cat\/ceip-ocata\/?page_id=4521"},"modified":"2020-05-06T10:23:44","modified_gmt":"2020-05-06T08:23:44","slug":"activitats-durant-el-confinament","status":"publish","type":"page","link":"https:\/\/agora.xtec.cat\/ceip-ocata\/activitats-durant-el-confinament\/","title":{"rendered":"Recursos pel confinament"},"content":{"rendered":"<p><strong>Sobre la feina dels nanos a casa:<\/strong><\/p>\n<p><span style=\"font-weight: 400;\">Sabem que \u00e9s complicat gestionar les activitats dels nens i les\u00a0 nenes a casa, \u00e9s per aix\u00f2 que a m\u00e9s dels consells generals que des de bon comen\u00e7ament ens va adre\u00e7ar el Departament hem volgut actualitzar i personalitzar la feina de l\u2019escola.<\/span><\/p>\n<p><span style=\"font-weight: 400;\">Us recomanem de fer un horari de treball on es combinin les feines de casa, l\u2019esbarjo i les tasques de l\u2019escola d\u2019una manera equilibrada, que aquest horari el feu amb el nen o la nena al costat i reviseu que faci una mica de tot durant la setmana, el que agrada m\u00e9s i el que no tant. <\/span><span style=\"font-weight: 400;\">Veureu que mica en mica nosaltres i el Departament anem ajustant la feina de manera que sigui m\u00e9s personalitzada i els\u00a0 mestres puguem tenir el retorn de les feines que es fan a casa i fins i tot de poder fer alguna classe en directe&#8230; El Departament i l\u2019Escola recomanem dosificar la feina i no for\u00e7ar la situaci\u00f3 ja de per si tensa. Deixeu-nos anar polint i ajustant la nova manera de treballar. En aquest document expliquem com ens estem organitzant actualment: <a href=\"https:\/\/agora.xtec.cat\/ceip-ocata\/wp-content\/uploads\/usu386\/2020\/05\/ORGANITZACI\u00d3-I-FUNCIONAMENT-DE-L\u2019ESCOLA-OCATA-DURANT-EL-COVID19.pdf\">ORGANITZACI\u00d3 I FUNCIONAMENT DE L\u2019ESCOLA OCATA DURANT EL COVID19.<\/a><\/span><\/p>\n<p><span style=\"font-weight: 400;\">En fi, paci\u00e8ncia, treballeu amb la canalla, deixeu que ells i elles facin pel seu compte i deixeu-nos fer i adaptar la feina a la\u00a0 nova realitat que esperem passatgera i sobretot curta. Esteu en contacte amb tots els companys de la classe i ajudeu-vos tamb\u00e9 entre vosaltres. Si detecteu algun company amb dificultats per entendre, per connectar-se o pel que sigui mireu de donar un cop de m\u00e0 i si encara no es pot solucionar digueu-ho a la delegada i aix\u00ed ens arribar\u00e0 als mestres i mirarem de posar-hi remei.<\/span><\/p>\n<p><span style=\"font-weight: 400;\">Cada cop que es produeixin novetats les anirem publicant per aquesta p\u00e0gina, estigueu atents.<\/span><\/p>\n","protected":false},"excerpt":{"rendered":"<p>Sobre la feina dels nanos a casa:<br \/>\nSabem que \u00e9s complicat gestionar les activitats dels nens i les\u00a0 nenes a casa, \u00e9s per aix\u00f2 que a m\u00e9s dels consells generals que des de bon comen\u00e7ament ens va adre\u00e7ar el Departament hem volgut actualitzar i personalitzar la&hellip;  <a href=\"https:\/\/agora.xtec.cat\/ceip-ocata\/activitats-durant-el-confinament\/\" title=\"Read Recursos pel confinament\">Llegeix m\u00e9s\u00bb<\/a><\/p>\n","protected":false},"author":1,"featured_media":0,"parent":0,"menu_order":0,"comment_status":"closed","ping_status":"closed","template":"page-templates\/side-menu.php","meta":{"_bbp_topic_count":0,"_bbp_reply_count":0,"_bbp_total_topic_count":0,"_bbp_total_reply_count":0,"_bbp_voice_count":0,"_bbp_anonymous_reply_count":0,"_bbp_topic_count_hidden":0,"_bbp_reply_count_hidden":0,"_bbp_forum_subforum_count":0,"footnotes":""},"class_list":["post-4521","page","type-page","status-publish","hentry"],"post_mailing_queue_ids":[],"_links":{"self":[{"href":"https:\/\/agora.xtec.cat\/ceip-ocata\/wp-json\/wp\/v2\/pages\/4521","targetHints":{"allow":["GET"]}}],"collection":[{"href":"https:\/\/agora.xtec.cat\/ceip-ocata\/wp-json\/wp\/v2\/pages"}],"about":[{"href":"https:\/\/agora.xtec.cat\/ceip-ocata\/wp-json\/wp\/v2\/types\/page"}],"author":[{"embeddable":true,"href":"https:\/\/agora.xtec.cat\/ceip-ocata\/wp-json\/wp\/v2\/users\/1"}],"replies":[{"embeddable":true,"href":"https:\/\/agora.xtec.cat\/ceip-ocata\/wp-json\/wp\/v2\/comments?post=4521"}],"version-history":[{"count":3,"href":"https:\/\/agora.xtec.cat\/ceip-ocata\/wp-json\/wp\/v2\/pages\/4521\/revisions"}],"predecessor-version":[{"id":5153,"href":"https:\/\/agora.xtec.cat\/ceip-ocata\/wp-json\/wp\/v2\/pages\/4521\/revisions\/5153"}],"wp:attachment":[{"href":"https:\/\/agora.xtec.cat\/ceip-ocata\/wp-json\/wp\/v2\/media?parent=4521"}],"curies":[{"name":"wp","href":"https:\/\/api.w.org\/{rel}","templated":true}]}}