{"id":247,"date":"2016-04-04T15:57:15","date_gmt":"2016-04-04T14:57:15","guid":{"rendered":"http:\/\/agora.xtec.cat\/ceip-ocata\/?page_id=247"},"modified":"2021-02-10T22:24:06","modified_gmt":"2021-02-10T21:24:06","slug":"festes-i-sortides","status":"publish","type":"page","link":"https:\/\/agora.xtec.cat\/ceip-ocata\/projecte-educatiu\/festes-i-sortides\/","title":{"rendered":"Festes i sortides"},"content":{"rendered":"\r\n\t<div class=\"slideshow_container slideshow_container_style-light\" style=\"height: 400px; \" data-slideshow-id=\"5723\" data-style-name=\"style-light\" data-style-version=\"2.3.1\" >\r\n\r\n\t\t\t\t\t<div class=\"slideshow_loading_icon\"><\/div>\r\n\t\t\r\n\t\t<div class=\"slideshow_content\" style=\"display: none;\">\r\n\r\n\t\t\t<div class=\"slideshow_view\">\r\n\t\t\t\t<div class=\"slideshow_slide slideshow_slide_image\">\r\n\t\t\t\t\t\t\t\t\t\t\t<img src=\"https:\/\/agora.xtec.cat\/ceip-ocata\/wp-content\/uploads\/usu386\/2021\/01\/drac.png\" alt=\"drac\" width=\"636\" height=\"286\" \/>\r\n\t\t\t\t\t\t\t\t\t\t<div class=\"slideshow_description_box slideshow_transparent\">\r\n\t\t\t\t\t\t<div class=\"slideshow_title\">drac<\/div>\t\t\t\t\t\t\t\t\t\t\t<\/div>\r\n\t\t\t\t<\/div>\r\n\r\n\t\t\t\t\t\t<div style=\"clear: both;\"><\/div><\/div><div class=\"slideshow_view\">\r\n\t\t\t\t<div class=\"slideshow_slide slideshow_slide_image\">\r\n\t\t\t\t\t\t\t\t\t\t\t<img src=\"https:\/\/agora.xtec.cat\/ceip-ocata\/wp-content\/uploads\/usu386\/2021\/01\/Screenshot_2021-01-31-23-26-06-70.jpg\" alt=\"Screenshot_2021-01-31-23-26-06-70\" width=\"720\" height=\"279\" \/>\r\n\t\t\t\t\t\t\t\t\t\t<div class=\"slideshow_description_box slideshow_transparent\">\r\n\t\t\t\t\t\t<div class=\"slideshow_title\">Screenshot_2021-01-31-23-26-06-70<\/div>\t\t\t\t\t\t\t\t\t\t\t<\/div>\r\n\t\t\t\t<\/div>\r\n\r\n\t\t\t\t\t\t<div style=\"clear: both;\"><\/div><\/div><div class=\"slideshow_view\">\r\n\t\t\t\t<div class=\"slideshow_slide slideshow_slide_image\">\r\n\t\t\t\t\t\t\t\t\t\t\t<img src=\"https:\/\/agora.xtec.cat\/ceip-ocata\/wp-content\/uploads\/usu386\/2021\/01\/Screenshot_2021-01-31-23-26-48-04.jpg\" alt=\"Screenshot_2021-01-31-23-26-48-04\" width=\"720\" height=\"275\" \/>\r\n\t\t\t\t\t\t\t\t\t\t<div class=\"slideshow_description_box slideshow_transparent\">\r\n\t\t\t\t\t\t<div class=\"slideshow_title\">Screenshot_2021-01-31-23-26-48-04<\/div>\t\t\t\t\t\t\t\t\t\t\t<\/div>\r\n\t\t\t\t<\/div>\r\n\r\n\t\t\t\t\t\t<div style=\"clear: both;\"><\/div><\/div><div class=\"slideshow_view\">\r\n\t\t\t\t<div class=\"slideshow_slide slideshow_slide_image\">\r\n\t\t\t\t\t\t\t\t\t\t\t<img src=\"https:\/\/agora.xtec.cat\/ceip-ocata\/wp-content\/uploads\/usu386\/2021\/01\/Screenshot_2021-01-31-23-27-30-43.jpg\" alt=\"Screenshot_2021-01-31-23-27-30-43\" width=\"720\" height=\"333\" \/>\r\n\t\t\t\t\t\t\t\t\t\t<div class=\"slideshow_description_box slideshow_transparent\">\r\n\t\t\t\t\t\t<div class=\"slideshow_title\">Screenshot_2021-01-31-23-27-30-43<\/div>\t\t\t\t\t\t\t\t\t\t\t<\/div>\r\n\t\t\t\t<\/div>\r\n\r\n\t\t\t\t\t\t<div style=\"clear: both;\"><\/div><\/div><div class=\"slideshow_view\">\r\n\t\t\t\t<div class=\"slideshow_slide slideshow_slide_image\">\r\n\t\t\t\t\t\t\t\t\t\t\t<img src=\"https:\/\/agora.xtec.cat\/ceip-ocata\/wp-content\/uploads\/usu386\/2021\/01\/WhatsApp-Image-2021-01-28-at-00.03.18.jpeg\" alt=\"WhatsApp Image 2021-01-28 at 00.03.18\" width=\"1600\" height=\"1200\" \/>\r\n\t\t\t\t\t\t\t\t\t\t<div class=\"slideshow_description_box slideshow_transparent\">\r\n\t\t\t\t\t\t<div class=\"slideshow_title\">WhatsApp Image 2021-01-28 at 00.03.18<\/div>\t\t\t\t\t\t\t\t\t\t\t<\/div>\r\n\t\t\t\t<\/div>\r\n\r\n\t\t\t\t\t\t<div style=\"clear: both;\"><\/div><\/div><div class=\"slideshow_view\">\r\n\t\t\t\t<div class=\"slideshow_slide slideshow_slide_image\">\r\n\t\t\t\t\t\t\t\t\t\t\t<img src=\"https:\/\/agora.xtec.cat\/ceip-ocata\/wp-content\/uploads\/usu386\/2021\/01\/IMG_20190424_120313.jpg\" alt=\"sdr\" width=\"4160\" height=\"3120\" \/>\r\n\t\t\t\t\t\t\t\t\t\t<div class=\"slideshow_description_box slideshow_transparent\">\r\n\t\t\t\t\t\t<div class=\"slideshow_title\">sdr<\/div>\t\t\t\t\t\t\t\t\t\t\t<\/div>\r\n\t\t\t\t<\/div>\r\n\r\n\t\t\t\t\t\t<div style=\"clear: both;\"><\/div><\/div><div class=\"slideshow_view\">\r\n\t\t\t\t<div class=\"slideshow_slide slideshow_slide_image\">\r\n\t\t\t\t\t\t\t\t\t\t\t<img src=\"https:\/\/agora.xtec.cat\/ceip-ocata\/wp-content\/uploads\/usu386\/2021\/01\/IMG_20191031_160803_BURST001_COVER.jpg\" alt=\"burst\" width=\"4160\" height=\"3120\" \/>\r\n\t\t\t\t\t\t\t\t\t\t<div class=\"slideshow_description_box slideshow_transparent\">\r\n\t\t\t\t\t\t<div class=\"slideshow_title\">burst<\/div>\t\t\t\t\t\t\t\t\t\t\t<\/div>\r\n\t\t\t\t<\/div>\r\n\r\n\t\t\t\t\t\t<div style=\"clear: both;\"><\/div><\/div><div class=\"slideshow_view\">\r\n\t\t\t\t<div class=\"slideshow_slide slideshow_slide_image\">\r\n\t\t\t\t\t\t\t\t\t\t\t<img src=\"https:\/\/agora.xtec.cat\/ceip-ocata\/wp-content\/uploads\/usu386\/2021\/01\/IMG_20191031_192603.jpg\" alt=\"dav\" width=\"4160\" height=\"3120\" \/>\r\n\t\t\t\t\t\t\t\t\t\t<div class=\"slideshow_description_box slideshow_transparent\">\r\n\t\t\t\t\t\t<div class=\"slideshow_title\">dav<\/div>\t\t\t\t\t\t\t\t\t\t\t<\/div>\r\n\t\t\t\t<\/div>\r\n\r\n\t\t\t\t\t\t<div style=\"clear: both;\"><\/div><\/div><div class=\"slideshow_view\">\r\n\t\t\t\t<div class=\"slideshow_slide slideshow_slide_image\">\r\n\t\t\t\t\t\t\t\t\t\t\t<img src=\"https:\/\/agora.xtec.cat\/ceip-ocata\/wp-content\/uploads\/usu386\/2021\/01\/P1060068.jpg\" alt=\"P1060068\" width=\"640\" height=\"480\" \/>\r\n\t\t\t\t\t\t\t\t\t\t<div class=\"slideshow_description_box slideshow_transparent\">\r\n\t\t\t\t\t\t<div class=\"slideshow_title\">P1060068<\/div>\t\t\t\t\t\t\t\t\t\t\t<\/div>\r\n\t\t\t\t<\/div>\r\n\r\n\t\t\t\t\t\t<div style=\"clear: both;\"><\/div><\/div>\r\n\t\t<\/div>\r\n\r\n\t\t<div class=\"slideshow_controlPanel slideshow_transparent\" style=\"display: none;\"><ul><li class=\"slideshow_togglePlay\" data-play-text=\"Visualitza\" data-pause-text=\"Pausa\"><\/li><\/ul><\/div>\r\n\r\n\t\t<div class=\"slideshow_button slideshow_previous slideshow_transparent\" role=\"button\" data-previous-text=\"Anterior\" style=\"display: none;\"><\/div>\r\n\t\t<div class=\"slideshow_button slideshow_next slideshow_transparent\" role=\"button\" data-next-text=\"Seg\u00fcent\" style=\"display: none;\"><\/div>\r\n\r\n\t\t<div class=\"slideshow_pagination\" style=\"display: none;\" data-go-to-text=\"V\u00e9s a la diapositiva\"><div class=\"slideshow_pagination_center\"><\/div><\/div>\r\n\r\n\t\t<!-- WordPress Slideshow Version 2.3.1 -->\r\n\r\n\t\t\t<\/div>\r\n\r\n\n<p>&nbsp;<\/p>\n<p>Fem una festa oberta amb la participaci\u00f3 del les fam\u00edlies en acabar cada trimestre:<\/p>\n<ul>\n<li>festa d\u2019hivern<\/li>\n<li>festa de primavera<\/li>\n<li>festa d\u2019estiu<\/li>\n<li>comiat de 6\u00e8<\/li>\n<\/ul>\n<p>A m\u00e9s d\u2019aquestes celebracions n\u2019hi ha d\u2019altres de car\u00e0cter m\u00e9s intern, com ara la setmana cultural o alguna exposici\u00f3, que poden ser obertes o no segons les circumst\u00e0ncies.<\/p>\n<p>Els diferents cicles preparen un aspecte diferent a cada festa que fa refer\u00e8ncia als \u00e0mbits de:<\/p>\n<ul>\n<li>llengua i literatura<\/li>\n<li>m\u00fasica i dansa<\/li>\n<li>pl\u00e0stica<\/li>\n<\/ul>\n<p>L\u2019AFA organitza altres festes i esdeveniments fora d\u2019horari escolar contemplades en el Pla Anual del Centre.<\/p>\n<p>A l&#8217;inici de cada curs escolar es programen les festes i sortides de tots els cursos, i s&#8217;informa a les fam\u00edlies a la reuni\u00f3 de principi de curs. Tots els cursos fan, com a m\u00ednim, una sortida d&#8217;un dia per trimestre. Tamb\u00e9 es realitzen altres sortides de mig dia incloses dins de l&#8217;horari escolar habitual.<\/p>\n<p>A final del cicle hi ha col\u00f2nies, als cursos de P5, 2n, 4t i 6\u00e8 que s\u2019acostumen a fer al tercer trimestre.<\/p>\n<p>&nbsp;<\/p>\n","protected":false},"excerpt":{"rendered":"<p>\t\t\t\t\t\tdrac\t\t\t\t\t\t\t\t\t\t\t<\/p>\n<p>\t\t\t\t\t\tScreenshot_2021-01-31-23-26-06-70\t\t\t\t\t\t\t\t\t\t\t<\/p>\n<p>\t\t\t\t\t\tScreenshot_2021-01-31-23-26-48-04\t\t\t\t\t\t\t\t\t\t\t<\/p>\n<p>\t\t\t\t\t\tScreenshot_2021-01-31-23-27-30-43\t\t\t\t\t\t\t\t\t\t\t<\/p>\n<p>\t\t\t\t\t\tWhatsApp Image 2021-01-28 at 00.03.18\t\t\t\t\t\t\t\t\t\t\t<\/p>\n<p>\t\t\t\t\t\tsdr\t\t\t\t\t\t\t\t\t\t\t<\/p>\n<p>\t\t\t\t\t\tburst\t\t\t\t\t\t\t\t\t\t\t<\/p>\n<p>\t\t\t\t\t\tdav\t\t\t\t\t\t\t\t\t\t\t<\/p>\n<p>\t\t\t\t\t\tP1060068\t\t\t\t\t\t\t\t\t\t\t<\/p>\n<ul>\n<li class=\"slideshow_togglePlay\" data-play-text=\"Visualitza\" data-pause-text=\"Pausa\"><\/li>\n<\/ul>\n<p>&nbsp;<br \/>\nFem una festa oberta amb la participaci\u00f3 del les fam\u00edlies en acabar cada trimestre:<\/p>\n<ul>\n<li>festa d\u2019hivern<\/li>\n<li>festa de primavera<\/li>\n<li>festa d\u2019estiu<\/li>\n<li>comiat de 6\u00e8<\/li>\n<\/ul>\n<p>A m\u00e9s d\u2019aquestes celebracions n\u2019hi ha d\u2019altres de car\u00e0cter m\u00e9s intern, com ara la setmana cultural o alguna exposici\u00f3,&hellip;  <a href=\"https:\/\/agora.xtec.cat\/ceip-ocata\/projecte-educatiu\/festes-i-sortides\/\" title=\"Read Festes i sortides\">Llegeix m\u00e9s\u00bb<\/a><\/p>\n","protected":false},"author":1,"featured_media":0,"parent":64,"menu_order":7,"comment_status":"closed","ping_status":"closed","template":"page-templates\/side-menu.php","meta":{"_bbp_topic_count":0,"_bbp_reply_count":0,"_bbp_total_topic_count":0,"_bbp_total_reply_count":0,"_bbp_voice_count":0,"_bbp_anonymous_reply_count":0,"_bbp_topic_count_hidden":0,"_bbp_reply_count_hidden":0,"_bbp_forum_subforum_count":0,"footnotes":""},"class_list":["post-247","page","type-page","status-publish","hentry"],"post_mailing_queue_ids":[],"_links":{"self":[{"href":"https:\/\/agora.xtec.cat\/ceip-ocata\/wp-json\/wp\/v2\/pages\/247","targetHints":{"allow":["GET"]}}],"collection":[{"href":"https:\/\/agora.xtec.cat\/ceip-ocata\/wp-json\/wp\/v2\/pages"}],"about":[{"href":"https:\/\/agora.xtec.cat\/ceip-ocata\/wp-json\/wp\/v2\/types\/page"}],"author":[{"embeddable":true,"href":"https:\/\/agora.xtec.cat\/ceip-ocata\/wp-json\/wp\/v2\/users\/1"}],"replies":[{"embeddable":true,"href":"https:\/\/agora.xtec.cat\/ceip-ocata\/wp-json\/wp\/v2\/comments?post=247"}],"version-history":[{"count":3,"href":"https:\/\/agora.xtec.cat\/ceip-ocata\/wp-json\/wp\/v2\/pages\/247\/revisions"}],"predecessor-version":[{"id":5735,"href":"https:\/\/agora.xtec.cat\/ceip-ocata\/wp-json\/wp\/v2\/pages\/247\/revisions\/5735"}],"up":[{"embeddable":true,"href":"https:\/\/agora.xtec.cat\/ceip-ocata\/wp-json\/wp\/v2\/pages\/64"}],"wp:attachment":[{"href":"https:\/\/agora.xtec.cat\/ceip-ocata\/wp-json\/wp\/v2\/media?parent=247"}],"curies":[{"name":"wp","href":"https:\/\/api.w.org\/{rel}","templated":true}]}}