{"id":244,"date":"2016-04-04T15:55:48","date_gmt":"2016-04-04T14:55:48","guid":{"rendered":"http:\/\/agora.xtec.cat\/ceip-ocata\/?page_id=244"},"modified":"2021-02-10T22:23:02","modified_gmt":"2021-02-10T21:23:02","slug":"rema","status":"publish","type":"page","link":"https:\/\/agora.xtec.cat\/ceip-ocata\/projecte-educatiu\/rema\/","title":{"rendered":"Rema"},"content":{"rendered":"<p><b>Llibres reutilitzables<\/b><\/p>\n<p><span style=\"font-weight: 400;\">Amb aquesta iniciativa, es volen fomentar tota una s\u00e8rie d\u2019actituds i valors que giren al voltant del reciclatge i el respecte pel medi ambient per una banda i per l\u2019altra, l\u2019\u00fas sostingut del material i el fet de compartir, respectar i responsabilitzar-se dels llibres.\u00a0<\/span><\/p>\n<p><span style=\"font-weight: 400;\">Un altre dels objectius importants del projecte \u00e9s el d\u2019abaratir el cost en la compra dels llibres de text per a les fam\u00edlies del centre. La reutilitzaci\u00f3 de llibres pot aportar un valor afegit a la tasca habitual a les aules, ja que permet treballar de forma efectiva valors que s\u00f3n presents en la proposta educativa del centre . En conseq\u00fc\u00e8ncia, des de tots els sectors caldr\u00e0 ajustar pr\u00e0ctiques que afavoreixin un assoliment \u00f2ptim d\u2019aquest objectiu. Amb aquesta iniciativa, els llibres poden \u00e9sser aprofitats al llarg d\u2019un per\u00edode de, com a m\u00ednim, quatre anys.<\/span><\/p>\n","protected":false},"excerpt":{"rendered":"<p>Llibres reutilitzables<br \/>\nAmb aquesta iniciativa, es volen fomentar tota una s\u00e8rie d\u2019actituds i valors que giren al voltant del reciclatge i el respecte pel medi ambient per una banda i per l\u2019altra, l\u2019\u00fas sostingut del material i el fet de compartir, respectar i responsabilitzar-se dels llibres.\u00a0<br \/>\nUn&hellip;  <a href=\"https:\/\/agora.xtec.cat\/ceip-ocata\/projecte-educatiu\/rema\/\" title=\"Read Rema\">Llegeix m\u00e9s\u00bb<\/a><\/p>\n","protected":false},"author":1,"featured_media":0,"parent":64,"menu_order":6,"comment_status":"closed","ping_status":"closed","template":"page-templates\/side-menu.php","meta":{"_bbp_topic_count":0,"_bbp_reply_count":0,"_bbp_total_topic_count":0,"_bbp_total_reply_count":0,"_bbp_voice_count":0,"_bbp_anonymous_reply_count":0,"_bbp_topic_count_hidden":0,"_bbp_reply_count_hidden":0,"_bbp_forum_subforum_count":0,"footnotes":""},"class_list":["post-244","page","type-page","status-publish","hentry"],"post_mailing_queue_ids":[],"_links":{"self":[{"href":"https:\/\/agora.xtec.cat\/ceip-ocata\/wp-json\/wp\/v2\/pages\/244","targetHints":{"allow":["GET"]}}],"collection":[{"href":"https:\/\/agora.xtec.cat\/ceip-ocata\/wp-json\/wp\/v2\/pages"}],"about":[{"href":"https:\/\/agora.xtec.cat\/ceip-ocata\/wp-json\/wp\/v2\/types\/page"}],"author":[{"embeddable":true,"href":"https:\/\/agora.xtec.cat\/ceip-ocata\/wp-json\/wp\/v2\/users\/1"}],"replies":[{"embeddable":true,"href":"https:\/\/agora.xtec.cat\/ceip-ocata\/wp-json\/wp\/v2\/comments?post=244"}],"version-history":[{"count":3,"href":"https:\/\/agora.xtec.cat\/ceip-ocata\/wp-json\/wp\/v2\/pages\/244\/revisions"}],"predecessor-version":[{"id":4274,"href":"https:\/\/agora.xtec.cat\/ceip-ocata\/wp-json\/wp\/v2\/pages\/244\/revisions\/4274"}],"up":[{"embeddable":true,"href":"https:\/\/agora.xtec.cat\/ceip-ocata\/wp-json\/wp\/v2\/pages\/64"}],"wp:attachment":[{"href":"https:\/\/agora.xtec.cat\/ceip-ocata\/wp-json\/wp\/v2\/media?parent=244"}],"curies":[{"name":"wp","href":"https:\/\/api.w.org\/{rel}","templated":true}]}}