{"id":215,"date":"2016-03-31T12:53:35","date_gmt":"2016-03-31T11:53:35","guid":{"rendered":"http:\/\/agora.xtec.cat\/ceip-ocata\/?page_id=215"},"modified":"2023-01-20T17:09:14","modified_gmt":"2023-01-20T16:09:14","slug":"projecte-linguistic","status":"publish","type":"page","link":"https:\/\/agora.xtec.cat\/ceip-ocata\/projecte-educatiu\/projecte-linguistic\/","title":{"rendered":"Projecte ling\u00fc\u00edstic"},"content":{"rendered":"<p>Els aspectes m\u00e9s rellevants del nostre Projecte ling\u00fc\u00edstic s\u00f3n:<\/p>\n<ul>\n<li>La llengua\u00a0 d&#8217;aprenentatge al Centre \u00e9s el <strong>catal\u00e0<\/strong>.<\/li>\n<li>L&#8217;escola garanteix l&#8217;aprenentatge i \u00fas de la <strong>llengua castellana<\/strong>. L&#8217;ensenyament de la llengua castellana\u00a0 escrita s&#8217;introdueix a partir de 2n de prim\u00e0ria, en els cursos anteriors\u00a0 es treballa a nivell oral.<\/li>\n<li>L\u2019angl\u00e8s s&#8217;introdueix, amb la mestra especialista, a nivell oral a P-3 d\u2019educaci\u00f3 infantil i a partir de 2n escrit.<\/li>\n<li>Dins del projecte ling\u00fc\u00edstic tamb\u00e9 s\u2019aplica l\u2019estimulaci\u00f3 fonol\u00f2gica i els racons de llenguatge als alumnes d\u2019infantil. S\u00f3n activitats de refor\u00e7 pel desenvolupament de la compet\u00e8ncia oral i l\u2019assoliment de les destreses de l\u2019aprenentatge de la lecto-escriptura.<\/li>\n<\/ul>\n<p>Si teniu m\u00e9s inter\u00e9s aqu\u00ed teniu l&#8217;enlla\u00e7: <a href=\"https:\/\/drive.google.com\/drive\/folders\/1OQiTRiMT5x1O2gfCGT01xIj1N7vB6_-U?usp=share_link\" target=\"_blank\" rel=\"noopener\">Projecte Ling\u00fc\u00edstic de Centre.<\/a><\/p>\n","protected":false},"excerpt":{"rendered":"<p>Els aspectes m\u00e9s rellevants del nostre Projecte ling\u00fc\u00edstic s\u00f3n:<\/p>\n<ul>\n<li>La llengua\u00a0 d&#8217;aprenentatge al Centre \u00e9s el catal\u00e0.<\/li>\n<li>L&#8217;escola garanteix l&#8217;aprenentatge i \u00fas de la llengua castellana. L&#8217;ensenyament de la llengua castellana\u00a0 escrita s&#8217;introdueix a partir de 2n de prim\u00e0ria, en els cursos anteriors\u00a0 es treballa a nivell&hellip;  <a href=\"https:\/\/agora.xtec.cat\/ceip-ocata\/projecte-educatiu\/projecte-linguistic\/\" title=\"Read Projecte ling\u00fc\u00edstic\">Llegeix m\u00e9s\u00bb<\/a><br \/>\n","protected":false},"author":1,"featured_media":0,"parent":64,"menu_order":3,"comment_status":"closed","ping_status":"closed","template":"page-templates\/side-menu.php","meta":{"_bbp_topic_count":0,"_bbp_reply_count":0,"_bbp_total_topic_count":0,"_bbp_total_reply_count":0,"_bbp_voice_count":0,"_bbp_anonymous_reply_count":0,"_bbp_topic_count_hidden":0,"_bbp_reply_count_hidden":0,"_bbp_forum_subforum_count":0,"footnotes":""},"class_list":["post-215","page","type-page","status-publish","hentry"],"post_mailing_queue_ids":[],"_links":{"self":[{"href":"https:\/\/agora.xtec.cat\/ceip-ocata\/wp-json\/wp\/v2\/pages\/215","targetHints":{"allow":["GET"]}}],"collection":[{"href":"https:\/\/agora.xtec.cat\/ceip-ocata\/wp-json\/wp\/v2\/pages"}],"about":[{"href":"https:\/\/agora.xtec.cat\/ceip-ocata\/wp-json\/wp\/v2\/types\/page"}],"author":[{"embeddable":true,"href":"https:\/\/agora.xtec.cat\/ceip-ocata\/wp-json\/wp\/v2\/users\/1"}],"replies":[{"embeddable":true,"href":"https:\/\/agora.xtec.cat\/ceip-ocata\/wp-json\/wp\/v2\/comments?post=215"}],"version-history":[{"count":3,"href":"https:\/\/agora.xtec.cat\/ceip-ocata\/wp-json\/wp\/v2\/pages\/215\/revisions"}],"predecessor-version":[{"id":6889,"href":"https:\/\/agora.xtec.cat\/ceip-ocata\/wp-json\/wp\/v2\/pages\/215\/revisions\/6889"}],"up":[{"embeddable":true,"href":"https:\/\/agora.xtec.cat\/ceip-ocata\/wp-json\/wp\/v2\/pages\/64"}],"wp:attachment":[{"href":"https:\/\/agora.xtec.cat\/ceip-ocata\/wp-json\/wp\/v2\/media?parent=215"}],"curies":[{"name":"wp","href":"https:\/\/api.w.org\/{rel}","templated":true}]}}