{"id":211,"date":"2016-03-31T12:51:30","date_gmt":"2016-03-31T11:51:30","guid":{"rendered":"http:\/\/agora.xtec.cat\/ceip-ocata\/?page_id=211"},"modified":"2024-09-06T11:05:25","modified_gmt":"2024-09-06T09:05:25","slug":"aspectes-practics","status":"publish","type":"page","link":"https:\/\/agora.xtec.cat\/ceip-ocata\/lescola\/aspectes-practics\/","title":{"rendered":"Aspectes pr\u00e0ctics"},"content":{"rendered":"<p>L\u2019horari general de l\u2019escola \u00e9s el seg\u00fcent:<\/p>\n<ul>\n<li>Acollida matinal de 8 a 9<\/li>\n<li>Horari de 9 a 12:30 i de 15 a 16:30<\/li>\n<li>Acollida tarda de 16:30 a 18<\/li>\n<\/ul>\n<p>De cara al bon funcionament de les classes, preguem la m\u00e0xima puntualitat en el compliment de l\u2019horari d\u2019entrades i sortides del centre.<\/p>\n<p>Segons la normativa vigent, el centre necessita, per a poder administrar medicaci\u00f3 als alumnes, que el pare, mare o tutor\/a legal aporti una recepta o informe del metge o metgessa on consti el nom de l\u2019alumne\/a, la pauta i el nom del medicament que ha de prendre.<\/p>\n<p>Recomanem que per l\u2019hora d\u2019esbarjo portin fruita o un entrep\u00e0, i que no abusin de la pastisseria industrial. Evitar embolicar amb paper d\u2019alumini.<br \/>\nUn cop per setmana, els dijous, hi ha la proposta a l&#8217;escola de dur fruita per esmorzar. A Prim\u00e0ria tots els nens i nenes esmorzen al pati. No es poden portar ni sucs ni l\u00e0ctics.<\/p>\n<p>No es poden dur a l\u2019escola jocs, aparells, cartes, cromos&#8230;(mp3, m\u00f2bils).<\/p>\n<p>Recordeu que els dies que tenen educaci\u00f3 f\u00edsica han de portar una samarreta per a canviar-se i estris d\u2019higiene personal dins d\u2019una bossa.<\/p>\n<p>\u00c9s molt Important l\u2019assist\u00e8ncia dels nens i nenes. \u00c9s necessari que les fam\u00edlies, justifiquin les abs\u00e8ncies o retards per escrit. A partir de 2n s\u2019escriu a l\u2019agenda.<\/p>\n<p>Us preguem actualitzeu les adreces, tel\u00e8fons i correus electr\u00f2nics, comunicant tots els canvis a secretaria.<\/p>\n","protected":false},"excerpt":{"rendered":"<p>L\u2019horari general de l\u2019escola \u00e9s el seg\u00fcent:<\/p>\n<ul>\n<li>Acollida matinal de 8 a 9<\/li>\n<li>Horari de 9 a 12:30 i de 15 a 16:30<\/li>\n<li>Acollida tarda de 16:30 a 18<\/li>\n<\/ul>\n<p>De cara al bon funcionament de les classes, preguem la m\u00e0xima puntualitat en el compliment de l\u2019horari d\u2019entrades i sortides&hellip;  <a href=\"https:\/\/agora.xtec.cat\/ceip-ocata\/lescola\/aspectes-practics\/\" title=\"Read Aspectes pr\u00e0ctics\">Llegeix m\u00e9s\u00bb<\/a><\/p>\n","protected":false},"author":1,"featured_media":0,"parent":22,"menu_order":8,"comment_status":"closed","ping_status":"closed","template":"page-templates\/side-menu.php","meta":{"_bbp_topic_count":0,"_bbp_reply_count":0,"_bbp_total_topic_count":0,"_bbp_total_reply_count":0,"_bbp_voice_count":0,"_bbp_anonymous_reply_count":0,"_bbp_topic_count_hidden":0,"_bbp_reply_count_hidden":0,"_bbp_forum_subforum_count":0,"footnotes":""},"class_list":["post-211","page","type-page","status-publish","hentry"],"post_mailing_queue_ids":[],"_links":{"self":[{"href":"https:\/\/agora.xtec.cat\/ceip-ocata\/wp-json\/wp\/v2\/pages\/211","targetHints":{"allow":["GET"]}}],"collection":[{"href":"https:\/\/agora.xtec.cat\/ceip-ocata\/wp-json\/wp\/v2\/pages"}],"about":[{"href":"https:\/\/agora.xtec.cat\/ceip-ocata\/wp-json\/wp\/v2\/types\/page"}],"author":[{"embeddable":true,"href":"https:\/\/agora.xtec.cat\/ceip-ocata\/wp-json\/wp\/v2\/users\/1"}],"replies":[{"embeddable":true,"href":"https:\/\/agora.xtec.cat\/ceip-ocata\/wp-json\/wp\/v2\/comments?post=211"}],"version-history":[{"count":4,"href":"https:\/\/agora.xtec.cat\/ceip-ocata\/wp-json\/wp\/v2\/pages\/211\/revisions"}],"predecessor-version":[{"id":7490,"href":"https:\/\/agora.xtec.cat\/ceip-ocata\/wp-json\/wp\/v2\/pages\/211\/revisions\/7490"}],"up":[{"embeddable":true,"href":"https:\/\/agora.xtec.cat\/ceip-ocata\/wp-json\/wp\/v2\/pages\/22"}],"wp:attachment":[{"href":"https:\/\/agora.xtec.cat\/ceip-ocata\/wp-json\/wp\/v2\/media?parent=211"}],"curies":[{"name":"wp","href":"https:\/\/api.w.org\/{rel}","templated":true}]}}